{"id":37324,"date":"2023-11-09T09:17:01","date_gmt":"2023-11-09T08:17:01","guid":{"rendered":"https:\/\/librairie7l.com\/?post_type=product&#038;p=37324"},"modified":"2026-04-13T15:15:11","modified_gmt":"2026-04-13T13:15:11","slug":"villas-et-jardins-ditalie","status":"publish","type":"product","link":"https:\/\/librairie7l.com\/en\/produit\/villas-et-jardins-ditalie\/","title":{"rendered":"VILLAS ET JARDINS D&#8217;ITALIE"},"content":{"rendered":"<p>Edith Wharton t\u00e9moigne \u00e0 l&#8217;\u00e9gard des jardins italiens de ce m\u00eame souci de la forme qui pr\u00e9side \u00e0 son \u00e9criture romanesque. De la Lombardie jusqu&#8217;en V\u00e9nitie, la romanci\u00e8re nous invite \u00e0 suivre son p\u00e9riple italien pour y d\u00e9couvrir la f\u00e9erie que sont l&#8217;\u00e9clat bleut\u00e9 d&#8217;un lac v\u00e9nitien ou les marches de marbre d&#8217;une rotonde florentine&#8230;<\/p>\n<p>Avec la curiosit\u00e9 passionn\u00e9e de l&#8217;amateur et la trempe d&#8217;un grand \u00e9crivain, elle r\u00e9ussit, \u00e0 partir de quelques fragments &#8211; une loggia aux arcades a\u00e9riennes, un bois de cypr\u00e8s, une cascade &#8211; \u00e0 recr\u00e9er l&#8217;ordonnance souple des grands jardins de plaisance et de leur architecture ornementale. Ces splendeurs, pour la plupart dessin\u00e9es par d&#8217;illustres architectes de la Renaissance, restent les t\u00e9moins ultimes d&#8217;une p\u00e9riode fastueuse.<\/p>\n","protected":false},"excerpt":{"rendered":"<p>Edith Wharton t\u00e9moigne \u00e0 l&#8217;\u00e9gard des jardins italiens de ce m\u00eame souci de la forme qui pr\u00e9side \u00e0 son \u00e9criture romanesque. De la Lombardie jusqu&#8217;en V\u00e9nitie, la romanci\u00e8re nous invite \u00e0 suivre son p\u00e9riple italien pour y d\u00e9couvrir la f\u00e9erie que sont l&#8217;\u00e9clat bleut\u00e9 d&#8217;un lac v\u00e9nitien ou les marches de marbre d&#8217;une rotonde florentine&#8230; [&hellip;]<\/p>\n","protected":false},"featured_media":37322,"template":"","meta":[],"product_cat":[2948,2956],"product_tag":[],"acf":[],"yoast_head":"<!-- This site is optimized with the Yoast SEO plugin v20.11 - https:\/\/yoast.com\/wordpress\/plugins\/seo\/ -->\n<title>Villas et jardins d&#039;Italie - Librairie 7L<\/title>\n<meta name=\"robots\" content=\"index, follow, max-snippet:-1, max-image-preview:large, max-video-preview:-1\" \/>\n<link rel=\"canonical\" href=\"https:\/\/librairie7l.com\/en\/produit\/villas-et-jardins-ditalie\/\" \/>\n<meta property=\"og:locale\" content=\"en_US\" \/>\n<meta property=\"og:type\" content=\"article\" \/>\n<meta property=\"og:title\" content=\"Villas et jardins d&#039;Italie - Librairie 7L\" \/>\n<meta property=\"og:description\" content=\"Edith Wharton t\u00e9moigne \u00e0 l&#8217;\u00e9gard des jardins italiens de ce m\u00eame souci de la forme qui pr\u00e9side \u00e0 son \u00e9criture romanesque. De la Lombardie jusqu&#8217;en V\u00e9nitie, la romanci\u00e8re nous invite \u00e0 suivre son p\u00e9riple italien pour y d\u00e9couvrir la f\u00e9erie que sont l&#8217;\u00e9clat bleut\u00e9 d&#8217;un lac v\u00e9nitien ou les marches de marbre d&#8217;une rotonde florentine&#8230; [&hellip;]\" \/>\n<meta property=\"og:url\" content=\"https:\/\/librairie7l.com\/en\/produit\/villas-et-jardins-ditalie\/\" \/>\n<meta property=\"og:site_name\" content=\"Librairie 7L\" \/>\n<meta property=\"article:modified_time\" content=\"2026-04-13T13:15:11+00:00\" \/>\n<meta property=\"og:image\" content=\"https:\/\/librairie7l.com\/wp-content\/uploads\/2023\/06\/9791021059849_1_75.jpg\" \/>\n\t<meta property=\"og:image:width\" content=\"533\" \/>\n\t<meta property=\"og:image:height\" content=\"800\" \/>\n\t<meta property=\"og:image:type\" content=\"image\/jpeg\" \/>\n<meta name=\"twitter:card\" content=\"summary_large_image\" \/>\n<meta name=\"twitter:label1\" content=\"Est. reading time\" \/>\n\t<meta name=\"twitter:data1\" content=\"1 minute\" \/>\n<script type=\"application\/ld+json\" class=\"yoast-schema-graph\">{\"@context\":\"https:\/\/schema.org\",\"@graph\":[{\"@type\":\"WebPage\",\"@id\":\"https:\/\/librairie7l.com\/en\/produit\/villas-et-jardins-ditalie\/\",\"url\":\"https:\/\/librairie7l.com\/en\/produit\/villas-et-jardins-ditalie\/\",\"name\":\"Villas et jardins d'Italie - Librairie 7L\",\"isPartOf\":{\"@id\":\"https:\/\/librairie7l.com\/en\/#website\"},\"datePublished\":\"2023-11-09T08:17:01+00:00\",\"dateModified\":\"2026-04-13T13:15:11+00:00\",\"breadcrumb\":{\"@id\":\"https:\/\/librairie7l.com\/en\/produit\/villas-et-jardins-ditalie\/#breadcrumb\"},\"inLanguage\":\"en-US\",\"potentialAction\":[{\"@type\":\"ReadAction\",\"target\":[\"https:\/\/librairie7l.com\/en\/produit\/villas-et-jardins-ditalie\/\"]}]},{\"@type\":\"BreadcrumbList\",\"@id\":\"https:\/\/librairie7l.com\/en\/produit\/villas-et-jardins-ditalie\/#breadcrumb\",\"itemListElement\":[{\"@type\":\"ListItem\",\"position\":1,\"name\":\"Accueil\",\"item\":\"https:\/\/librairie7l.com\/en\/\"},{\"@type\":\"ListItem\",\"position\":2,\"name\":\"Shop\",\"item\":\"https:\/\/librairie7l.com\/en\/shop\/\"},{\"@type\":\"ListItem\",\"position\":3,\"name\":\"VILLAS ET JARDINS D&#8217;ITALIE\"}]},{\"@type\":\"WebSite\",\"@id\":\"https:\/\/librairie7l.com\/en\/#website\",\"url\":\"https:\/\/librairie7l.com\/en\/\",\"name\":\"Librairie 7L\",\"description\":\"Librairie fond\u00e9e en 1999 par Karl Lagerfeld \u00e0 Paris\",\"publisher\":{\"@id\":\"https:\/\/librairie7l.com\/en\/#organization\"},\"potentialAction\":[{\"@type\":\"SearchAction\",\"target\":{\"@type\":\"EntryPoint\",\"urlTemplate\":\"https:\/\/librairie7l.com\/en\/?s={search_term_string}\"},\"query-input\":\"required name=search_term_string\"}],\"inLanguage\":\"en-US\"},{\"@type\":\"Organization\",\"@id\":\"https:\/\/librairie7l.com\/en\/#organization\",\"name\":\"Librairie 7L\",\"url\":\"https:\/\/librairie7l.com\/en\/\",\"logo\":{\"@type\":\"ImageObject\",\"inLanguage\":\"en-US\",\"@id\":\"https:\/\/librairie7l.com\/en\/#\/schema\/logo\/image\/\",\"url\":\"https:\/\/librairie7l.com\/wp-content\/uploads\/2022\/08\/logo-1.png\",\"contentUrl\":\"https:\/\/librairie7l.com\/wp-content\/uploads\/2022\/08\/logo-1.png\",\"width\":227,\"height\":301,\"caption\":\"Librairie 7L\"},\"image\":{\"@id\":\"https:\/\/librairie7l.com\/en\/#\/schema\/logo\/image\/\"}}]}<\/script>\n<!-- \/ Yoast SEO plugin. -->","yoast_head_json":{"title":"Villas et jardins d'Italie - Librairie 7L","robots":{"index":"index","follow":"follow","max-snippet":"max-snippet:-1","max-image-preview":"max-image-preview:large","max-video-preview":"max-video-preview:-1"},"canonical":"https:\/\/librairie7l.com\/en\/produit\/villas-et-jardins-ditalie\/","og_locale":"en_US","og_type":"article","og_title":"Villas et jardins d'Italie - Librairie 7L","og_description":"Edith Wharton t\u00e9moigne \u00e0 l&#8217;\u00e9gard des jardins italiens de ce m\u00eame souci de la forme qui pr\u00e9side \u00e0 son \u00e9criture romanesque. De la Lombardie jusqu&#8217;en V\u00e9nitie, la romanci\u00e8re nous invite \u00e0 suivre son p\u00e9riple italien pour y d\u00e9couvrir la f\u00e9erie que sont l&#8217;\u00e9clat bleut\u00e9 d&#8217;un lac v\u00e9nitien ou les marches de marbre d&#8217;une rotonde florentine&#8230; [&hellip;]","og_url":"https:\/\/librairie7l.com\/en\/produit\/villas-et-jardins-ditalie\/","og_site_name":"Librairie 7L","article_modified_time":"2026-04-13T13:15:11+00:00","og_image":[{"width":533,"height":800,"url":"https:\/\/librairie7l.com\/wp-content\/uploads\/2023\/06\/9791021059849_1_75.jpg","type":"image\/jpeg"}],"twitter_card":"summary_large_image","twitter_misc":{"Est. reading time":"1 minute"},"schema":{"@context":"https:\/\/schema.org","@graph":[{"@type":"WebPage","@id":"https:\/\/librairie7l.com\/en\/produit\/villas-et-jardins-ditalie\/","url":"https:\/\/librairie7l.com\/en\/produit\/villas-et-jardins-ditalie\/","name":"Villas et jardins d'Italie - Librairie 7L","isPartOf":{"@id":"https:\/\/librairie7l.com\/en\/#website"},"datePublished":"2023-11-09T08:17:01+00:00","dateModified":"2026-04-13T13:15:11+00:00","breadcrumb":{"@id":"https:\/\/librairie7l.com\/en\/produit\/villas-et-jardins-ditalie\/#breadcrumb"},"inLanguage":"en-US","potentialAction":[{"@type":"ReadAction","target":["https:\/\/librairie7l.com\/en\/produit\/villas-et-jardins-ditalie\/"]}]},{"@type":"BreadcrumbList","@id":"https:\/\/librairie7l.com\/en\/produit\/villas-et-jardins-ditalie\/#breadcrumb","itemListElement":[{"@type":"ListItem","position":1,"name":"Accueil","item":"https:\/\/librairie7l.com\/en\/"},{"@type":"ListItem","position":2,"name":"Shop","item":"https:\/\/librairie7l.com\/en\/shop\/"},{"@type":"ListItem","position":3,"name":"VILLAS ET JARDINS D&#8217;ITALIE"}]},{"@type":"WebSite","@id":"https:\/\/librairie7l.com\/en\/#website","url":"https:\/\/librairie7l.com\/en\/","name":"Librairie 7L","description":"Librairie fond\u00e9e en 1999 par Karl Lagerfeld \u00e0 Paris","publisher":{"@id":"https:\/\/librairie7l.com\/en\/#organization"},"potentialAction":[{"@type":"SearchAction","target":{"@type":"EntryPoint","urlTemplate":"https:\/\/librairie7l.com\/en\/?s={search_term_string}"},"query-input":"required name=search_term_string"}],"inLanguage":"en-US"},{"@type":"Organization","@id":"https:\/\/librairie7l.com\/en\/#organization","name":"Librairie 7L","url":"https:\/\/librairie7l.com\/en\/","logo":{"@type":"ImageObject","inLanguage":"en-US","@id":"https:\/\/librairie7l.com\/en\/#\/schema\/logo\/image\/","url":"https:\/\/librairie7l.com\/wp-content\/uploads\/2022\/08\/logo-1.png","contentUrl":"https:\/\/librairie7l.com\/wp-content\/uploads\/2022\/08\/logo-1.png","width":227,"height":301,"caption":"Librairie 7L"},"image":{"@id":"https:\/\/librairie7l.com\/en\/#\/schema\/logo\/image\/"}}]}},"_links":{"self":[{"href":"https:\/\/librairie7l.com\/en\/wp-json\/wp\/v2\/product\/37324"}],"collection":[{"href":"https:\/\/librairie7l.com\/en\/wp-json\/wp\/v2\/product"}],"about":[{"href":"https:\/\/librairie7l.com\/en\/wp-json\/wp\/v2\/types\/product"}],"wp:featuredmedia":[{"embeddable":true,"href":"https:\/\/librairie7l.com\/en\/wp-json\/wp\/v2\/media\/37322"}],"wp:attachment":[{"href":"https:\/\/librairie7l.com\/en\/wp-json\/wp\/v2\/media?parent=37324"}],"wp:term":[{"taxonomy":"product_cat","embeddable":true,"href":"https:\/\/librairie7l.com\/en\/wp-json\/wp\/v2\/product_cat?post=37324"},{"taxonomy":"product_tag","embeddable":true,"href":"https:\/\/librairie7l.com\/en\/wp-json\/wp\/v2\/product_tag?post=37324"}],"curies":[{"name":"wp","href":"https:\/\/api.w.org\/{rel}","templated":true}]}}