{"id":37328,"date":"2023-11-09T09:17:06","date_gmt":"2023-11-09T08:17:06","guid":{"rendered":"https:\/\/librairie7l.com\/?post_type=product&#038;p=37328"},"modified":"2026-04-18T10:51:08","modified_gmt":"2026-04-18T08:51:08","slug":"puis-je-garder-quelques-secrets-henri-cartier-bresson-entretiens-1954-2003","status":"publish","type":"product","link":"https:\/\/librairie7l.com\/en\/produit\/puis-je-garder-quelques-secrets-henri-cartier-bresson-entretiens-1954-2003\/","title":{"rendered":"PUIS-JE GARDER QUELQUES SECRETS ? : HENRI CARTIER-BRESSON, ENTRETIENS 1954-2003"},"content":{"rendered":"<p>\u00c0 l&#8217;occasion des vingt ans de la Fondation Henri Cartier-Bresson, cet ouvrage c\u00e9l\u00e8bre le photographe et th\u00e9oricien \u00e0 travers ses \u00e9crits.<br \/>\nIl rassemble une s\u00e9lection d&#8217;une trentaine d&#8217;entretiens, dans leur int\u00e9gralit\u00e9, qu&#8217;il a men\u00e9 tout au long de sa carri\u00e8re, entre 1954 et 2003, dont certains m\u00e9connus ou in\u00e9dits, comme plusieurs interviews radiophoniques retranscrites pour la premi\u00e8re fois. Henri Cartier-Bresson fait partie de ces artistes qui ont beaucoup \u00e9crit sur leur travail et la photographie en g\u00e9n\u00e9ral. Il s&#8217;est \u00e0 la fois entretenu avec des personnalit\u00e9s du monde de l&#8217;art et des journalistes sp\u00e9cialis\u00e9s dans l&#8217;optique d&#8217;explorer, de questionner le m\u00e9dium et c&#8217;est \u00e0 travers ses \u00e9crits et entretiens qu&#8217;il met en forme sa pens\u00e9e et th\u00e9orise la photographie, ses diff\u00e9rents enjeux et pratiques. Ces entretiens t\u00e9moignent \u00e0 la fois de la vie et de l&#8217;oeuvre tout en offrant des clefs de lecture sur son approche esth\u00e9tique. Ils montrent \u00e9galement l&#8217;\u00e9volution de sa pens\u00e9e sur la photographie et sur la relation qu&#8217;il entretient avec le cin\u00e9ma, le dessin et la peinture.<\/p>\n<p>Ce recueil pose un nouveau regard sur ce photographe et penseur d&#8217;exception. Il sera illustr\u00e9 par une s\u00e9lection d&#8217;une trentaine de photographies d&#8217;Henri Cartier-Bresson.<\/p>\n","protected":false},"excerpt":{"rendered":"<p>\u00c0 l&#8217;occasion des vingt ans de la Fondation Henri Cartier-Bresson, cet ouvrage c\u00e9l\u00e8bre le photographe et th\u00e9oricien \u00e0 travers ses \u00e9crits. Il rassemble une s\u00e9lection d&#8217;une trentaine d&#8217;entretiens, dans leur int\u00e9gralit\u00e9, qu&#8217;il a men\u00e9 tout au long de sa carri\u00e8re, entre 1954 et 2003, dont certains m\u00e9connus ou in\u00e9dits, comme plusieurs interviews radiophoniques retranscrites pour [&hellip;]<\/p>\n","protected":false},"featured_media":37326,"template":"","meta":[],"product_cat":[2948,2958],"product_tag":[],"acf":[],"yoast_head":"<!-- This site is optimized with the Yoast SEO plugin v20.11 - https:\/\/yoast.com\/wordpress\/plugins\/seo\/ -->\n<title>Puis-je garder quelques secrets ? : Henri Cartier-Bresson, entretiens 1954-2003 - Librairie 7L<\/title>\n<meta name=\"robots\" content=\"index, follow, max-snippet:-1, max-image-preview:large, max-video-preview:-1\" \/>\n<link rel=\"canonical\" href=\"https:\/\/librairie7l.com\/en\/produit\/puis-je-garder-quelques-secrets-henri-cartier-bresson-entretiens-1954-2003\/\" \/>\n<meta property=\"og:locale\" content=\"en_US\" \/>\n<meta property=\"og:type\" content=\"article\" \/>\n<meta property=\"og:title\" content=\"Puis-je garder quelques secrets ? : Henri Cartier-Bresson, entretiens 1954-2003 - Librairie 7L\" \/>\n<meta property=\"og:description\" content=\"\u00c0 l&#8217;occasion des vingt ans de la Fondation Henri Cartier-Bresson, cet ouvrage c\u00e9l\u00e8bre le photographe et th\u00e9oricien \u00e0 travers ses \u00e9crits. Il rassemble une s\u00e9lection d&#8217;une trentaine d&#8217;entretiens, dans leur int\u00e9gralit\u00e9, qu&#8217;il a men\u00e9 tout au long de sa carri\u00e8re, entre 1954 et 2003, dont certains m\u00e9connus ou in\u00e9dits, comme plusieurs interviews radiophoniques retranscrites pour [&hellip;]\" \/>\n<meta property=\"og:url\" content=\"https:\/\/librairie7l.com\/en\/produit\/puis-je-garder-quelques-secrets-henri-cartier-bresson-entretiens-1954-2003\/\" \/>\n<meta property=\"og:site_name\" content=\"Librairie 7L\" \/>\n<meta property=\"article:modified_time\" content=\"2026-04-18T08:51:08+00:00\" \/>\n<meta property=\"og:image\" content=\"https:\/\/librairie7l.com\/wp-content\/uploads\/2023\/06\/9782365113670_1_75.jpg\" \/>\n\t<meta property=\"og:image:width\" content=\"600\" \/>\n\t<meta property=\"og:image:height\" content=\"868\" \/>\n\t<meta property=\"og:image:type\" content=\"image\/jpeg\" \/>\n<meta name=\"twitter:card\" content=\"summary_large_image\" \/>\n<meta name=\"twitter:label1\" content=\"Est. reading time\" \/>\n\t<meta name=\"twitter:data1\" content=\"1 minute\" \/>\n<script type=\"application\/ld+json\" class=\"yoast-schema-graph\">{\"@context\":\"https:\/\/schema.org\",\"@graph\":[{\"@type\":\"WebPage\",\"@id\":\"https:\/\/librairie7l.com\/en\/produit\/puis-je-garder-quelques-secrets-henri-cartier-bresson-entretiens-1954-2003\/\",\"url\":\"https:\/\/librairie7l.com\/en\/produit\/puis-je-garder-quelques-secrets-henri-cartier-bresson-entretiens-1954-2003\/\",\"name\":\"Puis-je garder quelques secrets ? : Henri Cartier-Bresson, entretiens 1954-2003 - Librairie 7L\",\"isPartOf\":{\"@id\":\"https:\/\/librairie7l.com\/en\/#website\"},\"datePublished\":\"2023-11-09T08:17:06+00:00\",\"dateModified\":\"2026-04-18T08:51:08+00:00\",\"breadcrumb\":{\"@id\":\"https:\/\/librairie7l.com\/en\/produit\/puis-je-garder-quelques-secrets-henri-cartier-bresson-entretiens-1954-2003\/#breadcrumb\"},\"inLanguage\":\"en-US\",\"potentialAction\":[{\"@type\":\"ReadAction\",\"target\":[\"https:\/\/librairie7l.com\/en\/produit\/puis-je-garder-quelques-secrets-henri-cartier-bresson-entretiens-1954-2003\/\"]}]},{\"@type\":\"BreadcrumbList\",\"@id\":\"https:\/\/librairie7l.com\/en\/produit\/puis-je-garder-quelques-secrets-henri-cartier-bresson-entretiens-1954-2003\/#breadcrumb\",\"itemListElement\":[{\"@type\":\"ListItem\",\"position\":1,\"name\":\"Accueil\",\"item\":\"https:\/\/librairie7l.com\/en\/\"},{\"@type\":\"ListItem\",\"position\":2,\"name\":\"Shop\",\"item\":\"https:\/\/librairie7l.com\/en\/shop\/\"},{\"@type\":\"ListItem\",\"position\":3,\"name\":\"PUIS-JE GARDER QUELQUES SECRETS ? : HENRI CARTIER-BRESSON, ENTRETIENS 1954-2003\"}]},{\"@type\":\"WebSite\",\"@id\":\"https:\/\/librairie7l.com\/en\/#website\",\"url\":\"https:\/\/librairie7l.com\/en\/\",\"name\":\"Librairie 7L\",\"description\":\"Librairie fond\u00e9e en 1999 par Karl Lagerfeld \u00e0 Paris\",\"publisher\":{\"@id\":\"https:\/\/librairie7l.com\/en\/#organization\"},\"potentialAction\":[{\"@type\":\"SearchAction\",\"target\":{\"@type\":\"EntryPoint\",\"urlTemplate\":\"https:\/\/librairie7l.com\/en\/?s={search_term_string}\"},\"query-input\":\"required name=search_term_string\"}],\"inLanguage\":\"en-US\"},{\"@type\":\"Organization\",\"@id\":\"https:\/\/librairie7l.com\/en\/#organization\",\"name\":\"Librairie 7L\",\"url\":\"https:\/\/librairie7l.com\/en\/\",\"logo\":{\"@type\":\"ImageObject\",\"inLanguage\":\"en-US\",\"@id\":\"https:\/\/librairie7l.com\/en\/#\/schema\/logo\/image\/\",\"url\":\"https:\/\/librairie7l.com\/wp-content\/uploads\/2022\/08\/logo-1.png\",\"contentUrl\":\"https:\/\/librairie7l.com\/wp-content\/uploads\/2022\/08\/logo-1.png\",\"width\":227,\"height\":301,\"caption\":\"Librairie 7L\"},\"image\":{\"@id\":\"https:\/\/librairie7l.com\/en\/#\/schema\/logo\/image\/\"}}]}<\/script>\n<!-- \/ Yoast SEO plugin. -->","yoast_head_json":{"title":"Puis-je garder quelques secrets ? : Henri Cartier-Bresson, entretiens 1954-2003 - Librairie 7L","robots":{"index":"index","follow":"follow","max-snippet":"max-snippet:-1","max-image-preview":"max-image-preview:large","max-video-preview":"max-video-preview:-1"},"canonical":"https:\/\/librairie7l.com\/en\/produit\/puis-je-garder-quelques-secrets-henri-cartier-bresson-entretiens-1954-2003\/","og_locale":"en_US","og_type":"article","og_title":"Puis-je garder quelques secrets ? : Henri Cartier-Bresson, entretiens 1954-2003 - Librairie 7L","og_description":"\u00c0 l&#8217;occasion des vingt ans de la Fondation Henri Cartier-Bresson, cet ouvrage c\u00e9l\u00e8bre le photographe et th\u00e9oricien \u00e0 travers ses \u00e9crits. Il rassemble une s\u00e9lection d&#8217;une trentaine d&#8217;entretiens, dans leur int\u00e9gralit\u00e9, qu&#8217;il a men\u00e9 tout au long de sa carri\u00e8re, entre 1954 et 2003, dont certains m\u00e9connus ou in\u00e9dits, comme plusieurs interviews radiophoniques retranscrites pour [&hellip;]","og_url":"https:\/\/librairie7l.com\/en\/produit\/puis-je-garder-quelques-secrets-henri-cartier-bresson-entretiens-1954-2003\/","og_site_name":"Librairie 7L","article_modified_time":"2026-04-18T08:51:08+00:00","og_image":[{"width":600,"height":868,"url":"https:\/\/librairie7l.com\/wp-content\/uploads\/2023\/06\/9782365113670_1_75.jpg","type":"image\/jpeg"}],"twitter_card":"summary_large_image","twitter_misc":{"Est. reading time":"1 minute"},"schema":{"@context":"https:\/\/schema.org","@graph":[{"@type":"WebPage","@id":"https:\/\/librairie7l.com\/en\/produit\/puis-je-garder-quelques-secrets-henri-cartier-bresson-entretiens-1954-2003\/","url":"https:\/\/librairie7l.com\/en\/produit\/puis-je-garder-quelques-secrets-henri-cartier-bresson-entretiens-1954-2003\/","name":"Puis-je garder quelques secrets ? : Henri Cartier-Bresson, entretiens 1954-2003 - Librairie 7L","isPartOf":{"@id":"https:\/\/librairie7l.com\/en\/#website"},"datePublished":"2023-11-09T08:17:06+00:00","dateModified":"2026-04-18T08:51:08+00:00","breadcrumb":{"@id":"https:\/\/librairie7l.com\/en\/produit\/puis-je-garder-quelques-secrets-henri-cartier-bresson-entretiens-1954-2003\/#breadcrumb"},"inLanguage":"en-US","potentialAction":[{"@type":"ReadAction","target":["https:\/\/librairie7l.com\/en\/produit\/puis-je-garder-quelques-secrets-henri-cartier-bresson-entretiens-1954-2003\/"]}]},{"@type":"BreadcrumbList","@id":"https:\/\/librairie7l.com\/en\/produit\/puis-je-garder-quelques-secrets-henri-cartier-bresson-entretiens-1954-2003\/#breadcrumb","itemListElement":[{"@type":"ListItem","position":1,"name":"Accueil","item":"https:\/\/librairie7l.com\/en\/"},{"@type":"ListItem","position":2,"name":"Shop","item":"https:\/\/librairie7l.com\/en\/shop\/"},{"@type":"ListItem","position":3,"name":"PUIS-JE GARDER QUELQUES SECRETS ? : HENRI CARTIER-BRESSON, ENTRETIENS 1954-2003"}]},{"@type":"WebSite","@id":"https:\/\/librairie7l.com\/en\/#website","url":"https:\/\/librairie7l.com\/en\/","name":"Librairie 7L","description":"Librairie fond\u00e9e en 1999 par Karl Lagerfeld \u00e0 Paris","publisher":{"@id":"https:\/\/librairie7l.com\/en\/#organization"},"potentialAction":[{"@type":"SearchAction","target":{"@type":"EntryPoint","urlTemplate":"https:\/\/librairie7l.com\/en\/?s={search_term_string}"},"query-input":"required name=search_term_string"}],"inLanguage":"en-US"},{"@type":"Organization","@id":"https:\/\/librairie7l.com\/en\/#organization","name":"Librairie 7L","url":"https:\/\/librairie7l.com\/en\/","logo":{"@type":"ImageObject","inLanguage":"en-US","@id":"https:\/\/librairie7l.com\/en\/#\/schema\/logo\/image\/","url":"https:\/\/librairie7l.com\/wp-content\/uploads\/2022\/08\/logo-1.png","contentUrl":"https:\/\/librairie7l.com\/wp-content\/uploads\/2022\/08\/logo-1.png","width":227,"height":301,"caption":"Librairie 7L"},"image":{"@id":"https:\/\/librairie7l.com\/en\/#\/schema\/logo\/image\/"}}]}},"_links":{"self":[{"href":"https:\/\/librairie7l.com\/en\/wp-json\/wp\/v2\/product\/37328"}],"collection":[{"href":"https:\/\/librairie7l.com\/en\/wp-json\/wp\/v2\/product"}],"about":[{"href":"https:\/\/librairie7l.com\/en\/wp-json\/wp\/v2\/types\/product"}],"wp:featuredmedia":[{"embeddable":true,"href":"https:\/\/librairie7l.com\/en\/wp-json\/wp\/v2\/media\/37326"}],"wp:attachment":[{"href":"https:\/\/librairie7l.com\/en\/wp-json\/wp\/v2\/media?parent=37328"}],"wp:term":[{"taxonomy":"product_cat","embeddable":true,"href":"https:\/\/librairie7l.com\/en\/wp-json\/wp\/v2\/product_cat?post=37328"},{"taxonomy":"product_tag","embeddable":true,"href":"https:\/\/librairie7l.com\/en\/wp-json\/wp\/v2\/product_tag?post=37328"}],"curies":[{"name":"wp","href":"https:\/\/api.w.org\/{rel}","templated":true}]}}