{"id":37332,"date":"2023-11-09T09:17:11","date_gmt":"2023-11-09T08:17:11","guid":{"rendered":"https:\/\/librairie7l.com\/?post_type=product&#038;p=37332"},"modified":"2026-04-23T14:54:07","modified_gmt":"2026-04-23T12:54:07","slug":"guerre-et-fetes","status":"publish","type":"product","link":"https:\/\/librairie7l.com\/en\/produit\/guerre-et-fetes\/","title":{"rendered":"GUERRE ET F\u00caTES"},"content":{"rendered":"<p>28 octobre 1949. Le fracas d&#8217;un quadrimoteur \u00e0 h\u00e9lices d\u00e9chire le ciel des A\u00e7ores. Quelques instants plus tard, une explosion retentit : le vol Paris-New York vient de s&#8217;\u00e9craser sur une petite \u00eele de l&#8217;archipel. \u00c0 son bord, deux l\u00e9gendes au fa\u00eete de leur gloire : le boxeur Marcel Cerdan et le peintre Bernard Boutet de Monvel. Cruelle ironie pour l&#8217;artiste qui, aviateur pendant la Premi\u00e8re Guerre mondiale, avait brav\u00e9 des ciels autrement plus hostiles&#8230; L&#8217;ultime coup de th\u00e9\u00e2tre d&#8217;une vie d&#8217;audace et d&#8217;aventures.<\/p>\n<p>Car peintre, militaire et fran\u00e7ais, Bernard Boutet de Monvel fut aussi \u00e9crivain, mondain et cosmopolite. Mobilis\u00e9 en 1914, il abandonne crayons et pinceaux pour courir vers le front. Bless\u00e9 lors de la bataille de la Marne, il int\u00e8gre ensuite le Groupe de bombardement d&#8217;Orient : des campagnes fran\u00e7aises jusqu&#8217;aux rives de la mer \u00c9g\u00e9e, il survole les champs de bataille de l&#8217;Europe en conflit, entre raids a\u00e9riens et agapes m\u00e9morables.<\/p>\n<p>\u00c0 la fin des ann\u00e9es 1920, apr\u00e8s un long s\u00e9jour au Maroc, il part pour les \u00c9tats-Unis. Dans le New York du  Jazz Age, la vie est une f\u00eate permanente : on le voit dans toutes les c\u00e9r\u00e9monies, aux c\u00f4t\u00e9s d&#8217;invit\u00e9s aussi prestigieux que George Gershwin et Charlie Chaplin, et il devient le portraitiste adul\u00e9 de la  Caf\u00e9 Society qui s&#8217;arrache ses tableaux.<\/p>\n<p>La guerre, les f\u00eates, ce dandy au go\u00fbt irr\u00e9prochable les raconte comme il les a v\u00e9cues : en esth\u00e8te. Ses M\u00e9moires, ici publi\u00e9s pour la premi\u00e8re fois, r\u00e9v\u00e8lent un moraliste plein d&#8217;esprit, \u00e0 l&#8217;humour lucide : dans ses \u00e9crits comme dans ses toiles, Bernard Boutet de Monvel n&#8217;a pas son pareil pour d\u00e9peindre ses contemporains.<\/p>\n<p>Ouvrage \u00e9tabli, pr\u00e9fac\u00e9 et annot\u00e9 par St\u00e9phane-Jacques Addade.<\/p>\n","protected":false},"excerpt":{"rendered":"<p>28 octobre 1949. Le fracas d&#8217;un quadrimoteur \u00e0 h\u00e9lices d\u00e9chire le ciel des A\u00e7ores. Quelques instants plus tard, une explosion retentit : le vol Paris-New York vient de s&#8217;\u00e9craser sur une petite \u00eele de l&#8217;archipel. \u00c0 son bord, deux l\u00e9gendes au fa\u00eete de leur gloire : le boxeur Marcel Cerdan et le peintre Bernard Boutet [&hellip;]<\/p>\n","protected":false},"featured_media":37330,"template":"","meta":[],"product_cat":[2948,2953],"product_tag":[],"acf":[],"yoast_head":"<!-- This site is optimized with the Yoast SEO plugin v20.11 - https:\/\/yoast.com\/wordpress\/plugins\/seo\/ -->\n<title>Guerre et f\u00eates - Librairie 7L<\/title>\n<meta name=\"robots\" content=\"index, follow, max-snippet:-1, max-image-preview:large, max-video-preview:-1\" \/>\n<link rel=\"canonical\" href=\"https:\/\/librairie7l.com\/en\/produit\/guerre-et-fetes\/\" \/>\n<meta property=\"og:locale\" content=\"en_US\" \/>\n<meta property=\"og:type\" content=\"article\" \/>\n<meta property=\"og:title\" content=\"Guerre et f\u00eates - Librairie 7L\" \/>\n<meta property=\"og:description\" content=\"28 octobre 1949. Le fracas d&#8217;un quadrimoteur \u00e0 h\u00e9lices d\u00e9chire le ciel des A\u00e7ores. Quelques instants plus tard, une explosion retentit : le vol Paris-New York vient de s&#8217;\u00e9craser sur une petite \u00eele de l&#8217;archipel. \u00c0 son bord, deux l\u00e9gendes au fa\u00eete de leur gloire : le boxeur Marcel Cerdan et le peintre Bernard Boutet [&hellip;]\" \/>\n<meta property=\"og:url\" content=\"https:\/\/librairie7l.com\/en\/produit\/guerre-et-fetes\/\" \/>\n<meta property=\"og:site_name\" content=\"Librairie 7L\" \/>\n<meta property=\"article:modified_time\" content=\"2026-04-23T12:54:07+00:00\" \/>\n<meta property=\"og:image\" content=\"https:\/\/librairie7l.com\/wp-content\/uploads\/2023\/06\/9782840499633_1_75.jpg\" \/>\n\t<meta property=\"og:image:width\" content=\"600\" \/>\n\t<meta property=\"og:image:height\" content=\"840\" \/>\n\t<meta property=\"og:image:type\" content=\"image\/jpeg\" \/>\n<meta name=\"twitter:card\" content=\"summary_large_image\" \/>\n<meta name=\"twitter:label1\" content=\"Est. reading time\" \/>\n\t<meta name=\"twitter:data1\" content=\"2 minutes\" \/>\n<script type=\"application\/ld+json\" class=\"yoast-schema-graph\">{\"@context\":\"https:\/\/schema.org\",\"@graph\":[{\"@type\":\"WebPage\",\"@id\":\"https:\/\/librairie7l.com\/en\/produit\/guerre-et-fetes\/\",\"url\":\"https:\/\/librairie7l.com\/en\/produit\/guerre-et-fetes\/\",\"name\":\"Guerre et f\u00eates - Librairie 7L\",\"isPartOf\":{\"@id\":\"https:\/\/librairie7l.com\/en\/#website\"},\"datePublished\":\"2023-11-09T08:17:11+00:00\",\"dateModified\":\"2026-04-23T12:54:07+00:00\",\"breadcrumb\":{\"@id\":\"https:\/\/librairie7l.com\/en\/produit\/guerre-et-fetes\/#breadcrumb\"},\"inLanguage\":\"en-US\",\"potentialAction\":[{\"@type\":\"ReadAction\",\"target\":[\"https:\/\/librairie7l.com\/en\/produit\/guerre-et-fetes\/\"]}]},{\"@type\":\"BreadcrumbList\",\"@id\":\"https:\/\/librairie7l.com\/en\/produit\/guerre-et-fetes\/#breadcrumb\",\"itemListElement\":[{\"@type\":\"ListItem\",\"position\":1,\"name\":\"Accueil\",\"item\":\"https:\/\/librairie7l.com\/en\/\"},{\"@type\":\"ListItem\",\"position\":2,\"name\":\"Shop\",\"item\":\"https:\/\/librairie7l.com\/en\/shop\/\"},{\"@type\":\"ListItem\",\"position\":3,\"name\":\"GUERRE ET F\u00caTES\"}]},{\"@type\":\"WebSite\",\"@id\":\"https:\/\/librairie7l.com\/en\/#website\",\"url\":\"https:\/\/librairie7l.com\/en\/\",\"name\":\"Librairie 7L\",\"description\":\"Librairie fond\u00e9e en 1999 par Karl Lagerfeld \u00e0 Paris\",\"publisher\":{\"@id\":\"https:\/\/librairie7l.com\/en\/#organization\"},\"potentialAction\":[{\"@type\":\"SearchAction\",\"target\":{\"@type\":\"EntryPoint\",\"urlTemplate\":\"https:\/\/librairie7l.com\/en\/?s={search_term_string}\"},\"query-input\":\"required name=search_term_string\"}],\"inLanguage\":\"en-US\"},{\"@type\":\"Organization\",\"@id\":\"https:\/\/librairie7l.com\/en\/#organization\",\"name\":\"Librairie 7L\",\"url\":\"https:\/\/librairie7l.com\/en\/\",\"logo\":{\"@type\":\"ImageObject\",\"inLanguage\":\"en-US\",\"@id\":\"https:\/\/librairie7l.com\/en\/#\/schema\/logo\/image\/\",\"url\":\"https:\/\/librairie7l.com\/wp-content\/uploads\/2022\/08\/logo-1.png\",\"contentUrl\":\"https:\/\/librairie7l.com\/wp-content\/uploads\/2022\/08\/logo-1.png\",\"width\":227,\"height\":301,\"caption\":\"Librairie 7L\"},\"image\":{\"@id\":\"https:\/\/librairie7l.com\/en\/#\/schema\/logo\/image\/\"}}]}<\/script>\n<!-- \/ Yoast SEO plugin. -->","yoast_head_json":{"title":"Guerre et f\u00eates - Librairie 7L","robots":{"index":"index","follow":"follow","max-snippet":"max-snippet:-1","max-image-preview":"max-image-preview:large","max-video-preview":"max-video-preview:-1"},"canonical":"https:\/\/librairie7l.com\/en\/produit\/guerre-et-fetes\/","og_locale":"en_US","og_type":"article","og_title":"Guerre et f\u00eates - Librairie 7L","og_description":"28 octobre 1949. Le fracas d&#8217;un quadrimoteur \u00e0 h\u00e9lices d\u00e9chire le ciel des A\u00e7ores. Quelques instants plus tard, une explosion retentit : le vol Paris-New York vient de s&#8217;\u00e9craser sur une petite \u00eele de l&#8217;archipel. \u00c0 son bord, deux l\u00e9gendes au fa\u00eete de leur gloire : le boxeur Marcel Cerdan et le peintre Bernard Boutet [&hellip;]","og_url":"https:\/\/librairie7l.com\/en\/produit\/guerre-et-fetes\/","og_site_name":"Librairie 7L","article_modified_time":"2026-04-23T12:54:07+00:00","og_image":[{"width":600,"height":840,"url":"https:\/\/librairie7l.com\/wp-content\/uploads\/2023\/06\/9782840499633_1_75.jpg","type":"image\/jpeg"}],"twitter_card":"summary_large_image","twitter_misc":{"Est. reading time":"2 minutes"},"schema":{"@context":"https:\/\/schema.org","@graph":[{"@type":"WebPage","@id":"https:\/\/librairie7l.com\/en\/produit\/guerre-et-fetes\/","url":"https:\/\/librairie7l.com\/en\/produit\/guerre-et-fetes\/","name":"Guerre et f\u00eates - Librairie 7L","isPartOf":{"@id":"https:\/\/librairie7l.com\/en\/#website"},"datePublished":"2023-11-09T08:17:11+00:00","dateModified":"2026-04-23T12:54:07+00:00","breadcrumb":{"@id":"https:\/\/librairie7l.com\/en\/produit\/guerre-et-fetes\/#breadcrumb"},"inLanguage":"en-US","potentialAction":[{"@type":"ReadAction","target":["https:\/\/librairie7l.com\/en\/produit\/guerre-et-fetes\/"]}]},{"@type":"BreadcrumbList","@id":"https:\/\/librairie7l.com\/en\/produit\/guerre-et-fetes\/#breadcrumb","itemListElement":[{"@type":"ListItem","position":1,"name":"Accueil","item":"https:\/\/librairie7l.com\/en\/"},{"@type":"ListItem","position":2,"name":"Shop","item":"https:\/\/librairie7l.com\/en\/shop\/"},{"@type":"ListItem","position":3,"name":"GUERRE ET F\u00caTES"}]},{"@type":"WebSite","@id":"https:\/\/librairie7l.com\/en\/#website","url":"https:\/\/librairie7l.com\/en\/","name":"Librairie 7L","description":"Librairie fond\u00e9e en 1999 par Karl Lagerfeld \u00e0 Paris","publisher":{"@id":"https:\/\/librairie7l.com\/en\/#organization"},"potentialAction":[{"@type":"SearchAction","target":{"@type":"EntryPoint","urlTemplate":"https:\/\/librairie7l.com\/en\/?s={search_term_string}"},"query-input":"required name=search_term_string"}],"inLanguage":"en-US"},{"@type":"Organization","@id":"https:\/\/librairie7l.com\/en\/#organization","name":"Librairie 7L","url":"https:\/\/librairie7l.com\/en\/","logo":{"@type":"ImageObject","inLanguage":"en-US","@id":"https:\/\/librairie7l.com\/en\/#\/schema\/logo\/image\/","url":"https:\/\/librairie7l.com\/wp-content\/uploads\/2022\/08\/logo-1.png","contentUrl":"https:\/\/librairie7l.com\/wp-content\/uploads\/2022\/08\/logo-1.png","width":227,"height":301,"caption":"Librairie 7L"},"image":{"@id":"https:\/\/librairie7l.com\/en\/#\/schema\/logo\/image\/"}}]}},"_links":{"self":[{"href":"https:\/\/librairie7l.com\/en\/wp-json\/wp\/v2\/product\/37332"}],"collection":[{"href":"https:\/\/librairie7l.com\/en\/wp-json\/wp\/v2\/product"}],"about":[{"href":"https:\/\/librairie7l.com\/en\/wp-json\/wp\/v2\/types\/product"}],"wp:featuredmedia":[{"embeddable":true,"href":"https:\/\/librairie7l.com\/en\/wp-json\/wp\/v2\/media\/37330"}],"wp:attachment":[{"href":"https:\/\/librairie7l.com\/en\/wp-json\/wp\/v2\/media?parent=37332"}],"wp:term":[{"taxonomy":"product_cat","embeddable":true,"href":"https:\/\/librairie7l.com\/en\/wp-json\/wp\/v2\/product_cat?post=37332"},{"taxonomy":"product_tag","embeddable":true,"href":"https:\/\/librairie7l.com\/en\/wp-json\/wp\/v2\/product_tag?post=37332"}],"curies":[{"name":"wp","href":"https:\/\/api.w.org\/{rel}","templated":true}]}}