{"id":37336,"date":"2023-11-09T09:17:18","date_gmt":"2023-11-09T08:17:18","guid":{"rendered":"https:\/\/librairie7l.com\/?post_type=product&#038;p=37336"},"modified":"2026-04-10T03:46:10","modified_gmt":"2026-04-10T01:46:10","slug":"le-palais-royal-hier-et-aujourdhui","status":"publish","type":"product","link":"https:\/\/librairie7l.com\/en\/produit\/le-palais-royal-hier-et-aujourdhui\/","title":{"rendered":"LE PALAIS-ROYAL, HIER ET AUJOURD&#8217;HUI"},"content":{"rendered":"<p>\u00c0 travers un recueil de planches aquarell\u00e9es de la main de l&#8217;architecte Fontaine, qui pr\u00e9sente le Palais-Royal depuis sa cr\u00e9ation jusqu&#8217;aux travaux de 1817-1831, l&#8217;auteur de cet ouvrage &#8211; Marc Sanson &#8211; retrace l&#8217;histoire du site devenu aujourd&#8217;hui haut-lieu politique et culturel.<br \/>\nEn 2014, l&#8217;\u00c9tat acquiert un exemplaire unique aquarell\u00e9 du livre de l&#8217;architecte Pierre Fran\u00e7ois L\u00e9onard Fontaine,  Histoire du Palais-Royal, paru en 1834 sans mention d&#8217;\u00e9diteur.<\/p>\n<p> Ces gravures aquarell\u00e9es, que nous d\u00e9couvrons ici et pour la premi\u00e8re fois dans leur int\u00e9gralit\u00e9, repr\u00e9sentent le site du Palais-Royal \u00e0 diverses \u00e9poques et jusqu&#8217;aux travaux de Fontaine, charg\u00e9 par le duc d&#8217;Orl\u00e9ans, futur Louis-Philippe, du chantier de r\u00e9habilitation des b\u00e2timents de 1817 \u00e0 1831. <\/p>\n<p> Ces gravures magnifiques et riches de d\u00e9tails sont l&#8217;occasion, pour Marc Sanson, de nous conter l&#8217;histoire complexe de cet ensemble monumental. C&#8217;est \u00e0 une sorte de  jeu de piste  qu&#8217;il nous invite, confrontant les planches grav\u00e9es des ann\u00e9es 1831 avec l&#8217;actuel \u00e9tat des lieux, au travers des trois grandes institutions de la R\u00e9publique qui les habitent : le Conseil d&#8217;\u00c9tat, le Conseil constitutionnel et la Com\u00e9die-Fran\u00e7aise.<\/p>\n","protected":false},"excerpt":{"rendered":"<p>\u00c0 travers un recueil de planches aquarell\u00e9es de la main de l&#8217;architecte Fontaine, qui pr\u00e9sente le Palais-Royal depuis sa cr\u00e9ation jusqu&#8217;aux travaux de 1817-1831, l&#8217;auteur de cet ouvrage &#8211; Marc Sanson &#8211; retrace l&#8217;histoire du site devenu aujourd&#8217;hui haut-lieu politique et culturel. En 2014, l&#8217;\u00c9tat acquiert un exemplaire unique aquarell\u00e9 du livre de l&#8217;architecte Pierre [&hellip;]<\/p>\n","protected":false},"featured_media":37334,"template":"","meta":[],"product_cat":[2948,2950],"product_tag":[],"acf":[],"yoast_head":"<!-- This site is optimized with the Yoast SEO plugin v20.11 - https:\/\/yoast.com\/wordpress\/plugins\/seo\/ -->\n<title>Le palais-royal, hier et aujourd&#039;hui - Librairie 7L<\/title>\n<meta name=\"robots\" content=\"index, follow, max-snippet:-1, max-image-preview:large, max-video-preview:-1\" \/>\n<link rel=\"canonical\" href=\"https:\/\/librairie7l.com\/en\/produit\/le-palais-royal-hier-et-aujourdhui\/\" \/>\n<meta property=\"og:locale\" content=\"en_US\" \/>\n<meta property=\"og:type\" content=\"article\" \/>\n<meta property=\"og:title\" content=\"Le palais-royal, hier et aujourd&#039;hui - Librairie 7L\" \/>\n<meta property=\"og:description\" content=\"\u00c0 travers un recueil de planches aquarell\u00e9es de la main de l&#8217;architecte Fontaine, qui pr\u00e9sente le Palais-Royal depuis sa cr\u00e9ation jusqu&#8217;aux travaux de 1817-1831, l&#8217;auteur de cet ouvrage &#8211; Marc Sanson &#8211; retrace l&#8217;histoire du site devenu aujourd&#8217;hui haut-lieu politique et culturel. En 2014, l&#8217;\u00c9tat acquiert un exemplaire unique aquarell\u00e9 du livre de l&#8217;architecte Pierre [&hellip;]\" \/>\n<meta property=\"og:url\" content=\"https:\/\/librairie7l.com\/en\/produit\/le-palais-royal-hier-et-aujourdhui\/\" \/>\n<meta property=\"og:site_name\" content=\"Librairie 7L\" \/>\n<meta property=\"article:modified_time\" content=\"2026-04-10T01:46:10+00:00\" \/>\n<meta property=\"og:image\" content=\"https:\/\/librairie7l.com\/wp-content\/uploads\/2023\/06\/9782757708798_1_75.jpg\" \/>\n\t<meta property=\"og:image:width\" content=\"600\" \/>\n\t<meta property=\"og:image:height\" content=\"645\" \/>\n\t<meta property=\"og:image:type\" content=\"image\/jpeg\" \/>\n<meta name=\"twitter:card\" content=\"summary_large_image\" \/>\n<meta name=\"twitter:label1\" content=\"Est. reading time\" \/>\n\t<meta name=\"twitter:data1\" content=\"1 minute\" \/>\n<script type=\"application\/ld+json\" class=\"yoast-schema-graph\">{\"@context\":\"https:\/\/schema.org\",\"@graph\":[{\"@type\":\"WebPage\",\"@id\":\"https:\/\/librairie7l.com\/en\/produit\/le-palais-royal-hier-et-aujourdhui\/\",\"url\":\"https:\/\/librairie7l.com\/en\/produit\/le-palais-royal-hier-et-aujourdhui\/\",\"name\":\"Le palais-royal, hier et aujourd'hui - Librairie 7L\",\"isPartOf\":{\"@id\":\"https:\/\/librairie7l.com\/en\/#website\"},\"datePublished\":\"2023-11-09T08:17:18+00:00\",\"dateModified\":\"2026-04-10T01:46:10+00:00\",\"breadcrumb\":{\"@id\":\"https:\/\/librairie7l.com\/en\/produit\/le-palais-royal-hier-et-aujourdhui\/#breadcrumb\"},\"inLanguage\":\"en-US\",\"potentialAction\":[{\"@type\":\"ReadAction\",\"target\":[\"https:\/\/librairie7l.com\/en\/produit\/le-palais-royal-hier-et-aujourdhui\/\"]}]},{\"@type\":\"BreadcrumbList\",\"@id\":\"https:\/\/librairie7l.com\/en\/produit\/le-palais-royal-hier-et-aujourdhui\/#breadcrumb\",\"itemListElement\":[{\"@type\":\"ListItem\",\"position\":1,\"name\":\"Accueil\",\"item\":\"https:\/\/librairie7l.com\/en\/\"},{\"@type\":\"ListItem\",\"position\":2,\"name\":\"Shop\",\"item\":\"https:\/\/librairie7l.com\/en\/shop\/\"},{\"@type\":\"ListItem\",\"position\":3,\"name\":\"LE PALAIS-ROYAL, HIER ET AUJOURD&#8217;HUI\"}]},{\"@type\":\"WebSite\",\"@id\":\"https:\/\/librairie7l.com\/en\/#website\",\"url\":\"https:\/\/librairie7l.com\/en\/\",\"name\":\"Librairie 7L\",\"description\":\"Librairie fond\u00e9e en 1999 par Karl Lagerfeld \u00e0 Paris\",\"publisher\":{\"@id\":\"https:\/\/librairie7l.com\/en\/#organization\"},\"potentialAction\":[{\"@type\":\"SearchAction\",\"target\":{\"@type\":\"EntryPoint\",\"urlTemplate\":\"https:\/\/librairie7l.com\/en\/?s={search_term_string}\"},\"query-input\":\"required name=search_term_string\"}],\"inLanguage\":\"en-US\"},{\"@type\":\"Organization\",\"@id\":\"https:\/\/librairie7l.com\/en\/#organization\",\"name\":\"Librairie 7L\",\"url\":\"https:\/\/librairie7l.com\/en\/\",\"logo\":{\"@type\":\"ImageObject\",\"inLanguage\":\"en-US\",\"@id\":\"https:\/\/librairie7l.com\/en\/#\/schema\/logo\/image\/\",\"url\":\"https:\/\/librairie7l.com\/wp-content\/uploads\/2022\/08\/logo-1.png\",\"contentUrl\":\"https:\/\/librairie7l.com\/wp-content\/uploads\/2022\/08\/logo-1.png\",\"width\":227,\"height\":301,\"caption\":\"Librairie 7L\"},\"image\":{\"@id\":\"https:\/\/librairie7l.com\/en\/#\/schema\/logo\/image\/\"}}]}<\/script>\n<!-- \/ Yoast SEO plugin. -->","yoast_head_json":{"title":"Le palais-royal, hier et aujourd'hui - Librairie 7L","robots":{"index":"index","follow":"follow","max-snippet":"max-snippet:-1","max-image-preview":"max-image-preview:large","max-video-preview":"max-video-preview:-1"},"canonical":"https:\/\/librairie7l.com\/en\/produit\/le-palais-royal-hier-et-aujourdhui\/","og_locale":"en_US","og_type":"article","og_title":"Le palais-royal, hier et aujourd'hui - Librairie 7L","og_description":"\u00c0 travers un recueil de planches aquarell\u00e9es de la main de l&#8217;architecte Fontaine, qui pr\u00e9sente le Palais-Royal depuis sa cr\u00e9ation jusqu&#8217;aux travaux de 1817-1831, l&#8217;auteur de cet ouvrage &#8211; Marc Sanson &#8211; retrace l&#8217;histoire du site devenu aujourd&#8217;hui haut-lieu politique et culturel. En 2014, l&#8217;\u00c9tat acquiert un exemplaire unique aquarell\u00e9 du livre de l&#8217;architecte Pierre [&hellip;]","og_url":"https:\/\/librairie7l.com\/en\/produit\/le-palais-royal-hier-et-aujourdhui\/","og_site_name":"Librairie 7L","article_modified_time":"2026-04-10T01:46:10+00:00","og_image":[{"width":600,"height":645,"url":"https:\/\/librairie7l.com\/wp-content\/uploads\/2023\/06\/9782757708798_1_75.jpg","type":"image\/jpeg"}],"twitter_card":"summary_large_image","twitter_misc":{"Est. reading time":"1 minute"},"schema":{"@context":"https:\/\/schema.org","@graph":[{"@type":"WebPage","@id":"https:\/\/librairie7l.com\/en\/produit\/le-palais-royal-hier-et-aujourdhui\/","url":"https:\/\/librairie7l.com\/en\/produit\/le-palais-royal-hier-et-aujourdhui\/","name":"Le palais-royal, hier et aujourd'hui - Librairie 7L","isPartOf":{"@id":"https:\/\/librairie7l.com\/en\/#website"},"datePublished":"2023-11-09T08:17:18+00:00","dateModified":"2026-04-10T01:46:10+00:00","breadcrumb":{"@id":"https:\/\/librairie7l.com\/en\/produit\/le-palais-royal-hier-et-aujourdhui\/#breadcrumb"},"inLanguage":"en-US","potentialAction":[{"@type":"ReadAction","target":["https:\/\/librairie7l.com\/en\/produit\/le-palais-royal-hier-et-aujourdhui\/"]}]},{"@type":"BreadcrumbList","@id":"https:\/\/librairie7l.com\/en\/produit\/le-palais-royal-hier-et-aujourdhui\/#breadcrumb","itemListElement":[{"@type":"ListItem","position":1,"name":"Accueil","item":"https:\/\/librairie7l.com\/en\/"},{"@type":"ListItem","position":2,"name":"Shop","item":"https:\/\/librairie7l.com\/en\/shop\/"},{"@type":"ListItem","position":3,"name":"LE PALAIS-ROYAL, HIER ET AUJOURD&#8217;HUI"}]},{"@type":"WebSite","@id":"https:\/\/librairie7l.com\/en\/#website","url":"https:\/\/librairie7l.com\/en\/","name":"Librairie 7L","description":"Librairie fond\u00e9e en 1999 par Karl Lagerfeld \u00e0 Paris","publisher":{"@id":"https:\/\/librairie7l.com\/en\/#organization"},"potentialAction":[{"@type":"SearchAction","target":{"@type":"EntryPoint","urlTemplate":"https:\/\/librairie7l.com\/en\/?s={search_term_string}"},"query-input":"required name=search_term_string"}],"inLanguage":"en-US"},{"@type":"Organization","@id":"https:\/\/librairie7l.com\/en\/#organization","name":"Librairie 7L","url":"https:\/\/librairie7l.com\/en\/","logo":{"@type":"ImageObject","inLanguage":"en-US","@id":"https:\/\/librairie7l.com\/en\/#\/schema\/logo\/image\/","url":"https:\/\/librairie7l.com\/wp-content\/uploads\/2022\/08\/logo-1.png","contentUrl":"https:\/\/librairie7l.com\/wp-content\/uploads\/2022\/08\/logo-1.png","width":227,"height":301,"caption":"Librairie 7L"},"image":{"@id":"https:\/\/librairie7l.com\/en\/#\/schema\/logo\/image\/"}}]}},"_links":{"self":[{"href":"https:\/\/librairie7l.com\/en\/wp-json\/wp\/v2\/product\/37336"}],"collection":[{"href":"https:\/\/librairie7l.com\/en\/wp-json\/wp\/v2\/product"}],"about":[{"href":"https:\/\/librairie7l.com\/en\/wp-json\/wp\/v2\/types\/product"}],"wp:featuredmedia":[{"embeddable":true,"href":"https:\/\/librairie7l.com\/en\/wp-json\/wp\/v2\/media\/37334"}],"wp:attachment":[{"href":"https:\/\/librairie7l.com\/en\/wp-json\/wp\/v2\/media?parent=37336"}],"wp:term":[{"taxonomy":"product_cat","embeddable":true,"href":"https:\/\/librairie7l.com\/en\/wp-json\/wp\/v2\/product_cat?post=37336"},{"taxonomy":"product_tag","embeddable":true,"href":"https:\/\/librairie7l.com\/en\/wp-json\/wp\/v2\/product_tag?post=37336"}],"curies":[{"name":"wp","href":"https:\/\/api.w.org\/{rel}","templated":true}]}}