{"id":37369,"date":"2023-11-13T12:23:41","date_gmt":"2023-11-13T11:23:41","guid":{"rendered":"https:\/\/librairie7l.com\/?post_type=product&#038;p=37369"},"modified":"2026-04-05T08:47:22","modified_gmt":"2026-04-05T06:47:22","slug":"correspondance-1951-1954","status":"publish","type":"product","link":"https:\/\/librairie7l.com\/en\/produit\/correspondance-1951-1954\/","title":{"rendered":"CORRESPONDANCE ; 1951-1954"},"content":{"rendered":"<p>D\u00e9but 1951 Char fait la connaissance de Sta\u00ebl \u00e0 Paris. Les nombreuses visites du po\u00e8te  \u00e0 l&#8217;atelier de Sta\u00ebl, rue Gauguet, fortifient leur admiration et leur fascination r\u00e9ciproques. La correspondance que nous pr\u00e9sentons ici \u00e9claire les nombreux projets \u00e9labor\u00e9s en commun, dont la r\u00e9alisation d&#8217;un livre de po\u00e8mes de Char accompagn\u00e9 de bois grav\u00e9s  de Sta\u00ebl qui lui font d\u00e9laisser les pinceaux pour la gouge.<br \/>\nEn 1953  Sta\u00ebl  et  les siens viennent s&#8217;installer dans le Sud, \u00e0 proximit\u00e9 du po\u00e8te,  dans son milieu intime et familier. Pouss\u00e9 par sa recherche passionn\u00e9e des couleurs et de la lumi\u00e8re,  Sta\u00ebl  voyage deux ans durant \u00e0 travers l&#8217;Italie et la Sicile., partageant sans cesse avec Char, son jumeau de coeur, sa qu\u00eate artistique et ses passions.<br \/>\nLes lettres et cartes qu&#8217;ils \u00e9changent jalonnent leur chemin de cr\u00e9ateurs et racontent \u00e0 demi mot leur magnifique histoire d&#8217;amiti\u00e9.<\/p>\n","protected":false},"excerpt":{"rendered":"<p>D\u00e9but 1951 Char fait la connaissance de Sta\u00ebl \u00e0 Paris. Les nombreuses visites du po\u00e8te \u00e0 l&#8217;atelier de Sta\u00ebl, rue Gauguet, fortifient leur admiration et leur fascination r\u00e9ciproques. La correspondance que nous pr\u00e9sentons ici \u00e9claire les nombreux projets \u00e9labor\u00e9s en commun, dont la r\u00e9alisation d&#8217;un livre de po\u00e8mes de Char accompagn\u00e9 de bois grav\u00e9s de [&hellip;]<\/p>\n","protected":false},"featured_media":37367,"template":"","meta":[],"product_cat":[2948,2953],"product_tag":[],"acf":[],"yoast_head":"<!-- This site is optimized with the Yoast SEO plugin v20.11 - https:\/\/yoast.com\/wordpress\/plugins\/seo\/ -->\n<title>Correspondance ; 1951-1954 - Librairie 7L<\/title>\n<meta name=\"robots\" content=\"index, follow, max-snippet:-1, max-image-preview:large, max-video-preview:-1\" \/>\n<link rel=\"canonical\" href=\"https:\/\/librairie7l.com\/en\/produit\/correspondance-1951-1954\/\" \/>\n<meta property=\"og:locale\" content=\"en_US\" \/>\n<meta property=\"og:type\" content=\"article\" \/>\n<meta property=\"og:title\" content=\"Correspondance ; 1951-1954 - Librairie 7L\" \/>\n<meta property=\"og:description\" content=\"D\u00e9but 1951 Char fait la connaissance de Sta\u00ebl \u00e0 Paris. Les nombreuses visites du po\u00e8te \u00e0 l&#8217;atelier de Sta\u00ebl, rue Gauguet, fortifient leur admiration et leur fascination r\u00e9ciproques. La correspondance que nous pr\u00e9sentons ici \u00e9claire les nombreux projets \u00e9labor\u00e9s en commun, dont la r\u00e9alisation d&#8217;un livre de po\u00e8mes de Char accompagn\u00e9 de bois grav\u00e9s de [&hellip;]\" \/>\n<meta property=\"og:url\" content=\"https:\/\/librairie7l.com\/en\/produit\/correspondance-1951-1954\/\" \/>\n<meta property=\"og:site_name\" content=\"Librairie 7L\" \/>\n<meta property=\"article:modified_time\" content=\"2026-04-05T06:47:22+00:00\" \/>\n<meta property=\"og:image\" content=\"https:\/\/librairie7l.com\/wp-content\/uploads\/2010\/05\/9782361660048_1_75.jpg\" \/>\n\t<meta property=\"og:image:width\" content=\"600\" \/>\n\t<meta property=\"og:image:height\" content=\"1035\" \/>\n\t<meta property=\"og:image:type\" content=\"image\/jpeg\" \/>\n<meta name=\"twitter:card\" content=\"summary_large_image\" \/>\n<meta name=\"twitter:label1\" content=\"Est. reading time\" \/>\n\t<meta name=\"twitter:data1\" content=\"1 minute\" \/>\n<script type=\"application\/ld+json\" class=\"yoast-schema-graph\">{\"@context\":\"https:\/\/schema.org\",\"@graph\":[{\"@type\":\"WebPage\",\"@id\":\"https:\/\/librairie7l.com\/en\/produit\/correspondance-1951-1954\/\",\"url\":\"https:\/\/librairie7l.com\/en\/produit\/correspondance-1951-1954\/\",\"name\":\"Correspondance ; 1951-1954 - Librairie 7L\",\"isPartOf\":{\"@id\":\"https:\/\/librairie7l.com\/en\/#website\"},\"datePublished\":\"2023-11-13T11:23:41+00:00\",\"dateModified\":\"2026-04-05T06:47:22+00:00\",\"breadcrumb\":{\"@id\":\"https:\/\/librairie7l.com\/en\/produit\/correspondance-1951-1954\/#breadcrumb\"},\"inLanguage\":\"en-US\",\"potentialAction\":[{\"@type\":\"ReadAction\",\"target\":[\"https:\/\/librairie7l.com\/en\/produit\/correspondance-1951-1954\/\"]}]},{\"@type\":\"BreadcrumbList\",\"@id\":\"https:\/\/librairie7l.com\/en\/produit\/correspondance-1951-1954\/#breadcrumb\",\"itemListElement\":[{\"@type\":\"ListItem\",\"position\":1,\"name\":\"Accueil\",\"item\":\"https:\/\/librairie7l.com\/en\/\"},{\"@type\":\"ListItem\",\"position\":2,\"name\":\"Shop\",\"item\":\"https:\/\/librairie7l.com\/en\/shop\/\"},{\"@type\":\"ListItem\",\"position\":3,\"name\":\"CORRESPONDANCE ; 1951-1954\"}]},{\"@type\":\"WebSite\",\"@id\":\"https:\/\/librairie7l.com\/en\/#website\",\"url\":\"https:\/\/librairie7l.com\/en\/\",\"name\":\"Librairie 7L\",\"description\":\"Librairie fond\u00e9e en 1999 par Karl Lagerfeld \u00e0 Paris\",\"publisher\":{\"@id\":\"https:\/\/librairie7l.com\/en\/#organization\"},\"potentialAction\":[{\"@type\":\"SearchAction\",\"target\":{\"@type\":\"EntryPoint\",\"urlTemplate\":\"https:\/\/librairie7l.com\/en\/?s={search_term_string}\"},\"query-input\":\"required name=search_term_string\"}],\"inLanguage\":\"en-US\"},{\"@type\":\"Organization\",\"@id\":\"https:\/\/librairie7l.com\/en\/#organization\",\"name\":\"Librairie 7L\",\"url\":\"https:\/\/librairie7l.com\/en\/\",\"logo\":{\"@type\":\"ImageObject\",\"inLanguage\":\"en-US\",\"@id\":\"https:\/\/librairie7l.com\/en\/#\/schema\/logo\/image\/\",\"url\":\"https:\/\/librairie7l.com\/wp-content\/uploads\/2022\/08\/logo-1.png\",\"contentUrl\":\"https:\/\/librairie7l.com\/wp-content\/uploads\/2022\/08\/logo-1.png\",\"width\":227,\"height\":301,\"caption\":\"Librairie 7L\"},\"image\":{\"@id\":\"https:\/\/librairie7l.com\/en\/#\/schema\/logo\/image\/\"}}]}<\/script>\n<!-- \/ Yoast SEO plugin. -->","yoast_head_json":{"title":"Correspondance ; 1951-1954 - Librairie 7L","robots":{"index":"index","follow":"follow","max-snippet":"max-snippet:-1","max-image-preview":"max-image-preview:large","max-video-preview":"max-video-preview:-1"},"canonical":"https:\/\/librairie7l.com\/en\/produit\/correspondance-1951-1954\/","og_locale":"en_US","og_type":"article","og_title":"Correspondance ; 1951-1954 - Librairie 7L","og_description":"D\u00e9but 1951 Char fait la connaissance de Sta\u00ebl \u00e0 Paris. Les nombreuses visites du po\u00e8te \u00e0 l&#8217;atelier de Sta\u00ebl, rue Gauguet, fortifient leur admiration et leur fascination r\u00e9ciproques. La correspondance que nous pr\u00e9sentons ici \u00e9claire les nombreux projets \u00e9labor\u00e9s en commun, dont la r\u00e9alisation d&#8217;un livre de po\u00e8mes de Char accompagn\u00e9 de bois grav\u00e9s de [&hellip;]","og_url":"https:\/\/librairie7l.com\/en\/produit\/correspondance-1951-1954\/","og_site_name":"Librairie 7L","article_modified_time":"2026-04-05T06:47:22+00:00","og_image":[{"width":600,"height":1035,"url":"https:\/\/librairie7l.com\/wp-content\/uploads\/2010\/05\/9782361660048_1_75.jpg","type":"image\/jpeg"}],"twitter_card":"summary_large_image","twitter_misc":{"Est. reading time":"1 minute"},"schema":{"@context":"https:\/\/schema.org","@graph":[{"@type":"WebPage","@id":"https:\/\/librairie7l.com\/en\/produit\/correspondance-1951-1954\/","url":"https:\/\/librairie7l.com\/en\/produit\/correspondance-1951-1954\/","name":"Correspondance ; 1951-1954 - Librairie 7L","isPartOf":{"@id":"https:\/\/librairie7l.com\/en\/#website"},"datePublished":"2023-11-13T11:23:41+00:00","dateModified":"2026-04-05T06:47:22+00:00","breadcrumb":{"@id":"https:\/\/librairie7l.com\/en\/produit\/correspondance-1951-1954\/#breadcrumb"},"inLanguage":"en-US","potentialAction":[{"@type":"ReadAction","target":["https:\/\/librairie7l.com\/en\/produit\/correspondance-1951-1954\/"]}]},{"@type":"BreadcrumbList","@id":"https:\/\/librairie7l.com\/en\/produit\/correspondance-1951-1954\/#breadcrumb","itemListElement":[{"@type":"ListItem","position":1,"name":"Accueil","item":"https:\/\/librairie7l.com\/en\/"},{"@type":"ListItem","position":2,"name":"Shop","item":"https:\/\/librairie7l.com\/en\/shop\/"},{"@type":"ListItem","position":3,"name":"CORRESPONDANCE ; 1951-1954"}]},{"@type":"WebSite","@id":"https:\/\/librairie7l.com\/en\/#website","url":"https:\/\/librairie7l.com\/en\/","name":"Librairie 7L","description":"Librairie fond\u00e9e en 1999 par Karl Lagerfeld \u00e0 Paris","publisher":{"@id":"https:\/\/librairie7l.com\/en\/#organization"},"potentialAction":[{"@type":"SearchAction","target":{"@type":"EntryPoint","urlTemplate":"https:\/\/librairie7l.com\/en\/?s={search_term_string}"},"query-input":"required name=search_term_string"}],"inLanguage":"en-US"},{"@type":"Organization","@id":"https:\/\/librairie7l.com\/en\/#organization","name":"Librairie 7L","url":"https:\/\/librairie7l.com\/en\/","logo":{"@type":"ImageObject","inLanguage":"en-US","@id":"https:\/\/librairie7l.com\/en\/#\/schema\/logo\/image\/","url":"https:\/\/librairie7l.com\/wp-content\/uploads\/2022\/08\/logo-1.png","contentUrl":"https:\/\/librairie7l.com\/wp-content\/uploads\/2022\/08\/logo-1.png","width":227,"height":301,"caption":"Librairie 7L"},"image":{"@id":"https:\/\/librairie7l.com\/en\/#\/schema\/logo\/image\/"}}]}},"_links":{"self":[{"href":"https:\/\/librairie7l.com\/en\/wp-json\/wp\/v2\/product\/37369"}],"collection":[{"href":"https:\/\/librairie7l.com\/en\/wp-json\/wp\/v2\/product"}],"about":[{"href":"https:\/\/librairie7l.com\/en\/wp-json\/wp\/v2\/types\/product"}],"wp:featuredmedia":[{"embeddable":true,"href":"https:\/\/librairie7l.com\/en\/wp-json\/wp\/v2\/media\/37367"}],"wp:attachment":[{"href":"https:\/\/librairie7l.com\/en\/wp-json\/wp\/v2\/media?parent=37369"}],"wp:term":[{"taxonomy":"product_cat","embeddable":true,"href":"https:\/\/librairie7l.com\/en\/wp-json\/wp\/v2\/product_cat?post=37369"},{"taxonomy":"product_tag","embeddable":true,"href":"https:\/\/librairie7l.com\/en\/wp-json\/wp\/v2\/product_tag?post=37369"}],"curies":[{"name":"wp","href":"https:\/\/api.w.org\/{rel}","templated":true}]}}