{"id":37373,"date":"2023-11-13T12:23:48","date_gmt":"2023-11-13T11:23:48","guid":{"rendered":"https:\/\/librairie7l.com\/?post_type=product&#038;p=37373"},"modified":"2026-04-15T23:21:50","modified_gmt":"2026-04-15T21:21:50","slug":"histoires-de-pierres","status":"publish","type":"product","link":"https:\/\/librairie7l.com\/en\/produit\/histoires-de-pierres\/","title":{"rendered":"HISTOIRES DE PIERRES"},"content":{"rendered":"<p>\u00ab Nul plus haut enseignement artistique ne me para\u00eet pouvoir \u00eatre re\u00e7u que du cristal. \u00bb.<br \/>\nAndr\u00e9 Breton.<\/p>\n<p>De la Pr\u00e9histoire \u00e0 nos jours, entre utilit\u00e9, curiosit\u00e9 et fascination, les pierres ont toujours inspir\u00e9 les artistes. Pierres politiques, pierres po\u00e9tiques, pierres sacr\u00e9es : le lecteur d\u00e9couvre, \u00e0 travers plus de 230 oeuvres, la place de la pierre dans l&#8217;histoire de l&#8217;art.<\/p>\n<p>\u00ab Je parle des pierres plus \u00e2g\u00e9es que la vie et qui demeurent apr\u00e8s elle sur les plan\u00e8tes refroidies. \u00bb Sur ces mots de Roger Caillois, dont le regard irrigue cet ouvrage, les auteurs ont collect\u00e9 nombre d&#8217;histoires c\u00e9l\u00e9brant le compagnonnage constant entre l&#8217;\u00e9loquence muette des pierres, leur beaut\u00e9 et l&#8217;imagination sublime des artistes de toutes les \u00e9poques. Du plus ancien caillou issu de la formation de la cro\u00fbte terrestre \u00e0 la premi\u00e8re pierre collectionn\u00e9e il y a 3 millions d&#8217;ann\u00e9es par \u00ab l&#8217;homme \u00bb de Makapansgat ; de l&#8217;imp\u00e9rieuse architecture des cristaux aux pierres sacr\u00e9es ; des pierres paysages \u00e0 celles dont s&#8217;arment les plus d\u00e9munis quand ils se r\u00e9voltent, jusqu&#8217;\u00e0 l&#8217;impossible mesure du temps, ce sont autant de r\u00e9cits de notre humanit\u00e9 qui se d\u00e9roulent dans ces pages.<br \/>\nL&#8217;ouvrage, qui fait la part belle \u00e0 l&#8217;image, est construit en sept grands chapitres, \u00e9maill\u00e9s de textes litt\u00e9raires, scientifiques ou po\u00e9tiques, et nous fait d\u00e9couvrir ou red\u00e9couvrir une grande vari\u00e9t\u00e9 d&#8217;oeuvres de toutes \u00e9poques et tous m\u00e9diums :<\/p>\n<p>I &#8211; Des pierres qui ont toujours couch\u00e9 dehors : Jean Dubuffet, Auguste Rodin, Evariste Richer, Dove Allouche, Constantin Brancusi, Louis Daguerre, Charlotte Perriand, Fernand L\u00e9ger, Giuseppe Penone, John Ruskin, Vija Celmins, Alexandre Isidore Leroy de Barde, Ugo Rondinone, Alicja Kwade, St\u00e9phane Thidet, Julian Charri\u00e8re, Tatiana Trouv\u00e9, Gabriel Orozco.<\/p>\n<p>II &#8211; L&#8217;avare architecture des cristaux : Andr\u00e9 Breton, Pablo Picasso, Brassa\u00ef, Damien Hirst, Fr\u00e9d\u00e9ric Bruly Bouabr\u00e9, Wenzel Hablik, Juliette Agnel, Albert Renger-Patszch, Lyonel Feininger, Edouard Riou, Jean-Baptiste Louis Rom\u00e9 de L&#8217;Isle, \u00c9tienne Chambaud, Joseph Sima III &#8211; L&#8217;invincible attrait de l&#8217;analogie : le Facteur Cheval, Aur\u00e9lien Froment, George Sand, John Cage, Erik Dietman, Antoine Bourdelle, Pieter Hugo, Edward Weston, Jean-Claude Ruggirello, Jean-Michel Sanejouand, Pierre-Luc-Charles Ciceri, Juva, Il Beccafumi, Abdelkader Benchamma, Antonio Tempesta, Sigismondo Laire.<\/p>\n<p>IV &#8211; Certaines pierres sont divines : statuaire antique indienne, \u00e9trusque, gauloise, Giorgio Vasari, Victor Brauner, Henry Moore, Albrecht Du\u00a8rer, Jean-Michel Alberola, Francesco Francia, Luca Signorelli, Carl Gustav Carus, Victor Brauner, Nicolas Dipre, Gioacchino Assereto, Hans Baldung Grien, Rose Salane.<\/p>\n<p>V &#8211; Pierres r\u00e9volt\u00e9es : Gilles Caron, Guido Reni, Meret Oppenheim, Robert Filliou, Esther Ferrer, \u00c9ric Feferberg, Wolfgang Mattheuer.<\/p>\n<p>VI &#8211; Des pierres plus \u00e2g\u00e9es que la vie : Ana Mendieta, Paul Klee, Sim Chi Yin, Kapwani Kiwanga, Robert Smithson, Laura Grisi, Jacques Grison, Jimmie Durham, Hercules Pietersz Seghers, Jean-Pierre Hou\u00ebl.<\/p>\n<p>VII &#8211; Elles seules existent sur les \u00e9toiles : Richard Long, Andrea Branzi, Sabine Mirlesse, Agnieszka Kurant, Parviz Kimiavi, Lucien Pelen, Gino De Dominicis, Th\u00e9o Mercier.<\/p>\n","protected":false},"excerpt":{"rendered":"<p>\u00ab Nul plus haut enseignement artistique ne me para\u00eet pouvoir \u00eatre re\u00e7u que du cristal. \u00bb. Andr\u00e9 Breton. De la Pr\u00e9histoire \u00e0 nos jours, entre utilit\u00e9, curiosit\u00e9 et fascination, les pierres ont toujours inspir\u00e9 les artistes. Pierres politiques, pierres po\u00e9tiques, pierres sacr\u00e9es : le lecteur d\u00e9couvre, \u00e0 travers plus de 230 oeuvres, la place de [&hellip;]<\/p>\n","protected":false},"featured_media":37372,"template":"","meta":[],"product_cat":[2948,2958],"product_tag":[],"acf":[],"yoast_head":"<!-- This site is optimized with the Yoast SEO plugin v20.11 - https:\/\/yoast.com\/wordpress\/plugins\/seo\/ -->\n<title>Histoires de pierres - Librairie 7L<\/title>\n<meta name=\"robots\" content=\"index, follow, max-snippet:-1, max-image-preview:large, max-video-preview:-1\" \/>\n<link rel=\"canonical\" href=\"https:\/\/librairie7l.com\/en\/produit\/histoires-de-pierres\/\" \/>\n<meta property=\"og:locale\" content=\"en_US\" \/>\n<meta property=\"og:type\" content=\"article\" \/>\n<meta property=\"og:title\" content=\"Histoires de pierres - Librairie 7L\" \/>\n<meta property=\"og:description\" content=\"\u00ab Nul plus haut enseignement artistique ne me para\u00eet pouvoir \u00eatre re\u00e7u que du cristal. \u00bb. Andr\u00e9 Breton. De la Pr\u00e9histoire \u00e0 nos jours, entre utilit\u00e9, curiosit\u00e9 et fascination, les pierres ont toujours inspir\u00e9 les artistes. Pierres politiques, pierres po\u00e9tiques, pierres sacr\u00e9es : le lecteur d\u00e9couvre, \u00e0 travers plus de 230 oeuvres, la place de [&hellip;]\" \/>\n<meta property=\"og:url\" content=\"https:\/\/librairie7l.com\/en\/produit\/histoires-de-pierres\/\" \/>\n<meta property=\"og:site_name\" content=\"Librairie 7L\" \/>\n<meta property=\"article:modified_time\" content=\"2026-04-15T21:21:50+00:00\" \/>\n<meta property=\"og:image\" content=\"https:\/\/librairie7l.com\/wp-content\/uploads\/2023\/06\/9791095821649_1_75.jpg\" \/>\n\t<meta property=\"og:image:width\" content=\"400\" \/>\n\t<meta property=\"og:image:height\" content=\"554\" \/>\n\t<meta property=\"og:image:type\" content=\"image\/jpeg\" \/>\n<meta name=\"twitter:card\" content=\"summary_large_image\" \/>\n<meta name=\"twitter:label1\" content=\"Est. reading time\" \/>\n\t<meta name=\"twitter:data1\" content=\"2 minutes\" \/>\n<script type=\"application\/ld+json\" class=\"yoast-schema-graph\">{\"@context\":\"https:\/\/schema.org\",\"@graph\":[{\"@type\":\"WebPage\",\"@id\":\"https:\/\/librairie7l.com\/en\/produit\/histoires-de-pierres\/\",\"url\":\"https:\/\/librairie7l.com\/en\/produit\/histoires-de-pierres\/\",\"name\":\"Histoires de pierres - Librairie 7L\",\"isPartOf\":{\"@id\":\"https:\/\/librairie7l.com\/en\/#website\"},\"datePublished\":\"2023-11-13T11:23:48+00:00\",\"dateModified\":\"2026-04-15T21:21:50+00:00\",\"breadcrumb\":{\"@id\":\"https:\/\/librairie7l.com\/en\/produit\/histoires-de-pierres\/#breadcrumb\"},\"inLanguage\":\"en-US\",\"potentialAction\":[{\"@type\":\"ReadAction\",\"target\":[\"https:\/\/librairie7l.com\/en\/produit\/histoires-de-pierres\/\"]}]},{\"@type\":\"BreadcrumbList\",\"@id\":\"https:\/\/librairie7l.com\/en\/produit\/histoires-de-pierres\/#breadcrumb\",\"itemListElement\":[{\"@type\":\"ListItem\",\"position\":1,\"name\":\"Accueil\",\"item\":\"https:\/\/librairie7l.com\/en\/\"},{\"@type\":\"ListItem\",\"position\":2,\"name\":\"Shop\",\"item\":\"https:\/\/librairie7l.com\/en\/shop\/\"},{\"@type\":\"ListItem\",\"position\":3,\"name\":\"HISTOIRES DE PIERRES\"}]},{\"@type\":\"WebSite\",\"@id\":\"https:\/\/librairie7l.com\/en\/#website\",\"url\":\"https:\/\/librairie7l.com\/en\/\",\"name\":\"Librairie 7L\",\"description\":\"Librairie fond\u00e9e en 1999 par Karl Lagerfeld \u00e0 Paris\",\"publisher\":{\"@id\":\"https:\/\/librairie7l.com\/en\/#organization\"},\"potentialAction\":[{\"@type\":\"SearchAction\",\"target\":{\"@type\":\"EntryPoint\",\"urlTemplate\":\"https:\/\/librairie7l.com\/en\/?s={search_term_string}\"},\"query-input\":\"required name=search_term_string\"}],\"inLanguage\":\"en-US\"},{\"@type\":\"Organization\",\"@id\":\"https:\/\/librairie7l.com\/en\/#organization\",\"name\":\"Librairie 7L\",\"url\":\"https:\/\/librairie7l.com\/en\/\",\"logo\":{\"@type\":\"ImageObject\",\"inLanguage\":\"en-US\",\"@id\":\"https:\/\/librairie7l.com\/en\/#\/schema\/logo\/image\/\",\"url\":\"https:\/\/librairie7l.com\/wp-content\/uploads\/2022\/08\/logo-1.png\",\"contentUrl\":\"https:\/\/librairie7l.com\/wp-content\/uploads\/2022\/08\/logo-1.png\",\"width\":227,\"height\":301,\"caption\":\"Librairie 7L\"},\"image\":{\"@id\":\"https:\/\/librairie7l.com\/en\/#\/schema\/logo\/image\/\"}}]}<\/script>\n<!-- \/ Yoast SEO plugin. -->","yoast_head_json":{"title":"Histoires de pierres - Librairie 7L","robots":{"index":"index","follow":"follow","max-snippet":"max-snippet:-1","max-image-preview":"max-image-preview:large","max-video-preview":"max-video-preview:-1"},"canonical":"https:\/\/librairie7l.com\/en\/produit\/histoires-de-pierres\/","og_locale":"en_US","og_type":"article","og_title":"Histoires de pierres - Librairie 7L","og_description":"\u00ab Nul plus haut enseignement artistique ne me para\u00eet pouvoir \u00eatre re\u00e7u que du cristal. \u00bb. Andr\u00e9 Breton. De la Pr\u00e9histoire \u00e0 nos jours, entre utilit\u00e9, curiosit\u00e9 et fascination, les pierres ont toujours inspir\u00e9 les artistes. Pierres politiques, pierres po\u00e9tiques, pierres sacr\u00e9es : le lecteur d\u00e9couvre, \u00e0 travers plus de 230 oeuvres, la place de [&hellip;]","og_url":"https:\/\/librairie7l.com\/en\/produit\/histoires-de-pierres\/","og_site_name":"Librairie 7L","article_modified_time":"2026-04-15T21:21:50+00:00","og_image":[{"width":400,"height":554,"url":"https:\/\/librairie7l.com\/wp-content\/uploads\/2023\/06\/9791095821649_1_75.jpg","type":"image\/jpeg"}],"twitter_card":"summary_large_image","twitter_misc":{"Est. reading time":"2 minutes"},"schema":{"@context":"https:\/\/schema.org","@graph":[{"@type":"WebPage","@id":"https:\/\/librairie7l.com\/en\/produit\/histoires-de-pierres\/","url":"https:\/\/librairie7l.com\/en\/produit\/histoires-de-pierres\/","name":"Histoires de pierres - Librairie 7L","isPartOf":{"@id":"https:\/\/librairie7l.com\/en\/#website"},"datePublished":"2023-11-13T11:23:48+00:00","dateModified":"2026-04-15T21:21:50+00:00","breadcrumb":{"@id":"https:\/\/librairie7l.com\/en\/produit\/histoires-de-pierres\/#breadcrumb"},"inLanguage":"en-US","potentialAction":[{"@type":"ReadAction","target":["https:\/\/librairie7l.com\/en\/produit\/histoires-de-pierres\/"]}]},{"@type":"BreadcrumbList","@id":"https:\/\/librairie7l.com\/en\/produit\/histoires-de-pierres\/#breadcrumb","itemListElement":[{"@type":"ListItem","position":1,"name":"Accueil","item":"https:\/\/librairie7l.com\/en\/"},{"@type":"ListItem","position":2,"name":"Shop","item":"https:\/\/librairie7l.com\/en\/shop\/"},{"@type":"ListItem","position":3,"name":"HISTOIRES DE PIERRES"}]},{"@type":"WebSite","@id":"https:\/\/librairie7l.com\/en\/#website","url":"https:\/\/librairie7l.com\/en\/","name":"Librairie 7L","description":"Librairie fond\u00e9e en 1999 par Karl Lagerfeld \u00e0 Paris","publisher":{"@id":"https:\/\/librairie7l.com\/en\/#organization"},"potentialAction":[{"@type":"SearchAction","target":{"@type":"EntryPoint","urlTemplate":"https:\/\/librairie7l.com\/en\/?s={search_term_string}"},"query-input":"required name=search_term_string"}],"inLanguage":"en-US"},{"@type":"Organization","@id":"https:\/\/librairie7l.com\/en\/#organization","name":"Librairie 7L","url":"https:\/\/librairie7l.com\/en\/","logo":{"@type":"ImageObject","inLanguage":"en-US","@id":"https:\/\/librairie7l.com\/en\/#\/schema\/logo\/image\/","url":"https:\/\/librairie7l.com\/wp-content\/uploads\/2022\/08\/logo-1.png","contentUrl":"https:\/\/librairie7l.com\/wp-content\/uploads\/2022\/08\/logo-1.png","width":227,"height":301,"caption":"Librairie 7L"},"image":{"@id":"https:\/\/librairie7l.com\/en\/#\/schema\/logo\/image\/"}}]}},"_links":{"self":[{"href":"https:\/\/librairie7l.com\/en\/wp-json\/wp\/v2\/product\/37373"}],"collection":[{"href":"https:\/\/librairie7l.com\/en\/wp-json\/wp\/v2\/product"}],"about":[{"href":"https:\/\/librairie7l.com\/en\/wp-json\/wp\/v2\/types\/product"}],"wp:featuredmedia":[{"embeddable":true,"href":"https:\/\/librairie7l.com\/en\/wp-json\/wp\/v2\/media\/37372"}],"wp:attachment":[{"href":"https:\/\/librairie7l.com\/en\/wp-json\/wp\/v2\/media?parent=37373"}],"wp:term":[{"taxonomy":"product_cat","embeddable":true,"href":"https:\/\/librairie7l.com\/en\/wp-json\/wp\/v2\/product_cat?post=37373"},{"taxonomy":"product_tag","embeddable":true,"href":"https:\/\/librairie7l.com\/en\/wp-json\/wp\/v2\/product_tag?post=37373"}],"curies":[{"name":"wp","href":"https:\/\/api.w.org\/{rel}","templated":true}]}}