{"id":37383,"date":"2023-11-13T12:24:14","date_gmt":"2023-11-13T11:24:14","guid":{"rendered":"https:\/\/librairie7l.com\/?post_type=product&#038;p=37383"},"modified":"2026-04-16T20:05:57","modified_gmt":"2026-04-16T18:05:57","slug":"le-corbusier-tout-loeuvre-construit","status":"publish","type":"product","link":"https:\/\/librairie7l.com\/en\/produit\/le-corbusier-tout-loeuvre-construit\/","title":{"rendered":"LE CORBUSIER : TOUT L&#8217;OEUVRE CONSTRUIT"},"content":{"rendered":"<p>D\u00e9ploy\u00e9s sur quatre continents, les b\u00e2timents construits par Le Corbusier entre 1907 et 1965 n&#8217;avaient jamais \u00e9t\u00e9 embrass\u00e9s par l&#8217;objectif d&#8217;un photographe aussi attentif \u00e0 leur pr\u00e9sence dans le paysage qu&#8217;au grain fin de leur texture. Pendant pr\u00e8s de dix ans, Richard Pare a arpent\u00e9 les routes du monde, sachant ouvrir les portes des \u00e9difices inaccessibles au public et de ceux vou\u00e9s au secret de l&#8217;intimit\u00e9 familiale. L&#8217;invention de Le Corbusier appara\u00eet dans toute sa diversit\u00e9, des chalets suisses subvertis par l&#8217;Art nouveau, qu&#8217;il construisit encore presque adolescent, aux grands portiques de b\u00e9ton arm\u00e9 du Capitole de Chandigarh, o\u00f9 sa production tend au monument. Tel cette promenade architecturale \u00e0 laquelle il a attach\u00e9 son nom, le r\u00e9cit visuel conduit des int\u00e9rieurs po\u00e9tiques des villas puristes et de la p\u00e9nombre des \u00e9glises de Ronchamp et de La Tourette aux \u00e9tendues \u00e9cras\u00e9es de soleil du Pendjab. Nulle image id\u00e9ale ou hi\u00e9ratique dans les vues de ces quelque soixante b\u00e2timents, car Richard Pare a su saisir le jeu des saisons et des cycles quotidiens, et r\u00e9v\u00e8le combien l&#8217;usage &#8211; parfois sacril\u00e8ge &#8211; et l&#8217;usure du temps ont patin\u00e9 le bois, la brique et jusqu&#8217;au b\u00e9ton, dont les souffrances muettes sont mises \u00e0 nu.<\/p>\n","protected":false},"excerpt":{"rendered":"<p>D\u00e9ploy\u00e9s sur quatre continents, les b\u00e2timents construits par Le Corbusier entre 1907 et 1965 n&#8217;avaient jamais \u00e9t\u00e9 embrass\u00e9s par l&#8217;objectif d&#8217;un photographe aussi attentif \u00e0 leur pr\u00e9sence dans le paysage qu&#8217;au grain fin de leur texture. Pendant pr\u00e8s de dix ans, Richard Pare a arpent\u00e9 les routes du monde, sachant ouvrir les portes des \u00e9difices [&hellip;]<\/p>\n","protected":false},"featured_media":37382,"template":"","meta":[],"product_cat":[2948,2950],"product_tag":[],"acf":[],"yoast_head":"<!-- This site is optimized with the Yoast SEO plugin v20.11 - https:\/\/yoast.com\/wordpress\/plugins\/seo\/ -->\n<title>Le Corbusier : Tout l&#039;oeuvre construit - Librairie 7L<\/title>\n<meta name=\"robots\" content=\"index, follow, max-snippet:-1, max-image-preview:large, max-video-preview:-1\" \/>\n<link rel=\"canonical\" href=\"https:\/\/librairie7l.com\/en\/produit\/le-corbusier-tout-loeuvre-construit\/\" \/>\n<meta property=\"og:locale\" content=\"en_US\" \/>\n<meta property=\"og:type\" content=\"article\" \/>\n<meta property=\"og:title\" content=\"Le Corbusier : Tout l&#039;oeuvre construit - Librairie 7L\" \/>\n<meta property=\"og:description\" content=\"D\u00e9ploy\u00e9s sur quatre continents, les b\u00e2timents construits par Le Corbusier entre 1907 et 1965 n&#8217;avaient jamais \u00e9t\u00e9 embrass\u00e9s par l&#8217;objectif d&#8217;un photographe aussi attentif \u00e0 leur pr\u00e9sence dans le paysage qu&#8217;au grain fin de leur texture. Pendant pr\u00e8s de dix ans, Richard Pare a arpent\u00e9 les routes du monde, sachant ouvrir les portes des \u00e9difices [&hellip;]\" \/>\n<meta property=\"og:url\" content=\"https:\/\/librairie7l.com\/en\/produit\/le-corbusier-tout-loeuvre-construit\/\" \/>\n<meta property=\"og:site_name\" content=\"Librairie 7L\" \/>\n<meta property=\"article:modified_time\" content=\"2026-04-16T18:05:57+00:00\" \/>\n<meta property=\"og:image\" content=\"https:\/\/librairie7l.com\/wp-content\/uploads\/2023\/06\/9782080436696_1_75.jpg\" \/>\n\t<meta property=\"og:image:width\" content=\"672\" \/>\n\t<meta property=\"og:image:height\" content=\"600\" \/>\n\t<meta property=\"og:image:type\" content=\"image\/jpeg\" \/>\n<meta name=\"twitter:card\" content=\"summary_large_image\" \/>\n<meta name=\"twitter:label1\" content=\"Est. reading time\" \/>\n\t<meta name=\"twitter:data1\" content=\"1 minute\" \/>\n<script type=\"application\/ld+json\" class=\"yoast-schema-graph\">{\"@context\":\"https:\/\/schema.org\",\"@graph\":[{\"@type\":\"WebPage\",\"@id\":\"https:\/\/librairie7l.com\/en\/produit\/le-corbusier-tout-loeuvre-construit\/\",\"url\":\"https:\/\/librairie7l.com\/en\/produit\/le-corbusier-tout-loeuvre-construit\/\",\"name\":\"Le Corbusier : Tout l'oeuvre construit - Librairie 7L\",\"isPartOf\":{\"@id\":\"https:\/\/librairie7l.com\/en\/#website\"},\"datePublished\":\"2023-11-13T11:24:14+00:00\",\"dateModified\":\"2026-04-16T18:05:57+00:00\",\"breadcrumb\":{\"@id\":\"https:\/\/librairie7l.com\/en\/produit\/le-corbusier-tout-loeuvre-construit\/#breadcrumb\"},\"inLanguage\":\"en-US\",\"potentialAction\":[{\"@type\":\"ReadAction\",\"target\":[\"https:\/\/librairie7l.com\/en\/produit\/le-corbusier-tout-loeuvre-construit\/\"]}]},{\"@type\":\"BreadcrumbList\",\"@id\":\"https:\/\/librairie7l.com\/en\/produit\/le-corbusier-tout-loeuvre-construit\/#breadcrumb\",\"itemListElement\":[{\"@type\":\"ListItem\",\"position\":1,\"name\":\"Accueil\",\"item\":\"https:\/\/librairie7l.com\/en\/\"},{\"@type\":\"ListItem\",\"position\":2,\"name\":\"Shop\",\"item\":\"https:\/\/librairie7l.com\/en\/shop\/\"},{\"@type\":\"ListItem\",\"position\":3,\"name\":\"LE CORBUSIER : TOUT L&#8217;OEUVRE CONSTRUIT\"}]},{\"@type\":\"WebSite\",\"@id\":\"https:\/\/librairie7l.com\/en\/#website\",\"url\":\"https:\/\/librairie7l.com\/en\/\",\"name\":\"Librairie 7L\",\"description\":\"Librairie fond\u00e9e en 1999 par Karl Lagerfeld \u00e0 Paris\",\"publisher\":{\"@id\":\"https:\/\/librairie7l.com\/en\/#organization\"},\"potentialAction\":[{\"@type\":\"SearchAction\",\"target\":{\"@type\":\"EntryPoint\",\"urlTemplate\":\"https:\/\/librairie7l.com\/en\/?s={search_term_string}\"},\"query-input\":\"required name=search_term_string\"}],\"inLanguage\":\"en-US\"},{\"@type\":\"Organization\",\"@id\":\"https:\/\/librairie7l.com\/en\/#organization\",\"name\":\"Librairie 7L\",\"url\":\"https:\/\/librairie7l.com\/en\/\",\"logo\":{\"@type\":\"ImageObject\",\"inLanguage\":\"en-US\",\"@id\":\"https:\/\/librairie7l.com\/en\/#\/schema\/logo\/image\/\",\"url\":\"https:\/\/librairie7l.com\/wp-content\/uploads\/2022\/08\/logo-1.png\",\"contentUrl\":\"https:\/\/librairie7l.com\/wp-content\/uploads\/2022\/08\/logo-1.png\",\"width\":227,\"height\":301,\"caption\":\"Librairie 7L\"},\"image\":{\"@id\":\"https:\/\/librairie7l.com\/en\/#\/schema\/logo\/image\/\"}}]}<\/script>\n<!-- \/ Yoast SEO plugin. -->","yoast_head_json":{"title":"Le Corbusier : Tout l'oeuvre construit - Librairie 7L","robots":{"index":"index","follow":"follow","max-snippet":"max-snippet:-1","max-image-preview":"max-image-preview:large","max-video-preview":"max-video-preview:-1"},"canonical":"https:\/\/librairie7l.com\/en\/produit\/le-corbusier-tout-loeuvre-construit\/","og_locale":"en_US","og_type":"article","og_title":"Le Corbusier : Tout l'oeuvre construit - Librairie 7L","og_description":"D\u00e9ploy\u00e9s sur quatre continents, les b\u00e2timents construits par Le Corbusier entre 1907 et 1965 n&#8217;avaient jamais \u00e9t\u00e9 embrass\u00e9s par l&#8217;objectif d&#8217;un photographe aussi attentif \u00e0 leur pr\u00e9sence dans le paysage qu&#8217;au grain fin de leur texture. Pendant pr\u00e8s de dix ans, Richard Pare a arpent\u00e9 les routes du monde, sachant ouvrir les portes des \u00e9difices [&hellip;]","og_url":"https:\/\/librairie7l.com\/en\/produit\/le-corbusier-tout-loeuvre-construit\/","og_site_name":"Librairie 7L","article_modified_time":"2026-04-16T18:05:57+00:00","og_image":[{"width":672,"height":600,"url":"https:\/\/librairie7l.com\/wp-content\/uploads\/2023\/06\/9782080436696_1_75.jpg","type":"image\/jpeg"}],"twitter_card":"summary_large_image","twitter_misc":{"Est. reading time":"1 minute"},"schema":{"@context":"https:\/\/schema.org","@graph":[{"@type":"WebPage","@id":"https:\/\/librairie7l.com\/en\/produit\/le-corbusier-tout-loeuvre-construit\/","url":"https:\/\/librairie7l.com\/en\/produit\/le-corbusier-tout-loeuvre-construit\/","name":"Le Corbusier : Tout l'oeuvre construit - Librairie 7L","isPartOf":{"@id":"https:\/\/librairie7l.com\/en\/#website"},"datePublished":"2023-11-13T11:24:14+00:00","dateModified":"2026-04-16T18:05:57+00:00","breadcrumb":{"@id":"https:\/\/librairie7l.com\/en\/produit\/le-corbusier-tout-loeuvre-construit\/#breadcrumb"},"inLanguage":"en-US","potentialAction":[{"@type":"ReadAction","target":["https:\/\/librairie7l.com\/en\/produit\/le-corbusier-tout-loeuvre-construit\/"]}]},{"@type":"BreadcrumbList","@id":"https:\/\/librairie7l.com\/en\/produit\/le-corbusier-tout-loeuvre-construit\/#breadcrumb","itemListElement":[{"@type":"ListItem","position":1,"name":"Accueil","item":"https:\/\/librairie7l.com\/en\/"},{"@type":"ListItem","position":2,"name":"Shop","item":"https:\/\/librairie7l.com\/en\/shop\/"},{"@type":"ListItem","position":3,"name":"LE CORBUSIER : TOUT L&#8217;OEUVRE CONSTRUIT"}]},{"@type":"WebSite","@id":"https:\/\/librairie7l.com\/en\/#website","url":"https:\/\/librairie7l.com\/en\/","name":"Librairie 7L","description":"Librairie fond\u00e9e en 1999 par Karl Lagerfeld \u00e0 Paris","publisher":{"@id":"https:\/\/librairie7l.com\/en\/#organization"},"potentialAction":[{"@type":"SearchAction","target":{"@type":"EntryPoint","urlTemplate":"https:\/\/librairie7l.com\/en\/?s={search_term_string}"},"query-input":"required name=search_term_string"}],"inLanguage":"en-US"},{"@type":"Organization","@id":"https:\/\/librairie7l.com\/en\/#organization","name":"Librairie 7L","url":"https:\/\/librairie7l.com\/en\/","logo":{"@type":"ImageObject","inLanguage":"en-US","@id":"https:\/\/librairie7l.com\/en\/#\/schema\/logo\/image\/","url":"https:\/\/librairie7l.com\/wp-content\/uploads\/2022\/08\/logo-1.png","contentUrl":"https:\/\/librairie7l.com\/wp-content\/uploads\/2022\/08\/logo-1.png","width":227,"height":301,"caption":"Librairie 7L"},"image":{"@id":"https:\/\/librairie7l.com\/en\/#\/schema\/logo\/image\/"}}]}},"_links":{"self":[{"href":"https:\/\/librairie7l.com\/en\/wp-json\/wp\/v2\/product\/37383"}],"collection":[{"href":"https:\/\/librairie7l.com\/en\/wp-json\/wp\/v2\/product"}],"about":[{"href":"https:\/\/librairie7l.com\/en\/wp-json\/wp\/v2\/types\/product"}],"wp:featuredmedia":[{"embeddable":true,"href":"https:\/\/librairie7l.com\/en\/wp-json\/wp\/v2\/media\/37382"}],"wp:attachment":[{"href":"https:\/\/librairie7l.com\/en\/wp-json\/wp\/v2\/media?parent=37383"}],"wp:term":[{"taxonomy":"product_cat","embeddable":true,"href":"https:\/\/librairie7l.com\/en\/wp-json\/wp\/v2\/product_cat?post=37383"},{"taxonomy":"product_tag","embeddable":true,"href":"https:\/\/librairie7l.com\/en\/wp-json\/wp\/v2\/product_tag?post=37383"}],"curies":[{"name":"wp","href":"https:\/\/api.w.org\/{rel}","templated":true}]}}