{"id":37404,"date":"2023-11-15T09:16:21","date_gmt":"2023-11-15T08:16:21","guid":{"rendered":"https:\/\/librairie7l.com\/?post_type=product&#038;p=37404"},"modified":"2026-04-17T23:28:52","modified_gmt":"2026-04-17T21:28:52","slug":"atlas-mondial-de-lartisanat-dart","status":"publish","type":"product","link":"https:\/\/librairie7l.com\/en\/produit\/atlas-mondial-de-lartisanat-dart\/","title":{"rendered":"ATLAS MONDIAL DE L&#8217;ARTISANAT D&#8217;ART"},"content":{"rendered":"<p>Le tour du monde que nous propose Isabelle Dupuy Chavanat est une ode \u00e0 l&#8217;artisanat engag\u00e9, aux mati\u00e8res et aux mains qui les fa\u00e7onnent, et \u00e0 l&#8217;esprit qui les guide. Du Japon aux \u00c9tats-Unis, en passant par l&#8217;Inde, l&#8217;Italie, la France, le Mali, le Mexique, ce sont pr\u00e8s de 40 femmes et hommes du monde entier qui nous ouvrent les portes de leurs ateliers et partagent avec nous leurs h\u00e9ritages, leurs savoir-faire et leurs visions dans un monde en mutation. De la fibre de bananier aux algues, ce sont des mati\u00e8res naturelles, parfois surprenantes, que nous sommes amen\u00e9s \u00e0 d\u00e9couvrir, pour guider une r\u00e9flexion en actes sur la place du faire, du temps et de la nature dans nos soci\u00e9t\u00e9s.<\/p>\n","protected":false},"excerpt":{"rendered":"<p>Le tour du monde que nous propose Isabelle Dupuy Chavanat est une ode \u00e0 l&#8217;artisanat engag\u00e9, aux mati\u00e8res et aux mains qui les fa\u00e7onnent, et \u00e0 l&#8217;esprit qui les guide. Du Japon aux \u00c9tats-Unis, en passant par l&#8217;Inde, l&#8217;Italie, la France, le Mali, le Mexique, ce sont pr\u00e8s de 40 femmes et hommes du monde [&hellip;]<\/p>\n","protected":false},"featured_media":37403,"template":"","meta":[],"product_cat":[2948,2952],"product_tag":[],"acf":[],"yoast_head":"<!-- This site is optimized with the Yoast SEO plugin v20.11 - https:\/\/yoast.com\/wordpress\/plugins\/seo\/ -->\n<title>Atlas mondial de l&#039;artisanat d&#039;art - Librairie 7L<\/title>\n<meta name=\"robots\" content=\"index, follow, max-snippet:-1, max-image-preview:large, max-video-preview:-1\" \/>\n<link rel=\"canonical\" href=\"https:\/\/librairie7l.com\/en\/produit\/atlas-mondial-de-lartisanat-dart\/\" \/>\n<meta property=\"og:locale\" content=\"en_US\" \/>\n<meta property=\"og:type\" content=\"article\" \/>\n<meta property=\"og:title\" content=\"Atlas mondial de l&#039;artisanat d&#039;art - Librairie 7L\" \/>\n<meta property=\"og:description\" content=\"Le tour du monde que nous propose Isabelle Dupuy Chavanat est une ode \u00e0 l&#8217;artisanat engag\u00e9, aux mati\u00e8res et aux mains qui les fa\u00e7onnent, et \u00e0 l&#8217;esprit qui les guide. Du Japon aux \u00c9tats-Unis, en passant par l&#8217;Inde, l&#8217;Italie, la France, le Mali, le Mexique, ce sont pr\u00e8s de 40 femmes et hommes du monde [&hellip;]\" \/>\n<meta property=\"og:url\" content=\"https:\/\/librairie7l.com\/en\/produit\/atlas-mondial-de-lartisanat-dart\/\" \/>\n<meta property=\"og:site_name\" content=\"Librairie 7L\" \/>\n<meta property=\"article:modified_time\" content=\"2026-04-17T21:28:52+00:00\" \/>\n<meta property=\"og:image\" content=\"https:\/\/librairie7l.com\/wp-content\/uploads\/2023\/06\/9782080254603_1_75.jpg\" \/>\n\t<meta property=\"og:image:width\" content=\"600\" \/>\n\t<meta property=\"og:image:height\" content=\"761\" \/>\n\t<meta property=\"og:image:type\" content=\"image\/jpeg\" \/>\n<meta name=\"twitter:card\" content=\"summary_large_image\" \/>\n<meta name=\"twitter:label1\" content=\"Est. reading time\" \/>\n\t<meta name=\"twitter:data1\" content=\"1 minute\" \/>\n<script type=\"application\/ld+json\" class=\"yoast-schema-graph\">{\"@context\":\"https:\/\/schema.org\",\"@graph\":[{\"@type\":\"WebPage\",\"@id\":\"https:\/\/librairie7l.com\/en\/produit\/atlas-mondial-de-lartisanat-dart\/\",\"url\":\"https:\/\/librairie7l.com\/en\/produit\/atlas-mondial-de-lartisanat-dart\/\",\"name\":\"Atlas mondial de l'artisanat d'art - Librairie 7L\",\"isPartOf\":{\"@id\":\"https:\/\/librairie7l.com\/en\/#website\"},\"datePublished\":\"2023-11-15T08:16:21+00:00\",\"dateModified\":\"2026-04-17T21:28:52+00:00\",\"breadcrumb\":{\"@id\":\"https:\/\/librairie7l.com\/en\/produit\/atlas-mondial-de-lartisanat-dart\/#breadcrumb\"},\"inLanguage\":\"en-US\",\"potentialAction\":[{\"@type\":\"ReadAction\",\"target\":[\"https:\/\/librairie7l.com\/en\/produit\/atlas-mondial-de-lartisanat-dart\/\"]}]},{\"@type\":\"BreadcrumbList\",\"@id\":\"https:\/\/librairie7l.com\/en\/produit\/atlas-mondial-de-lartisanat-dart\/#breadcrumb\",\"itemListElement\":[{\"@type\":\"ListItem\",\"position\":1,\"name\":\"Accueil\",\"item\":\"https:\/\/librairie7l.com\/en\/\"},{\"@type\":\"ListItem\",\"position\":2,\"name\":\"Shop\",\"item\":\"https:\/\/librairie7l.com\/en\/shop\/\"},{\"@type\":\"ListItem\",\"position\":3,\"name\":\"ATLAS MONDIAL DE L&#8217;ARTISANAT D&#8217;ART\"}]},{\"@type\":\"WebSite\",\"@id\":\"https:\/\/librairie7l.com\/en\/#website\",\"url\":\"https:\/\/librairie7l.com\/en\/\",\"name\":\"Librairie 7L\",\"description\":\"Librairie fond\u00e9e en 1999 par Karl Lagerfeld \u00e0 Paris\",\"publisher\":{\"@id\":\"https:\/\/librairie7l.com\/en\/#organization\"},\"potentialAction\":[{\"@type\":\"SearchAction\",\"target\":{\"@type\":\"EntryPoint\",\"urlTemplate\":\"https:\/\/librairie7l.com\/en\/?s={search_term_string}\"},\"query-input\":\"required name=search_term_string\"}],\"inLanguage\":\"en-US\"},{\"@type\":\"Organization\",\"@id\":\"https:\/\/librairie7l.com\/en\/#organization\",\"name\":\"Librairie 7L\",\"url\":\"https:\/\/librairie7l.com\/en\/\",\"logo\":{\"@type\":\"ImageObject\",\"inLanguage\":\"en-US\",\"@id\":\"https:\/\/librairie7l.com\/en\/#\/schema\/logo\/image\/\",\"url\":\"https:\/\/librairie7l.com\/wp-content\/uploads\/2022\/08\/logo-1.png\",\"contentUrl\":\"https:\/\/librairie7l.com\/wp-content\/uploads\/2022\/08\/logo-1.png\",\"width\":227,\"height\":301,\"caption\":\"Librairie 7L\"},\"image\":{\"@id\":\"https:\/\/librairie7l.com\/en\/#\/schema\/logo\/image\/\"}}]}<\/script>\n<!-- \/ Yoast SEO plugin. -->","yoast_head_json":{"title":"Atlas mondial de l'artisanat d'art - Librairie 7L","robots":{"index":"index","follow":"follow","max-snippet":"max-snippet:-1","max-image-preview":"max-image-preview:large","max-video-preview":"max-video-preview:-1"},"canonical":"https:\/\/librairie7l.com\/en\/produit\/atlas-mondial-de-lartisanat-dart\/","og_locale":"en_US","og_type":"article","og_title":"Atlas mondial de l'artisanat d'art - Librairie 7L","og_description":"Le tour du monde que nous propose Isabelle Dupuy Chavanat est une ode \u00e0 l&#8217;artisanat engag\u00e9, aux mati\u00e8res et aux mains qui les fa\u00e7onnent, et \u00e0 l&#8217;esprit qui les guide. Du Japon aux \u00c9tats-Unis, en passant par l&#8217;Inde, l&#8217;Italie, la France, le Mali, le Mexique, ce sont pr\u00e8s de 40 femmes et hommes du monde [&hellip;]","og_url":"https:\/\/librairie7l.com\/en\/produit\/atlas-mondial-de-lartisanat-dart\/","og_site_name":"Librairie 7L","article_modified_time":"2026-04-17T21:28:52+00:00","og_image":[{"width":600,"height":761,"url":"https:\/\/librairie7l.com\/wp-content\/uploads\/2023\/06\/9782080254603_1_75.jpg","type":"image\/jpeg"}],"twitter_card":"summary_large_image","twitter_misc":{"Est. reading time":"1 minute"},"schema":{"@context":"https:\/\/schema.org","@graph":[{"@type":"WebPage","@id":"https:\/\/librairie7l.com\/en\/produit\/atlas-mondial-de-lartisanat-dart\/","url":"https:\/\/librairie7l.com\/en\/produit\/atlas-mondial-de-lartisanat-dart\/","name":"Atlas mondial de l'artisanat d'art - Librairie 7L","isPartOf":{"@id":"https:\/\/librairie7l.com\/en\/#website"},"datePublished":"2023-11-15T08:16:21+00:00","dateModified":"2026-04-17T21:28:52+00:00","breadcrumb":{"@id":"https:\/\/librairie7l.com\/en\/produit\/atlas-mondial-de-lartisanat-dart\/#breadcrumb"},"inLanguage":"en-US","potentialAction":[{"@type":"ReadAction","target":["https:\/\/librairie7l.com\/en\/produit\/atlas-mondial-de-lartisanat-dart\/"]}]},{"@type":"BreadcrumbList","@id":"https:\/\/librairie7l.com\/en\/produit\/atlas-mondial-de-lartisanat-dart\/#breadcrumb","itemListElement":[{"@type":"ListItem","position":1,"name":"Accueil","item":"https:\/\/librairie7l.com\/en\/"},{"@type":"ListItem","position":2,"name":"Shop","item":"https:\/\/librairie7l.com\/en\/shop\/"},{"@type":"ListItem","position":3,"name":"ATLAS MONDIAL DE L&#8217;ARTISANAT D&#8217;ART"}]},{"@type":"WebSite","@id":"https:\/\/librairie7l.com\/en\/#website","url":"https:\/\/librairie7l.com\/en\/","name":"Librairie 7L","description":"Librairie fond\u00e9e en 1999 par Karl Lagerfeld \u00e0 Paris","publisher":{"@id":"https:\/\/librairie7l.com\/en\/#organization"},"potentialAction":[{"@type":"SearchAction","target":{"@type":"EntryPoint","urlTemplate":"https:\/\/librairie7l.com\/en\/?s={search_term_string}"},"query-input":"required name=search_term_string"}],"inLanguage":"en-US"},{"@type":"Organization","@id":"https:\/\/librairie7l.com\/en\/#organization","name":"Librairie 7L","url":"https:\/\/librairie7l.com\/en\/","logo":{"@type":"ImageObject","inLanguage":"en-US","@id":"https:\/\/librairie7l.com\/en\/#\/schema\/logo\/image\/","url":"https:\/\/librairie7l.com\/wp-content\/uploads\/2022\/08\/logo-1.png","contentUrl":"https:\/\/librairie7l.com\/wp-content\/uploads\/2022\/08\/logo-1.png","width":227,"height":301,"caption":"Librairie 7L"},"image":{"@id":"https:\/\/librairie7l.com\/en\/#\/schema\/logo\/image\/"}}]}},"_links":{"self":[{"href":"https:\/\/librairie7l.com\/en\/wp-json\/wp\/v2\/product\/37404"}],"collection":[{"href":"https:\/\/librairie7l.com\/en\/wp-json\/wp\/v2\/product"}],"about":[{"href":"https:\/\/librairie7l.com\/en\/wp-json\/wp\/v2\/types\/product"}],"wp:featuredmedia":[{"embeddable":true,"href":"https:\/\/librairie7l.com\/en\/wp-json\/wp\/v2\/media\/37403"}],"wp:attachment":[{"href":"https:\/\/librairie7l.com\/en\/wp-json\/wp\/v2\/media?parent=37404"}],"wp:term":[{"taxonomy":"product_cat","embeddable":true,"href":"https:\/\/librairie7l.com\/en\/wp-json\/wp\/v2\/product_cat?post=37404"},{"taxonomy":"product_tag","embeddable":true,"href":"https:\/\/librairie7l.com\/en\/wp-json\/wp\/v2\/product_tag?post=37404"}],"curies":[{"name":"wp","href":"https:\/\/api.w.org\/{rel}","templated":true}]}}