{"id":37408,"date":"2023-11-15T09:16:27","date_gmt":"2023-11-15T08:16:27","guid":{"rendered":"https:\/\/librairie7l.com\/?post_type=product&#038;p=37408"},"modified":"2026-04-23T12:06:29","modified_gmt":"2026-04-23T10:06:29","slug":"1905-1925-le-paris-de-la-modernite","status":"publish","type":"product","link":"https:\/\/librairie7l.com\/en\/produit\/1905-1925-le-paris-de-la-modernite\/","title":{"rendered":"1905-1925, LE PARIS DE LA MODERNIT\u00c9"},"content":{"rendered":"<p>Cet ouvrage met en sc\u00e8ne l&#8217;extraordinaire foisonnement culturel qui anime Paris pendant cette p\u00e9riode qui d\u00e9bute en 1905, avec le scandale des artistes \u00ab fauves \u00bb expos\u00e9s au Salon d&#8217;Automne au Grand Palais, et s&#8217;ach\u00e8ve avec l&#8217;Exposition des Arts D\u00e9coratifs et Industriels Modernes de 1925.  \u00c0 travers la mode, le cin\u00e9ma, la photographie, la peinture, la sculpture, le dessin, mais aussi la danse, le design, l&#8217;architecture et l&#8217;industrie, le catalogue incarne cette modernit\u00e9 \u00e0 l&#8217;oeuvre en abordant les ruptures et les continuit\u00e9s de cette p\u00e9riode, avec ses avanc\u00e9es artistiques, technologiques et sociales. Articul\u00e9 de mani\u00e8re chronoth\u00e9matique autour des trois moments principaux (avant, pendant et apr\u00e8s la premi\u00e8re guerre mondiale), l&#8217;ouvrage s&#8217;appuie pour chaque section sur un texte de contextualisation et une chronologie illustr\u00e9e. Une iconographie abondante, \u00e9clair\u00e9e par 120 commentaires d&#8217;oeuvres, offre au lecteur un panorama de l&#8217;effervescence et de la folle cr\u00e9ativit\u00e9 de ces ann\u00e9es 1905-1925.<\/p>\n","protected":false},"excerpt":{"rendered":"<p>Cet ouvrage met en sc\u00e8ne l&#8217;extraordinaire foisonnement culturel qui anime Paris pendant cette p\u00e9riode qui d\u00e9bute en 1905, avec le scandale des artistes \u00ab fauves \u00bb expos\u00e9s au Salon d&#8217;Automne au Grand Palais, et s&#8217;ach\u00e8ve avec l&#8217;Exposition des Arts D\u00e9coratifs et Industriels Modernes de 1925. \u00c0 travers la mode, le cin\u00e9ma, la photographie, la peinture, [&hellip;]<\/p>\n","protected":false},"featured_media":37406,"template":"","meta":[],"product_cat":[2948,2953],"product_tag":[],"acf":[],"yoast_head":"<!-- This site is optimized with the Yoast SEO plugin v20.11 - https:\/\/yoast.com\/wordpress\/plugins\/seo\/ -->\n<title>1905-1925, le Paris de la modernit\u00e9 - Librairie 7L<\/title>\n<meta name=\"robots\" content=\"index, follow, max-snippet:-1, max-image-preview:large, max-video-preview:-1\" \/>\n<link rel=\"canonical\" href=\"https:\/\/librairie7l.com\/en\/produit\/1905-1925-le-paris-de-la-modernite\/\" \/>\n<meta property=\"og:locale\" content=\"en_US\" \/>\n<meta property=\"og:type\" content=\"article\" \/>\n<meta property=\"og:title\" content=\"1905-1925, le Paris de la modernit\u00e9 - Librairie 7L\" \/>\n<meta property=\"og:description\" content=\"Cet ouvrage met en sc\u00e8ne l&#8217;extraordinaire foisonnement culturel qui anime Paris pendant cette p\u00e9riode qui d\u00e9bute en 1905, avec le scandale des artistes \u00ab fauves \u00bb expos\u00e9s au Salon d&#8217;Automne au Grand Palais, et s&#8217;ach\u00e8ve avec l&#8217;Exposition des Arts D\u00e9coratifs et Industriels Modernes de 1925. \u00c0 travers la mode, le cin\u00e9ma, la photographie, la peinture, [&hellip;]\" \/>\n<meta property=\"og:url\" content=\"https:\/\/librairie7l.com\/en\/produit\/1905-1925-le-paris-de-la-modernite\/\" \/>\n<meta property=\"og:site_name\" content=\"Librairie 7L\" \/>\n<meta property=\"article:modified_time\" content=\"2026-04-23T10:06:29+00:00\" \/>\n<meta property=\"og:image\" content=\"https:\/\/librairie7l.com\/wp-content\/uploads\/2023\/06\/9782759605668_1_75.jpg\" \/>\n\t<meta property=\"og:image:width\" content=\"400\" \/>\n\t<meta property=\"og:image:height\" content=\"507\" \/>\n\t<meta property=\"og:image:type\" content=\"image\/jpeg\" \/>\n<meta name=\"twitter:card\" content=\"summary_large_image\" \/>\n<meta name=\"twitter:label1\" content=\"Est. reading time\" \/>\n\t<meta name=\"twitter:data1\" content=\"1 minute\" \/>\n<script type=\"application\/ld+json\" class=\"yoast-schema-graph\">{\"@context\":\"https:\/\/schema.org\",\"@graph\":[{\"@type\":\"WebPage\",\"@id\":\"https:\/\/librairie7l.com\/en\/produit\/1905-1925-le-paris-de-la-modernite\/\",\"url\":\"https:\/\/librairie7l.com\/en\/produit\/1905-1925-le-paris-de-la-modernite\/\",\"name\":\"1905-1925, le Paris de la modernit\u00e9 - Librairie 7L\",\"isPartOf\":{\"@id\":\"https:\/\/librairie7l.com\/en\/#website\"},\"datePublished\":\"2023-11-15T08:16:27+00:00\",\"dateModified\":\"2026-04-23T10:06:29+00:00\",\"breadcrumb\":{\"@id\":\"https:\/\/librairie7l.com\/en\/produit\/1905-1925-le-paris-de-la-modernite\/#breadcrumb\"},\"inLanguage\":\"en-US\",\"potentialAction\":[{\"@type\":\"ReadAction\",\"target\":[\"https:\/\/librairie7l.com\/en\/produit\/1905-1925-le-paris-de-la-modernite\/\"]}]},{\"@type\":\"BreadcrumbList\",\"@id\":\"https:\/\/librairie7l.com\/en\/produit\/1905-1925-le-paris-de-la-modernite\/#breadcrumb\",\"itemListElement\":[{\"@type\":\"ListItem\",\"position\":1,\"name\":\"Accueil\",\"item\":\"https:\/\/librairie7l.com\/en\/\"},{\"@type\":\"ListItem\",\"position\":2,\"name\":\"Shop\",\"item\":\"https:\/\/librairie7l.com\/en\/shop\/\"},{\"@type\":\"ListItem\",\"position\":3,\"name\":\"1905-1925, LE PARIS DE LA MODERNIT\u00c9\"}]},{\"@type\":\"WebSite\",\"@id\":\"https:\/\/librairie7l.com\/en\/#website\",\"url\":\"https:\/\/librairie7l.com\/en\/\",\"name\":\"Librairie 7L\",\"description\":\"Librairie fond\u00e9e en 1999 par Karl Lagerfeld \u00e0 Paris\",\"publisher\":{\"@id\":\"https:\/\/librairie7l.com\/en\/#organization\"},\"potentialAction\":[{\"@type\":\"SearchAction\",\"target\":{\"@type\":\"EntryPoint\",\"urlTemplate\":\"https:\/\/librairie7l.com\/en\/?s={search_term_string}\"},\"query-input\":\"required name=search_term_string\"}],\"inLanguage\":\"en-US\"},{\"@type\":\"Organization\",\"@id\":\"https:\/\/librairie7l.com\/en\/#organization\",\"name\":\"Librairie 7L\",\"url\":\"https:\/\/librairie7l.com\/en\/\",\"logo\":{\"@type\":\"ImageObject\",\"inLanguage\":\"en-US\",\"@id\":\"https:\/\/librairie7l.com\/en\/#\/schema\/logo\/image\/\",\"url\":\"https:\/\/librairie7l.com\/wp-content\/uploads\/2022\/08\/logo-1.png\",\"contentUrl\":\"https:\/\/librairie7l.com\/wp-content\/uploads\/2022\/08\/logo-1.png\",\"width\":227,\"height\":301,\"caption\":\"Librairie 7L\"},\"image\":{\"@id\":\"https:\/\/librairie7l.com\/en\/#\/schema\/logo\/image\/\"}}]}<\/script>\n<!-- \/ Yoast SEO plugin. -->","yoast_head_json":{"title":"1905-1925, le Paris de la modernit\u00e9 - Librairie 7L","robots":{"index":"index","follow":"follow","max-snippet":"max-snippet:-1","max-image-preview":"max-image-preview:large","max-video-preview":"max-video-preview:-1"},"canonical":"https:\/\/librairie7l.com\/en\/produit\/1905-1925-le-paris-de-la-modernite\/","og_locale":"en_US","og_type":"article","og_title":"1905-1925, le Paris de la modernit\u00e9 - Librairie 7L","og_description":"Cet ouvrage met en sc\u00e8ne l&#8217;extraordinaire foisonnement culturel qui anime Paris pendant cette p\u00e9riode qui d\u00e9bute en 1905, avec le scandale des artistes \u00ab fauves \u00bb expos\u00e9s au Salon d&#8217;Automne au Grand Palais, et s&#8217;ach\u00e8ve avec l&#8217;Exposition des Arts D\u00e9coratifs et Industriels Modernes de 1925. \u00c0 travers la mode, le cin\u00e9ma, la photographie, la peinture, [&hellip;]","og_url":"https:\/\/librairie7l.com\/en\/produit\/1905-1925-le-paris-de-la-modernite\/","og_site_name":"Librairie 7L","article_modified_time":"2026-04-23T10:06:29+00:00","og_image":[{"width":400,"height":507,"url":"https:\/\/librairie7l.com\/wp-content\/uploads\/2023\/06\/9782759605668_1_75.jpg","type":"image\/jpeg"}],"twitter_card":"summary_large_image","twitter_misc":{"Est. reading time":"1 minute"},"schema":{"@context":"https:\/\/schema.org","@graph":[{"@type":"WebPage","@id":"https:\/\/librairie7l.com\/en\/produit\/1905-1925-le-paris-de-la-modernite\/","url":"https:\/\/librairie7l.com\/en\/produit\/1905-1925-le-paris-de-la-modernite\/","name":"1905-1925, le Paris de la modernit\u00e9 - Librairie 7L","isPartOf":{"@id":"https:\/\/librairie7l.com\/en\/#website"},"datePublished":"2023-11-15T08:16:27+00:00","dateModified":"2026-04-23T10:06:29+00:00","breadcrumb":{"@id":"https:\/\/librairie7l.com\/en\/produit\/1905-1925-le-paris-de-la-modernite\/#breadcrumb"},"inLanguage":"en-US","potentialAction":[{"@type":"ReadAction","target":["https:\/\/librairie7l.com\/en\/produit\/1905-1925-le-paris-de-la-modernite\/"]}]},{"@type":"BreadcrumbList","@id":"https:\/\/librairie7l.com\/en\/produit\/1905-1925-le-paris-de-la-modernite\/#breadcrumb","itemListElement":[{"@type":"ListItem","position":1,"name":"Accueil","item":"https:\/\/librairie7l.com\/en\/"},{"@type":"ListItem","position":2,"name":"Shop","item":"https:\/\/librairie7l.com\/en\/shop\/"},{"@type":"ListItem","position":3,"name":"1905-1925, LE PARIS DE LA MODERNIT\u00c9"}]},{"@type":"WebSite","@id":"https:\/\/librairie7l.com\/en\/#website","url":"https:\/\/librairie7l.com\/en\/","name":"Librairie 7L","description":"Librairie fond\u00e9e en 1999 par Karl Lagerfeld \u00e0 Paris","publisher":{"@id":"https:\/\/librairie7l.com\/en\/#organization"},"potentialAction":[{"@type":"SearchAction","target":{"@type":"EntryPoint","urlTemplate":"https:\/\/librairie7l.com\/en\/?s={search_term_string}"},"query-input":"required name=search_term_string"}],"inLanguage":"en-US"},{"@type":"Organization","@id":"https:\/\/librairie7l.com\/en\/#organization","name":"Librairie 7L","url":"https:\/\/librairie7l.com\/en\/","logo":{"@type":"ImageObject","inLanguage":"en-US","@id":"https:\/\/librairie7l.com\/en\/#\/schema\/logo\/image\/","url":"https:\/\/librairie7l.com\/wp-content\/uploads\/2022\/08\/logo-1.png","contentUrl":"https:\/\/librairie7l.com\/wp-content\/uploads\/2022\/08\/logo-1.png","width":227,"height":301,"caption":"Librairie 7L"},"image":{"@id":"https:\/\/librairie7l.com\/en\/#\/schema\/logo\/image\/"}}]}},"_links":{"self":[{"href":"https:\/\/librairie7l.com\/en\/wp-json\/wp\/v2\/product\/37408"}],"collection":[{"href":"https:\/\/librairie7l.com\/en\/wp-json\/wp\/v2\/product"}],"about":[{"href":"https:\/\/librairie7l.com\/en\/wp-json\/wp\/v2\/types\/product"}],"wp:featuredmedia":[{"embeddable":true,"href":"https:\/\/librairie7l.com\/en\/wp-json\/wp\/v2\/media\/37406"}],"wp:attachment":[{"href":"https:\/\/librairie7l.com\/en\/wp-json\/wp\/v2\/media?parent=37408"}],"wp:term":[{"taxonomy":"product_cat","embeddable":true,"href":"https:\/\/librairie7l.com\/en\/wp-json\/wp\/v2\/product_cat?post=37408"},{"taxonomy":"product_tag","embeddable":true,"href":"https:\/\/librairie7l.com\/en\/wp-json\/wp\/v2\/product_tag?post=37408"}],"curies":[{"name":"wp","href":"https:\/\/api.w.org\/{rel}","templated":true}]}}