{"id":37428,"date":"2023-11-16T09:16:19","date_gmt":"2023-11-16T08:16:19","guid":{"rendered":"https:\/\/librairie7l.com\/?post_type=product&#038;p=37428"},"modified":"2026-04-05T06:59:14","modified_gmt":"2026-04-05T04:59:14","slug":"la-peregrination-vers-louest-integrale-des-estampes-de-ledition-japonaise-de","status":"publish","type":"product","link":"https:\/\/librairie7l.com\/en\/produit\/la-peregrination-vers-louest-integrale-des-estampes-de-ledition-japonaise-de\/","title":{"rendered":"LA P\u00c9R\u00c9GRINATION VERS L&#8217;OUEST : INT\u00c9GRALE DES ESTAMPES DE L&#8217;\u00c9DITION JAPONAISE DE 1806-1837"},"content":{"rendered":"<p>Publi\u00e9 en Chine au XVIe si\u00e8cle, La P\u00e9r\u00e9grination vers l&#8217;Ouest est l&#8217;un des romans les plus importants de toute la culture asiatique. Il relate le p\u00e9riple fantastique, \u00e0 travers l&#8217;Asie centrale, d&#8217;un moine bouddhiste et de son escorte l\u00e9gendaire : un ogre des sables, un cochon anthropomorphe, un cheval-dragon et, volant sur son nuage avec son b\u00e2ton magique, l&#8217;irr\u00e9v\u00e9rencieux Singe-Roi Son Goku, qui donne tout son sel \u00e0 ce r\u00e9cit sans cesse repris et adapt\u00e9 au fil des si\u00e8cles, jusqu&#8217;au c\u00e9l\u00e8bre Dragon Ball de Toriyama Akira. Entre 1806 et 1837, des libraires d&#8217;Osaka, au Japon, commandent ainsi 250 gravures, dont une dizaine en couleurs, pour une ambitieuse \u00e9dition illustr\u00e9e de l&#8217;oeuvre : monstres formidables, voyageurs \u00e9gar\u00e9s, combats titanesques&#8230; tout le g\u00e9nie des artistes de l&#8217;\u00e9poque d&#8217;Edo s&#8217;expriment dans ces estampes virtuoses qui, si elles furent longtemps attribu\u00e9es \u00e0 Hokusai, sont en fait l&#8217;oeuvre de son plus fid\u00e8le disciple, Katsushika Taito, et deux autres imagiers talentueux, Ohara Toya et Utagawa Toyohiro. Apr\u00e8s un travail consid\u00e9rable de recherche et de restauration, ce livre pr\u00e9sente, pour la premi\u00e8re fois depuis leur \u00e9dition originale, l&#8217;int\u00e9gralit\u00e9 de ces images exceptionnelles.<br \/>\nPr\u00e9fac\u00e9 et comment\u00e9 sous la direction de Christophe Marquet (EFEO), cet ensemble remarquable permet de d\u00e9couvrir toute la puissance narrative de l&#8217;estampe japonaise, terreau visuel du manga moderne.<\/p>\n","protected":false},"excerpt":{"rendered":"<p>Publi\u00e9 en Chine au XVIe si\u00e8cle, La P\u00e9r\u00e9grination vers l&#8217;Ouest est l&#8217;un des romans les plus importants de toute la culture asiatique. Il relate le p\u00e9riple fantastique, \u00e0 travers l&#8217;Asie centrale, d&#8217;un moine bouddhiste et de son escorte l\u00e9gendaire : un ogre des sables, un cochon anthropomorphe, un cheval-dragon et, volant sur son nuage avec [&hellip;]<\/p>\n","protected":false},"featured_media":37426,"template":"","meta":[],"product_cat":[55,2948,47,2953],"product_tag":[],"acf":[],"yoast_head":"<!-- This site is optimized with the Yoast SEO plugin v20.11 - https:\/\/yoast.com\/wordpress\/plugins\/seo\/ -->\n<title>La p\u00e9r\u00e9grination vers l&#039;Ouest : Int\u00e9grale des estampes de l&#039;\u00e9dition japonaise de 1806-1837 - Librairie 7L<\/title>\n<meta name=\"robots\" content=\"index, follow, max-snippet:-1, max-image-preview:large, max-video-preview:-1\" \/>\n<link rel=\"canonical\" href=\"https:\/\/librairie7l.com\/en\/produit\/la-peregrination-vers-louest-integrale-des-estampes-de-ledition-japonaise-de\/\" \/>\n<meta property=\"og:locale\" content=\"en_US\" \/>\n<meta property=\"og:type\" content=\"article\" \/>\n<meta property=\"og:title\" content=\"La p\u00e9r\u00e9grination vers l&#039;Ouest : Int\u00e9grale des estampes de l&#039;\u00e9dition japonaise de 1806-1837 - Librairie 7L\" \/>\n<meta property=\"og:description\" content=\"Publi\u00e9 en Chine au XVIe si\u00e8cle, La P\u00e9r\u00e9grination vers l&#8217;Ouest est l&#8217;un des romans les plus importants de toute la culture asiatique. Il relate le p\u00e9riple fantastique, \u00e0 travers l&#8217;Asie centrale, d&#8217;un moine bouddhiste et de son escorte l\u00e9gendaire : un ogre des sables, un cochon anthropomorphe, un cheval-dragon et, volant sur son nuage avec [&hellip;]\" \/>\n<meta property=\"og:url\" content=\"https:\/\/librairie7l.com\/en\/produit\/la-peregrination-vers-louest-integrale-des-estampes-de-ledition-japonaise-de\/\" \/>\n<meta property=\"og:site_name\" content=\"Librairie 7L\" \/>\n<meta property=\"article:modified_time\" content=\"2026-04-05T04:59:14+00:00\" \/>\n<meta property=\"og:image\" content=\"https:\/\/librairie7l.com\/wp-content\/uploads\/2023\/06\/9782383870791_1_75.jpg\" \/>\n\t<meta property=\"og:image:width\" content=\"485\" \/>\n\t<meta property=\"og:image:height\" content=\"734\" \/>\n\t<meta property=\"og:image:type\" content=\"image\/jpeg\" \/>\n<meta name=\"twitter:card\" content=\"summary_large_image\" \/>\n<meta name=\"twitter:label1\" content=\"Est. reading time\" \/>\n\t<meta name=\"twitter:data1\" content=\"1 minute\" \/>\n<script type=\"application\/ld+json\" class=\"yoast-schema-graph\">{\"@context\":\"https:\/\/schema.org\",\"@graph\":[{\"@type\":\"WebPage\",\"@id\":\"https:\/\/librairie7l.com\/en\/produit\/la-peregrination-vers-louest-integrale-des-estampes-de-ledition-japonaise-de\/\",\"url\":\"https:\/\/librairie7l.com\/en\/produit\/la-peregrination-vers-louest-integrale-des-estampes-de-ledition-japonaise-de\/\",\"name\":\"La p\u00e9r\u00e9grination vers l'Ouest : Int\u00e9grale des estampes de l'\u00e9dition japonaise de 1806-1837 - Librairie 7L\",\"isPartOf\":{\"@id\":\"https:\/\/librairie7l.com\/en\/#website\"},\"datePublished\":\"2023-11-16T08:16:19+00:00\",\"dateModified\":\"2026-04-05T04:59:14+00:00\",\"breadcrumb\":{\"@id\":\"https:\/\/librairie7l.com\/en\/produit\/la-peregrination-vers-louest-integrale-des-estampes-de-ledition-japonaise-de\/#breadcrumb\"},\"inLanguage\":\"en-US\",\"potentialAction\":[{\"@type\":\"ReadAction\",\"target\":[\"https:\/\/librairie7l.com\/en\/produit\/la-peregrination-vers-louest-integrale-des-estampes-de-ledition-japonaise-de\/\"]}]},{\"@type\":\"BreadcrumbList\",\"@id\":\"https:\/\/librairie7l.com\/en\/produit\/la-peregrination-vers-louest-integrale-des-estampes-de-ledition-japonaise-de\/#breadcrumb\",\"itemListElement\":[{\"@type\":\"ListItem\",\"position\":1,\"name\":\"Accueil\",\"item\":\"https:\/\/librairie7l.com\/en\/\"},{\"@type\":\"ListItem\",\"position\":2,\"name\":\"Shop\",\"item\":\"https:\/\/librairie7l.com\/en\/shop\/\"},{\"@type\":\"ListItem\",\"position\":3,\"name\":\"LA P\u00c9R\u00c9GRINATION VERS L&#8217;OUEST : INT\u00c9GRALE DES ESTAMPES DE L&#8217;\u00c9DITION JAPONAISE DE 1806-1837\"}]},{\"@type\":\"WebSite\",\"@id\":\"https:\/\/librairie7l.com\/en\/#website\",\"url\":\"https:\/\/librairie7l.com\/en\/\",\"name\":\"Librairie 7L\",\"description\":\"Librairie fond\u00e9e en 1999 par Karl Lagerfeld \u00e0 Paris\",\"publisher\":{\"@id\":\"https:\/\/librairie7l.com\/en\/#organization\"},\"potentialAction\":[{\"@type\":\"SearchAction\",\"target\":{\"@type\":\"EntryPoint\",\"urlTemplate\":\"https:\/\/librairie7l.com\/en\/?s={search_term_string}\"},\"query-input\":\"required name=search_term_string\"}],\"inLanguage\":\"en-US\"},{\"@type\":\"Organization\",\"@id\":\"https:\/\/librairie7l.com\/en\/#organization\",\"name\":\"Librairie 7L\",\"url\":\"https:\/\/librairie7l.com\/en\/\",\"logo\":{\"@type\":\"ImageObject\",\"inLanguage\":\"en-US\",\"@id\":\"https:\/\/librairie7l.com\/en\/#\/schema\/logo\/image\/\",\"url\":\"https:\/\/librairie7l.com\/wp-content\/uploads\/2022\/08\/logo-1.png\",\"contentUrl\":\"https:\/\/librairie7l.com\/wp-content\/uploads\/2022\/08\/logo-1.png\",\"width\":227,\"height\":301,\"caption\":\"Librairie 7L\"},\"image\":{\"@id\":\"https:\/\/librairie7l.com\/en\/#\/schema\/logo\/image\/\"}}]}<\/script>\n<!-- \/ Yoast SEO plugin. -->","yoast_head_json":{"title":"La p\u00e9r\u00e9grination vers l'Ouest : Int\u00e9grale des estampes de l'\u00e9dition japonaise de 1806-1837 - Librairie 7L","robots":{"index":"index","follow":"follow","max-snippet":"max-snippet:-1","max-image-preview":"max-image-preview:large","max-video-preview":"max-video-preview:-1"},"canonical":"https:\/\/librairie7l.com\/en\/produit\/la-peregrination-vers-louest-integrale-des-estampes-de-ledition-japonaise-de\/","og_locale":"en_US","og_type":"article","og_title":"La p\u00e9r\u00e9grination vers l'Ouest : Int\u00e9grale des estampes de l'\u00e9dition japonaise de 1806-1837 - Librairie 7L","og_description":"Publi\u00e9 en Chine au XVIe si\u00e8cle, La P\u00e9r\u00e9grination vers l&#8217;Ouest est l&#8217;un des romans les plus importants de toute la culture asiatique. Il relate le p\u00e9riple fantastique, \u00e0 travers l&#8217;Asie centrale, d&#8217;un moine bouddhiste et de son escorte l\u00e9gendaire : un ogre des sables, un cochon anthropomorphe, un cheval-dragon et, volant sur son nuage avec [&hellip;]","og_url":"https:\/\/librairie7l.com\/en\/produit\/la-peregrination-vers-louest-integrale-des-estampes-de-ledition-japonaise-de\/","og_site_name":"Librairie 7L","article_modified_time":"2026-04-05T04:59:14+00:00","og_image":[{"width":485,"height":734,"url":"https:\/\/librairie7l.com\/wp-content\/uploads\/2023\/06\/9782383870791_1_75.jpg","type":"image\/jpeg"}],"twitter_card":"summary_large_image","twitter_misc":{"Est. reading time":"1 minute"},"schema":{"@context":"https:\/\/schema.org","@graph":[{"@type":"WebPage","@id":"https:\/\/librairie7l.com\/en\/produit\/la-peregrination-vers-louest-integrale-des-estampes-de-ledition-japonaise-de\/","url":"https:\/\/librairie7l.com\/en\/produit\/la-peregrination-vers-louest-integrale-des-estampes-de-ledition-japonaise-de\/","name":"La p\u00e9r\u00e9grination vers l'Ouest : Int\u00e9grale des estampes de l'\u00e9dition japonaise de 1806-1837 - Librairie 7L","isPartOf":{"@id":"https:\/\/librairie7l.com\/en\/#website"},"datePublished":"2023-11-16T08:16:19+00:00","dateModified":"2026-04-05T04:59:14+00:00","breadcrumb":{"@id":"https:\/\/librairie7l.com\/en\/produit\/la-peregrination-vers-louest-integrale-des-estampes-de-ledition-japonaise-de\/#breadcrumb"},"inLanguage":"en-US","potentialAction":[{"@type":"ReadAction","target":["https:\/\/librairie7l.com\/en\/produit\/la-peregrination-vers-louest-integrale-des-estampes-de-ledition-japonaise-de\/"]}]},{"@type":"BreadcrumbList","@id":"https:\/\/librairie7l.com\/en\/produit\/la-peregrination-vers-louest-integrale-des-estampes-de-ledition-japonaise-de\/#breadcrumb","itemListElement":[{"@type":"ListItem","position":1,"name":"Accueil","item":"https:\/\/librairie7l.com\/en\/"},{"@type":"ListItem","position":2,"name":"Shop","item":"https:\/\/librairie7l.com\/en\/shop\/"},{"@type":"ListItem","position":3,"name":"LA P\u00c9R\u00c9GRINATION VERS L&#8217;OUEST : INT\u00c9GRALE DES ESTAMPES DE L&#8217;\u00c9DITION JAPONAISE DE 1806-1837"}]},{"@type":"WebSite","@id":"https:\/\/librairie7l.com\/en\/#website","url":"https:\/\/librairie7l.com\/en\/","name":"Librairie 7L","description":"Librairie fond\u00e9e en 1999 par Karl Lagerfeld \u00e0 Paris","publisher":{"@id":"https:\/\/librairie7l.com\/en\/#organization"},"potentialAction":[{"@type":"SearchAction","target":{"@type":"EntryPoint","urlTemplate":"https:\/\/librairie7l.com\/en\/?s={search_term_string}"},"query-input":"required name=search_term_string"}],"inLanguage":"en-US"},{"@type":"Organization","@id":"https:\/\/librairie7l.com\/en\/#organization","name":"Librairie 7L","url":"https:\/\/librairie7l.com\/en\/","logo":{"@type":"ImageObject","inLanguage":"en-US","@id":"https:\/\/librairie7l.com\/en\/#\/schema\/logo\/image\/","url":"https:\/\/librairie7l.com\/wp-content\/uploads\/2022\/08\/logo-1.png","contentUrl":"https:\/\/librairie7l.com\/wp-content\/uploads\/2022\/08\/logo-1.png","width":227,"height":301,"caption":"Librairie 7L"},"image":{"@id":"https:\/\/librairie7l.com\/en\/#\/schema\/logo\/image\/"}}]}},"_links":{"self":[{"href":"https:\/\/librairie7l.com\/en\/wp-json\/wp\/v2\/product\/37428"}],"collection":[{"href":"https:\/\/librairie7l.com\/en\/wp-json\/wp\/v2\/product"}],"about":[{"href":"https:\/\/librairie7l.com\/en\/wp-json\/wp\/v2\/types\/product"}],"wp:featuredmedia":[{"embeddable":true,"href":"https:\/\/librairie7l.com\/en\/wp-json\/wp\/v2\/media\/37426"}],"wp:attachment":[{"href":"https:\/\/librairie7l.com\/en\/wp-json\/wp\/v2\/media?parent=37428"}],"wp:term":[{"taxonomy":"product_cat","embeddable":true,"href":"https:\/\/librairie7l.com\/en\/wp-json\/wp\/v2\/product_cat?post=37428"},{"taxonomy":"product_tag","embeddable":true,"href":"https:\/\/librairie7l.com\/en\/wp-json\/wp\/v2\/product_tag?post=37428"}],"curies":[{"name":"wp","href":"https:\/\/api.w.org\/{rel}","templated":true}]}}