{"id":37436,"date":"2023-11-16T09:16:25","date_gmt":"2023-11-16T08:16:25","guid":{"rendered":"https:\/\/librairie7l.com\/?post_type=product&#038;p=37436"},"modified":"2026-04-09T06:35:15","modified_gmt":"2026-04-09T04:35:15","slug":"quatzarts-lart-en-fete-a-lecole-des-beaux-arts","status":"publish","type":"product","link":"https:\/\/librairie7l.com\/en\/produit\/quatzarts-lart-en-fete-a-lecole-des-beaux-arts\/","title":{"rendered":"QUAT&#8217;Z&#8217;ARTS : L&#8217;ART EN F\u00caTE \u00c0 L&#8217;\u00c9COLE DES BEAUX-ARTS"},"content":{"rendered":"<p>De 1892 \u00e0 1966, le d\u00e9fil\u00e9 annuel des Quat&#8217;Z&#8217;Arts est une tradition attendue du paysage parisien. Un \u00e9v\u00e9nement d&#8217;autant plus mythique que le public n&#8217;est pas admis \u00e0 l&#8217;int\u00e9rieur du bal qui s&#8217;ensuit. Une \u00e9manation artistico-\u00e9rotique et humoristique des \u00e9tudiants de l&#8217;\u00c9cole des Beaux-Arts donnant naissance \u00e0 des d\u00e9cors munificents, la construction des chars des diff\u00e9rents ateliers, la confection de costumes et accessoires, le dessin d&#8217;affiches et de cartons d&#8217;invitation dont certains sont sign\u00e9s par des artistes c\u00e9l\u00e8bres ou en passe de le devenir : Mucha, Jules Ch\u00e9ret, Yves Brayer, &#8230; Les Quat&#8217;Z&#8217;Arts refl\u00e8tent la culture des professeurs et des \u00e9l\u00e8ves \u00e0 travers des th\u00e8mes historiques revisit\u00e9s : la Bataille de Pharsale, Salammb\u00f4, les D\u00e9lices de Capoue, L&#8217;Entr\u00e9e triomphale de Rams\u00e8s II \u00e0 Th\u00e8bes &#8230; L&#8217;imaginaire collectif a retenu l&#8217;image de beaut\u00e9s d\u00e9nud\u00e9es port\u00e9es sur les \u00e9paules, mais plus qu&#8217;une f\u00eate libertine de la jeunesse ou une saturnale moderne, les Quat&#8217;Z&#8217;Arts sont le fruit d&#8217;un id\u00e9al acad\u00e9mique visant \u00e0 r\u00e9aliser l&#8217;union des arts sous la houlette de l&#8217;architecture.<\/p>\n","protected":false},"excerpt":{"rendered":"<p>De 1892 \u00e0 1966, le d\u00e9fil\u00e9 annuel des Quat&#8217;Z&#8217;Arts est une tradition attendue du paysage parisien. Un \u00e9v\u00e9nement d&#8217;autant plus mythique que le public n&#8217;est pas admis \u00e0 l&#8217;int\u00e9rieur du bal qui s&#8217;ensuit. Une \u00e9manation artistico-\u00e9rotique et humoristique des \u00e9tudiants de l&#8217;\u00c9cole des Beaux-Arts donnant naissance \u00e0 des d\u00e9cors munificents, la construction des chars des [&hellip;]<\/p>\n","protected":false},"featured_media":37434,"template":"","meta":[],"product_cat":[2948,2953],"product_tag":[],"acf":[],"yoast_head":"<!-- This site is optimized with the Yoast SEO plugin v20.11 - https:\/\/yoast.com\/wordpress\/plugins\/seo\/ -->\n<title>Quat&#039;z&#039;arts : l&#039;art en f\u00eate \u00e0 l&#039;\u00e9cole des beaux-arts - Librairie 7L<\/title>\n<meta name=\"robots\" content=\"index, follow, max-snippet:-1, max-image-preview:large, max-video-preview:-1\" \/>\n<link rel=\"canonical\" href=\"https:\/\/librairie7l.com\/en\/produit\/quatzarts-lart-en-fete-a-lecole-des-beaux-arts\/\" \/>\n<meta property=\"og:locale\" content=\"en_US\" \/>\n<meta property=\"og:type\" content=\"article\" \/>\n<meta property=\"og:title\" content=\"Quat&#039;z&#039;arts : l&#039;art en f\u00eate \u00e0 l&#039;\u00e9cole des beaux-arts - Librairie 7L\" \/>\n<meta property=\"og:description\" content=\"De 1892 \u00e0 1966, le d\u00e9fil\u00e9 annuel des Quat&#8217;Z&#8217;Arts est une tradition attendue du paysage parisien. Un \u00e9v\u00e9nement d&#8217;autant plus mythique que le public n&#8217;est pas admis \u00e0 l&#8217;int\u00e9rieur du bal qui s&#8217;ensuit. Une \u00e9manation artistico-\u00e9rotique et humoristique des \u00e9tudiants de l&#8217;\u00c9cole des Beaux-Arts donnant naissance \u00e0 des d\u00e9cors munificents, la construction des chars des [&hellip;]\" \/>\n<meta property=\"og:url\" content=\"https:\/\/librairie7l.com\/en\/produit\/quatzarts-lart-en-fete-a-lecole-des-beaux-arts\/\" \/>\n<meta property=\"og:site_name\" content=\"Librairie 7L\" \/>\n<meta property=\"article:modified_time\" content=\"2026-04-09T04:35:15+00:00\" \/>\n<meta property=\"og:image\" content=\"https:\/\/librairie7l.com\/wp-content\/uploads\/2022\/04\/9782871434047_1_75.jpg\" \/>\n\t<meta property=\"og:image:width\" content=\"400\" \/>\n\t<meta property=\"og:image:height\" content=\"525\" \/>\n\t<meta property=\"og:image:type\" content=\"image\/jpeg\" \/>\n<meta name=\"twitter:card\" content=\"summary_large_image\" \/>\n<meta name=\"twitter:label1\" content=\"Est. reading time\" \/>\n\t<meta name=\"twitter:data1\" content=\"1 minute\" \/>\n<script type=\"application\/ld+json\" class=\"yoast-schema-graph\">{\"@context\":\"https:\/\/schema.org\",\"@graph\":[{\"@type\":\"WebPage\",\"@id\":\"https:\/\/librairie7l.com\/en\/produit\/quatzarts-lart-en-fete-a-lecole-des-beaux-arts\/\",\"url\":\"https:\/\/librairie7l.com\/en\/produit\/quatzarts-lart-en-fete-a-lecole-des-beaux-arts\/\",\"name\":\"Quat'z'arts : l'art en f\u00eate \u00e0 l'\u00e9cole des beaux-arts - Librairie 7L\",\"isPartOf\":{\"@id\":\"https:\/\/librairie7l.com\/en\/#website\"},\"datePublished\":\"2023-11-16T08:16:25+00:00\",\"dateModified\":\"2026-04-09T04:35:15+00:00\",\"breadcrumb\":{\"@id\":\"https:\/\/librairie7l.com\/en\/produit\/quatzarts-lart-en-fete-a-lecole-des-beaux-arts\/#breadcrumb\"},\"inLanguage\":\"en-US\",\"potentialAction\":[{\"@type\":\"ReadAction\",\"target\":[\"https:\/\/librairie7l.com\/en\/produit\/quatzarts-lart-en-fete-a-lecole-des-beaux-arts\/\"]}]},{\"@type\":\"BreadcrumbList\",\"@id\":\"https:\/\/librairie7l.com\/en\/produit\/quatzarts-lart-en-fete-a-lecole-des-beaux-arts\/#breadcrumb\",\"itemListElement\":[{\"@type\":\"ListItem\",\"position\":1,\"name\":\"Accueil\",\"item\":\"https:\/\/librairie7l.com\/en\/\"},{\"@type\":\"ListItem\",\"position\":2,\"name\":\"Shop\",\"item\":\"https:\/\/librairie7l.com\/en\/shop\/\"},{\"@type\":\"ListItem\",\"position\":3,\"name\":\"QUAT&#8217;Z&#8217;ARTS : L&#8217;ART EN F\u00caTE \u00c0 L&#8217;\u00c9COLE DES BEAUX-ARTS\"}]},{\"@type\":\"WebSite\",\"@id\":\"https:\/\/librairie7l.com\/en\/#website\",\"url\":\"https:\/\/librairie7l.com\/en\/\",\"name\":\"Librairie 7L\",\"description\":\"Librairie fond\u00e9e en 1999 par Karl Lagerfeld \u00e0 Paris\",\"publisher\":{\"@id\":\"https:\/\/librairie7l.com\/en\/#organization\"},\"potentialAction\":[{\"@type\":\"SearchAction\",\"target\":{\"@type\":\"EntryPoint\",\"urlTemplate\":\"https:\/\/librairie7l.com\/en\/?s={search_term_string}\"},\"query-input\":\"required name=search_term_string\"}],\"inLanguage\":\"en-US\"},{\"@type\":\"Organization\",\"@id\":\"https:\/\/librairie7l.com\/en\/#organization\",\"name\":\"Librairie 7L\",\"url\":\"https:\/\/librairie7l.com\/en\/\",\"logo\":{\"@type\":\"ImageObject\",\"inLanguage\":\"en-US\",\"@id\":\"https:\/\/librairie7l.com\/en\/#\/schema\/logo\/image\/\",\"url\":\"https:\/\/librairie7l.com\/wp-content\/uploads\/2022\/08\/logo-1.png\",\"contentUrl\":\"https:\/\/librairie7l.com\/wp-content\/uploads\/2022\/08\/logo-1.png\",\"width\":227,\"height\":301,\"caption\":\"Librairie 7L\"},\"image\":{\"@id\":\"https:\/\/librairie7l.com\/en\/#\/schema\/logo\/image\/\"}}]}<\/script>\n<!-- \/ Yoast SEO plugin. -->","yoast_head_json":{"title":"Quat'z'arts : l'art en f\u00eate \u00e0 l'\u00e9cole des beaux-arts - Librairie 7L","robots":{"index":"index","follow":"follow","max-snippet":"max-snippet:-1","max-image-preview":"max-image-preview:large","max-video-preview":"max-video-preview:-1"},"canonical":"https:\/\/librairie7l.com\/en\/produit\/quatzarts-lart-en-fete-a-lecole-des-beaux-arts\/","og_locale":"en_US","og_type":"article","og_title":"Quat'z'arts : l'art en f\u00eate \u00e0 l'\u00e9cole des beaux-arts - Librairie 7L","og_description":"De 1892 \u00e0 1966, le d\u00e9fil\u00e9 annuel des Quat&#8217;Z&#8217;Arts est une tradition attendue du paysage parisien. Un \u00e9v\u00e9nement d&#8217;autant plus mythique que le public n&#8217;est pas admis \u00e0 l&#8217;int\u00e9rieur du bal qui s&#8217;ensuit. Une \u00e9manation artistico-\u00e9rotique et humoristique des \u00e9tudiants de l&#8217;\u00c9cole des Beaux-Arts donnant naissance \u00e0 des d\u00e9cors munificents, la construction des chars des [&hellip;]","og_url":"https:\/\/librairie7l.com\/en\/produit\/quatzarts-lart-en-fete-a-lecole-des-beaux-arts\/","og_site_name":"Librairie 7L","article_modified_time":"2026-04-09T04:35:15+00:00","og_image":[{"width":400,"height":525,"url":"https:\/\/librairie7l.com\/wp-content\/uploads\/2022\/04\/9782871434047_1_75.jpg","type":"image\/jpeg"}],"twitter_card":"summary_large_image","twitter_misc":{"Est. reading time":"1 minute"},"schema":{"@context":"https:\/\/schema.org","@graph":[{"@type":"WebPage","@id":"https:\/\/librairie7l.com\/en\/produit\/quatzarts-lart-en-fete-a-lecole-des-beaux-arts\/","url":"https:\/\/librairie7l.com\/en\/produit\/quatzarts-lart-en-fete-a-lecole-des-beaux-arts\/","name":"Quat'z'arts : l'art en f\u00eate \u00e0 l'\u00e9cole des beaux-arts - Librairie 7L","isPartOf":{"@id":"https:\/\/librairie7l.com\/en\/#website"},"datePublished":"2023-11-16T08:16:25+00:00","dateModified":"2026-04-09T04:35:15+00:00","breadcrumb":{"@id":"https:\/\/librairie7l.com\/en\/produit\/quatzarts-lart-en-fete-a-lecole-des-beaux-arts\/#breadcrumb"},"inLanguage":"en-US","potentialAction":[{"@type":"ReadAction","target":["https:\/\/librairie7l.com\/en\/produit\/quatzarts-lart-en-fete-a-lecole-des-beaux-arts\/"]}]},{"@type":"BreadcrumbList","@id":"https:\/\/librairie7l.com\/en\/produit\/quatzarts-lart-en-fete-a-lecole-des-beaux-arts\/#breadcrumb","itemListElement":[{"@type":"ListItem","position":1,"name":"Accueil","item":"https:\/\/librairie7l.com\/en\/"},{"@type":"ListItem","position":2,"name":"Shop","item":"https:\/\/librairie7l.com\/en\/shop\/"},{"@type":"ListItem","position":3,"name":"QUAT&#8217;Z&#8217;ARTS : L&#8217;ART EN F\u00caTE \u00c0 L&#8217;\u00c9COLE DES BEAUX-ARTS"}]},{"@type":"WebSite","@id":"https:\/\/librairie7l.com\/en\/#website","url":"https:\/\/librairie7l.com\/en\/","name":"Librairie 7L","description":"Librairie fond\u00e9e en 1999 par Karl Lagerfeld \u00e0 Paris","publisher":{"@id":"https:\/\/librairie7l.com\/en\/#organization"},"potentialAction":[{"@type":"SearchAction","target":{"@type":"EntryPoint","urlTemplate":"https:\/\/librairie7l.com\/en\/?s={search_term_string}"},"query-input":"required name=search_term_string"}],"inLanguage":"en-US"},{"@type":"Organization","@id":"https:\/\/librairie7l.com\/en\/#organization","name":"Librairie 7L","url":"https:\/\/librairie7l.com\/en\/","logo":{"@type":"ImageObject","inLanguage":"en-US","@id":"https:\/\/librairie7l.com\/en\/#\/schema\/logo\/image\/","url":"https:\/\/librairie7l.com\/wp-content\/uploads\/2022\/08\/logo-1.png","contentUrl":"https:\/\/librairie7l.com\/wp-content\/uploads\/2022\/08\/logo-1.png","width":227,"height":301,"caption":"Librairie 7L"},"image":{"@id":"https:\/\/librairie7l.com\/en\/#\/schema\/logo\/image\/"}}]}},"_links":{"self":[{"href":"https:\/\/librairie7l.com\/en\/wp-json\/wp\/v2\/product\/37436"}],"collection":[{"href":"https:\/\/librairie7l.com\/en\/wp-json\/wp\/v2\/product"}],"about":[{"href":"https:\/\/librairie7l.com\/en\/wp-json\/wp\/v2\/types\/product"}],"wp:featuredmedia":[{"embeddable":true,"href":"https:\/\/librairie7l.com\/en\/wp-json\/wp\/v2\/media\/37434"}],"wp:attachment":[{"href":"https:\/\/librairie7l.com\/en\/wp-json\/wp\/v2\/media?parent=37436"}],"wp:term":[{"taxonomy":"product_cat","embeddable":true,"href":"https:\/\/librairie7l.com\/en\/wp-json\/wp\/v2\/product_cat?post=37436"},{"taxonomy":"product_tag","embeddable":true,"href":"https:\/\/librairie7l.com\/en\/wp-json\/wp\/v2\/product_tag?post=37436"}],"curies":[{"name":"wp","href":"https:\/\/api.w.org\/{rel}","templated":true}]}}