{"id":37444,"date":"2023-11-16T09:16:31","date_gmt":"2023-11-16T08:16:31","guid":{"rendered":"https:\/\/librairie7l.com\/?post_type=product&#038;p=37444"},"modified":"2026-04-17T19:36:24","modified_gmt":"2026-04-17T17:36:24","slug":"sculpter","status":"publish","type":"product","link":"https:\/\/librairie7l.com\/en\/produit\/sculpter\/","title":{"rendered":"SCULPTER"},"content":{"rendered":"<p>En 2019, Gilberte Tsa\u00ef a invit\u00e9 l&#8217;artiste italien Giuseppe Penone \u00e0 donner une conf\u00e9rence \u00e0 l&#8217;adresse des  enfants sur sa pratique artistique de la sculpture. Elle explique sa premi\u00e8re rencontre avec son travail au  d\u00e9tour d&#8217;un sentier : \u00ab Il y a une vingtaine d&#8217;ann\u00e9es, je me promenais dans le parc du Domaine de  Kerguehennec, en Bretagne, et au d\u00e9tour d&#8217;un chemin, j&#8217;ai vu une sculpture qui m&#8217;a beaucoup \u00e9mue. Un  \u00eatre humain en bronze \u00e9tait en mouvement vers l&#8217;avant, on pouvait voir au sol les traces de ses pas, et son  corps \u00e9tait travers\u00e9 par un petit arbre fr\u00eale. Cette oeuvre, apparaissant comme un symbole de la relation  entre les humains et la nature, m&#8217;a \u00e9norm\u00e9ment marqu\u00e9e ; comme cela arrive parfois, on tombe en arr\u00eat  devant une oeuvre, on se sent tr\u00e8s \u00e9mu, et elle va vous accompagner toute votre vie. C&#8217;est la premi\u00e8re oeuvre que j&#8217;ai vue de Giuseppe Penone, elle s&#8217;intitulait Un sentier decharme. \u00bb  Dans un texte court et pr\u00e9cis, Giuseppe Penone explique sa d\u00e9marche artistique et plus sp\u00e9cifiquement les liens qu&#8217;il entretient avec les \u00e9l\u00e9ments qui l&#8217;entourent tels que l&#8217;air, les pommes de terre, les arbres, les courges, les feuilles : \u00ab Un travail de sculpture ce n&#8217;est pas un travail de parole, c&#8217;est un travail de mati\u00e8re, [&#8230;]. Mon travail, au fond est un travail d&#8217;\u00e9merveillement, par rapport \u00e0 la r\u00e9alit\u00e9, par rapport \u00e0 la  mati\u00e8re. \u00bb  En se concentrant sur la mat\u00e9rialit\u00e9 de la sculpture dans son travail, il nous permet de suivre ses mains et  d&#8217;entrer &#8211; litt\u00e9ralement &#8211; dans le bronze, le bois et le souffle du vent. \u00c0 la fois po\u00e9tiques et pratiques, ces  pages nous emm\u00e8nent sur les sentiers de l&#8217;un des plus saisissants cr\u00e9ateurs de son \u00e9poque.<\/p>\n","protected":false},"excerpt":{"rendered":"<p>En 2019, Gilberte Tsa\u00ef a invit\u00e9 l&#8217;artiste italien Giuseppe Penone \u00e0 donner une conf\u00e9rence \u00e0 l&#8217;adresse des enfants sur sa pratique artistique de la sculpture. Elle explique sa premi\u00e8re rencontre avec son travail au d\u00e9tour d&#8217;un sentier : \u00ab Il y a une vingtaine d&#8217;ann\u00e9es, je me promenais dans le parc du Domaine de Kerguehennec, [&hellip;]<\/p>\n","protected":false},"featured_media":37442,"template":"","meta":[],"product_cat":[2948,2953],"product_tag":[],"acf":[],"yoast_head":"<!-- This site is optimized with the Yoast SEO plugin v20.11 - https:\/\/yoast.com\/wordpress\/plugins\/seo\/ -->\n<title>Sculpter - Librairie 7L<\/title>\n<meta name=\"robots\" content=\"index, follow, max-snippet:-1, max-image-preview:large, max-video-preview:-1\" \/>\n<link rel=\"canonical\" href=\"https:\/\/librairie7l.com\/en\/produit\/sculpter\/\" \/>\n<meta property=\"og:locale\" content=\"en_US\" \/>\n<meta property=\"og:type\" content=\"article\" \/>\n<meta property=\"og:title\" content=\"Sculpter - Librairie 7L\" \/>\n<meta property=\"og:description\" content=\"En 2019, Gilberte Tsa\u00ef a invit\u00e9 l&#8217;artiste italien Giuseppe Penone \u00e0 donner une conf\u00e9rence \u00e0 l&#8217;adresse des enfants sur sa pratique artistique de la sculpture. Elle explique sa premi\u00e8re rencontre avec son travail au d\u00e9tour d&#8217;un sentier : \u00ab Il y a une vingtaine d&#8217;ann\u00e9es, je me promenais dans le parc du Domaine de Kerguehennec, [&hellip;]\" \/>\n<meta property=\"og:url\" content=\"https:\/\/librairie7l.com\/en\/produit\/sculpter\/\" \/>\n<meta property=\"og:site_name\" content=\"Librairie 7L\" \/>\n<meta property=\"article:modified_time\" content=\"2026-04-17T17:36:24+00:00\" \/>\n<meta property=\"og:image\" content=\"https:\/\/librairie7l.com\/wp-content\/uploads\/2023\/07\/9782865891535_1_75.jpg\" \/>\n\t<meta property=\"og:image:width\" content=\"400\" \/>\n\t<meta property=\"og:image:height\" content=\"600\" \/>\n\t<meta property=\"og:image:type\" content=\"image\/jpeg\" \/>\n<meta name=\"twitter:card\" content=\"summary_large_image\" \/>\n<meta name=\"twitter:label1\" content=\"Est. reading time\" \/>\n\t<meta name=\"twitter:data1\" content=\"2 minutes\" \/>\n<script type=\"application\/ld+json\" class=\"yoast-schema-graph\">{\"@context\":\"https:\/\/schema.org\",\"@graph\":[{\"@type\":\"WebPage\",\"@id\":\"https:\/\/librairie7l.com\/en\/produit\/sculpter\/\",\"url\":\"https:\/\/librairie7l.com\/en\/produit\/sculpter\/\",\"name\":\"Sculpter - Librairie 7L\",\"isPartOf\":{\"@id\":\"https:\/\/librairie7l.com\/en\/#website\"},\"datePublished\":\"2023-11-16T08:16:31+00:00\",\"dateModified\":\"2026-04-17T17:36:24+00:00\",\"breadcrumb\":{\"@id\":\"https:\/\/librairie7l.com\/en\/produit\/sculpter\/#breadcrumb\"},\"inLanguage\":\"en-US\",\"potentialAction\":[{\"@type\":\"ReadAction\",\"target\":[\"https:\/\/librairie7l.com\/en\/produit\/sculpter\/\"]}]},{\"@type\":\"BreadcrumbList\",\"@id\":\"https:\/\/librairie7l.com\/en\/produit\/sculpter\/#breadcrumb\",\"itemListElement\":[{\"@type\":\"ListItem\",\"position\":1,\"name\":\"Accueil\",\"item\":\"https:\/\/librairie7l.com\/en\/\"},{\"@type\":\"ListItem\",\"position\":2,\"name\":\"Shop\",\"item\":\"https:\/\/librairie7l.com\/en\/shop\/\"},{\"@type\":\"ListItem\",\"position\":3,\"name\":\"SCULPTER\"}]},{\"@type\":\"WebSite\",\"@id\":\"https:\/\/librairie7l.com\/en\/#website\",\"url\":\"https:\/\/librairie7l.com\/en\/\",\"name\":\"Librairie 7L\",\"description\":\"Librairie fond\u00e9e en 1999 par Karl Lagerfeld \u00e0 Paris\",\"publisher\":{\"@id\":\"https:\/\/librairie7l.com\/en\/#organization\"},\"potentialAction\":[{\"@type\":\"SearchAction\",\"target\":{\"@type\":\"EntryPoint\",\"urlTemplate\":\"https:\/\/librairie7l.com\/en\/?s={search_term_string}\"},\"query-input\":\"required name=search_term_string\"}],\"inLanguage\":\"en-US\"},{\"@type\":\"Organization\",\"@id\":\"https:\/\/librairie7l.com\/en\/#organization\",\"name\":\"Librairie 7L\",\"url\":\"https:\/\/librairie7l.com\/en\/\",\"logo\":{\"@type\":\"ImageObject\",\"inLanguage\":\"en-US\",\"@id\":\"https:\/\/librairie7l.com\/en\/#\/schema\/logo\/image\/\",\"url\":\"https:\/\/librairie7l.com\/wp-content\/uploads\/2022\/08\/logo-1.png\",\"contentUrl\":\"https:\/\/librairie7l.com\/wp-content\/uploads\/2022\/08\/logo-1.png\",\"width\":227,\"height\":301,\"caption\":\"Librairie 7L\"},\"image\":{\"@id\":\"https:\/\/librairie7l.com\/en\/#\/schema\/logo\/image\/\"}}]}<\/script>\n<!-- \/ Yoast SEO plugin. -->","yoast_head_json":{"title":"Sculpter - Librairie 7L","robots":{"index":"index","follow":"follow","max-snippet":"max-snippet:-1","max-image-preview":"max-image-preview:large","max-video-preview":"max-video-preview:-1"},"canonical":"https:\/\/librairie7l.com\/en\/produit\/sculpter\/","og_locale":"en_US","og_type":"article","og_title":"Sculpter - Librairie 7L","og_description":"En 2019, Gilberte Tsa\u00ef a invit\u00e9 l&#8217;artiste italien Giuseppe Penone \u00e0 donner une conf\u00e9rence \u00e0 l&#8217;adresse des enfants sur sa pratique artistique de la sculpture. Elle explique sa premi\u00e8re rencontre avec son travail au d\u00e9tour d&#8217;un sentier : \u00ab Il y a une vingtaine d&#8217;ann\u00e9es, je me promenais dans le parc du Domaine de Kerguehennec, [&hellip;]","og_url":"https:\/\/librairie7l.com\/en\/produit\/sculpter\/","og_site_name":"Librairie 7L","article_modified_time":"2026-04-17T17:36:24+00:00","og_image":[{"width":400,"height":600,"url":"https:\/\/librairie7l.com\/wp-content\/uploads\/2023\/07\/9782865891535_1_75.jpg","type":"image\/jpeg"}],"twitter_card":"summary_large_image","twitter_misc":{"Est. reading time":"2 minutes"},"schema":{"@context":"https:\/\/schema.org","@graph":[{"@type":"WebPage","@id":"https:\/\/librairie7l.com\/en\/produit\/sculpter\/","url":"https:\/\/librairie7l.com\/en\/produit\/sculpter\/","name":"Sculpter - Librairie 7L","isPartOf":{"@id":"https:\/\/librairie7l.com\/en\/#website"},"datePublished":"2023-11-16T08:16:31+00:00","dateModified":"2026-04-17T17:36:24+00:00","breadcrumb":{"@id":"https:\/\/librairie7l.com\/en\/produit\/sculpter\/#breadcrumb"},"inLanguage":"en-US","potentialAction":[{"@type":"ReadAction","target":["https:\/\/librairie7l.com\/en\/produit\/sculpter\/"]}]},{"@type":"BreadcrumbList","@id":"https:\/\/librairie7l.com\/en\/produit\/sculpter\/#breadcrumb","itemListElement":[{"@type":"ListItem","position":1,"name":"Accueil","item":"https:\/\/librairie7l.com\/en\/"},{"@type":"ListItem","position":2,"name":"Shop","item":"https:\/\/librairie7l.com\/en\/shop\/"},{"@type":"ListItem","position":3,"name":"SCULPTER"}]},{"@type":"WebSite","@id":"https:\/\/librairie7l.com\/en\/#website","url":"https:\/\/librairie7l.com\/en\/","name":"Librairie 7L","description":"Librairie fond\u00e9e en 1999 par Karl Lagerfeld \u00e0 Paris","publisher":{"@id":"https:\/\/librairie7l.com\/en\/#organization"},"potentialAction":[{"@type":"SearchAction","target":{"@type":"EntryPoint","urlTemplate":"https:\/\/librairie7l.com\/en\/?s={search_term_string}"},"query-input":"required name=search_term_string"}],"inLanguage":"en-US"},{"@type":"Organization","@id":"https:\/\/librairie7l.com\/en\/#organization","name":"Librairie 7L","url":"https:\/\/librairie7l.com\/en\/","logo":{"@type":"ImageObject","inLanguage":"en-US","@id":"https:\/\/librairie7l.com\/en\/#\/schema\/logo\/image\/","url":"https:\/\/librairie7l.com\/wp-content\/uploads\/2022\/08\/logo-1.png","contentUrl":"https:\/\/librairie7l.com\/wp-content\/uploads\/2022\/08\/logo-1.png","width":227,"height":301,"caption":"Librairie 7L"},"image":{"@id":"https:\/\/librairie7l.com\/en\/#\/schema\/logo\/image\/"}}]}},"_links":{"self":[{"href":"https:\/\/librairie7l.com\/en\/wp-json\/wp\/v2\/product\/37444"}],"collection":[{"href":"https:\/\/librairie7l.com\/en\/wp-json\/wp\/v2\/product"}],"about":[{"href":"https:\/\/librairie7l.com\/en\/wp-json\/wp\/v2\/types\/product"}],"wp:featuredmedia":[{"embeddable":true,"href":"https:\/\/librairie7l.com\/en\/wp-json\/wp\/v2\/media\/37442"}],"wp:attachment":[{"href":"https:\/\/librairie7l.com\/en\/wp-json\/wp\/v2\/media?parent=37444"}],"wp:term":[{"taxonomy":"product_cat","embeddable":true,"href":"https:\/\/librairie7l.com\/en\/wp-json\/wp\/v2\/product_cat?post=37444"},{"taxonomy":"product_tag","embeddable":true,"href":"https:\/\/librairie7l.com\/en\/wp-json\/wp\/v2\/product_tag?post=37444"}],"curies":[{"name":"wp","href":"https:\/\/api.w.org\/{rel}","templated":true}]}}