{"id":37454,"date":"2023-11-16T09:16:41","date_gmt":"2023-11-16T08:16:41","guid":{"rendered":"https:\/\/librairie7l.com\/?post_type=product&#038;p=37454"},"modified":"2026-04-05T19:06:13","modified_gmt":"2026-04-05T17:06:13","slug":"architecture-rurale-italienne","status":"publish","type":"product","link":"https:\/\/librairie7l.com\/en\/produit\/architecture-rurale-italienne\/","title":{"rendered":"ARCHITECTURE RURALE ITALIENNE"},"content":{"rendered":"<p>Architecture rurale italienne a acquis avec le temps  une dimension presque mythique: ce catalogue de  l&#8217;exposition qu&#8217;organise Giuseppe Pagano \u00e0 la Triennale de Milan en 1936 entend d\u00e9montrer le g\u00e9nie  fonctionnel de l&#8217;architecture rurale l\u00e9gu\u00e9e par la tradition la plus ancienne, et chercher dans la rationalit\u00e9  de l&#8217;architecture spontan\u00e9e sa valeur universelle.<br \/>\nPagano a parcouru l&#8217;Italie enti\u00e8re pour en rapporter ces photographies magistrales, que commente son  propos th\u00e9orique, r\u00e9flexion ardente sur la nature et les  devoirs de l&#8217;architecture moderne. Cette longue tradition de la construction rurale, cette \u00abarchitecture sans  architecte\u00bb, est l&#8217;\u00e9cole du fonctionnalisme que Pagano  appelle de ses voeux; et, photographi\u00e9e par lui, elle  fait percevoir, de la fa\u00e7on pour nous la plus poignante,  tous les prestiges de l&#8217;image et sa puissance de nostalgie, servies par la mise en page magnifique qui en fut  faite en 1936.<br \/>\nPour son \u00e9dition fran\u00e7aise, ce catalogue comprend  en annexe quelques \u00e9tudes appel\u00e9es par la figure  de Giuseppe Pagano (Parenzo, 1896 &#8211; Mauthausen,  1945), exceptionnelle \u00e0 plus d&#8217;un titre. Car celui-ci ne  fut pas seulement un architecte d\u00e9cisif de l&#8217;entre-deux  guerres, un photographe de premier plan, un th\u00e9oricien auteur d&#8217;innombrables articles dans les revues les  plus importantes du temps; il fut aussi un homme au destin exemplaire et singulier. Il crut ardemment \u00e0 la  \u00abr\u00e9volution fasciste\u00bb et \u00e0 ses promesses sociales; mais son exigence d&#8217;architecte en mesura les impasses,  et son opposition progressive au r\u00e9gime exc\u00e9da vite  le domaine de l&#8217;architecture pour devenir, au nom  m\u00eame de la dimension sociale de celle-ci, lutte politique puis engagement dans la R\u00e9sistance &#8211; jusqu&#8217;\u00e0  lui faire conna\u00eetre l&#8217;emprisonnement, la torture, la d\u00e9portation et la mort<\/p>\n","protected":false},"excerpt":{"rendered":"<p>Architecture rurale italienne a acquis avec le temps une dimension presque mythique: ce catalogue de l&#8217;exposition qu&#8217;organise Giuseppe Pagano \u00e0 la Triennale de Milan en 1936 entend d\u00e9montrer le g\u00e9nie fonctionnel de l&#8217;architecture rurale l\u00e9gu\u00e9e par la tradition la plus ancienne, et chercher dans la rationalit\u00e9 de l&#8217;architecture spontan\u00e9e sa valeur universelle. Pagano a parcouru [&hellip;]<\/p>\n","protected":false},"featured_media":37453,"template":"","meta":[],"product_cat":[2948,2950],"product_tag":[],"acf":[],"yoast_head":"<!-- This site is optimized with the Yoast SEO plugin v20.11 - https:\/\/yoast.com\/wordpress\/plugins\/seo\/ -->\n<title>Architecture rurale italienne - Librairie 7L<\/title>\n<meta name=\"robots\" content=\"index, follow, max-snippet:-1, max-image-preview:large, max-video-preview:-1\" \/>\n<link rel=\"canonical\" href=\"https:\/\/librairie7l.com\/en\/produit\/architecture-rurale-italienne\/\" \/>\n<meta property=\"og:locale\" content=\"en_US\" \/>\n<meta property=\"og:type\" content=\"article\" \/>\n<meta property=\"og:title\" content=\"Architecture rurale italienne - Librairie 7L\" \/>\n<meta property=\"og:description\" content=\"Architecture rurale italienne a acquis avec le temps une dimension presque mythique: ce catalogue de l&#8217;exposition qu&#8217;organise Giuseppe Pagano \u00e0 la Triennale de Milan en 1936 entend d\u00e9montrer le g\u00e9nie fonctionnel de l&#8217;architecture rurale l\u00e9gu\u00e9e par la tradition la plus ancienne, et chercher dans la rationalit\u00e9 de l&#8217;architecture spontan\u00e9e sa valeur universelle. Pagano a parcouru [&hellip;]\" \/>\n<meta property=\"og:url\" content=\"https:\/\/librairie7l.com\/en\/produit\/architecture-rurale-italienne\/\" \/>\n<meta property=\"og:site_name\" content=\"Librairie 7L\" \/>\n<meta property=\"article:modified_time\" content=\"2026-04-05T17:06:13+00:00\" \/>\n<meta property=\"og:image\" content=\"https:\/\/librairie7l.com\/wp-content\/uploads\/2023\/06\/9791097497576_1_75.jpg\" \/>\n\t<meta property=\"og:image:width\" content=\"400\" \/>\n\t<meta property=\"og:image:height\" content=\"436\" \/>\n\t<meta property=\"og:image:type\" content=\"image\/jpeg\" \/>\n<meta name=\"twitter:card\" content=\"summary_large_image\" \/>\n<meta name=\"twitter:label1\" content=\"Est. reading time\" \/>\n\t<meta name=\"twitter:data1\" content=\"1 minute\" \/>\n<script type=\"application\/ld+json\" class=\"yoast-schema-graph\">{\"@context\":\"https:\/\/schema.org\",\"@graph\":[{\"@type\":\"WebPage\",\"@id\":\"https:\/\/librairie7l.com\/en\/produit\/architecture-rurale-italienne\/\",\"url\":\"https:\/\/librairie7l.com\/en\/produit\/architecture-rurale-italienne\/\",\"name\":\"Architecture rurale italienne - Librairie 7L\",\"isPartOf\":{\"@id\":\"https:\/\/librairie7l.com\/en\/#website\"},\"datePublished\":\"2023-11-16T08:16:41+00:00\",\"dateModified\":\"2026-04-05T17:06:13+00:00\",\"breadcrumb\":{\"@id\":\"https:\/\/librairie7l.com\/en\/produit\/architecture-rurale-italienne\/#breadcrumb\"},\"inLanguage\":\"en-US\",\"potentialAction\":[{\"@type\":\"ReadAction\",\"target\":[\"https:\/\/librairie7l.com\/en\/produit\/architecture-rurale-italienne\/\"]}]},{\"@type\":\"BreadcrumbList\",\"@id\":\"https:\/\/librairie7l.com\/en\/produit\/architecture-rurale-italienne\/#breadcrumb\",\"itemListElement\":[{\"@type\":\"ListItem\",\"position\":1,\"name\":\"Accueil\",\"item\":\"https:\/\/librairie7l.com\/en\/\"},{\"@type\":\"ListItem\",\"position\":2,\"name\":\"Shop\",\"item\":\"https:\/\/librairie7l.com\/en\/shop\/\"},{\"@type\":\"ListItem\",\"position\":3,\"name\":\"ARCHITECTURE RURALE ITALIENNE\"}]},{\"@type\":\"WebSite\",\"@id\":\"https:\/\/librairie7l.com\/en\/#website\",\"url\":\"https:\/\/librairie7l.com\/en\/\",\"name\":\"Librairie 7L\",\"description\":\"Librairie fond\u00e9e en 1999 par Karl Lagerfeld \u00e0 Paris\",\"publisher\":{\"@id\":\"https:\/\/librairie7l.com\/en\/#organization\"},\"potentialAction\":[{\"@type\":\"SearchAction\",\"target\":{\"@type\":\"EntryPoint\",\"urlTemplate\":\"https:\/\/librairie7l.com\/en\/?s={search_term_string}\"},\"query-input\":\"required name=search_term_string\"}],\"inLanguage\":\"en-US\"},{\"@type\":\"Organization\",\"@id\":\"https:\/\/librairie7l.com\/en\/#organization\",\"name\":\"Librairie 7L\",\"url\":\"https:\/\/librairie7l.com\/en\/\",\"logo\":{\"@type\":\"ImageObject\",\"inLanguage\":\"en-US\",\"@id\":\"https:\/\/librairie7l.com\/en\/#\/schema\/logo\/image\/\",\"url\":\"https:\/\/librairie7l.com\/wp-content\/uploads\/2022\/08\/logo-1.png\",\"contentUrl\":\"https:\/\/librairie7l.com\/wp-content\/uploads\/2022\/08\/logo-1.png\",\"width\":227,\"height\":301,\"caption\":\"Librairie 7L\"},\"image\":{\"@id\":\"https:\/\/librairie7l.com\/en\/#\/schema\/logo\/image\/\"}}]}<\/script>\n<!-- \/ Yoast SEO plugin. -->","yoast_head_json":{"title":"Architecture rurale italienne - Librairie 7L","robots":{"index":"index","follow":"follow","max-snippet":"max-snippet:-1","max-image-preview":"max-image-preview:large","max-video-preview":"max-video-preview:-1"},"canonical":"https:\/\/librairie7l.com\/en\/produit\/architecture-rurale-italienne\/","og_locale":"en_US","og_type":"article","og_title":"Architecture rurale italienne - Librairie 7L","og_description":"Architecture rurale italienne a acquis avec le temps une dimension presque mythique: ce catalogue de l&#8217;exposition qu&#8217;organise Giuseppe Pagano \u00e0 la Triennale de Milan en 1936 entend d\u00e9montrer le g\u00e9nie fonctionnel de l&#8217;architecture rurale l\u00e9gu\u00e9e par la tradition la plus ancienne, et chercher dans la rationalit\u00e9 de l&#8217;architecture spontan\u00e9e sa valeur universelle. Pagano a parcouru [&hellip;]","og_url":"https:\/\/librairie7l.com\/en\/produit\/architecture-rurale-italienne\/","og_site_name":"Librairie 7L","article_modified_time":"2026-04-05T17:06:13+00:00","og_image":[{"width":400,"height":436,"url":"https:\/\/librairie7l.com\/wp-content\/uploads\/2023\/06\/9791097497576_1_75.jpg","type":"image\/jpeg"}],"twitter_card":"summary_large_image","twitter_misc":{"Est. reading time":"1 minute"},"schema":{"@context":"https:\/\/schema.org","@graph":[{"@type":"WebPage","@id":"https:\/\/librairie7l.com\/en\/produit\/architecture-rurale-italienne\/","url":"https:\/\/librairie7l.com\/en\/produit\/architecture-rurale-italienne\/","name":"Architecture rurale italienne - Librairie 7L","isPartOf":{"@id":"https:\/\/librairie7l.com\/en\/#website"},"datePublished":"2023-11-16T08:16:41+00:00","dateModified":"2026-04-05T17:06:13+00:00","breadcrumb":{"@id":"https:\/\/librairie7l.com\/en\/produit\/architecture-rurale-italienne\/#breadcrumb"},"inLanguage":"en-US","potentialAction":[{"@type":"ReadAction","target":["https:\/\/librairie7l.com\/en\/produit\/architecture-rurale-italienne\/"]}]},{"@type":"BreadcrumbList","@id":"https:\/\/librairie7l.com\/en\/produit\/architecture-rurale-italienne\/#breadcrumb","itemListElement":[{"@type":"ListItem","position":1,"name":"Accueil","item":"https:\/\/librairie7l.com\/en\/"},{"@type":"ListItem","position":2,"name":"Shop","item":"https:\/\/librairie7l.com\/en\/shop\/"},{"@type":"ListItem","position":3,"name":"ARCHITECTURE RURALE ITALIENNE"}]},{"@type":"WebSite","@id":"https:\/\/librairie7l.com\/en\/#website","url":"https:\/\/librairie7l.com\/en\/","name":"Librairie 7L","description":"Librairie fond\u00e9e en 1999 par Karl Lagerfeld \u00e0 Paris","publisher":{"@id":"https:\/\/librairie7l.com\/en\/#organization"},"potentialAction":[{"@type":"SearchAction","target":{"@type":"EntryPoint","urlTemplate":"https:\/\/librairie7l.com\/en\/?s={search_term_string}"},"query-input":"required name=search_term_string"}],"inLanguage":"en-US"},{"@type":"Organization","@id":"https:\/\/librairie7l.com\/en\/#organization","name":"Librairie 7L","url":"https:\/\/librairie7l.com\/en\/","logo":{"@type":"ImageObject","inLanguage":"en-US","@id":"https:\/\/librairie7l.com\/en\/#\/schema\/logo\/image\/","url":"https:\/\/librairie7l.com\/wp-content\/uploads\/2022\/08\/logo-1.png","contentUrl":"https:\/\/librairie7l.com\/wp-content\/uploads\/2022\/08\/logo-1.png","width":227,"height":301,"caption":"Librairie 7L"},"image":{"@id":"https:\/\/librairie7l.com\/en\/#\/schema\/logo\/image\/"}}]}},"_links":{"self":[{"href":"https:\/\/librairie7l.com\/en\/wp-json\/wp\/v2\/product\/37454"}],"collection":[{"href":"https:\/\/librairie7l.com\/en\/wp-json\/wp\/v2\/product"}],"about":[{"href":"https:\/\/librairie7l.com\/en\/wp-json\/wp\/v2\/types\/product"}],"wp:featuredmedia":[{"embeddable":true,"href":"https:\/\/librairie7l.com\/en\/wp-json\/wp\/v2\/media\/37453"}],"wp:attachment":[{"href":"https:\/\/librairie7l.com\/en\/wp-json\/wp\/v2\/media?parent=37454"}],"wp:term":[{"taxonomy":"product_cat","embeddable":true,"href":"https:\/\/librairie7l.com\/en\/wp-json\/wp\/v2\/product_cat?post=37454"},{"taxonomy":"product_tag","embeddable":true,"href":"https:\/\/librairie7l.com\/en\/wp-json\/wp\/v2\/product_tag?post=37454"}],"curies":[{"name":"wp","href":"https:\/\/api.w.org\/{rel}","templated":true}]}}