{"id":37513,"date":"2023-11-18T09:16:30","date_gmt":"2023-11-18T08:16:30","guid":{"rendered":"https:\/\/librairie7l.com\/?post_type=product&#038;p=37513"},"modified":"2026-04-30T07:05:33","modified_gmt":"2026-04-30T05:05:33","slug":"peindre-devant-soi","status":"publish","type":"product","link":"https:\/\/librairie7l.com\/en\/produit\/peindre-devant-soi\/","title":{"rendered":"PEINDRE DEVANT SOI"},"content":{"rendered":"<p>De Sarcelles \u00e0 New York, en passant par Cherbourg, Londres, Tokyo, Los Angeles et bien s\u00fbr Paris, voici le p\u00e9riple d&#8217;un globbe-trotteur du crayon et du pinceau : Jean-Philippe Delhomme raconte ici les multiples aventures professionnelles qui ont jalonn\u00e9 sa vie. Il fut tour \u00e0 tour et parfois simultan\u00e9ment illustrateur pour des magazines branch\u00e9s, peintre, romancier, dessinateur pour la publicit\u00e9&#8230; \u00c0 lire ses m\u00e9moires, on red\u00e9couvre une \u00e9poque, la fin du XXe si\u00e8cle, avant de rejoindre les temps pr\u00e9sents. Anecdotes et portraits savoureux \u00e9maillent ces pages largement illustr\u00e9es par des photos et documents. Delhomme, d\u00e9sormais artiste c\u00e9l\u00e8bre repr\u00e9sent\u00e9 par la galerie Perrotin, livre ici son secret : comment il faut avant tout \u00ab peindre ce qu&#8217;il y a devant soi \u00bb.<\/p>\n","protected":false},"excerpt":{"rendered":"<p>De Sarcelles \u00e0 New York, en passant par Cherbourg, Londres, Tokyo, Los Angeles et bien s\u00fbr Paris, voici le p\u00e9riple d&#8217;un globbe-trotteur du crayon et du pinceau : Jean-Philippe Delhomme raconte ici les multiples aventures professionnelles qui ont jalonn\u00e9 sa vie. Il fut tour \u00e0 tour et parfois simultan\u00e9ment illustrateur pour des magazines branch\u00e9s, peintre, [&hellip;]<\/p>\n","protected":false},"featured_media":38282,"template":"","meta":[],"product_cat":[55,2948,47,2953],"product_tag":[],"acf":[],"yoast_head":"<!-- This site is optimized with the Yoast SEO plugin v20.11 - https:\/\/yoast.com\/wordpress\/plugins\/seo\/ -->\n<title>Peindre devant soi - Librairie 7L<\/title>\n<meta name=\"robots\" content=\"index, follow, max-snippet:-1, max-image-preview:large, max-video-preview:-1\" \/>\n<link rel=\"canonical\" href=\"https:\/\/librairie7l.com\/en\/produit\/peindre-devant-soi\/\" \/>\n<meta property=\"og:locale\" content=\"en_US\" \/>\n<meta property=\"og:type\" content=\"article\" \/>\n<meta property=\"og:title\" content=\"Peindre devant soi - Librairie 7L\" \/>\n<meta property=\"og:description\" content=\"De Sarcelles \u00e0 New York, en passant par Cherbourg, Londres, Tokyo, Los Angeles et bien s\u00fbr Paris, voici le p\u00e9riple d&#8217;un globbe-trotteur du crayon et du pinceau : Jean-Philippe Delhomme raconte ici les multiples aventures professionnelles qui ont jalonn\u00e9 sa vie. Il fut tour \u00e0 tour et parfois simultan\u00e9ment illustrateur pour des magazines branch\u00e9s, peintre, [&hellip;]\" \/>\n<meta property=\"og:url\" content=\"https:\/\/librairie7l.com\/en\/produit\/peindre-devant-soi\/\" \/>\n<meta property=\"og:site_name\" content=\"Librairie 7L\" \/>\n<meta property=\"article:modified_time\" content=\"2026-04-30T05:05:33+00:00\" \/>\n<meta property=\"og:image\" content=\"https:\/\/librairie7l.com\/wp-content\/uploads\/2024\/01\/9782914823319_1_75.jpg\" \/>\n\t<meta property=\"og:image:width\" content=\"464\" \/>\n\t<meta property=\"og:image:height\" content=\"615\" \/>\n\t<meta property=\"og:image:type\" content=\"image\/jpeg\" \/>\n<meta name=\"twitter:card\" content=\"summary_large_image\" \/>\n<meta name=\"twitter:label1\" content=\"Est. reading time\" \/>\n\t<meta name=\"twitter:data1\" content=\"1 minute\" \/>\n<script type=\"application\/ld+json\" class=\"yoast-schema-graph\">{\"@context\":\"https:\/\/schema.org\",\"@graph\":[{\"@type\":\"WebPage\",\"@id\":\"https:\/\/librairie7l.com\/en\/produit\/peindre-devant-soi\/\",\"url\":\"https:\/\/librairie7l.com\/en\/produit\/peindre-devant-soi\/\",\"name\":\"Peindre devant soi - Librairie 7L\",\"isPartOf\":{\"@id\":\"https:\/\/librairie7l.com\/en\/#website\"},\"datePublished\":\"2023-11-18T08:16:30+00:00\",\"dateModified\":\"2026-04-30T05:05:33+00:00\",\"breadcrumb\":{\"@id\":\"https:\/\/librairie7l.com\/en\/produit\/peindre-devant-soi\/#breadcrumb\"},\"inLanguage\":\"en-US\",\"potentialAction\":[{\"@type\":\"ReadAction\",\"target\":[\"https:\/\/librairie7l.com\/en\/produit\/peindre-devant-soi\/\"]}]},{\"@type\":\"BreadcrumbList\",\"@id\":\"https:\/\/librairie7l.com\/en\/produit\/peindre-devant-soi\/#breadcrumb\",\"itemListElement\":[{\"@type\":\"ListItem\",\"position\":1,\"name\":\"Accueil\",\"item\":\"https:\/\/librairie7l.com\/en\/\"},{\"@type\":\"ListItem\",\"position\":2,\"name\":\"Shop\",\"item\":\"https:\/\/librairie7l.com\/en\/shop\/\"},{\"@type\":\"ListItem\",\"position\":3,\"name\":\"PEINDRE DEVANT SOI\"}]},{\"@type\":\"WebSite\",\"@id\":\"https:\/\/librairie7l.com\/en\/#website\",\"url\":\"https:\/\/librairie7l.com\/en\/\",\"name\":\"Librairie 7L\",\"description\":\"Librairie fond\u00e9e en 1999 par Karl Lagerfeld \u00e0 Paris\",\"publisher\":{\"@id\":\"https:\/\/librairie7l.com\/en\/#organization\"},\"potentialAction\":[{\"@type\":\"SearchAction\",\"target\":{\"@type\":\"EntryPoint\",\"urlTemplate\":\"https:\/\/librairie7l.com\/en\/?s={search_term_string}\"},\"query-input\":\"required name=search_term_string\"}],\"inLanguage\":\"en-US\"},{\"@type\":\"Organization\",\"@id\":\"https:\/\/librairie7l.com\/en\/#organization\",\"name\":\"Librairie 7L\",\"url\":\"https:\/\/librairie7l.com\/en\/\",\"logo\":{\"@type\":\"ImageObject\",\"inLanguage\":\"en-US\",\"@id\":\"https:\/\/librairie7l.com\/en\/#\/schema\/logo\/image\/\",\"url\":\"https:\/\/librairie7l.com\/wp-content\/uploads\/2022\/08\/logo-1.png\",\"contentUrl\":\"https:\/\/librairie7l.com\/wp-content\/uploads\/2022\/08\/logo-1.png\",\"width\":227,\"height\":301,\"caption\":\"Librairie 7L\"},\"image\":{\"@id\":\"https:\/\/librairie7l.com\/en\/#\/schema\/logo\/image\/\"}}]}<\/script>\n<!-- \/ Yoast SEO plugin. -->","yoast_head_json":{"title":"Peindre devant soi - Librairie 7L","robots":{"index":"index","follow":"follow","max-snippet":"max-snippet:-1","max-image-preview":"max-image-preview:large","max-video-preview":"max-video-preview:-1"},"canonical":"https:\/\/librairie7l.com\/en\/produit\/peindre-devant-soi\/","og_locale":"en_US","og_type":"article","og_title":"Peindre devant soi - Librairie 7L","og_description":"De Sarcelles \u00e0 New York, en passant par Cherbourg, Londres, Tokyo, Los Angeles et bien s\u00fbr Paris, voici le p\u00e9riple d&#8217;un globbe-trotteur du crayon et du pinceau : Jean-Philippe Delhomme raconte ici les multiples aventures professionnelles qui ont jalonn\u00e9 sa vie. Il fut tour \u00e0 tour et parfois simultan\u00e9ment illustrateur pour des magazines branch\u00e9s, peintre, [&hellip;]","og_url":"https:\/\/librairie7l.com\/en\/produit\/peindre-devant-soi\/","og_site_name":"Librairie 7L","article_modified_time":"2026-04-30T05:05:33+00:00","og_image":[{"width":464,"height":615,"url":"https:\/\/librairie7l.com\/wp-content\/uploads\/2024\/01\/9782914823319_1_75.jpg","type":"image\/jpeg"}],"twitter_card":"summary_large_image","twitter_misc":{"Est. reading time":"1 minute"},"schema":{"@context":"https:\/\/schema.org","@graph":[{"@type":"WebPage","@id":"https:\/\/librairie7l.com\/en\/produit\/peindre-devant-soi\/","url":"https:\/\/librairie7l.com\/en\/produit\/peindre-devant-soi\/","name":"Peindre devant soi - Librairie 7L","isPartOf":{"@id":"https:\/\/librairie7l.com\/en\/#website"},"datePublished":"2023-11-18T08:16:30+00:00","dateModified":"2026-04-30T05:05:33+00:00","breadcrumb":{"@id":"https:\/\/librairie7l.com\/en\/produit\/peindre-devant-soi\/#breadcrumb"},"inLanguage":"en-US","potentialAction":[{"@type":"ReadAction","target":["https:\/\/librairie7l.com\/en\/produit\/peindre-devant-soi\/"]}]},{"@type":"BreadcrumbList","@id":"https:\/\/librairie7l.com\/en\/produit\/peindre-devant-soi\/#breadcrumb","itemListElement":[{"@type":"ListItem","position":1,"name":"Accueil","item":"https:\/\/librairie7l.com\/en\/"},{"@type":"ListItem","position":2,"name":"Shop","item":"https:\/\/librairie7l.com\/en\/shop\/"},{"@type":"ListItem","position":3,"name":"PEINDRE DEVANT SOI"}]},{"@type":"WebSite","@id":"https:\/\/librairie7l.com\/en\/#website","url":"https:\/\/librairie7l.com\/en\/","name":"Librairie 7L","description":"Librairie fond\u00e9e en 1999 par Karl Lagerfeld \u00e0 Paris","publisher":{"@id":"https:\/\/librairie7l.com\/en\/#organization"},"potentialAction":[{"@type":"SearchAction","target":{"@type":"EntryPoint","urlTemplate":"https:\/\/librairie7l.com\/en\/?s={search_term_string}"},"query-input":"required name=search_term_string"}],"inLanguage":"en-US"},{"@type":"Organization","@id":"https:\/\/librairie7l.com\/en\/#organization","name":"Librairie 7L","url":"https:\/\/librairie7l.com\/en\/","logo":{"@type":"ImageObject","inLanguage":"en-US","@id":"https:\/\/librairie7l.com\/en\/#\/schema\/logo\/image\/","url":"https:\/\/librairie7l.com\/wp-content\/uploads\/2022\/08\/logo-1.png","contentUrl":"https:\/\/librairie7l.com\/wp-content\/uploads\/2022\/08\/logo-1.png","width":227,"height":301,"caption":"Librairie 7L"},"image":{"@id":"https:\/\/librairie7l.com\/en\/#\/schema\/logo\/image\/"}}]}},"_links":{"self":[{"href":"https:\/\/librairie7l.com\/en\/wp-json\/wp\/v2\/product\/37513"}],"collection":[{"href":"https:\/\/librairie7l.com\/en\/wp-json\/wp\/v2\/product"}],"about":[{"href":"https:\/\/librairie7l.com\/en\/wp-json\/wp\/v2\/types\/product"}],"wp:featuredmedia":[{"embeddable":true,"href":"https:\/\/librairie7l.com\/en\/wp-json\/wp\/v2\/media\/38282"}],"wp:attachment":[{"href":"https:\/\/librairie7l.com\/en\/wp-json\/wp\/v2\/media?parent=37513"}],"wp:term":[{"taxonomy":"product_cat","embeddable":true,"href":"https:\/\/librairie7l.com\/en\/wp-json\/wp\/v2\/product_cat?post=37513"},{"taxonomy":"product_tag","embeddable":true,"href":"https:\/\/librairie7l.com\/en\/wp-json\/wp\/v2\/product_tag?post=37513"}],"curies":[{"name":"wp","href":"https:\/\/api.w.org\/{rel}","templated":true}]}}