{"id":37536,"date":"2023-11-21T11:48:29","date_gmt":"2023-11-21T10:48:29","guid":{"rendered":"https:\/\/librairie7l.com\/?post_type=product&#038;p=37536"},"modified":"2026-04-22T08:32:25","modified_gmt":"2026-04-22T06:32:25","slug":"varda-par-agnes","status":"publish","type":"product","link":"https:\/\/librairie7l.com\/en\/produit\/varda-par-agnes\/","title":{"rendered":"VARDA PAR AGN\u00c8S"},"content":{"rendered":"<p>\u00ab Exp\u00e9rience nouvelle, voyage dans mes souvenirs, j&#8217;ai eu besoin d&#8217;images pour \u00e9crire. Le livre en noir et blanc et en couleurs est tr\u00e8s illustr\u00e9, tr\u00e8s vari\u00e9, tr\u00e8s conforme \u00e0 mes r\u00e9flexions m\u00eal\u00e9es d&#8217;anecdotes. Il est question de cin\u00e9criture, de montage, de documentaires et de fictions. \u00bb Ainsi parlait Agn\u00e8s Varda de ce livre publi\u00e9 en 1994, et depuis longtemps \u00e9puis\u00e9. C&#8217;est pourquoi nous avons d\u00e9cid\u00e9 de le r\u00e9\u00e9diter, et de lui offrir une suite dans ce second volume rassemblant les films qu&#8217;elle a r\u00e9alis\u00e9s entre 1994 et 2019. L&#8217;ensemble est pr\u00e9sent\u00e9 dans ce coffret, riche des paroles d&#8217;Agn\u00e8s et de plus de 1 000 documents, pour la plupart issus des archives de Cin\u00e9-Tamaris, la soci\u00e9t\u00e9 qu&#8217;elle avait cr\u00e9\u00e9e.<\/p>\n","protected":false},"excerpt":{"rendered":"<p>\u00ab Exp\u00e9rience nouvelle, voyage dans mes souvenirs, j&#8217;ai eu besoin d&#8217;images pour \u00e9crire. Le livre en noir et blanc et en couleurs est tr\u00e8s illustr\u00e9, tr\u00e8s vari\u00e9, tr\u00e8s conforme \u00e0 mes r\u00e9flexions m\u00eal\u00e9es d&#8217;anecdotes. Il est question de cin\u00e9criture, de montage, de documentaires et de fictions. \u00bb Ainsi parlait Agn\u00e8s Varda de ce livre publi\u00e9 [&hellip;]<\/p>\n","protected":false},"featured_media":37534,"template":"","meta":[],"product_cat":[2948,2958],"product_tag":[],"acf":[],"yoast_head":"<!-- This site is optimized with the Yoast SEO plugin v20.11 - https:\/\/yoast.com\/wordpress\/plugins\/seo\/ -->\n<title>Varda par Agn\u00e8s - Librairie 7L<\/title>\n<meta name=\"robots\" content=\"index, follow, max-snippet:-1, max-image-preview:large, max-video-preview:-1\" \/>\n<link rel=\"canonical\" href=\"https:\/\/librairie7l.com\/en\/produit\/varda-par-agnes\/\" \/>\n<meta property=\"og:locale\" content=\"en_US\" \/>\n<meta property=\"og:type\" content=\"article\" \/>\n<meta property=\"og:title\" content=\"Varda par Agn\u00e8s - Librairie 7L\" \/>\n<meta property=\"og:description\" content=\"\u00ab Exp\u00e9rience nouvelle, voyage dans mes souvenirs, j&#8217;ai eu besoin d&#8217;images pour \u00e9crire. Le livre en noir et blanc et en couleurs est tr\u00e8s illustr\u00e9, tr\u00e8s vari\u00e9, tr\u00e8s conforme \u00e0 mes r\u00e9flexions m\u00eal\u00e9es d&#8217;anecdotes. Il est question de cin\u00e9criture, de montage, de documentaires et de fictions. \u00bb Ainsi parlait Agn\u00e8s Varda de ce livre publi\u00e9 [&hellip;]\" \/>\n<meta property=\"og:url\" content=\"https:\/\/librairie7l.com\/en\/produit\/varda-par-agnes\/\" \/>\n<meta property=\"og:site_name\" content=\"Librairie 7L\" \/>\n<meta property=\"article:modified_time\" content=\"2026-04-22T06:32:25+00:00\" \/>\n<meta property=\"og:image\" content=\"https:\/\/librairie7l.com\/wp-content\/uploads\/2023\/06\/9782732471525_1_75.jpg\" \/>\n\t<meta property=\"og:image:width\" content=\"600\" \/>\n\t<meta property=\"og:image:height\" content=\"875\" \/>\n\t<meta property=\"og:image:type\" content=\"image\/jpeg\" \/>\n<meta name=\"twitter:card\" content=\"summary_large_image\" \/>\n<meta name=\"twitter:label1\" content=\"Est. reading time\" \/>\n\t<meta name=\"twitter:data1\" content=\"1 minute\" \/>\n<script type=\"application\/ld+json\" class=\"yoast-schema-graph\">{\"@context\":\"https:\/\/schema.org\",\"@graph\":[{\"@type\":\"WebPage\",\"@id\":\"https:\/\/librairie7l.com\/en\/produit\/varda-par-agnes\/\",\"url\":\"https:\/\/librairie7l.com\/en\/produit\/varda-par-agnes\/\",\"name\":\"Varda par Agn\u00e8s - Librairie 7L\",\"isPartOf\":{\"@id\":\"https:\/\/librairie7l.com\/en\/#website\"},\"datePublished\":\"2023-11-21T10:48:29+00:00\",\"dateModified\":\"2026-04-22T06:32:25+00:00\",\"breadcrumb\":{\"@id\":\"https:\/\/librairie7l.com\/en\/produit\/varda-par-agnes\/#breadcrumb\"},\"inLanguage\":\"en-US\",\"potentialAction\":[{\"@type\":\"ReadAction\",\"target\":[\"https:\/\/librairie7l.com\/en\/produit\/varda-par-agnes\/\"]}]},{\"@type\":\"BreadcrumbList\",\"@id\":\"https:\/\/librairie7l.com\/en\/produit\/varda-par-agnes\/#breadcrumb\",\"itemListElement\":[{\"@type\":\"ListItem\",\"position\":1,\"name\":\"Accueil\",\"item\":\"https:\/\/librairie7l.com\/en\/\"},{\"@type\":\"ListItem\",\"position\":2,\"name\":\"Shop\",\"item\":\"https:\/\/librairie7l.com\/en\/shop\/\"},{\"@type\":\"ListItem\",\"position\":3,\"name\":\"VARDA PAR AGN\u00c8S\"}]},{\"@type\":\"WebSite\",\"@id\":\"https:\/\/librairie7l.com\/en\/#website\",\"url\":\"https:\/\/librairie7l.com\/en\/\",\"name\":\"Librairie 7L\",\"description\":\"Librairie fond\u00e9e en 1999 par Karl Lagerfeld \u00e0 Paris\",\"publisher\":{\"@id\":\"https:\/\/librairie7l.com\/en\/#organization\"},\"potentialAction\":[{\"@type\":\"SearchAction\",\"target\":{\"@type\":\"EntryPoint\",\"urlTemplate\":\"https:\/\/librairie7l.com\/en\/?s={search_term_string}\"},\"query-input\":\"required name=search_term_string\"}],\"inLanguage\":\"en-US\"},{\"@type\":\"Organization\",\"@id\":\"https:\/\/librairie7l.com\/en\/#organization\",\"name\":\"Librairie 7L\",\"url\":\"https:\/\/librairie7l.com\/en\/\",\"logo\":{\"@type\":\"ImageObject\",\"inLanguage\":\"en-US\",\"@id\":\"https:\/\/librairie7l.com\/en\/#\/schema\/logo\/image\/\",\"url\":\"https:\/\/librairie7l.com\/wp-content\/uploads\/2022\/08\/logo-1.png\",\"contentUrl\":\"https:\/\/librairie7l.com\/wp-content\/uploads\/2022\/08\/logo-1.png\",\"width\":227,\"height\":301,\"caption\":\"Librairie 7L\"},\"image\":{\"@id\":\"https:\/\/librairie7l.com\/en\/#\/schema\/logo\/image\/\"}}]}<\/script>\n<!-- \/ Yoast SEO plugin. -->","yoast_head_json":{"title":"Varda par Agn\u00e8s - Librairie 7L","robots":{"index":"index","follow":"follow","max-snippet":"max-snippet:-1","max-image-preview":"max-image-preview:large","max-video-preview":"max-video-preview:-1"},"canonical":"https:\/\/librairie7l.com\/en\/produit\/varda-par-agnes\/","og_locale":"en_US","og_type":"article","og_title":"Varda par Agn\u00e8s - Librairie 7L","og_description":"\u00ab Exp\u00e9rience nouvelle, voyage dans mes souvenirs, j&#8217;ai eu besoin d&#8217;images pour \u00e9crire. Le livre en noir et blanc et en couleurs est tr\u00e8s illustr\u00e9, tr\u00e8s vari\u00e9, tr\u00e8s conforme \u00e0 mes r\u00e9flexions m\u00eal\u00e9es d&#8217;anecdotes. Il est question de cin\u00e9criture, de montage, de documentaires et de fictions. \u00bb Ainsi parlait Agn\u00e8s Varda de ce livre publi\u00e9 [&hellip;]","og_url":"https:\/\/librairie7l.com\/en\/produit\/varda-par-agnes\/","og_site_name":"Librairie 7L","article_modified_time":"2026-04-22T06:32:25+00:00","og_image":[{"width":600,"height":875,"url":"https:\/\/librairie7l.com\/wp-content\/uploads\/2023\/06\/9782732471525_1_75.jpg","type":"image\/jpeg"}],"twitter_card":"summary_large_image","twitter_misc":{"Est. reading time":"1 minute"},"schema":{"@context":"https:\/\/schema.org","@graph":[{"@type":"WebPage","@id":"https:\/\/librairie7l.com\/en\/produit\/varda-par-agnes\/","url":"https:\/\/librairie7l.com\/en\/produit\/varda-par-agnes\/","name":"Varda par Agn\u00e8s - Librairie 7L","isPartOf":{"@id":"https:\/\/librairie7l.com\/en\/#website"},"datePublished":"2023-11-21T10:48:29+00:00","dateModified":"2026-04-22T06:32:25+00:00","breadcrumb":{"@id":"https:\/\/librairie7l.com\/en\/produit\/varda-par-agnes\/#breadcrumb"},"inLanguage":"en-US","potentialAction":[{"@type":"ReadAction","target":["https:\/\/librairie7l.com\/en\/produit\/varda-par-agnes\/"]}]},{"@type":"BreadcrumbList","@id":"https:\/\/librairie7l.com\/en\/produit\/varda-par-agnes\/#breadcrumb","itemListElement":[{"@type":"ListItem","position":1,"name":"Accueil","item":"https:\/\/librairie7l.com\/en\/"},{"@type":"ListItem","position":2,"name":"Shop","item":"https:\/\/librairie7l.com\/en\/shop\/"},{"@type":"ListItem","position":3,"name":"VARDA PAR AGN\u00c8S"}]},{"@type":"WebSite","@id":"https:\/\/librairie7l.com\/en\/#website","url":"https:\/\/librairie7l.com\/en\/","name":"Librairie 7L","description":"Librairie fond\u00e9e en 1999 par Karl Lagerfeld \u00e0 Paris","publisher":{"@id":"https:\/\/librairie7l.com\/en\/#organization"},"potentialAction":[{"@type":"SearchAction","target":{"@type":"EntryPoint","urlTemplate":"https:\/\/librairie7l.com\/en\/?s={search_term_string}"},"query-input":"required name=search_term_string"}],"inLanguage":"en-US"},{"@type":"Organization","@id":"https:\/\/librairie7l.com\/en\/#organization","name":"Librairie 7L","url":"https:\/\/librairie7l.com\/en\/","logo":{"@type":"ImageObject","inLanguage":"en-US","@id":"https:\/\/librairie7l.com\/en\/#\/schema\/logo\/image\/","url":"https:\/\/librairie7l.com\/wp-content\/uploads\/2022\/08\/logo-1.png","contentUrl":"https:\/\/librairie7l.com\/wp-content\/uploads\/2022\/08\/logo-1.png","width":227,"height":301,"caption":"Librairie 7L"},"image":{"@id":"https:\/\/librairie7l.com\/en\/#\/schema\/logo\/image\/"}}]}},"_links":{"self":[{"href":"https:\/\/librairie7l.com\/en\/wp-json\/wp\/v2\/product\/37536"}],"collection":[{"href":"https:\/\/librairie7l.com\/en\/wp-json\/wp\/v2\/product"}],"about":[{"href":"https:\/\/librairie7l.com\/en\/wp-json\/wp\/v2\/types\/product"}],"wp:featuredmedia":[{"embeddable":true,"href":"https:\/\/librairie7l.com\/en\/wp-json\/wp\/v2\/media\/37534"}],"wp:attachment":[{"href":"https:\/\/librairie7l.com\/en\/wp-json\/wp\/v2\/media?parent=37536"}],"wp:term":[{"taxonomy":"product_cat","embeddable":true,"href":"https:\/\/librairie7l.com\/en\/wp-json\/wp\/v2\/product_cat?post=37536"},{"taxonomy":"product_tag","embeddable":true,"href":"https:\/\/librairie7l.com\/en\/wp-json\/wp\/v2\/product_tag?post=37536"}],"curies":[{"name":"wp","href":"https:\/\/api.w.org\/{rel}","templated":true}]}}