{"id":37551,"date":"2023-11-21T12:34:30","date_gmt":"2023-11-21T11:34:30","guid":{"rendered":"https:\/\/librairie7l.com\/?post_type=product&#038;p=37551"},"modified":"2026-04-06T06:01:34","modified_gmt":"2026-04-06T04:01:34","slug":"la-terre-en-colere-deluges-seismes-et-autres-catastrophes","status":"publish","type":"product","link":"https:\/\/librairie7l.com\/en\/produit\/la-terre-en-colere-deluges-seismes-et-autres-catastrophes\/","title":{"rendered":"LA TERRE EN COL\u00c8RE : D\u00c9LUGES, S\u00c9ISMES ET AUTRES CATASTROPHES"},"content":{"rendered":"<p>Depuis les premi\u00e8res traces de fusain sur les parois des grottes pal\u00e9olithiques jusqu&#8217;aux oeuvres non figuratives contemporaines, la peinture explore des sensations, affronte le r\u00e9el et raconte des histoires. Parmi ces histoires, les \u00e9pisodes de la Bible ont longtemps tenu une place de choix, illustrant ce que les hommes &#8211; et les femmes &#8211; attendaient de la vie, ce qu&#8217;ils esp\u00e9raient ou redoutaient, ce qu&#8217;ils ressentaient, parfois ce qu&#8217;ils pressentaient. \u00c0 c\u00f4t\u00e9 de joies passag\u00e8res qui habitaient les paysages et les portraits, l&#8217;histoire et la g\u00e9ographie apportaient leur lot inusable de petites temp\u00eates et de grands chagrins. Par force, nombre de tableaux montrent la Terre en col\u00e8re. Mais la peinture elle-m\u00eame reste le coeur du sujet : que ce soit Michel-Ange, Turner, Warhol, elle agit pour que cette col\u00e8re soit, en quelque sorte, transcend\u00e9e.<\/p>\n","protected":false},"excerpt":{"rendered":"<p>Depuis les premi\u00e8res traces de fusain sur les parois des grottes pal\u00e9olithiques jusqu&#8217;aux oeuvres non figuratives contemporaines, la peinture explore des sensations, affronte le r\u00e9el et raconte des histoires. Parmi ces histoires, les \u00e9pisodes de la Bible ont longtemps tenu une place de choix, illustrant ce que les hommes &#8211; et les femmes &#8211; attendaient [&hellip;]<\/p>\n","protected":false},"featured_media":37549,"template":"","meta":[],"product_cat":[55,2948,47,2953],"product_tag":[],"acf":[],"yoast_head":"<!-- This site is optimized with the Yoast SEO plugin v20.11 - https:\/\/yoast.com\/wordpress\/plugins\/seo\/ -->\n<title>La terre en col\u00e8re : d\u00e9luges, s\u00e9ismes et autres catastrophes - Librairie 7L<\/title>\n<meta name=\"robots\" content=\"index, follow, max-snippet:-1, max-image-preview:large, max-video-preview:-1\" \/>\n<link rel=\"canonical\" href=\"https:\/\/librairie7l.com\/en\/produit\/la-terre-en-colere-deluges-seismes-et-autres-catastrophes\/\" \/>\n<meta property=\"og:locale\" content=\"en_US\" \/>\n<meta property=\"og:type\" content=\"article\" \/>\n<meta property=\"og:title\" content=\"La terre en col\u00e8re : d\u00e9luges, s\u00e9ismes et autres catastrophes - Librairie 7L\" \/>\n<meta property=\"og:description\" content=\"Depuis les premi\u00e8res traces de fusain sur les parois des grottes pal\u00e9olithiques jusqu&#8217;aux oeuvres non figuratives contemporaines, la peinture explore des sensations, affronte le r\u00e9el et raconte des histoires. Parmi ces histoires, les \u00e9pisodes de la Bible ont longtemps tenu une place de choix, illustrant ce que les hommes &#8211; et les femmes &#8211; attendaient [&hellip;]\" \/>\n<meta property=\"og:url\" content=\"https:\/\/librairie7l.com\/en\/produit\/la-terre-en-colere-deluges-seismes-et-autres-catastrophes\/\" \/>\n<meta property=\"og:site_name\" content=\"Librairie 7L\" \/>\n<meta property=\"article:modified_time\" content=\"2026-04-06T04:01:34+00:00\" \/>\n<meta property=\"og:image\" content=\"https:\/\/librairie7l.com\/wp-content\/uploads\/2023\/06\/9782021514896_1_75.jpg\" \/>\n\t<meta property=\"og:image:width\" content=\"600\" \/>\n\t<meta property=\"og:image:height\" content=\"725\" \/>\n\t<meta property=\"og:image:type\" content=\"image\/jpeg\" \/>\n<meta name=\"twitter:card\" content=\"summary_large_image\" \/>\n<meta name=\"twitter:label1\" content=\"Est. reading time\" \/>\n\t<meta name=\"twitter:data1\" content=\"1 minute\" \/>\n<script type=\"application\/ld+json\" class=\"yoast-schema-graph\">{\"@context\":\"https:\/\/schema.org\",\"@graph\":[{\"@type\":\"WebPage\",\"@id\":\"https:\/\/librairie7l.com\/en\/produit\/la-terre-en-colere-deluges-seismes-et-autres-catastrophes\/\",\"url\":\"https:\/\/librairie7l.com\/en\/produit\/la-terre-en-colere-deluges-seismes-et-autres-catastrophes\/\",\"name\":\"La terre en col\u00e8re : d\u00e9luges, s\u00e9ismes et autres catastrophes - Librairie 7L\",\"isPartOf\":{\"@id\":\"https:\/\/librairie7l.com\/en\/#website\"},\"datePublished\":\"2023-11-21T11:34:30+00:00\",\"dateModified\":\"2026-04-06T04:01:34+00:00\",\"breadcrumb\":{\"@id\":\"https:\/\/librairie7l.com\/en\/produit\/la-terre-en-colere-deluges-seismes-et-autres-catastrophes\/#breadcrumb\"},\"inLanguage\":\"en-US\",\"potentialAction\":[{\"@type\":\"ReadAction\",\"target\":[\"https:\/\/librairie7l.com\/en\/produit\/la-terre-en-colere-deluges-seismes-et-autres-catastrophes\/\"]}]},{\"@type\":\"BreadcrumbList\",\"@id\":\"https:\/\/librairie7l.com\/en\/produit\/la-terre-en-colere-deluges-seismes-et-autres-catastrophes\/#breadcrumb\",\"itemListElement\":[{\"@type\":\"ListItem\",\"position\":1,\"name\":\"Accueil\",\"item\":\"https:\/\/librairie7l.com\/en\/\"},{\"@type\":\"ListItem\",\"position\":2,\"name\":\"Shop\",\"item\":\"https:\/\/librairie7l.com\/en\/shop\/\"},{\"@type\":\"ListItem\",\"position\":3,\"name\":\"LA TERRE EN COL\u00c8RE : D\u00c9LUGES, S\u00c9ISMES ET AUTRES CATASTROPHES\"}]},{\"@type\":\"WebSite\",\"@id\":\"https:\/\/librairie7l.com\/en\/#website\",\"url\":\"https:\/\/librairie7l.com\/en\/\",\"name\":\"Librairie 7L\",\"description\":\"Librairie fond\u00e9e en 1999 par Karl Lagerfeld \u00e0 Paris\",\"publisher\":{\"@id\":\"https:\/\/librairie7l.com\/en\/#organization\"},\"potentialAction\":[{\"@type\":\"SearchAction\",\"target\":{\"@type\":\"EntryPoint\",\"urlTemplate\":\"https:\/\/librairie7l.com\/en\/?s={search_term_string}\"},\"query-input\":\"required name=search_term_string\"}],\"inLanguage\":\"en-US\"},{\"@type\":\"Organization\",\"@id\":\"https:\/\/librairie7l.com\/en\/#organization\",\"name\":\"Librairie 7L\",\"url\":\"https:\/\/librairie7l.com\/en\/\",\"logo\":{\"@type\":\"ImageObject\",\"inLanguage\":\"en-US\",\"@id\":\"https:\/\/librairie7l.com\/en\/#\/schema\/logo\/image\/\",\"url\":\"https:\/\/librairie7l.com\/wp-content\/uploads\/2022\/08\/logo-1.png\",\"contentUrl\":\"https:\/\/librairie7l.com\/wp-content\/uploads\/2022\/08\/logo-1.png\",\"width\":227,\"height\":301,\"caption\":\"Librairie 7L\"},\"image\":{\"@id\":\"https:\/\/librairie7l.com\/en\/#\/schema\/logo\/image\/\"}}]}<\/script>\n<!-- \/ Yoast SEO plugin. -->","yoast_head_json":{"title":"La terre en col\u00e8re : d\u00e9luges, s\u00e9ismes et autres catastrophes - Librairie 7L","robots":{"index":"index","follow":"follow","max-snippet":"max-snippet:-1","max-image-preview":"max-image-preview:large","max-video-preview":"max-video-preview:-1"},"canonical":"https:\/\/librairie7l.com\/en\/produit\/la-terre-en-colere-deluges-seismes-et-autres-catastrophes\/","og_locale":"en_US","og_type":"article","og_title":"La terre en col\u00e8re : d\u00e9luges, s\u00e9ismes et autres catastrophes - Librairie 7L","og_description":"Depuis les premi\u00e8res traces de fusain sur les parois des grottes pal\u00e9olithiques jusqu&#8217;aux oeuvres non figuratives contemporaines, la peinture explore des sensations, affronte le r\u00e9el et raconte des histoires. Parmi ces histoires, les \u00e9pisodes de la Bible ont longtemps tenu une place de choix, illustrant ce que les hommes &#8211; et les femmes &#8211; attendaient [&hellip;]","og_url":"https:\/\/librairie7l.com\/en\/produit\/la-terre-en-colere-deluges-seismes-et-autres-catastrophes\/","og_site_name":"Librairie 7L","article_modified_time":"2026-04-06T04:01:34+00:00","og_image":[{"width":600,"height":725,"url":"https:\/\/librairie7l.com\/wp-content\/uploads\/2023\/06\/9782021514896_1_75.jpg","type":"image\/jpeg"}],"twitter_card":"summary_large_image","twitter_misc":{"Est. reading time":"1 minute"},"schema":{"@context":"https:\/\/schema.org","@graph":[{"@type":"WebPage","@id":"https:\/\/librairie7l.com\/en\/produit\/la-terre-en-colere-deluges-seismes-et-autres-catastrophes\/","url":"https:\/\/librairie7l.com\/en\/produit\/la-terre-en-colere-deluges-seismes-et-autres-catastrophes\/","name":"La terre en col\u00e8re : d\u00e9luges, s\u00e9ismes et autres catastrophes - Librairie 7L","isPartOf":{"@id":"https:\/\/librairie7l.com\/en\/#website"},"datePublished":"2023-11-21T11:34:30+00:00","dateModified":"2026-04-06T04:01:34+00:00","breadcrumb":{"@id":"https:\/\/librairie7l.com\/en\/produit\/la-terre-en-colere-deluges-seismes-et-autres-catastrophes\/#breadcrumb"},"inLanguage":"en-US","potentialAction":[{"@type":"ReadAction","target":["https:\/\/librairie7l.com\/en\/produit\/la-terre-en-colere-deluges-seismes-et-autres-catastrophes\/"]}]},{"@type":"BreadcrumbList","@id":"https:\/\/librairie7l.com\/en\/produit\/la-terre-en-colere-deluges-seismes-et-autres-catastrophes\/#breadcrumb","itemListElement":[{"@type":"ListItem","position":1,"name":"Accueil","item":"https:\/\/librairie7l.com\/en\/"},{"@type":"ListItem","position":2,"name":"Shop","item":"https:\/\/librairie7l.com\/en\/shop\/"},{"@type":"ListItem","position":3,"name":"LA TERRE EN COL\u00c8RE : D\u00c9LUGES, S\u00c9ISMES ET AUTRES CATASTROPHES"}]},{"@type":"WebSite","@id":"https:\/\/librairie7l.com\/en\/#website","url":"https:\/\/librairie7l.com\/en\/","name":"Librairie 7L","description":"Librairie fond\u00e9e en 1999 par Karl Lagerfeld \u00e0 Paris","publisher":{"@id":"https:\/\/librairie7l.com\/en\/#organization"},"potentialAction":[{"@type":"SearchAction","target":{"@type":"EntryPoint","urlTemplate":"https:\/\/librairie7l.com\/en\/?s={search_term_string}"},"query-input":"required name=search_term_string"}],"inLanguage":"en-US"},{"@type":"Organization","@id":"https:\/\/librairie7l.com\/en\/#organization","name":"Librairie 7L","url":"https:\/\/librairie7l.com\/en\/","logo":{"@type":"ImageObject","inLanguage":"en-US","@id":"https:\/\/librairie7l.com\/en\/#\/schema\/logo\/image\/","url":"https:\/\/librairie7l.com\/wp-content\/uploads\/2022\/08\/logo-1.png","contentUrl":"https:\/\/librairie7l.com\/wp-content\/uploads\/2022\/08\/logo-1.png","width":227,"height":301,"caption":"Librairie 7L"},"image":{"@id":"https:\/\/librairie7l.com\/en\/#\/schema\/logo\/image\/"}}]}},"_links":{"self":[{"href":"https:\/\/librairie7l.com\/en\/wp-json\/wp\/v2\/product\/37551"}],"collection":[{"href":"https:\/\/librairie7l.com\/en\/wp-json\/wp\/v2\/product"}],"about":[{"href":"https:\/\/librairie7l.com\/en\/wp-json\/wp\/v2\/types\/product"}],"wp:featuredmedia":[{"embeddable":true,"href":"https:\/\/librairie7l.com\/en\/wp-json\/wp\/v2\/media\/37549"}],"wp:attachment":[{"href":"https:\/\/librairie7l.com\/en\/wp-json\/wp\/v2\/media?parent=37551"}],"wp:term":[{"taxonomy":"product_cat","embeddable":true,"href":"https:\/\/librairie7l.com\/en\/wp-json\/wp\/v2\/product_cat?post=37551"},{"taxonomy":"product_tag","embeddable":true,"href":"https:\/\/librairie7l.com\/en\/wp-json\/wp\/v2\/product_tag?post=37551"}],"curies":[{"name":"wp","href":"https:\/\/api.w.org\/{rel}","templated":true}]}}