{"id":37559,"date":"2024-06-25T17:06:03","date_gmt":"2024-06-25T15:06:03","guid":{"rendered":"https:\/\/librairie7l.com\/?post_type=product&#038;p=37559"},"modified":"2026-04-05T23:36:50","modified_gmt":"2026-04-05T21:36:50","slug":"dedales-tome-3","status":"publish","type":"product","link":"https:\/\/librairie7l.com\/en\/produit\/dedales-tome-3\/","title":{"rendered":"D\u00c9DALES TOME 3"},"content":{"rendered":"<p>Pour Brian Milner et Laurie Dunn, le clap de fin approche. Entour\u00e9s de leurs amis, les deux protagonistes se r\u00e9unissent une derni\u00e8re fois pr\u00e8s d&#8217;un lac pour tourner les ultimes sc\u00e8nes de leur film amateur. Le soir venu, autour du feu de camp sur lequel grillent les poissons p\u00each\u00e9s dans la journ\u00e9e, l&#8217;heure est \u00e0 la f\u00eate et toutes conditions d&#8217;une happy end sont rassembl\u00e9es. Pourtant, l&#8217;histoire ne semble pas suivre le storyboard initial&#8230;<br \/>\nEnchev\u00eatrant subtilement le cin\u00e9ma et la vraie vie, D\u00e9dales est une s\u00e9rie qui construit sa narration autour du rapport entre l&#8217;inconscient et sa repr\u00e9sentation. Ce th\u00e8me est ici d\u00e9clin\u00e9 par Charles Burns \u00e0 travers d&#8217;incroyables s\u00e9quences o\u00f9 le r\u00eave devient source d&#8217;inspiration de la fiction mais aussi une \u00e9chappatoire \u00e0 la r\u00e9alit\u00e9.<br \/>\nJouant avec la confusion des genres, Burns nous plonge dans une histoire qui oscille sans cesse entre science-fiction, romance et film d&#8217;horreur pour mieux nous emmener l\u00e0 o\u00f9 on s&#8217;y attend le moins. Il nous offre dans ce dernier et ultime tome un d\u00e9nouement sublime qui, comme dans tout grand film, laisse de profondes r\u00e9miniscences bien apr\u00e8s le g\u00e9n\u00e9rique.<\/p>\n<p>\u00ab C&#8217;est encore le portrait d&#8217;une jeunesse que dresse l&#8217;auteur de Black Hole, celle de l&#8217;Am\u00e9rique des petites villes, faite de r\u00eaves et de premier amour et de copain\u00b7e\u00b7s celle aussi du passage de l&#8217;adolescence \u00e0 la vie adulte. Burns \u00e9voque son attachement au cin\u00e9ma, mais traite aussi de th\u00e8mes universels, tels que l&#8217;alt\u00e9rit\u00e9 comme l&#8217;inadaptation \u00e0 une soci\u00e9t\u00e9&#8230; \u00bb.<br \/>\nS\u00e9lection officielle Angoul\u00eame 2023.<\/p>\n","protected":false},"excerpt":{"rendered":"<p>Pour Brian Milner et Laurie Dunn, le clap de fin approche. Entour\u00e9s de leurs amis, les deux protagonistes se r\u00e9unissent une derni\u00e8re fois pr\u00e8s d&#8217;un lac pour tourner les ultimes sc\u00e8nes de leur film amateur. Le soir venu, autour du feu de camp sur lequel grillent les poissons p\u00each\u00e9s dans la journ\u00e9e, l&#8217;heure est \u00e0 [&hellip;]<\/p>\n","protected":false},"featured_media":37557,"template":"","meta":[],"product_cat":[55,2948,47,2953],"product_tag":[],"acf":[],"yoast_head":"<!-- This site is optimized with the Yoast SEO plugin v20.11 - https:\/\/yoast.com\/wordpress\/plugins\/seo\/ -->\n<title>D\u00e9dales Tome 3 - Librairie 7L<\/title>\n<meta name=\"robots\" content=\"index, follow, max-snippet:-1, max-image-preview:large, max-video-preview:-1\" \/>\n<link rel=\"canonical\" href=\"https:\/\/librairie7l.com\/en\/produit\/dedales-tome-3\/\" \/>\n<meta property=\"og:locale\" content=\"en_US\" \/>\n<meta property=\"og:type\" content=\"article\" \/>\n<meta property=\"og:title\" content=\"D\u00e9dales Tome 3 - Librairie 7L\" \/>\n<meta property=\"og:description\" content=\"Pour Brian Milner et Laurie Dunn, le clap de fin approche. Entour\u00e9s de leurs amis, les deux protagonistes se r\u00e9unissent une derni\u00e8re fois pr\u00e8s d&#8217;un lac pour tourner les ultimes sc\u00e8nes de leur film amateur. Le soir venu, autour du feu de camp sur lequel grillent les poissons p\u00each\u00e9s dans la journ\u00e9e, l&#8217;heure est \u00e0 [&hellip;]\" \/>\n<meta property=\"og:url\" content=\"https:\/\/librairie7l.com\/en\/produit\/dedales-tome-3\/\" \/>\n<meta property=\"og:site_name\" content=\"Librairie 7L\" \/>\n<meta property=\"article:modified_time\" content=\"2026-04-05T21:36:50+00:00\" \/>\n<meta property=\"og:image\" content=\"https:\/\/librairie7l.com\/wp-content\/uploads\/2023\/05\/9782360812080_1_75.jpg\" \/>\n\t<meta property=\"og:image:width\" content=\"584\" \/>\n\t<meta property=\"og:image:height\" content=\"800\" \/>\n\t<meta property=\"og:image:type\" content=\"image\/jpeg\" \/>\n<meta name=\"twitter:card\" content=\"summary_large_image\" \/>\n<meta name=\"twitter:label1\" content=\"Est. reading time\" \/>\n\t<meta name=\"twitter:data1\" content=\"1 minute\" \/>\n<script type=\"application\/ld+json\" class=\"yoast-schema-graph\">{\"@context\":\"https:\/\/schema.org\",\"@graph\":[{\"@type\":\"WebPage\",\"@id\":\"https:\/\/librairie7l.com\/en\/produit\/dedales-tome-3\/\",\"url\":\"https:\/\/librairie7l.com\/en\/produit\/dedales-tome-3\/\",\"name\":\"D\u00e9dales Tome 3 - Librairie 7L\",\"isPartOf\":{\"@id\":\"https:\/\/librairie7l.com\/en\/#website\"},\"datePublished\":\"2024-06-25T15:06:03+00:00\",\"dateModified\":\"2026-04-05T21:36:50+00:00\",\"breadcrumb\":{\"@id\":\"https:\/\/librairie7l.com\/en\/produit\/dedales-tome-3\/#breadcrumb\"},\"inLanguage\":\"en-US\",\"potentialAction\":[{\"@type\":\"ReadAction\",\"target\":[\"https:\/\/librairie7l.com\/en\/produit\/dedales-tome-3\/\"]}]},{\"@type\":\"BreadcrumbList\",\"@id\":\"https:\/\/librairie7l.com\/en\/produit\/dedales-tome-3\/#breadcrumb\",\"itemListElement\":[{\"@type\":\"ListItem\",\"position\":1,\"name\":\"Accueil\",\"item\":\"https:\/\/librairie7l.com\/en\/\"},{\"@type\":\"ListItem\",\"position\":2,\"name\":\"Shop\",\"item\":\"https:\/\/librairie7l.com\/en\/shop\/\"},{\"@type\":\"ListItem\",\"position\":3,\"name\":\"D\u00c9DALES TOME 3\"}]},{\"@type\":\"WebSite\",\"@id\":\"https:\/\/librairie7l.com\/en\/#website\",\"url\":\"https:\/\/librairie7l.com\/en\/\",\"name\":\"Librairie 7L\",\"description\":\"Librairie fond\u00e9e en 1999 par Karl Lagerfeld \u00e0 Paris\",\"publisher\":{\"@id\":\"https:\/\/librairie7l.com\/en\/#organization\"},\"potentialAction\":[{\"@type\":\"SearchAction\",\"target\":{\"@type\":\"EntryPoint\",\"urlTemplate\":\"https:\/\/librairie7l.com\/en\/?s={search_term_string}\"},\"query-input\":\"required name=search_term_string\"}],\"inLanguage\":\"en-US\"},{\"@type\":\"Organization\",\"@id\":\"https:\/\/librairie7l.com\/en\/#organization\",\"name\":\"Librairie 7L\",\"url\":\"https:\/\/librairie7l.com\/en\/\",\"logo\":{\"@type\":\"ImageObject\",\"inLanguage\":\"en-US\",\"@id\":\"https:\/\/librairie7l.com\/en\/#\/schema\/logo\/image\/\",\"url\":\"https:\/\/librairie7l.com\/wp-content\/uploads\/2022\/08\/logo-1.png\",\"contentUrl\":\"https:\/\/librairie7l.com\/wp-content\/uploads\/2022\/08\/logo-1.png\",\"width\":227,\"height\":301,\"caption\":\"Librairie 7L\"},\"image\":{\"@id\":\"https:\/\/librairie7l.com\/en\/#\/schema\/logo\/image\/\"}}]}<\/script>\n<!-- \/ Yoast SEO plugin. -->","yoast_head_json":{"title":"D\u00e9dales Tome 3 - Librairie 7L","robots":{"index":"index","follow":"follow","max-snippet":"max-snippet:-1","max-image-preview":"max-image-preview:large","max-video-preview":"max-video-preview:-1"},"canonical":"https:\/\/librairie7l.com\/en\/produit\/dedales-tome-3\/","og_locale":"en_US","og_type":"article","og_title":"D\u00e9dales Tome 3 - Librairie 7L","og_description":"Pour Brian Milner et Laurie Dunn, le clap de fin approche. Entour\u00e9s de leurs amis, les deux protagonistes se r\u00e9unissent une derni\u00e8re fois pr\u00e8s d&#8217;un lac pour tourner les ultimes sc\u00e8nes de leur film amateur. Le soir venu, autour du feu de camp sur lequel grillent les poissons p\u00each\u00e9s dans la journ\u00e9e, l&#8217;heure est \u00e0 [&hellip;]","og_url":"https:\/\/librairie7l.com\/en\/produit\/dedales-tome-3\/","og_site_name":"Librairie 7L","article_modified_time":"2026-04-05T21:36:50+00:00","og_image":[{"width":584,"height":800,"url":"https:\/\/librairie7l.com\/wp-content\/uploads\/2023\/05\/9782360812080_1_75.jpg","type":"image\/jpeg"}],"twitter_card":"summary_large_image","twitter_misc":{"Est. reading time":"1 minute"},"schema":{"@context":"https:\/\/schema.org","@graph":[{"@type":"WebPage","@id":"https:\/\/librairie7l.com\/en\/produit\/dedales-tome-3\/","url":"https:\/\/librairie7l.com\/en\/produit\/dedales-tome-3\/","name":"D\u00e9dales Tome 3 - Librairie 7L","isPartOf":{"@id":"https:\/\/librairie7l.com\/en\/#website"},"datePublished":"2024-06-25T15:06:03+00:00","dateModified":"2026-04-05T21:36:50+00:00","breadcrumb":{"@id":"https:\/\/librairie7l.com\/en\/produit\/dedales-tome-3\/#breadcrumb"},"inLanguage":"en-US","potentialAction":[{"@type":"ReadAction","target":["https:\/\/librairie7l.com\/en\/produit\/dedales-tome-3\/"]}]},{"@type":"BreadcrumbList","@id":"https:\/\/librairie7l.com\/en\/produit\/dedales-tome-3\/#breadcrumb","itemListElement":[{"@type":"ListItem","position":1,"name":"Accueil","item":"https:\/\/librairie7l.com\/en\/"},{"@type":"ListItem","position":2,"name":"Shop","item":"https:\/\/librairie7l.com\/en\/shop\/"},{"@type":"ListItem","position":3,"name":"D\u00c9DALES TOME 3"}]},{"@type":"WebSite","@id":"https:\/\/librairie7l.com\/en\/#website","url":"https:\/\/librairie7l.com\/en\/","name":"Librairie 7L","description":"Librairie fond\u00e9e en 1999 par Karl Lagerfeld \u00e0 Paris","publisher":{"@id":"https:\/\/librairie7l.com\/en\/#organization"},"potentialAction":[{"@type":"SearchAction","target":{"@type":"EntryPoint","urlTemplate":"https:\/\/librairie7l.com\/en\/?s={search_term_string}"},"query-input":"required name=search_term_string"}],"inLanguage":"en-US"},{"@type":"Organization","@id":"https:\/\/librairie7l.com\/en\/#organization","name":"Librairie 7L","url":"https:\/\/librairie7l.com\/en\/","logo":{"@type":"ImageObject","inLanguage":"en-US","@id":"https:\/\/librairie7l.com\/en\/#\/schema\/logo\/image\/","url":"https:\/\/librairie7l.com\/wp-content\/uploads\/2022\/08\/logo-1.png","contentUrl":"https:\/\/librairie7l.com\/wp-content\/uploads\/2022\/08\/logo-1.png","width":227,"height":301,"caption":"Librairie 7L"},"image":{"@id":"https:\/\/librairie7l.com\/en\/#\/schema\/logo\/image\/"}}]}},"_links":{"self":[{"href":"https:\/\/librairie7l.com\/en\/wp-json\/wp\/v2\/product\/37559"}],"collection":[{"href":"https:\/\/librairie7l.com\/en\/wp-json\/wp\/v2\/product"}],"about":[{"href":"https:\/\/librairie7l.com\/en\/wp-json\/wp\/v2\/types\/product"}],"wp:featuredmedia":[{"embeddable":true,"href":"https:\/\/librairie7l.com\/en\/wp-json\/wp\/v2\/media\/37557"}],"wp:attachment":[{"href":"https:\/\/librairie7l.com\/en\/wp-json\/wp\/v2\/media?parent=37559"}],"wp:term":[{"taxonomy":"product_cat","embeddable":true,"href":"https:\/\/librairie7l.com\/en\/wp-json\/wp\/v2\/product_cat?post=37559"},{"taxonomy":"product_tag","embeddable":true,"href":"https:\/\/librairie7l.com\/en\/wp-json\/wp\/v2\/product_tag?post=37559"}],"curies":[{"name":"wp","href":"https:\/\/api.w.org\/{rel}","templated":true}]}}