{"id":37563,"date":"2024-06-25T17:06:06","date_gmt":"2024-06-25T15:06:06","guid":{"rendered":"https:\/\/librairie7l.com\/?post_type=product&#038;p=37563"},"modified":"2026-05-06T11:53:34","modified_gmt":"2026-05-06T09:53:34","slug":"dedales-tome-1","status":"publish","type":"product","link":"https:\/\/librairie7l.com\/en\/produit\/dedales-tome-1\/","title":{"rendered":"D\u00c9DALES TOME 1"},"content":{"rendered":"<p>Absorb\u00e9 par l&#8217;image d\u00e9form\u00e9e que lui renvoie le grille pain en face de lui, Brian Milner s&#8217;aper\u00e7oit qu&#8217;il est en train de dessiner un auto-portait. Dans la pi\u00e8ce derri\u00e8re lui, \u00e0 des ann\u00e9es lumi\u00e8res de sa propre pens\u00e9e, ses amis font la f\u00eate. L&#8217;esprit de Brian a d\u00e9j\u00e0 travers\u00e9 l&#8217;espace pour se perdre dans un autre monde o\u00f9 tout est plus vivant, plus \u00e9tincelant, lorsqu&#8217;une ombre se glisse derri\u00e8re lui. Cette premi\u00e8re rencontre avec Laurie marque le d\u00e9but d&#8217;une nouvelle histoire dont elle jouera le r\u00f4le principal.<br \/>\nEnchev\u00eatrant subtilement le cin\u00e9ma et la vraie vie, D\u00e9dales est le premier tome d&#8217;une s\u00e9rie qui construit sa narration autour du rapport entre l&#8217;inconscient et sa repr\u00e9sentation. Ce th\u00e8me, qui puise ses sources dans les fondements de la psychanalyse, est ici d\u00e9clin\u00e9 par Charles Burns \u00e0 travers d&#8217;incroyables s\u00e9quences o\u00f9 le r\u00eave devient source d&#8217;inspiration de la fiction. Pour l&#8217;auteur, comme pour Brian, le personnage central de la s\u00e9rie, la cam\u00e9ra et le crayon deviennent alors des outils introspectifs qui cr\u00e9ent un pont entre l&#8217;imagination et la r\u00e9alit\u00e9. Burns s&#8217;amuse ainsi \u00e0 nous semer dans diff\u00e9rents niveaux de lecture pour mieux renforcer le sentiment d&#8217;\u00e9tranget\u00e9 qui se d\u00e9gage de ses illustrations. Il livre au passage un brillant hommage au cin\u00e9ma fantastique et \u00e0 sa capacit\u00e9 d&#8217;agir comme un miroir d\u00e9formant de l&#8217;existence. Le premier tome de cette nouvelle s\u00e9rie, publi\u00e9 en exclusivit\u00e9 mondiale, prouve une nouvelle fois le g\u00e9nie de Charles Burns \u00e0 travers son aptitude \u00e0 s&#8217;emparer de sujets toujours plus complexes tout en cr\u00e9ant des liens d\u00e9licats entre les disciplines artistiques, le tout, servi par un dessin \u00e9poustouflant.<\/p>\n","protected":false},"excerpt":{"rendered":"<p>Absorb\u00e9 par l&#8217;image d\u00e9form\u00e9e que lui renvoie le grille pain en face de lui, Brian Milner s&#8217;aper\u00e7oit qu&#8217;il est en train de dessiner un auto-portait. Dans la pi\u00e8ce derri\u00e8re lui, \u00e0 des ann\u00e9es lumi\u00e8res de sa propre pens\u00e9e, ses amis font la f\u00eate. L&#8217;esprit de Brian a d\u00e9j\u00e0 travers\u00e9 l&#8217;espace pour se perdre dans un [&hellip;]<\/p>\n","protected":false},"featured_media":37561,"template":"","meta":[],"product_cat":[2948,2953],"product_tag":[],"acf":[],"yoast_head":"<!-- This site is optimized with the Yoast SEO plugin v20.11 - https:\/\/yoast.com\/wordpress\/plugins\/seo\/ -->\n<title>D\u00e9dales Tome 1 - Librairie 7L<\/title>\n<meta name=\"robots\" content=\"index, follow, max-snippet:-1, max-image-preview:large, max-video-preview:-1\" \/>\n<link rel=\"canonical\" href=\"https:\/\/librairie7l.com\/en\/produit\/dedales-tome-1\/\" \/>\n<meta property=\"og:locale\" content=\"en_US\" \/>\n<meta property=\"og:type\" content=\"article\" \/>\n<meta property=\"og:title\" content=\"D\u00e9dales Tome 1 - Librairie 7L\" \/>\n<meta property=\"og:description\" content=\"Absorb\u00e9 par l&#8217;image d\u00e9form\u00e9e que lui renvoie le grille pain en face de lui, Brian Milner s&#8217;aper\u00e7oit qu&#8217;il est en train de dessiner un auto-portait. Dans la pi\u00e8ce derri\u00e8re lui, \u00e0 des ann\u00e9es lumi\u00e8res de sa propre pens\u00e9e, ses amis font la f\u00eate. L&#8217;esprit de Brian a d\u00e9j\u00e0 travers\u00e9 l&#8217;espace pour se perdre dans un [&hellip;]\" \/>\n<meta property=\"og:url\" content=\"https:\/\/librairie7l.com\/en\/produit\/dedales-tome-1\/\" \/>\n<meta property=\"og:site_name\" content=\"Librairie 7L\" \/>\n<meta property=\"article:modified_time\" content=\"2026-05-06T09:53:34+00:00\" \/>\n<meta property=\"og:image\" content=\"https:\/\/librairie7l.com\/wp-content\/uploads\/2019\/05\/9782360811649_1_75.jpg\" \/>\n\t<meta property=\"og:image:width\" content=\"600\" \/>\n\t<meta property=\"og:image:height\" content=\"816\" \/>\n\t<meta property=\"og:image:type\" content=\"image\/jpeg\" \/>\n<meta name=\"twitter:card\" content=\"summary_large_image\" \/>\n<meta name=\"twitter:label1\" content=\"Est. reading time\" \/>\n\t<meta name=\"twitter:data1\" content=\"1 minute\" \/>\n<script type=\"application\/ld+json\" class=\"yoast-schema-graph\">{\"@context\":\"https:\/\/schema.org\",\"@graph\":[{\"@type\":\"WebPage\",\"@id\":\"https:\/\/librairie7l.com\/en\/produit\/dedales-tome-1\/\",\"url\":\"https:\/\/librairie7l.com\/en\/produit\/dedales-tome-1\/\",\"name\":\"D\u00e9dales Tome 1 - Librairie 7L\",\"isPartOf\":{\"@id\":\"https:\/\/librairie7l.com\/en\/#website\"},\"datePublished\":\"2024-06-25T15:06:06+00:00\",\"dateModified\":\"2026-05-06T09:53:34+00:00\",\"breadcrumb\":{\"@id\":\"https:\/\/librairie7l.com\/en\/produit\/dedales-tome-1\/#breadcrumb\"},\"inLanguage\":\"en-US\",\"potentialAction\":[{\"@type\":\"ReadAction\",\"target\":[\"https:\/\/librairie7l.com\/en\/produit\/dedales-tome-1\/\"]}]},{\"@type\":\"BreadcrumbList\",\"@id\":\"https:\/\/librairie7l.com\/en\/produit\/dedales-tome-1\/#breadcrumb\",\"itemListElement\":[{\"@type\":\"ListItem\",\"position\":1,\"name\":\"Accueil\",\"item\":\"https:\/\/librairie7l.com\/en\/\"},{\"@type\":\"ListItem\",\"position\":2,\"name\":\"Shop\",\"item\":\"https:\/\/librairie7l.com\/en\/shop\/\"},{\"@type\":\"ListItem\",\"position\":3,\"name\":\"D\u00c9DALES TOME 1\"}]},{\"@type\":\"WebSite\",\"@id\":\"https:\/\/librairie7l.com\/en\/#website\",\"url\":\"https:\/\/librairie7l.com\/en\/\",\"name\":\"Librairie 7L\",\"description\":\"Librairie fond\u00e9e en 1999 par Karl Lagerfeld \u00e0 Paris\",\"publisher\":{\"@id\":\"https:\/\/librairie7l.com\/en\/#organization\"},\"potentialAction\":[{\"@type\":\"SearchAction\",\"target\":{\"@type\":\"EntryPoint\",\"urlTemplate\":\"https:\/\/librairie7l.com\/en\/?s={search_term_string}\"},\"query-input\":\"required name=search_term_string\"}],\"inLanguage\":\"en-US\"},{\"@type\":\"Organization\",\"@id\":\"https:\/\/librairie7l.com\/en\/#organization\",\"name\":\"Librairie 7L\",\"url\":\"https:\/\/librairie7l.com\/en\/\",\"logo\":{\"@type\":\"ImageObject\",\"inLanguage\":\"en-US\",\"@id\":\"https:\/\/librairie7l.com\/en\/#\/schema\/logo\/image\/\",\"url\":\"https:\/\/librairie7l.com\/wp-content\/uploads\/2022\/08\/logo-1.png\",\"contentUrl\":\"https:\/\/librairie7l.com\/wp-content\/uploads\/2022\/08\/logo-1.png\",\"width\":227,\"height\":301,\"caption\":\"Librairie 7L\"},\"image\":{\"@id\":\"https:\/\/librairie7l.com\/en\/#\/schema\/logo\/image\/\"}}]}<\/script>\n<!-- \/ Yoast SEO plugin. -->","yoast_head_json":{"title":"D\u00e9dales Tome 1 - Librairie 7L","robots":{"index":"index","follow":"follow","max-snippet":"max-snippet:-1","max-image-preview":"max-image-preview:large","max-video-preview":"max-video-preview:-1"},"canonical":"https:\/\/librairie7l.com\/en\/produit\/dedales-tome-1\/","og_locale":"en_US","og_type":"article","og_title":"D\u00e9dales Tome 1 - Librairie 7L","og_description":"Absorb\u00e9 par l&#8217;image d\u00e9form\u00e9e que lui renvoie le grille pain en face de lui, Brian Milner s&#8217;aper\u00e7oit qu&#8217;il est en train de dessiner un auto-portait. Dans la pi\u00e8ce derri\u00e8re lui, \u00e0 des ann\u00e9es lumi\u00e8res de sa propre pens\u00e9e, ses amis font la f\u00eate. L&#8217;esprit de Brian a d\u00e9j\u00e0 travers\u00e9 l&#8217;espace pour se perdre dans un [&hellip;]","og_url":"https:\/\/librairie7l.com\/en\/produit\/dedales-tome-1\/","og_site_name":"Librairie 7L","article_modified_time":"2026-05-06T09:53:34+00:00","og_image":[{"width":600,"height":816,"url":"https:\/\/librairie7l.com\/wp-content\/uploads\/2019\/05\/9782360811649_1_75.jpg","type":"image\/jpeg"}],"twitter_card":"summary_large_image","twitter_misc":{"Est. reading time":"1 minute"},"schema":{"@context":"https:\/\/schema.org","@graph":[{"@type":"WebPage","@id":"https:\/\/librairie7l.com\/en\/produit\/dedales-tome-1\/","url":"https:\/\/librairie7l.com\/en\/produit\/dedales-tome-1\/","name":"D\u00e9dales Tome 1 - Librairie 7L","isPartOf":{"@id":"https:\/\/librairie7l.com\/en\/#website"},"datePublished":"2024-06-25T15:06:06+00:00","dateModified":"2026-05-06T09:53:34+00:00","breadcrumb":{"@id":"https:\/\/librairie7l.com\/en\/produit\/dedales-tome-1\/#breadcrumb"},"inLanguage":"en-US","potentialAction":[{"@type":"ReadAction","target":["https:\/\/librairie7l.com\/en\/produit\/dedales-tome-1\/"]}]},{"@type":"BreadcrumbList","@id":"https:\/\/librairie7l.com\/en\/produit\/dedales-tome-1\/#breadcrumb","itemListElement":[{"@type":"ListItem","position":1,"name":"Accueil","item":"https:\/\/librairie7l.com\/en\/"},{"@type":"ListItem","position":2,"name":"Shop","item":"https:\/\/librairie7l.com\/en\/shop\/"},{"@type":"ListItem","position":3,"name":"D\u00c9DALES TOME 1"}]},{"@type":"WebSite","@id":"https:\/\/librairie7l.com\/en\/#website","url":"https:\/\/librairie7l.com\/en\/","name":"Librairie 7L","description":"Librairie fond\u00e9e en 1999 par Karl Lagerfeld \u00e0 Paris","publisher":{"@id":"https:\/\/librairie7l.com\/en\/#organization"},"potentialAction":[{"@type":"SearchAction","target":{"@type":"EntryPoint","urlTemplate":"https:\/\/librairie7l.com\/en\/?s={search_term_string}"},"query-input":"required name=search_term_string"}],"inLanguage":"en-US"},{"@type":"Organization","@id":"https:\/\/librairie7l.com\/en\/#organization","name":"Librairie 7L","url":"https:\/\/librairie7l.com\/en\/","logo":{"@type":"ImageObject","inLanguage":"en-US","@id":"https:\/\/librairie7l.com\/en\/#\/schema\/logo\/image\/","url":"https:\/\/librairie7l.com\/wp-content\/uploads\/2022\/08\/logo-1.png","contentUrl":"https:\/\/librairie7l.com\/wp-content\/uploads\/2022\/08\/logo-1.png","width":227,"height":301,"caption":"Librairie 7L"},"image":{"@id":"https:\/\/librairie7l.com\/en\/#\/schema\/logo\/image\/"}}]}},"_links":{"self":[{"href":"https:\/\/librairie7l.com\/en\/wp-json\/wp\/v2\/product\/37563"}],"collection":[{"href":"https:\/\/librairie7l.com\/en\/wp-json\/wp\/v2\/product"}],"about":[{"href":"https:\/\/librairie7l.com\/en\/wp-json\/wp\/v2\/types\/product"}],"wp:featuredmedia":[{"embeddable":true,"href":"https:\/\/librairie7l.com\/en\/wp-json\/wp\/v2\/media\/37561"}],"wp:attachment":[{"href":"https:\/\/librairie7l.com\/en\/wp-json\/wp\/v2\/media?parent=37563"}],"wp:term":[{"taxonomy":"product_cat","embeddable":true,"href":"https:\/\/librairie7l.com\/en\/wp-json\/wp\/v2\/product_cat?post=37563"},{"taxonomy":"product_tag","embeddable":true,"href":"https:\/\/librairie7l.com\/en\/wp-json\/wp\/v2\/product_tag?post=37563"}],"curies":[{"name":"wp","href":"https:\/\/api.w.org\/{rel}","templated":true}]}}