{"id":37575,"date":"2024-06-25T17:06:12","date_gmt":"2024-06-25T15:06:12","guid":{"rendered":"https:\/\/librairie7l.com\/?post_type=product&#038;p=37575"},"modified":"2026-04-10T13:07:09","modified_gmt":"2026-04-10T11:07:09","slug":"programme-de-desordre-absolu-decoloniser-le-musee","status":"publish","type":"product","link":"https:\/\/librairie7l.com\/en\/produit\/programme-de-desordre-absolu-decoloniser-le-musee\/","title":{"rendered":"PROGRAMME DE D\u00c9SORDRE ABSOLU : D\u00c9COLONISER LE MUS\u00c9E"},"content":{"rendered":"<p>La d\u00e9colonisation du mus\u00e9e occidental universel est impossible, c&#8217;est l&#8217;argument de d\u00e9part. Elle est impossible parce que pour que la d\u00e9colonisation du mus\u00e9e soit accomplie, il faudrait des bouleversements qui remettraient radicalement en cause ses fondements, son fonctionnement, sa structure, sa mission, ses objectifs, et d\u00e8s lors, pourrionsnous encore parler de mus\u00e9e ? Le mus\u00e9e, qui n&#8217;a jamais \u00e9t\u00e9 un espace neutre, prot\u00e9g\u00e9 des luttes sociales et id\u00e9ologiques, symbolise la puissance de l&#8217;\u00c9tat, la richesse de la nation et son niveau de \u00ab civilisation \u00bb. Dire que cette d\u00e9colonisation est impossible ne veut pas dire qu&#8217;il ne faut pas se battre pour que des amendements, des changements et des transformations de cette institution aient lieu, que des n\u00e9gociations ne soient pas entreprises avec les communaut\u00e9s dont des objets sont expos\u00e9s, r\u00e9pondant ainsi \u00e0 des exigences de r\u00e9paration et de restitution et de justice \u00e9pist\u00e9mologique et sociale.<br \/>\nFran\u00e7oise Verg\u00e8s part de cette impossibilit\u00e9 pour penser ce qui serait possible, ce qui remplacerait le mus\u00e9e dans un monde post-raciste et post-capitaliste. Car si le programme de la d\u00e9colonisation est celui d&#8217;un \u00ab d\u00e9sordre absolu \u00bb car il \u00ab se propose de changer l&#8217;ordre du monde \u00bb (Frantz Fanon, Les damn\u00e9s de la terre, Maspero, 1961), alors il nous faut imaginer ce qu&#8217;est ce programme. S&#8217;attaquer \u00e0 l&#8217;ordre de ce monde (et non du monde, pour \u00eatre pr\u00e9cise), c&#8217;est s&#8217;attaquer \u00e0 ses institutions.<br \/>\nLe premier chapitre revient sur une d\u00e9faite, celle du projet Maison des civilisations et de l&#8217;unit\u00e9 r\u00e9unionnaise \u00e0 l&#8217;\u00eele de La R\u00e9union et explique pourquoi cette d\u00e9faite \u00e9tait in\u00e9vitable dans un contexte de colonialit\u00e9. Ensuite, l&#8217;auteure rappelle le r\u00f4le du pillage dans la constitution du plus grand mus\u00e9e fran\u00e7ais, le Louvre, accompli par les arm\u00e9es napol\u00e9oniennes dans des \u00c9tats d&#8217;Europe et en \u00c9gypte, \u00e9tablissant ainsi une politique qui trouvera son plein d\u00e9veloppement avec la colonisation. Puis l&#8217;auteure pr\u00e9sente des pratiques qu&#8217;elle a imagin\u00e9es et mises en oeuvre qui cherchent \u00e0 exp\u00e9rimenter des m\u00e9thodes collectives de performance artistiques. La conclusion portera sur \u00ab l&#8217;abolition-r\u00e9volution \u00bb ou le programme d\u00e9colonial de d\u00e9sordre absolu.<\/p>\n","protected":false},"excerpt":{"rendered":"<p>La d\u00e9colonisation du mus\u00e9e occidental universel est impossible, c&#8217;est l&#8217;argument de d\u00e9part. Elle est impossible parce que pour que la d\u00e9colonisation du mus\u00e9e soit accomplie, il faudrait des bouleversements qui remettraient radicalement en cause ses fondements, son fonctionnement, sa structure, sa mission, ses objectifs, et d\u00e8s lors, pourrionsnous encore parler de mus\u00e9e ? Le mus\u00e9e, [&hellip;]<\/p>\n","protected":false},"featured_media":37573,"template":"","meta":[],"product_cat":[2948,2953],"product_tag":[],"acf":[],"yoast_head":"<!-- This site is optimized with the Yoast SEO plugin v20.11 - https:\/\/yoast.com\/wordpress\/plugins\/seo\/ -->\n<title>Programme de d\u00e9sordre absolu : d\u00e9coloniser le mus\u00e9e - Librairie 7L<\/title>\n<meta name=\"robots\" content=\"index, follow, max-snippet:-1, max-image-preview:large, max-video-preview:-1\" \/>\n<link rel=\"canonical\" href=\"https:\/\/librairie7l.com\/en\/produit\/programme-de-desordre-absolu-decoloniser-le-musee\/\" \/>\n<meta property=\"og:locale\" content=\"en_US\" \/>\n<meta property=\"og:type\" content=\"article\" \/>\n<meta property=\"og:title\" content=\"Programme de d\u00e9sordre absolu : d\u00e9coloniser le mus\u00e9e - Librairie 7L\" \/>\n<meta property=\"og:description\" content=\"La d\u00e9colonisation du mus\u00e9e occidental universel est impossible, c&#8217;est l&#8217;argument de d\u00e9part. Elle est impossible parce que pour que la d\u00e9colonisation du mus\u00e9e soit accomplie, il faudrait des bouleversements qui remettraient radicalement en cause ses fondements, son fonctionnement, sa structure, sa mission, ses objectifs, et d\u00e8s lors, pourrionsnous encore parler de mus\u00e9e ? Le mus\u00e9e, [&hellip;]\" \/>\n<meta property=\"og:url\" content=\"https:\/\/librairie7l.com\/en\/produit\/programme-de-desordre-absolu-decoloniser-le-musee\/\" \/>\n<meta property=\"og:site_name\" content=\"Librairie 7L\" \/>\n<meta property=\"article:modified_time\" content=\"2026-04-10T11:07:09+00:00\" \/>\n<meta property=\"og:image\" content=\"https:\/\/librairie7l.com\/wp-content\/uploads\/2022\/09\/9782358722490_1_75.jpg\" \/>\n\t<meta property=\"og:image:width\" content=\"600\" \/>\n\t<meta property=\"og:image:height\" content=\"900\" \/>\n\t<meta property=\"og:image:type\" content=\"image\/jpeg\" \/>\n<meta name=\"twitter:card\" content=\"summary_large_image\" \/>\n<meta name=\"twitter:label1\" content=\"Est. reading time\" \/>\n\t<meta name=\"twitter:data1\" content=\"2 minutes\" \/>\n<script type=\"application\/ld+json\" class=\"yoast-schema-graph\">{\"@context\":\"https:\/\/schema.org\",\"@graph\":[{\"@type\":\"WebPage\",\"@id\":\"https:\/\/librairie7l.com\/en\/produit\/programme-de-desordre-absolu-decoloniser-le-musee\/\",\"url\":\"https:\/\/librairie7l.com\/en\/produit\/programme-de-desordre-absolu-decoloniser-le-musee\/\",\"name\":\"Programme de d\u00e9sordre absolu : d\u00e9coloniser le mus\u00e9e - Librairie 7L\",\"isPartOf\":{\"@id\":\"https:\/\/librairie7l.com\/en\/#website\"},\"datePublished\":\"2024-06-25T15:06:12+00:00\",\"dateModified\":\"2026-04-10T11:07:09+00:00\",\"breadcrumb\":{\"@id\":\"https:\/\/librairie7l.com\/en\/produit\/programme-de-desordre-absolu-decoloniser-le-musee\/#breadcrumb\"},\"inLanguage\":\"en-US\",\"potentialAction\":[{\"@type\":\"ReadAction\",\"target\":[\"https:\/\/librairie7l.com\/en\/produit\/programme-de-desordre-absolu-decoloniser-le-musee\/\"]}]},{\"@type\":\"BreadcrumbList\",\"@id\":\"https:\/\/librairie7l.com\/en\/produit\/programme-de-desordre-absolu-decoloniser-le-musee\/#breadcrumb\",\"itemListElement\":[{\"@type\":\"ListItem\",\"position\":1,\"name\":\"Accueil\",\"item\":\"https:\/\/librairie7l.com\/en\/\"},{\"@type\":\"ListItem\",\"position\":2,\"name\":\"Shop\",\"item\":\"https:\/\/librairie7l.com\/en\/shop\/\"},{\"@type\":\"ListItem\",\"position\":3,\"name\":\"PROGRAMME DE D\u00c9SORDRE ABSOLU : D\u00c9COLONISER LE MUS\u00c9E\"}]},{\"@type\":\"WebSite\",\"@id\":\"https:\/\/librairie7l.com\/en\/#website\",\"url\":\"https:\/\/librairie7l.com\/en\/\",\"name\":\"Librairie 7L\",\"description\":\"Librairie fond\u00e9e en 1999 par Karl Lagerfeld \u00e0 Paris\",\"publisher\":{\"@id\":\"https:\/\/librairie7l.com\/en\/#organization\"},\"potentialAction\":[{\"@type\":\"SearchAction\",\"target\":{\"@type\":\"EntryPoint\",\"urlTemplate\":\"https:\/\/librairie7l.com\/en\/?s={search_term_string}\"},\"query-input\":\"required name=search_term_string\"}],\"inLanguage\":\"en-US\"},{\"@type\":\"Organization\",\"@id\":\"https:\/\/librairie7l.com\/en\/#organization\",\"name\":\"Librairie 7L\",\"url\":\"https:\/\/librairie7l.com\/en\/\",\"logo\":{\"@type\":\"ImageObject\",\"inLanguage\":\"en-US\",\"@id\":\"https:\/\/librairie7l.com\/en\/#\/schema\/logo\/image\/\",\"url\":\"https:\/\/librairie7l.com\/wp-content\/uploads\/2022\/08\/logo-1.png\",\"contentUrl\":\"https:\/\/librairie7l.com\/wp-content\/uploads\/2022\/08\/logo-1.png\",\"width\":227,\"height\":301,\"caption\":\"Librairie 7L\"},\"image\":{\"@id\":\"https:\/\/librairie7l.com\/en\/#\/schema\/logo\/image\/\"}}]}<\/script>\n<!-- \/ Yoast SEO plugin. -->","yoast_head_json":{"title":"Programme de d\u00e9sordre absolu : d\u00e9coloniser le mus\u00e9e - Librairie 7L","robots":{"index":"index","follow":"follow","max-snippet":"max-snippet:-1","max-image-preview":"max-image-preview:large","max-video-preview":"max-video-preview:-1"},"canonical":"https:\/\/librairie7l.com\/en\/produit\/programme-de-desordre-absolu-decoloniser-le-musee\/","og_locale":"en_US","og_type":"article","og_title":"Programme de d\u00e9sordre absolu : d\u00e9coloniser le mus\u00e9e - Librairie 7L","og_description":"La d\u00e9colonisation du mus\u00e9e occidental universel est impossible, c&#8217;est l&#8217;argument de d\u00e9part. Elle est impossible parce que pour que la d\u00e9colonisation du mus\u00e9e soit accomplie, il faudrait des bouleversements qui remettraient radicalement en cause ses fondements, son fonctionnement, sa structure, sa mission, ses objectifs, et d\u00e8s lors, pourrionsnous encore parler de mus\u00e9e ? Le mus\u00e9e, [&hellip;]","og_url":"https:\/\/librairie7l.com\/en\/produit\/programme-de-desordre-absolu-decoloniser-le-musee\/","og_site_name":"Librairie 7L","article_modified_time":"2026-04-10T11:07:09+00:00","og_image":[{"width":600,"height":900,"url":"https:\/\/librairie7l.com\/wp-content\/uploads\/2022\/09\/9782358722490_1_75.jpg","type":"image\/jpeg"}],"twitter_card":"summary_large_image","twitter_misc":{"Est. reading time":"2 minutes"},"schema":{"@context":"https:\/\/schema.org","@graph":[{"@type":"WebPage","@id":"https:\/\/librairie7l.com\/en\/produit\/programme-de-desordre-absolu-decoloniser-le-musee\/","url":"https:\/\/librairie7l.com\/en\/produit\/programme-de-desordre-absolu-decoloniser-le-musee\/","name":"Programme de d\u00e9sordre absolu : d\u00e9coloniser le mus\u00e9e - Librairie 7L","isPartOf":{"@id":"https:\/\/librairie7l.com\/en\/#website"},"datePublished":"2024-06-25T15:06:12+00:00","dateModified":"2026-04-10T11:07:09+00:00","breadcrumb":{"@id":"https:\/\/librairie7l.com\/en\/produit\/programme-de-desordre-absolu-decoloniser-le-musee\/#breadcrumb"},"inLanguage":"en-US","potentialAction":[{"@type":"ReadAction","target":["https:\/\/librairie7l.com\/en\/produit\/programme-de-desordre-absolu-decoloniser-le-musee\/"]}]},{"@type":"BreadcrumbList","@id":"https:\/\/librairie7l.com\/en\/produit\/programme-de-desordre-absolu-decoloniser-le-musee\/#breadcrumb","itemListElement":[{"@type":"ListItem","position":1,"name":"Accueil","item":"https:\/\/librairie7l.com\/en\/"},{"@type":"ListItem","position":2,"name":"Shop","item":"https:\/\/librairie7l.com\/en\/shop\/"},{"@type":"ListItem","position":3,"name":"PROGRAMME DE D\u00c9SORDRE ABSOLU : D\u00c9COLONISER LE MUS\u00c9E"}]},{"@type":"WebSite","@id":"https:\/\/librairie7l.com\/en\/#website","url":"https:\/\/librairie7l.com\/en\/","name":"Librairie 7L","description":"Librairie fond\u00e9e en 1999 par Karl Lagerfeld \u00e0 Paris","publisher":{"@id":"https:\/\/librairie7l.com\/en\/#organization"},"potentialAction":[{"@type":"SearchAction","target":{"@type":"EntryPoint","urlTemplate":"https:\/\/librairie7l.com\/en\/?s={search_term_string}"},"query-input":"required name=search_term_string"}],"inLanguage":"en-US"},{"@type":"Organization","@id":"https:\/\/librairie7l.com\/en\/#organization","name":"Librairie 7L","url":"https:\/\/librairie7l.com\/en\/","logo":{"@type":"ImageObject","inLanguage":"en-US","@id":"https:\/\/librairie7l.com\/en\/#\/schema\/logo\/image\/","url":"https:\/\/librairie7l.com\/wp-content\/uploads\/2022\/08\/logo-1.png","contentUrl":"https:\/\/librairie7l.com\/wp-content\/uploads\/2022\/08\/logo-1.png","width":227,"height":301,"caption":"Librairie 7L"},"image":{"@id":"https:\/\/librairie7l.com\/en\/#\/schema\/logo\/image\/"}}]}},"_links":{"self":[{"href":"https:\/\/librairie7l.com\/en\/wp-json\/wp\/v2\/product\/37575"}],"collection":[{"href":"https:\/\/librairie7l.com\/en\/wp-json\/wp\/v2\/product"}],"about":[{"href":"https:\/\/librairie7l.com\/en\/wp-json\/wp\/v2\/types\/product"}],"wp:featuredmedia":[{"embeddable":true,"href":"https:\/\/librairie7l.com\/en\/wp-json\/wp\/v2\/media\/37573"}],"wp:attachment":[{"href":"https:\/\/librairie7l.com\/en\/wp-json\/wp\/v2\/media?parent=37575"}],"wp:term":[{"taxonomy":"product_cat","embeddable":true,"href":"https:\/\/librairie7l.com\/en\/wp-json\/wp\/v2\/product_cat?post=37575"},{"taxonomy":"product_tag","embeddable":true,"href":"https:\/\/librairie7l.com\/en\/wp-json\/wp\/v2\/product_tag?post=37575"}],"curies":[{"name":"wp","href":"https:\/\/api.w.org\/{rel}","templated":true}]}}