{"id":37579,"date":"2023-11-21T12:38:30","date_gmt":"2023-11-21T11:38:30","guid":{"rendered":"https:\/\/librairie7l.com\/?post_type=product&#038;p=37579"},"modified":"2026-04-05T18:29:38","modified_gmt":"2026-04-05T16:29:38","slug":"absolutely-chanel","status":"publish","type":"product","link":"https:\/\/librairie7l.com\/en\/produit\/absolutely-chanel\/","title":{"rendered":"ABSOLUTELY CHANEL"},"content":{"rendered":"<p>Chanel est l&#8217;une des marques de luxe les plus connues au monde. Elle demeure pourtant la plus myst\u00e9rieuse entre toutes. Depuis Paris et la rue Cambon, CHANEL, c&#8217;est \u00e0 jamais Gabrielle &#8211; une femme ayant, dans un monde alors d&#8217;hommes, r\u00e9volutionn\u00e9 l&#8217;\u00e9l\u00e9gance f\u00e9minine. C&#8217;est aujourd&#8217;hui un groupe familial, une multinationale ind\u00e9pendante, un g\u00e9ant du luxe.<br \/>\nD\u00e9sinvolte, insolente, impatiente, Coco Chanel a fait du d\u00e9pouillement le comble du luxe. Audacieuse, impr\u00e9visible, la marque plus que centenaire continue de surprendre \u00e0 travers ses d\u00e9fil\u00e9s hors normes, son mythique N\u00b05, une joaillerie parmi les plus travaill\u00e9es et ses soins \u00e0 la pointe de l&#8217;innovation. \u00c0 travers la transmission de savoir-faire in\u00e9gal\u00e9s, elle b\u00e2tit sa l\u00e9gende.<br \/>\nDe Coco \u00e0 Karl Lagerfeld jusqu&#8217;\u00e0 Virginie Viard, ce livre d\u00e9voile l&#8217;histoire fascinante de l&#8217;incarnation de l&#8217;\u00e9l\u00e9gance fran\u00e7aise dans le monde. Qui \u00e9tait vraiment Coco Chanel ? Comment ses plus grandes cr\u00e9ations sont-elles n\u00e9es ? Quel fut l&#8217;apport de Karl Lagerfeld ? Quelle tendance la nouvelle direction de la cr\u00e9ation donne-t-elle aujourd&#8217;hui ? Un livre \u00e9crin sur la plus grande marque de luxe fran\u00e7aise.<\/p>\n","protected":false},"excerpt":{"rendered":"<p>Chanel est l&#8217;une des marques de luxe les plus connues au monde. Elle demeure pourtant la plus myst\u00e9rieuse entre toutes. Depuis Paris et la rue Cambon, CHANEL, c&#8217;est \u00e0 jamais Gabrielle &#8211; une femme ayant, dans un monde alors d&#8217;hommes, r\u00e9volutionn\u00e9 l&#8217;\u00e9l\u00e9gance f\u00e9minine. C&#8217;est aujourd&#8217;hui un groupe familial, une multinationale ind\u00e9pendante, un g\u00e9ant du luxe. [&hellip;]<\/p>\n","protected":false},"featured_media":37578,"template":"","meta":[],"product_cat":[2948,2957],"product_tag":[],"acf":[],"yoast_head":"<!-- This site is optimized with the Yoast SEO plugin v20.11 - https:\/\/yoast.com\/wordpress\/plugins\/seo\/ -->\n<title>Absolutely Chanel - Librairie 7L<\/title>\n<meta name=\"robots\" content=\"index, follow, max-snippet:-1, max-image-preview:large, max-video-preview:-1\" \/>\n<link rel=\"canonical\" href=\"https:\/\/librairie7l.com\/en\/produit\/absolutely-chanel\/\" \/>\n<meta property=\"og:locale\" content=\"en_US\" \/>\n<meta property=\"og:type\" content=\"article\" \/>\n<meta property=\"og:title\" content=\"Absolutely Chanel - Librairie 7L\" \/>\n<meta property=\"og:description\" content=\"Chanel est l&#8217;une des marques de luxe les plus connues au monde. Elle demeure pourtant la plus myst\u00e9rieuse entre toutes. Depuis Paris et la rue Cambon, CHANEL, c&#8217;est \u00e0 jamais Gabrielle &#8211; une femme ayant, dans un monde alors d&#8217;hommes, r\u00e9volutionn\u00e9 l&#8217;\u00e9l\u00e9gance f\u00e9minine. C&#8217;est aujourd&#8217;hui un groupe familial, une multinationale ind\u00e9pendante, un g\u00e9ant du luxe. [&hellip;]\" \/>\n<meta property=\"og:url\" content=\"https:\/\/librairie7l.com\/en\/produit\/absolutely-chanel\/\" \/>\n<meta property=\"og:site_name\" content=\"Librairie 7L\" \/>\n<meta property=\"article:modified_time\" content=\"2026-04-05T16:29:38+00:00\" \/>\n<meta property=\"og:image\" content=\"https:\/\/librairie7l.com\/wp-content\/uploads\/2023\/03\/9782035958341_1_75.jpg\" \/>\n\t<meta property=\"og:image:width\" content=\"600\" \/>\n\t<meta property=\"og:image:height\" content=\"738\" \/>\n\t<meta property=\"og:image:type\" content=\"image\/jpeg\" \/>\n<meta name=\"twitter:card\" content=\"summary_large_image\" \/>\n<meta name=\"twitter:label1\" content=\"Est. reading time\" \/>\n\t<meta name=\"twitter:data1\" content=\"1 minute\" \/>\n<script type=\"application\/ld+json\" class=\"yoast-schema-graph\">{\"@context\":\"https:\/\/schema.org\",\"@graph\":[{\"@type\":\"WebPage\",\"@id\":\"https:\/\/librairie7l.com\/en\/produit\/absolutely-chanel\/\",\"url\":\"https:\/\/librairie7l.com\/en\/produit\/absolutely-chanel\/\",\"name\":\"Absolutely Chanel - Librairie 7L\",\"isPartOf\":{\"@id\":\"https:\/\/librairie7l.com\/en\/#website\"},\"datePublished\":\"2023-11-21T11:38:30+00:00\",\"dateModified\":\"2026-04-05T16:29:38+00:00\",\"breadcrumb\":{\"@id\":\"https:\/\/librairie7l.com\/en\/produit\/absolutely-chanel\/#breadcrumb\"},\"inLanguage\":\"en-US\",\"potentialAction\":[{\"@type\":\"ReadAction\",\"target\":[\"https:\/\/librairie7l.com\/en\/produit\/absolutely-chanel\/\"]}]},{\"@type\":\"BreadcrumbList\",\"@id\":\"https:\/\/librairie7l.com\/en\/produit\/absolutely-chanel\/#breadcrumb\",\"itemListElement\":[{\"@type\":\"ListItem\",\"position\":1,\"name\":\"Accueil\",\"item\":\"https:\/\/librairie7l.com\/en\/\"},{\"@type\":\"ListItem\",\"position\":2,\"name\":\"Shop\",\"item\":\"https:\/\/librairie7l.com\/en\/shop\/\"},{\"@type\":\"ListItem\",\"position\":3,\"name\":\"ABSOLUTELY CHANEL\"}]},{\"@type\":\"WebSite\",\"@id\":\"https:\/\/librairie7l.com\/en\/#website\",\"url\":\"https:\/\/librairie7l.com\/en\/\",\"name\":\"Librairie 7L\",\"description\":\"Librairie fond\u00e9e en 1999 par Karl Lagerfeld \u00e0 Paris\",\"publisher\":{\"@id\":\"https:\/\/librairie7l.com\/en\/#organization\"},\"potentialAction\":[{\"@type\":\"SearchAction\",\"target\":{\"@type\":\"EntryPoint\",\"urlTemplate\":\"https:\/\/librairie7l.com\/en\/?s={search_term_string}\"},\"query-input\":\"required name=search_term_string\"}],\"inLanguage\":\"en-US\"},{\"@type\":\"Organization\",\"@id\":\"https:\/\/librairie7l.com\/en\/#organization\",\"name\":\"Librairie 7L\",\"url\":\"https:\/\/librairie7l.com\/en\/\",\"logo\":{\"@type\":\"ImageObject\",\"inLanguage\":\"en-US\",\"@id\":\"https:\/\/librairie7l.com\/en\/#\/schema\/logo\/image\/\",\"url\":\"https:\/\/librairie7l.com\/wp-content\/uploads\/2022\/08\/logo-1.png\",\"contentUrl\":\"https:\/\/librairie7l.com\/wp-content\/uploads\/2022\/08\/logo-1.png\",\"width\":227,\"height\":301,\"caption\":\"Librairie 7L\"},\"image\":{\"@id\":\"https:\/\/librairie7l.com\/en\/#\/schema\/logo\/image\/\"}}]}<\/script>\n<!-- \/ Yoast SEO plugin. -->","yoast_head_json":{"title":"Absolutely Chanel - Librairie 7L","robots":{"index":"index","follow":"follow","max-snippet":"max-snippet:-1","max-image-preview":"max-image-preview:large","max-video-preview":"max-video-preview:-1"},"canonical":"https:\/\/librairie7l.com\/en\/produit\/absolutely-chanel\/","og_locale":"en_US","og_type":"article","og_title":"Absolutely Chanel - Librairie 7L","og_description":"Chanel est l&#8217;une des marques de luxe les plus connues au monde. Elle demeure pourtant la plus myst\u00e9rieuse entre toutes. Depuis Paris et la rue Cambon, CHANEL, c&#8217;est \u00e0 jamais Gabrielle &#8211; une femme ayant, dans un monde alors d&#8217;hommes, r\u00e9volutionn\u00e9 l&#8217;\u00e9l\u00e9gance f\u00e9minine. C&#8217;est aujourd&#8217;hui un groupe familial, une multinationale ind\u00e9pendante, un g\u00e9ant du luxe. [&hellip;]","og_url":"https:\/\/librairie7l.com\/en\/produit\/absolutely-chanel\/","og_site_name":"Librairie 7L","article_modified_time":"2026-04-05T16:29:38+00:00","og_image":[{"width":600,"height":738,"url":"https:\/\/librairie7l.com\/wp-content\/uploads\/2023\/03\/9782035958341_1_75.jpg","type":"image\/jpeg"}],"twitter_card":"summary_large_image","twitter_misc":{"Est. reading time":"1 minute"},"schema":{"@context":"https:\/\/schema.org","@graph":[{"@type":"WebPage","@id":"https:\/\/librairie7l.com\/en\/produit\/absolutely-chanel\/","url":"https:\/\/librairie7l.com\/en\/produit\/absolutely-chanel\/","name":"Absolutely Chanel - Librairie 7L","isPartOf":{"@id":"https:\/\/librairie7l.com\/en\/#website"},"datePublished":"2023-11-21T11:38:30+00:00","dateModified":"2026-04-05T16:29:38+00:00","breadcrumb":{"@id":"https:\/\/librairie7l.com\/en\/produit\/absolutely-chanel\/#breadcrumb"},"inLanguage":"en-US","potentialAction":[{"@type":"ReadAction","target":["https:\/\/librairie7l.com\/en\/produit\/absolutely-chanel\/"]}]},{"@type":"BreadcrumbList","@id":"https:\/\/librairie7l.com\/en\/produit\/absolutely-chanel\/#breadcrumb","itemListElement":[{"@type":"ListItem","position":1,"name":"Accueil","item":"https:\/\/librairie7l.com\/en\/"},{"@type":"ListItem","position":2,"name":"Shop","item":"https:\/\/librairie7l.com\/en\/shop\/"},{"@type":"ListItem","position":3,"name":"ABSOLUTELY CHANEL"}]},{"@type":"WebSite","@id":"https:\/\/librairie7l.com\/en\/#website","url":"https:\/\/librairie7l.com\/en\/","name":"Librairie 7L","description":"Librairie fond\u00e9e en 1999 par Karl Lagerfeld \u00e0 Paris","publisher":{"@id":"https:\/\/librairie7l.com\/en\/#organization"},"potentialAction":[{"@type":"SearchAction","target":{"@type":"EntryPoint","urlTemplate":"https:\/\/librairie7l.com\/en\/?s={search_term_string}"},"query-input":"required name=search_term_string"}],"inLanguage":"en-US"},{"@type":"Organization","@id":"https:\/\/librairie7l.com\/en\/#organization","name":"Librairie 7L","url":"https:\/\/librairie7l.com\/en\/","logo":{"@type":"ImageObject","inLanguage":"en-US","@id":"https:\/\/librairie7l.com\/en\/#\/schema\/logo\/image\/","url":"https:\/\/librairie7l.com\/wp-content\/uploads\/2022\/08\/logo-1.png","contentUrl":"https:\/\/librairie7l.com\/wp-content\/uploads\/2022\/08\/logo-1.png","width":227,"height":301,"caption":"Librairie 7L"},"image":{"@id":"https:\/\/librairie7l.com\/en\/#\/schema\/logo\/image\/"}}]}},"_links":{"self":[{"href":"https:\/\/librairie7l.com\/en\/wp-json\/wp\/v2\/product\/37579"}],"collection":[{"href":"https:\/\/librairie7l.com\/en\/wp-json\/wp\/v2\/product"}],"about":[{"href":"https:\/\/librairie7l.com\/en\/wp-json\/wp\/v2\/types\/product"}],"wp:featuredmedia":[{"embeddable":true,"href":"https:\/\/librairie7l.com\/en\/wp-json\/wp\/v2\/media\/37578"}],"wp:attachment":[{"href":"https:\/\/librairie7l.com\/en\/wp-json\/wp\/v2\/media?parent=37579"}],"wp:term":[{"taxonomy":"product_cat","embeddable":true,"href":"https:\/\/librairie7l.com\/en\/wp-json\/wp\/v2\/product_cat?post=37579"},{"taxonomy":"product_tag","embeddable":true,"href":"https:\/\/librairie7l.com\/en\/wp-json\/wp\/v2\/product_tag?post=37579"}],"curies":[{"name":"wp","href":"https:\/\/api.w.org\/{rel}","templated":true}]}}