{"id":37597,"date":"2023-11-21T12:41:32","date_gmt":"2023-11-21T11:41:32","guid":{"rendered":"https:\/\/librairie7l.com\/?post_type=product&#038;p=37597"},"modified":"2026-04-21T05:43:09","modified_gmt":"2026-04-21T03:43:09","slug":"kim-harlow-recits","status":"publish","type":"product","link":"https:\/\/librairie7l.com\/en\/produit\/kim-harlow-recits\/","title":{"rendered":"KIM HARLOW, R\u00c9CITS"},"content":{"rendered":"<p>Kim Harlow a jou\u00e9 un r\u00f4le important dans l&#8217;oeuvre de Bettina Rheims au d\u00e9but des ann\u00e9es 1990, avec les s\u00e9ries Modern Lovers et Les Espionnes sur la question du genre. Cet ouvrage revient sur leur relation privil\u00e9gi\u00e9e et offre un regard renouvel\u00e9 sur le processus de cr\u00e9ation gr\u00e2ce \u00e0 des archives in\u00e9dites s\u00e9lectionn\u00e9es par la photographe.<\/p>\n<p>Ce carnet, qui plonge dans les archives de Bettina Rheims, est un hommage de la photographe \u00e0 son mod\u00e8le.<\/p>\n<p>Bettina Rheims rencontre Kim Harlow, danseuse et meneuse de revue de cabaret, en 1990 pour le casting de sa s\u00e9rie Modern Lovers. Kim est la seule personne transgenre parmi ces portraits de jeunes androgynes \u00e0 travers lesquels l&#8217;artiste cherche \u00e0 faire transpara\u00eetre le trouble. Cette rencontre est aussi le d\u00e9clencheur de la s\u00e9rie Les Espionnes (1991-1992), poursuivant la question de la transidentit\u00e9.<\/p>\n<p>De la relation forte qui s&#8217;est tiss\u00e9e entre la photographe et Kim Harlow na\u00eet en janvier 1991 un projet photographique commun qui donnera lieu \u00e0 un livre, Kim, publi\u00e9 en 1994, apr\u00e8s le d\u00e9c\u00e8s de Kim. L&#8217;ouvrage associait aux photographies de Bettina Rheims un texte tr\u00e8s personnel de Kim Harlow, t\u00e9moignage bouleversant et rare sur son parcours dans le contexte des ann\u00e9es sida. Trente ans plus tard, il nous a sembl\u00e9 essentiel de regrouper en un seul volume des images des s\u00e9ries Modern Lovers, Les Espionnes et la s\u00e9rie Kim accompagn\u00e9e de son texte d&#8217;origine, sans lequel le r\u00e9cit aurait \u00e9t\u00e9 incomplet.<\/p>\n","protected":false},"excerpt":{"rendered":"<p>Kim Harlow a jou\u00e9 un r\u00f4le important dans l&#8217;oeuvre de Bettina Rheims au d\u00e9but des ann\u00e9es 1990, avec les s\u00e9ries Modern Lovers et Les Espionnes sur la question du genre. Cet ouvrage revient sur leur relation privil\u00e9gi\u00e9e et offre un regard renouvel\u00e9 sur le processus de cr\u00e9ation gr\u00e2ce \u00e0 des archives in\u00e9dites s\u00e9lectionn\u00e9es par la [&hellip;]<\/p>\n","protected":false},"featured_media":37595,"template":"","meta":[],"product_cat":[2948,2958],"product_tag":[],"acf":[],"yoast_head":"<!-- This site is optimized with the Yoast SEO plugin v20.11 - https:\/\/yoast.com\/wordpress\/plugins\/seo\/ -->\n<title>Kim Harlow, r\u00e9cits - Librairie 7L<\/title>\n<meta name=\"robots\" content=\"index, follow, max-snippet:-1, max-image-preview:large, max-video-preview:-1\" \/>\n<link rel=\"canonical\" href=\"https:\/\/librairie7l.com\/en\/produit\/kim-harlow-recits\/\" \/>\n<meta property=\"og:locale\" content=\"en_US\" \/>\n<meta property=\"og:type\" content=\"article\" \/>\n<meta property=\"og:title\" content=\"Kim Harlow, r\u00e9cits - Librairie 7L\" \/>\n<meta property=\"og:description\" content=\"Kim Harlow a jou\u00e9 un r\u00f4le important dans l&#8217;oeuvre de Bettina Rheims au d\u00e9but des ann\u00e9es 1990, avec les s\u00e9ries Modern Lovers et Les Espionnes sur la question du genre. Cet ouvrage revient sur leur relation privil\u00e9gi\u00e9e et offre un regard renouvel\u00e9 sur le processus de cr\u00e9ation gr\u00e2ce \u00e0 des archives in\u00e9dites s\u00e9lectionn\u00e9es par la [&hellip;]\" \/>\n<meta property=\"og:url\" content=\"https:\/\/librairie7l.com\/en\/produit\/kim-harlow-recits\/\" \/>\n<meta property=\"og:site_name\" content=\"Librairie 7L\" \/>\n<meta property=\"article:modified_time\" content=\"2026-04-21T03:43:09+00:00\" \/>\n<meta property=\"og:image\" content=\"https:\/\/librairie7l.com\/wp-content\/uploads\/2023\/06\/9791095821670_1_75.jpg\" \/>\n\t<meta property=\"og:image:width\" content=\"400\" \/>\n\t<meta property=\"og:image:height\" content=\"566\" \/>\n\t<meta property=\"og:image:type\" content=\"image\/jpeg\" \/>\n<meta name=\"twitter:card\" content=\"summary_large_image\" \/>\n<meta name=\"twitter:label1\" content=\"Est. reading time\" \/>\n\t<meta name=\"twitter:data1\" content=\"1 minute\" \/>\n<script type=\"application\/ld+json\" class=\"yoast-schema-graph\">{\"@context\":\"https:\/\/schema.org\",\"@graph\":[{\"@type\":\"WebPage\",\"@id\":\"https:\/\/librairie7l.com\/en\/produit\/kim-harlow-recits\/\",\"url\":\"https:\/\/librairie7l.com\/en\/produit\/kim-harlow-recits\/\",\"name\":\"Kim Harlow, r\u00e9cits - Librairie 7L\",\"isPartOf\":{\"@id\":\"https:\/\/librairie7l.com\/en\/#website\"},\"datePublished\":\"2023-11-21T11:41:32+00:00\",\"dateModified\":\"2026-04-21T03:43:09+00:00\",\"breadcrumb\":{\"@id\":\"https:\/\/librairie7l.com\/en\/produit\/kim-harlow-recits\/#breadcrumb\"},\"inLanguage\":\"en-US\",\"potentialAction\":[{\"@type\":\"ReadAction\",\"target\":[\"https:\/\/librairie7l.com\/en\/produit\/kim-harlow-recits\/\"]}]},{\"@type\":\"BreadcrumbList\",\"@id\":\"https:\/\/librairie7l.com\/en\/produit\/kim-harlow-recits\/#breadcrumb\",\"itemListElement\":[{\"@type\":\"ListItem\",\"position\":1,\"name\":\"Accueil\",\"item\":\"https:\/\/librairie7l.com\/en\/\"},{\"@type\":\"ListItem\",\"position\":2,\"name\":\"Shop\",\"item\":\"https:\/\/librairie7l.com\/en\/shop\/\"},{\"@type\":\"ListItem\",\"position\":3,\"name\":\"KIM HARLOW, R\u00c9CITS\"}]},{\"@type\":\"WebSite\",\"@id\":\"https:\/\/librairie7l.com\/en\/#website\",\"url\":\"https:\/\/librairie7l.com\/en\/\",\"name\":\"Librairie 7L\",\"description\":\"Librairie fond\u00e9e en 1999 par Karl Lagerfeld \u00e0 Paris\",\"publisher\":{\"@id\":\"https:\/\/librairie7l.com\/en\/#organization\"},\"potentialAction\":[{\"@type\":\"SearchAction\",\"target\":{\"@type\":\"EntryPoint\",\"urlTemplate\":\"https:\/\/librairie7l.com\/en\/?s={search_term_string}\"},\"query-input\":\"required name=search_term_string\"}],\"inLanguage\":\"en-US\"},{\"@type\":\"Organization\",\"@id\":\"https:\/\/librairie7l.com\/en\/#organization\",\"name\":\"Librairie 7L\",\"url\":\"https:\/\/librairie7l.com\/en\/\",\"logo\":{\"@type\":\"ImageObject\",\"inLanguage\":\"en-US\",\"@id\":\"https:\/\/librairie7l.com\/en\/#\/schema\/logo\/image\/\",\"url\":\"https:\/\/librairie7l.com\/wp-content\/uploads\/2022\/08\/logo-1.png\",\"contentUrl\":\"https:\/\/librairie7l.com\/wp-content\/uploads\/2022\/08\/logo-1.png\",\"width\":227,\"height\":301,\"caption\":\"Librairie 7L\"},\"image\":{\"@id\":\"https:\/\/librairie7l.com\/en\/#\/schema\/logo\/image\/\"}}]}<\/script>\n<!-- \/ Yoast SEO plugin. -->","yoast_head_json":{"title":"Kim Harlow, r\u00e9cits - Librairie 7L","robots":{"index":"index","follow":"follow","max-snippet":"max-snippet:-1","max-image-preview":"max-image-preview:large","max-video-preview":"max-video-preview:-1"},"canonical":"https:\/\/librairie7l.com\/en\/produit\/kim-harlow-recits\/","og_locale":"en_US","og_type":"article","og_title":"Kim Harlow, r\u00e9cits - Librairie 7L","og_description":"Kim Harlow a jou\u00e9 un r\u00f4le important dans l&#8217;oeuvre de Bettina Rheims au d\u00e9but des ann\u00e9es 1990, avec les s\u00e9ries Modern Lovers et Les Espionnes sur la question du genre. Cet ouvrage revient sur leur relation privil\u00e9gi\u00e9e et offre un regard renouvel\u00e9 sur le processus de cr\u00e9ation gr\u00e2ce \u00e0 des archives in\u00e9dites s\u00e9lectionn\u00e9es par la [&hellip;]","og_url":"https:\/\/librairie7l.com\/en\/produit\/kim-harlow-recits\/","og_site_name":"Librairie 7L","article_modified_time":"2026-04-21T03:43:09+00:00","og_image":[{"width":400,"height":566,"url":"https:\/\/librairie7l.com\/wp-content\/uploads\/2023\/06\/9791095821670_1_75.jpg","type":"image\/jpeg"}],"twitter_card":"summary_large_image","twitter_misc":{"Est. reading time":"1 minute"},"schema":{"@context":"https:\/\/schema.org","@graph":[{"@type":"WebPage","@id":"https:\/\/librairie7l.com\/en\/produit\/kim-harlow-recits\/","url":"https:\/\/librairie7l.com\/en\/produit\/kim-harlow-recits\/","name":"Kim Harlow, r\u00e9cits - Librairie 7L","isPartOf":{"@id":"https:\/\/librairie7l.com\/en\/#website"},"datePublished":"2023-11-21T11:41:32+00:00","dateModified":"2026-04-21T03:43:09+00:00","breadcrumb":{"@id":"https:\/\/librairie7l.com\/en\/produit\/kim-harlow-recits\/#breadcrumb"},"inLanguage":"en-US","potentialAction":[{"@type":"ReadAction","target":["https:\/\/librairie7l.com\/en\/produit\/kim-harlow-recits\/"]}]},{"@type":"BreadcrumbList","@id":"https:\/\/librairie7l.com\/en\/produit\/kim-harlow-recits\/#breadcrumb","itemListElement":[{"@type":"ListItem","position":1,"name":"Accueil","item":"https:\/\/librairie7l.com\/en\/"},{"@type":"ListItem","position":2,"name":"Shop","item":"https:\/\/librairie7l.com\/en\/shop\/"},{"@type":"ListItem","position":3,"name":"KIM HARLOW, R\u00c9CITS"}]},{"@type":"WebSite","@id":"https:\/\/librairie7l.com\/en\/#website","url":"https:\/\/librairie7l.com\/en\/","name":"Librairie 7L","description":"Librairie fond\u00e9e en 1999 par Karl Lagerfeld \u00e0 Paris","publisher":{"@id":"https:\/\/librairie7l.com\/en\/#organization"},"potentialAction":[{"@type":"SearchAction","target":{"@type":"EntryPoint","urlTemplate":"https:\/\/librairie7l.com\/en\/?s={search_term_string}"},"query-input":"required name=search_term_string"}],"inLanguage":"en-US"},{"@type":"Organization","@id":"https:\/\/librairie7l.com\/en\/#organization","name":"Librairie 7L","url":"https:\/\/librairie7l.com\/en\/","logo":{"@type":"ImageObject","inLanguage":"en-US","@id":"https:\/\/librairie7l.com\/en\/#\/schema\/logo\/image\/","url":"https:\/\/librairie7l.com\/wp-content\/uploads\/2022\/08\/logo-1.png","contentUrl":"https:\/\/librairie7l.com\/wp-content\/uploads\/2022\/08\/logo-1.png","width":227,"height":301,"caption":"Librairie 7L"},"image":{"@id":"https:\/\/librairie7l.com\/en\/#\/schema\/logo\/image\/"}}]}},"_links":{"self":[{"href":"https:\/\/librairie7l.com\/en\/wp-json\/wp\/v2\/product\/37597"}],"collection":[{"href":"https:\/\/librairie7l.com\/en\/wp-json\/wp\/v2\/product"}],"about":[{"href":"https:\/\/librairie7l.com\/en\/wp-json\/wp\/v2\/types\/product"}],"wp:featuredmedia":[{"embeddable":true,"href":"https:\/\/librairie7l.com\/en\/wp-json\/wp\/v2\/media\/37595"}],"wp:attachment":[{"href":"https:\/\/librairie7l.com\/en\/wp-json\/wp\/v2\/media?parent=37597"}],"wp:term":[{"taxonomy":"product_cat","embeddable":true,"href":"https:\/\/librairie7l.com\/en\/wp-json\/wp\/v2\/product_cat?post=37597"},{"taxonomy":"product_tag","embeddable":true,"href":"https:\/\/librairie7l.com\/en\/wp-json\/wp\/v2\/product_tag?post=37597"}],"curies":[{"name":"wp","href":"https:\/\/api.w.org\/{rel}","templated":true}]}}