{"id":37601,"date":"2023-11-21T12:43:07","date_gmt":"2023-11-21T11:43:07","guid":{"rendered":"https:\/\/librairie7l.com\/?post_type=product&#038;p=37601"},"modified":"2026-04-10T07:06:37","modified_gmt":"2026-04-10T05:06:37","slug":"jardins-les-vrais-et-les-autres","status":"publish","type":"product","link":"https:\/\/librairie7l.com\/en\/produit\/jardins-les-vrais-et-les-autres\/","title":{"rendered":"JARDINS, LES VRAIS ET LES AUTRES"},"content":{"rendered":"<p>\u00abDeux artistes libres, insolents, subtils ont invent\u00e9 un livre qui fait r\u00eaver.\u00bb Voici un manifeste ironique de r\u00e9sistance botanique. Mais aussi une radiographie de notre soci\u00e9t\u00e9 \u00e0 travers une attaque en r\u00e8gle contre les jardins \u00e0 la mode et une galerie de portraits sans piti\u00e9 de leurs propri\u00e9taires. Aucun jardin n&#8217;y manque : le jardin du collectionneur fanatique obs\u00e9d\u00e9 par les esp\u00e8ces rares au point d&#8217;oublier le plaisir visuel ou le parfum des fleurs ; le jardin bon chic bon genre, artificiel \u00e0 force de trouvailles accumul\u00e9es ; le jardin milliardaire sans passion, symbole de r\u00e9ussite sociale, confi\u00e9 \u00e0 un paysagiste, pardon, un garden-designer ; les parterres kitch qui s&#8217;\u00e9talent sur les ronds-points et m\u00eame le jardin pornographique o\u00f9 la nature d\u00e9brid\u00e9e explose dans toute sa sensualit\u00e9. Mais cette vall\u00e9e des horreurs r\u00e9serve aussi de bonnes surprises comme le jardin du pompiste, le potager clandestin et impr\u00e9visible prosp\u00e9rant en d\u00e9pit de tous les taux de pollution, bizarrerie de la nature donnant naissance \u00e0 des cr\u00e9ations touchantes&#8230;<\/p>\n","protected":false},"excerpt":{"rendered":"<p>\u00abDeux artistes libres, insolents, subtils ont invent\u00e9 un livre qui fait r\u00eaver.\u00bb Voici un manifeste ironique de r\u00e9sistance botanique. Mais aussi une radiographie de notre soci\u00e9t\u00e9 \u00e0 travers une attaque en r\u00e8gle contre les jardins \u00e0 la mode et une galerie de portraits sans piti\u00e9 de leurs propri\u00e9taires. Aucun jardin n&#8217;y manque : le jardin [&hellip;]<\/p>\n","protected":false},"featured_media":37599,"template":"","meta":[],"product_cat":[2948,2956],"product_tag":[],"acf":[],"yoast_head":"<!-- This site is optimized with the Yoast SEO plugin v20.11 - https:\/\/yoast.com\/wordpress\/plugins\/seo\/ -->\n<title>Jardins, les vrais et les autres - Librairie 7L<\/title>\n<meta name=\"robots\" content=\"index, follow, max-snippet:-1, max-image-preview:large, max-video-preview:-1\" \/>\n<link rel=\"canonical\" href=\"https:\/\/librairie7l.com\/en\/produit\/jardins-les-vrais-et-les-autres\/\" \/>\n<meta property=\"og:locale\" content=\"en_US\" \/>\n<meta property=\"og:type\" content=\"article\" \/>\n<meta property=\"og:title\" content=\"Jardins, les vrais et les autres - Librairie 7L\" \/>\n<meta property=\"og:description\" content=\"\u00abDeux artistes libres, insolents, subtils ont invent\u00e9 un livre qui fait r\u00eaver.\u00bb Voici un manifeste ironique de r\u00e9sistance botanique. Mais aussi une radiographie de notre soci\u00e9t\u00e9 \u00e0 travers une attaque en r\u00e8gle contre les jardins \u00e0 la mode et une galerie de portraits sans piti\u00e9 de leurs propri\u00e9taires. Aucun jardin n&#8217;y manque : le jardin [&hellip;]\" \/>\n<meta property=\"og:url\" content=\"https:\/\/librairie7l.com\/en\/produit\/jardins-les-vrais-et-les-autres\/\" \/>\n<meta property=\"og:site_name\" content=\"Librairie 7L\" \/>\n<meta property=\"article:modified_time\" content=\"2026-04-10T05:06:37+00:00\" \/>\n<meta property=\"og:image\" content=\"https:\/\/librairie7l.com\/wp-content\/uploads\/2011\/05\/9782081267626_1_75.jpg\" \/>\n\t<meta property=\"og:image:width\" content=\"600\" \/>\n\t<meta property=\"og:image:height\" content=\"833\" \/>\n\t<meta property=\"og:image:type\" content=\"image\/jpeg\" \/>\n<meta name=\"twitter:card\" content=\"summary_large_image\" \/>\n<meta name=\"twitter:label1\" content=\"Est. reading time\" \/>\n\t<meta name=\"twitter:data1\" content=\"1 minute\" \/>\n<script type=\"application\/ld+json\" class=\"yoast-schema-graph\">{\"@context\":\"https:\/\/schema.org\",\"@graph\":[{\"@type\":\"WebPage\",\"@id\":\"https:\/\/librairie7l.com\/en\/produit\/jardins-les-vrais-et-les-autres\/\",\"url\":\"https:\/\/librairie7l.com\/en\/produit\/jardins-les-vrais-et-les-autres\/\",\"name\":\"Jardins, les vrais et les autres - Librairie 7L\",\"isPartOf\":{\"@id\":\"https:\/\/librairie7l.com\/en\/#website\"},\"datePublished\":\"2023-11-21T11:43:07+00:00\",\"dateModified\":\"2026-04-10T05:06:37+00:00\",\"breadcrumb\":{\"@id\":\"https:\/\/librairie7l.com\/en\/produit\/jardins-les-vrais-et-les-autres\/#breadcrumb\"},\"inLanguage\":\"en-US\",\"potentialAction\":[{\"@type\":\"ReadAction\",\"target\":[\"https:\/\/librairie7l.com\/en\/produit\/jardins-les-vrais-et-les-autres\/\"]}]},{\"@type\":\"BreadcrumbList\",\"@id\":\"https:\/\/librairie7l.com\/en\/produit\/jardins-les-vrais-et-les-autres\/#breadcrumb\",\"itemListElement\":[{\"@type\":\"ListItem\",\"position\":1,\"name\":\"Accueil\",\"item\":\"https:\/\/librairie7l.com\/en\/\"},{\"@type\":\"ListItem\",\"position\":2,\"name\":\"Shop\",\"item\":\"https:\/\/librairie7l.com\/en\/shop\/\"},{\"@type\":\"ListItem\",\"position\":3,\"name\":\"JARDINS, LES VRAIS ET LES AUTRES\"}]},{\"@type\":\"WebSite\",\"@id\":\"https:\/\/librairie7l.com\/en\/#website\",\"url\":\"https:\/\/librairie7l.com\/en\/\",\"name\":\"Librairie 7L\",\"description\":\"Librairie fond\u00e9e en 1999 par Karl Lagerfeld \u00e0 Paris\",\"publisher\":{\"@id\":\"https:\/\/librairie7l.com\/en\/#organization\"},\"potentialAction\":[{\"@type\":\"SearchAction\",\"target\":{\"@type\":\"EntryPoint\",\"urlTemplate\":\"https:\/\/librairie7l.com\/en\/?s={search_term_string}\"},\"query-input\":\"required name=search_term_string\"}],\"inLanguage\":\"en-US\"},{\"@type\":\"Organization\",\"@id\":\"https:\/\/librairie7l.com\/en\/#organization\",\"name\":\"Librairie 7L\",\"url\":\"https:\/\/librairie7l.com\/en\/\",\"logo\":{\"@type\":\"ImageObject\",\"inLanguage\":\"en-US\",\"@id\":\"https:\/\/librairie7l.com\/en\/#\/schema\/logo\/image\/\",\"url\":\"https:\/\/librairie7l.com\/wp-content\/uploads\/2022\/08\/logo-1.png\",\"contentUrl\":\"https:\/\/librairie7l.com\/wp-content\/uploads\/2022\/08\/logo-1.png\",\"width\":227,\"height\":301,\"caption\":\"Librairie 7L\"},\"image\":{\"@id\":\"https:\/\/librairie7l.com\/en\/#\/schema\/logo\/image\/\"}}]}<\/script>\n<!-- \/ Yoast SEO plugin. -->","yoast_head_json":{"title":"Jardins, les vrais et les autres - Librairie 7L","robots":{"index":"index","follow":"follow","max-snippet":"max-snippet:-1","max-image-preview":"max-image-preview:large","max-video-preview":"max-video-preview:-1"},"canonical":"https:\/\/librairie7l.com\/en\/produit\/jardins-les-vrais-et-les-autres\/","og_locale":"en_US","og_type":"article","og_title":"Jardins, les vrais et les autres - Librairie 7L","og_description":"\u00abDeux artistes libres, insolents, subtils ont invent\u00e9 un livre qui fait r\u00eaver.\u00bb Voici un manifeste ironique de r\u00e9sistance botanique. Mais aussi une radiographie de notre soci\u00e9t\u00e9 \u00e0 travers une attaque en r\u00e8gle contre les jardins \u00e0 la mode et une galerie de portraits sans piti\u00e9 de leurs propri\u00e9taires. Aucun jardin n&#8217;y manque : le jardin [&hellip;]","og_url":"https:\/\/librairie7l.com\/en\/produit\/jardins-les-vrais-et-les-autres\/","og_site_name":"Librairie 7L","article_modified_time":"2026-04-10T05:06:37+00:00","og_image":[{"width":600,"height":833,"url":"https:\/\/librairie7l.com\/wp-content\/uploads\/2011\/05\/9782081267626_1_75.jpg","type":"image\/jpeg"}],"twitter_card":"summary_large_image","twitter_misc":{"Est. reading time":"1 minute"},"schema":{"@context":"https:\/\/schema.org","@graph":[{"@type":"WebPage","@id":"https:\/\/librairie7l.com\/en\/produit\/jardins-les-vrais-et-les-autres\/","url":"https:\/\/librairie7l.com\/en\/produit\/jardins-les-vrais-et-les-autres\/","name":"Jardins, les vrais et les autres - Librairie 7L","isPartOf":{"@id":"https:\/\/librairie7l.com\/en\/#website"},"datePublished":"2023-11-21T11:43:07+00:00","dateModified":"2026-04-10T05:06:37+00:00","breadcrumb":{"@id":"https:\/\/librairie7l.com\/en\/produit\/jardins-les-vrais-et-les-autres\/#breadcrumb"},"inLanguage":"en-US","potentialAction":[{"@type":"ReadAction","target":["https:\/\/librairie7l.com\/en\/produit\/jardins-les-vrais-et-les-autres\/"]}]},{"@type":"BreadcrumbList","@id":"https:\/\/librairie7l.com\/en\/produit\/jardins-les-vrais-et-les-autres\/#breadcrumb","itemListElement":[{"@type":"ListItem","position":1,"name":"Accueil","item":"https:\/\/librairie7l.com\/en\/"},{"@type":"ListItem","position":2,"name":"Shop","item":"https:\/\/librairie7l.com\/en\/shop\/"},{"@type":"ListItem","position":3,"name":"JARDINS, LES VRAIS ET LES AUTRES"}]},{"@type":"WebSite","@id":"https:\/\/librairie7l.com\/en\/#website","url":"https:\/\/librairie7l.com\/en\/","name":"Librairie 7L","description":"Librairie fond\u00e9e en 1999 par Karl Lagerfeld \u00e0 Paris","publisher":{"@id":"https:\/\/librairie7l.com\/en\/#organization"},"potentialAction":[{"@type":"SearchAction","target":{"@type":"EntryPoint","urlTemplate":"https:\/\/librairie7l.com\/en\/?s={search_term_string}"},"query-input":"required name=search_term_string"}],"inLanguage":"en-US"},{"@type":"Organization","@id":"https:\/\/librairie7l.com\/en\/#organization","name":"Librairie 7L","url":"https:\/\/librairie7l.com\/en\/","logo":{"@type":"ImageObject","inLanguage":"en-US","@id":"https:\/\/librairie7l.com\/en\/#\/schema\/logo\/image\/","url":"https:\/\/librairie7l.com\/wp-content\/uploads\/2022\/08\/logo-1.png","contentUrl":"https:\/\/librairie7l.com\/wp-content\/uploads\/2022\/08\/logo-1.png","width":227,"height":301,"caption":"Librairie 7L"},"image":{"@id":"https:\/\/librairie7l.com\/en\/#\/schema\/logo\/image\/"}}]}},"_links":{"self":[{"href":"https:\/\/librairie7l.com\/en\/wp-json\/wp\/v2\/product\/37601"}],"collection":[{"href":"https:\/\/librairie7l.com\/en\/wp-json\/wp\/v2\/product"}],"about":[{"href":"https:\/\/librairie7l.com\/en\/wp-json\/wp\/v2\/types\/product"}],"wp:featuredmedia":[{"embeddable":true,"href":"https:\/\/librairie7l.com\/en\/wp-json\/wp\/v2\/media\/37599"}],"wp:attachment":[{"href":"https:\/\/librairie7l.com\/en\/wp-json\/wp\/v2\/media?parent=37601"}],"wp:term":[{"taxonomy":"product_cat","embeddable":true,"href":"https:\/\/librairie7l.com\/en\/wp-json\/wp\/v2\/product_cat?post=37601"},{"taxonomy":"product_tag","embeddable":true,"href":"https:\/\/librairie7l.com\/en\/wp-json\/wp\/v2\/product_tag?post=37601"}],"curies":[{"name":"wp","href":"https:\/\/api.w.org\/{rel}","templated":true}]}}