{"id":37609,"date":"2023-11-21T12:46:07","date_gmt":"2023-11-21T11:46:07","guid":{"rendered":"https:\/\/librairie7l.com\/?post_type=product&#038;p=37609"},"modified":"2026-04-18T03:02:04","modified_gmt":"2026-04-18T01:02:04","slug":"horta-and-the-grammar-of-art-nouveau","status":"publish","type":"product","link":"https:\/\/librairie7l.com\/en\/produit\/horta-and-the-grammar-of-art-nouveau\/","title":{"rendered":"HORTA AND THE GRAMMAR OF ART NOUVEAU"},"content":{"rendered":"<p>Horta et la Grammaire de l&#8217;Art Nouveau propose un aper\u00e7u innovant de l&#8217;approche architecturale de Victor Horta  (1861-1947), dont les cr\u00e9ations entre 1893 et 1905 ont \u00e9t\u00e9 d\u00e9terminantes pour le d\u00e9veloppement de l&#8217;architecture Art Nouveau. Cet ouvrage pr\u00e9sente l&#8217;oeuvre, le contexte et la bo\u00eete \u00e0 outils du plus c\u00e9l\u00e8bre des architectes belges dans une perspective nouvelle, d\u00e9gageant ce qui reste essentiel \u00e0 l&#8217;Art Nouveau de Victor Horta, en dehors de son style et de son vocabulaire typiquement v\u00e9g\u00e9tal. Des experts internationaux jettent un \u00e9clairage nouveau sur les sources architecturales d&#8217;Horta, la mani\u00e8re dont il a con\u00e7u ses projets et son usage novateur de la structure et de la lumi\u00e8re. Le livre \u00e9voque \u00e9galement la r\u00e9ception d&#8217;Horta dans l&#8217;historiographie du Mouvement moderne et  la relation entre son oeuvre et l&#8217;entreprise coloniale du Roi L\u00e9opold II.  <\/p>\n<p>Cette publication est abondamment illustr\u00e9e de cartes, plans, mod\u00e8les en pl\u00e2tre et mat\u00e9riel photographique exceptionnel et in\u00e9dit, command\u00e9 par Victor Horta lui-m\u00eame. Ces sources archivistiques sont compl\u00e9t\u00e9es par une s\u00e9rie de photographies, r\u00e9alis\u00e9es sp\u00e9cialement pour cet ouvrage par le photographe d&#8217;architecture Maxime Delvaux. Elles offrent une vue contemporaine des b\u00e2timents d&#8217;Horta sous l&#8217;angle des diff\u00e9rents th\u00e8mes abord\u00e9s au fil des pages.<\/p>\n","protected":false},"excerpt":{"rendered":"<p>Horta et la Grammaire de l&#8217;Art Nouveau propose un aper\u00e7u innovant de l&#8217;approche architecturale de Victor Horta (1861-1947), dont les cr\u00e9ations entre 1893 et 1905 ont \u00e9t\u00e9 d\u00e9terminantes pour le d\u00e9veloppement de l&#8217;architecture Art Nouveau. Cet ouvrage pr\u00e9sente l&#8217;oeuvre, le contexte et la bo\u00eete \u00e0 outils du plus c\u00e9l\u00e8bre des architectes belges dans une perspective [&hellip;]<\/p>\n","protected":false},"featured_media":37607,"template":"","meta":[],"product_cat":[2948,2950],"product_tag":[],"acf":[],"yoast_head":"<!-- This site is optimized with the Yoast SEO plugin v20.11 - https:\/\/yoast.com\/wordpress\/plugins\/seo\/ -->\n<title>Horta and the grammar of art nouveau - Librairie 7L<\/title>\n<meta name=\"robots\" content=\"index, follow, max-snippet:-1, max-image-preview:large, max-video-preview:-1\" \/>\n<link rel=\"canonical\" href=\"https:\/\/librairie7l.com\/en\/produit\/horta-and-the-grammar-of-art-nouveau\/\" \/>\n<meta property=\"og:locale\" content=\"en_US\" \/>\n<meta property=\"og:type\" content=\"article\" \/>\n<meta property=\"og:title\" content=\"Horta and the grammar of art nouveau - Librairie 7L\" \/>\n<meta property=\"og:description\" content=\"Horta et la Grammaire de l&#8217;Art Nouveau propose un aper\u00e7u innovant de l&#8217;approche architecturale de Victor Horta (1861-1947), dont les cr\u00e9ations entre 1893 et 1905 ont \u00e9t\u00e9 d\u00e9terminantes pour le d\u00e9veloppement de l&#8217;architecture Art Nouveau. Cet ouvrage pr\u00e9sente l&#8217;oeuvre, le contexte et la bo\u00eete \u00e0 outils du plus c\u00e9l\u00e8bre des architectes belges dans une perspective [&hellip;]\" \/>\n<meta property=\"og:url\" content=\"https:\/\/librairie7l.com\/en\/produit\/horta-and-the-grammar-of-art-nouveau\/\" \/>\n<meta property=\"og:site_name\" content=\"Librairie 7L\" \/>\n<meta property=\"article:modified_time\" content=\"2026-04-18T01:02:04+00:00\" \/>\n<meta property=\"og:image\" content=\"https:\/\/librairie7l.com\/wp-content\/uploads\/2023\/06\/9789462303607_1_75.jpg\" \/>\n\t<meta property=\"og:image:width\" content=\"600\" \/>\n\t<meta property=\"og:image:height\" content=\"713\" \/>\n\t<meta property=\"og:image:type\" content=\"image\/jpeg\" \/>\n<meta name=\"twitter:card\" content=\"summary_large_image\" \/>\n<meta name=\"twitter:label1\" content=\"Est. reading time\" \/>\n\t<meta name=\"twitter:data1\" content=\"1 minute\" \/>\n<script type=\"application\/ld+json\" class=\"yoast-schema-graph\">{\"@context\":\"https:\/\/schema.org\",\"@graph\":[{\"@type\":\"WebPage\",\"@id\":\"https:\/\/librairie7l.com\/en\/produit\/horta-and-the-grammar-of-art-nouveau\/\",\"url\":\"https:\/\/librairie7l.com\/en\/produit\/horta-and-the-grammar-of-art-nouveau\/\",\"name\":\"Horta and the grammar of art nouveau - Librairie 7L\",\"isPartOf\":{\"@id\":\"https:\/\/librairie7l.com\/en\/#website\"},\"datePublished\":\"2023-11-21T11:46:07+00:00\",\"dateModified\":\"2026-04-18T01:02:04+00:00\",\"breadcrumb\":{\"@id\":\"https:\/\/librairie7l.com\/en\/produit\/horta-and-the-grammar-of-art-nouveau\/#breadcrumb\"},\"inLanguage\":\"en-US\",\"potentialAction\":[{\"@type\":\"ReadAction\",\"target\":[\"https:\/\/librairie7l.com\/en\/produit\/horta-and-the-grammar-of-art-nouveau\/\"]}]},{\"@type\":\"BreadcrumbList\",\"@id\":\"https:\/\/librairie7l.com\/en\/produit\/horta-and-the-grammar-of-art-nouveau\/#breadcrumb\",\"itemListElement\":[{\"@type\":\"ListItem\",\"position\":1,\"name\":\"Accueil\",\"item\":\"https:\/\/librairie7l.com\/en\/\"},{\"@type\":\"ListItem\",\"position\":2,\"name\":\"Shop\",\"item\":\"https:\/\/librairie7l.com\/en\/shop\/\"},{\"@type\":\"ListItem\",\"position\":3,\"name\":\"HORTA AND THE GRAMMAR OF ART NOUVEAU\"}]},{\"@type\":\"WebSite\",\"@id\":\"https:\/\/librairie7l.com\/en\/#website\",\"url\":\"https:\/\/librairie7l.com\/en\/\",\"name\":\"Librairie 7L\",\"description\":\"Librairie fond\u00e9e en 1999 par Karl Lagerfeld \u00e0 Paris\",\"publisher\":{\"@id\":\"https:\/\/librairie7l.com\/en\/#organization\"},\"potentialAction\":[{\"@type\":\"SearchAction\",\"target\":{\"@type\":\"EntryPoint\",\"urlTemplate\":\"https:\/\/librairie7l.com\/en\/?s={search_term_string}\"},\"query-input\":\"required name=search_term_string\"}],\"inLanguage\":\"en-US\"},{\"@type\":\"Organization\",\"@id\":\"https:\/\/librairie7l.com\/en\/#organization\",\"name\":\"Librairie 7L\",\"url\":\"https:\/\/librairie7l.com\/en\/\",\"logo\":{\"@type\":\"ImageObject\",\"inLanguage\":\"en-US\",\"@id\":\"https:\/\/librairie7l.com\/en\/#\/schema\/logo\/image\/\",\"url\":\"https:\/\/librairie7l.com\/wp-content\/uploads\/2022\/08\/logo-1.png\",\"contentUrl\":\"https:\/\/librairie7l.com\/wp-content\/uploads\/2022\/08\/logo-1.png\",\"width\":227,\"height\":301,\"caption\":\"Librairie 7L\"},\"image\":{\"@id\":\"https:\/\/librairie7l.com\/en\/#\/schema\/logo\/image\/\"}}]}<\/script>\n<!-- \/ Yoast SEO plugin. -->","yoast_head_json":{"title":"Horta and the grammar of art nouveau - Librairie 7L","robots":{"index":"index","follow":"follow","max-snippet":"max-snippet:-1","max-image-preview":"max-image-preview:large","max-video-preview":"max-video-preview:-1"},"canonical":"https:\/\/librairie7l.com\/en\/produit\/horta-and-the-grammar-of-art-nouveau\/","og_locale":"en_US","og_type":"article","og_title":"Horta and the grammar of art nouveau - Librairie 7L","og_description":"Horta et la Grammaire de l&#8217;Art Nouveau propose un aper\u00e7u innovant de l&#8217;approche architecturale de Victor Horta (1861-1947), dont les cr\u00e9ations entre 1893 et 1905 ont \u00e9t\u00e9 d\u00e9terminantes pour le d\u00e9veloppement de l&#8217;architecture Art Nouveau. Cet ouvrage pr\u00e9sente l&#8217;oeuvre, le contexte et la bo\u00eete \u00e0 outils du plus c\u00e9l\u00e8bre des architectes belges dans une perspective [&hellip;]","og_url":"https:\/\/librairie7l.com\/en\/produit\/horta-and-the-grammar-of-art-nouveau\/","og_site_name":"Librairie 7L","article_modified_time":"2026-04-18T01:02:04+00:00","og_image":[{"width":600,"height":713,"url":"https:\/\/librairie7l.com\/wp-content\/uploads\/2023\/06\/9789462303607_1_75.jpg","type":"image\/jpeg"}],"twitter_card":"summary_large_image","twitter_misc":{"Est. reading time":"1 minute"},"schema":{"@context":"https:\/\/schema.org","@graph":[{"@type":"WebPage","@id":"https:\/\/librairie7l.com\/en\/produit\/horta-and-the-grammar-of-art-nouveau\/","url":"https:\/\/librairie7l.com\/en\/produit\/horta-and-the-grammar-of-art-nouveau\/","name":"Horta and the grammar of art nouveau - Librairie 7L","isPartOf":{"@id":"https:\/\/librairie7l.com\/en\/#website"},"datePublished":"2023-11-21T11:46:07+00:00","dateModified":"2026-04-18T01:02:04+00:00","breadcrumb":{"@id":"https:\/\/librairie7l.com\/en\/produit\/horta-and-the-grammar-of-art-nouveau\/#breadcrumb"},"inLanguage":"en-US","potentialAction":[{"@type":"ReadAction","target":["https:\/\/librairie7l.com\/en\/produit\/horta-and-the-grammar-of-art-nouveau\/"]}]},{"@type":"BreadcrumbList","@id":"https:\/\/librairie7l.com\/en\/produit\/horta-and-the-grammar-of-art-nouveau\/#breadcrumb","itemListElement":[{"@type":"ListItem","position":1,"name":"Accueil","item":"https:\/\/librairie7l.com\/en\/"},{"@type":"ListItem","position":2,"name":"Shop","item":"https:\/\/librairie7l.com\/en\/shop\/"},{"@type":"ListItem","position":3,"name":"HORTA AND THE GRAMMAR OF ART NOUVEAU"}]},{"@type":"WebSite","@id":"https:\/\/librairie7l.com\/en\/#website","url":"https:\/\/librairie7l.com\/en\/","name":"Librairie 7L","description":"Librairie fond\u00e9e en 1999 par Karl Lagerfeld \u00e0 Paris","publisher":{"@id":"https:\/\/librairie7l.com\/en\/#organization"},"potentialAction":[{"@type":"SearchAction","target":{"@type":"EntryPoint","urlTemplate":"https:\/\/librairie7l.com\/en\/?s={search_term_string}"},"query-input":"required name=search_term_string"}],"inLanguage":"en-US"},{"@type":"Organization","@id":"https:\/\/librairie7l.com\/en\/#organization","name":"Librairie 7L","url":"https:\/\/librairie7l.com\/en\/","logo":{"@type":"ImageObject","inLanguage":"en-US","@id":"https:\/\/librairie7l.com\/en\/#\/schema\/logo\/image\/","url":"https:\/\/librairie7l.com\/wp-content\/uploads\/2022\/08\/logo-1.png","contentUrl":"https:\/\/librairie7l.com\/wp-content\/uploads\/2022\/08\/logo-1.png","width":227,"height":301,"caption":"Librairie 7L"},"image":{"@id":"https:\/\/librairie7l.com\/en\/#\/schema\/logo\/image\/"}}]}},"_links":{"self":[{"href":"https:\/\/librairie7l.com\/en\/wp-json\/wp\/v2\/product\/37609"}],"collection":[{"href":"https:\/\/librairie7l.com\/en\/wp-json\/wp\/v2\/product"}],"about":[{"href":"https:\/\/librairie7l.com\/en\/wp-json\/wp\/v2\/types\/product"}],"wp:featuredmedia":[{"embeddable":true,"href":"https:\/\/librairie7l.com\/en\/wp-json\/wp\/v2\/media\/37607"}],"wp:attachment":[{"href":"https:\/\/librairie7l.com\/en\/wp-json\/wp\/v2\/media?parent=37609"}],"wp:term":[{"taxonomy":"product_cat","embeddable":true,"href":"https:\/\/librairie7l.com\/en\/wp-json\/wp\/v2\/product_cat?post=37609"},{"taxonomy":"product_tag","embeddable":true,"href":"https:\/\/librairie7l.com\/en\/wp-json\/wp\/v2\/product_tag?post=37609"}],"curies":[{"name":"wp","href":"https:\/\/api.w.org\/{rel}","templated":true}]}}