{"id":37623,"date":"2023-11-21T12:48:25","date_gmt":"2023-11-21T11:48:25","guid":{"rendered":"https:\/\/librairie7l.com\/?post_type=product&#038;p=37623"},"modified":"2026-04-22T08:48:54","modified_gmt":"2026-04-22T06:48:54","slug":"nous-lhorizon-resterons-seul","status":"publish","type":"product","link":"https:\/\/librairie7l.com\/en\/produit\/nous-lhorizon-resterons-seul\/","title":{"rendered":"NOUS L&#8217;HORIZON RESTERONS SEUL"},"content":{"rendered":"<p>Jean-Fran\u00e7ois Spricigo \u00e9labore depuis vingt ans un langage artistique d&#8217;une rare puissance, nourrie par le dialogue qu&#8217;entretient la photographie avec l&#8217;\u00e9criture,la cr\u00e9ation sonore et la vid\u00e9o. Au fondement de cette oeuvre radicale, le rapport intense \u00e0 la nature qui anime l&#8217;artiste, r\u00e9futant toute hi\u00e9rarchie entre les formes de vie : \u00ab Humblement, j&#8217;observe la nature et la reconnais comme seule norme tangible face aux mutations de nos soci\u00e9t\u00e9s \u00bb. Comme seul lieu, \u00e9galement, de r\u00e9conciliation possible entre l&#8217;imaginaire et le r\u00e9el. Oraison sauvage, paru en 2021, a t\u00e9moign\u00e9 de la force et de l&#8217;int\u00e9grit\u00e9 de ce parcours.<\/p>\n<p>Nous l&#8217;horizon   resterons seul (titre \u00e0 lire en deux locutions distinctes), r\u00e9cit d&#8217;immersions r\u00e9centes sur l&#8217;\u00eele de La R\u00e9union, \u00e0 Mayotte et en Guyane, m\u00e8ne plus loin encore cette qu\u00eate intime du sensible, marquant ainsi une nouvelle \u00e9tape dans l&#8217;oeuvre de l&#8217;artiste. Inspir\u00e9 par la dimension farouche et indomptable des littoraux ultramarins, ce livre se fait l&#8217;\u00e9cho d&#8217;\u00e9merveillements toujours renouvel\u00e9s devant l&#8217;immensit\u00e9 du vivant.<br \/>\nJean-Fran\u00e7ois Spricigo est l&#8217;un des artistes laur\u00e9ats du programme artistique Mondes nouveaux \u00e0 l&#8217;initiative du minist\u00e8re de la Culture. C&#8217;est dans ce cadre qu&#8217;il a r\u00e9alis\u00e9 les photographies de ce livre, apr\u00e8s trois longs voyages dans les Outre-mer.<\/p>\n<p>Nous l&#8217;horizon   resterons seul s&#8217;accompagne d&#8217;un texte de Jean-Fran\u00e7ois Spricigo (qui fait aussi l&#8217;objet d&#8217;un spectacle sur sc\u00e8ne qu&#8217;il interpr\u00e8te) et d&#8217;un texte de Thierry Gillyboeuf, auteur et traducteur, qui inscrit ces photographies dans le sillage des \u00ab promenades mythologiques \u00bb du grand Henry David Thoreau.<\/p>\n<p>Ce livre a re\u00e7u le Prix Nadar 2023.<\/p>\n","protected":false},"excerpt":{"rendered":"<p>Jean-Fran\u00e7ois Spricigo \u00e9labore depuis vingt ans un langage artistique d&#8217;une rare puissance, nourrie par le dialogue qu&#8217;entretient la photographie avec l&#8217;\u00e9criture,la cr\u00e9ation sonore et la vid\u00e9o. Au fondement de cette oeuvre radicale, le rapport intense \u00e0 la nature qui anime l&#8217;artiste, r\u00e9futant toute hi\u00e9rarchie entre les formes de vie : \u00ab Humblement, j&#8217;observe la nature [&hellip;]<\/p>\n","protected":false},"featured_media":37621,"template":"","meta":[],"product_cat":[2948,2958],"product_tag":[],"acf":[],"yoast_head":"<!-- This site is optimized with the Yoast SEO plugin v20.11 - https:\/\/yoast.com\/wordpress\/plugins\/seo\/ -->\n<title>Nous l&#039;horizon resterons seul - Librairie 7L<\/title>\n<meta name=\"robots\" content=\"index, follow, max-snippet:-1, max-image-preview:large, max-video-preview:-1\" \/>\n<link rel=\"canonical\" href=\"https:\/\/librairie7l.com\/en\/produit\/nous-lhorizon-resterons-seul\/\" \/>\n<meta property=\"og:locale\" content=\"en_US\" \/>\n<meta property=\"og:type\" content=\"article\" \/>\n<meta property=\"og:title\" content=\"Nous l&#039;horizon resterons seul - Librairie 7L\" \/>\n<meta property=\"og:description\" content=\"Jean-Fran\u00e7ois Spricigo \u00e9labore depuis vingt ans un langage artistique d&#8217;une rare puissance, nourrie par le dialogue qu&#8217;entretient la photographie avec l&#8217;\u00e9criture,la cr\u00e9ation sonore et la vid\u00e9o. Au fondement de cette oeuvre radicale, le rapport intense \u00e0 la nature qui anime l&#8217;artiste, r\u00e9futant toute hi\u00e9rarchie entre les formes de vie : \u00ab Humblement, j&#8217;observe la nature [&hellip;]\" \/>\n<meta property=\"og:url\" content=\"https:\/\/librairie7l.com\/en\/produit\/nous-lhorizon-resterons-seul\/\" \/>\n<meta property=\"og:site_name\" content=\"Librairie 7L\" \/>\n<meta property=\"article:modified_time\" content=\"2026-04-22T06:48:54+00:00\" \/>\n<meta property=\"og:image\" content=\"https:\/\/librairie7l.com\/wp-content\/uploads\/2023\/06\/9782367441849_1_75.jpg\" \/>\n\t<meta property=\"og:image:width\" content=\"733\" \/>\n\t<meta property=\"og:image:height\" content=\"600\" \/>\n\t<meta property=\"og:image:type\" content=\"image\/jpeg\" \/>\n<meta name=\"twitter:card\" content=\"summary_large_image\" \/>\n<meta name=\"twitter:label1\" content=\"Est. reading time\" \/>\n\t<meta name=\"twitter:data1\" content=\"1 minute\" \/>\n<script type=\"application\/ld+json\" class=\"yoast-schema-graph\">{\"@context\":\"https:\/\/schema.org\",\"@graph\":[{\"@type\":\"WebPage\",\"@id\":\"https:\/\/librairie7l.com\/en\/produit\/nous-lhorizon-resterons-seul\/\",\"url\":\"https:\/\/librairie7l.com\/en\/produit\/nous-lhorizon-resterons-seul\/\",\"name\":\"Nous l'horizon resterons seul - Librairie 7L\",\"isPartOf\":{\"@id\":\"https:\/\/librairie7l.com\/en\/#website\"},\"datePublished\":\"2023-11-21T11:48:25+00:00\",\"dateModified\":\"2026-04-22T06:48:54+00:00\",\"breadcrumb\":{\"@id\":\"https:\/\/librairie7l.com\/en\/produit\/nous-lhorizon-resterons-seul\/#breadcrumb\"},\"inLanguage\":\"en-US\",\"potentialAction\":[{\"@type\":\"ReadAction\",\"target\":[\"https:\/\/librairie7l.com\/en\/produit\/nous-lhorizon-resterons-seul\/\"]}]},{\"@type\":\"BreadcrumbList\",\"@id\":\"https:\/\/librairie7l.com\/en\/produit\/nous-lhorizon-resterons-seul\/#breadcrumb\",\"itemListElement\":[{\"@type\":\"ListItem\",\"position\":1,\"name\":\"Accueil\",\"item\":\"https:\/\/librairie7l.com\/en\/\"},{\"@type\":\"ListItem\",\"position\":2,\"name\":\"Shop\",\"item\":\"https:\/\/librairie7l.com\/en\/shop\/\"},{\"@type\":\"ListItem\",\"position\":3,\"name\":\"NOUS L&#8217;HORIZON RESTERONS SEUL\"}]},{\"@type\":\"WebSite\",\"@id\":\"https:\/\/librairie7l.com\/en\/#website\",\"url\":\"https:\/\/librairie7l.com\/en\/\",\"name\":\"Librairie 7L\",\"description\":\"Librairie fond\u00e9e en 1999 par Karl Lagerfeld \u00e0 Paris\",\"publisher\":{\"@id\":\"https:\/\/librairie7l.com\/en\/#organization\"},\"potentialAction\":[{\"@type\":\"SearchAction\",\"target\":{\"@type\":\"EntryPoint\",\"urlTemplate\":\"https:\/\/librairie7l.com\/en\/?s={search_term_string}\"},\"query-input\":\"required name=search_term_string\"}],\"inLanguage\":\"en-US\"},{\"@type\":\"Organization\",\"@id\":\"https:\/\/librairie7l.com\/en\/#organization\",\"name\":\"Librairie 7L\",\"url\":\"https:\/\/librairie7l.com\/en\/\",\"logo\":{\"@type\":\"ImageObject\",\"inLanguage\":\"en-US\",\"@id\":\"https:\/\/librairie7l.com\/en\/#\/schema\/logo\/image\/\",\"url\":\"https:\/\/librairie7l.com\/wp-content\/uploads\/2022\/08\/logo-1.png\",\"contentUrl\":\"https:\/\/librairie7l.com\/wp-content\/uploads\/2022\/08\/logo-1.png\",\"width\":227,\"height\":301,\"caption\":\"Librairie 7L\"},\"image\":{\"@id\":\"https:\/\/librairie7l.com\/en\/#\/schema\/logo\/image\/\"}}]}<\/script>\n<!-- \/ Yoast SEO plugin. -->","yoast_head_json":{"title":"Nous l'horizon resterons seul - Librairie 7L","robots":{"index":"index","follow":"follow","max-snippet":"max-snippet:-1","max-image-preview":"max-image-preview:large","max-video-preview":"max-video-preview:-1"},"canonical":"https:\/\/librairie7l.com\/en\/produit\/nous-lhorizon-resterons-seul\/","og_locale":"en_US","og_type":"article","og_title":"Nous l'horizon resterons seul - Librairie 7L","og_description":"Jean-Fran\u00e7ois Spricigo \u00e9labore depuis vingt ans un langage artistique d&#8217;une rare puissance, nourrie par le dialogue qu&#8217;entretient la photographie avec l&#8217;\u00e9criture,la cr\u00e9ation sonore et la vid\u00e9o. Au fondement de cette oeuvre radicale, le rapport intense \u00e0 la nature qui anime l&#8217;artiste, r\u00e9futant toute hi\u00e9rarchie entre les formes de vie : \u00ab Humblement, j&#8217;observe la nature [&hellip;]","og_url":"https:\/\/librairie7l.com\/en\/produit\/nous-lhorizon-resterons-seul\/","og_site_name":"Librairie 7L","article_modified_time":"2026-04-22T06:48:54+00:00","og_image":[{"width":733,"height":600,"url":"https:\/\/librairie7l.com\/wp-content\/uploads\/2023\/06\/9782367441849_1_75.jpg","type":"image\/jpeg"}],"twitter_card":"summary_large_image","twitter_misc":{"Est. reading time":"1 minute"},"schema":{"@context":"https:\/\/schema.org","@graph":[{"@type":"WebPage","@id":"https:\/\/librairie7l.com\/en\/produit\/nous-lhorizon-resterons-seul\/","url":"https:\/\/librairie7l.com\/en\/produit\/nous-lhorizon-resterons-seul\/","name":"Nous l'horizon resterons seul - Librairie 7L","isPartOf":{"@id":"https:\/\/librairie7l.com\/en\/#website"},"datePublished":"2023-11-21T11:48:25+00:00","dateModified":"2026-04-22T06:48:54+00:00","breadcrumb":{"@id":"https:\/\/librairie7l.com\/en\/produit\/nous-lhorizon-resterons-seul\/#breadcrumb"},"inLanguage":"en-US","potentialAction":[{"@type":"ReadAction","target":["https:\/\/librairie7l.com\/en\/produit\/nous-lhorizon-resterons-seul\/"]}]},{"@type":"BreadcrumbList","@id":"https:\/\/librairie7l.com\/en\/produit\/nous-lhorizon-resterons-seul\/#breadcrumb","itemListElement":[{"@type":"ListItem","position":1,"name":"Accueil","item":"https:\/\/librairie7l.com\/en\/"},{"@type":"ListItem","position":2,"name":"Shop","item":"https:\/\/librairie7l.com\/en\/shop\/"},{"@type":"ListItem","position":3,"name":"NOUS L&#8217;HORIZON RESTERONS SEUL"}]},{"@type":"WebSite","@id":"https:\/\/librairie7l.com\/en\/#website","url":"https:\/\/librairie7l.com\/en\/","name":"Librairie 7L","description":"Librairie fond\u00e9e en 1999 par Karl Lagerfeld \u00e0 Paris","publisher":{"@id":"https:\/\/librairie7l.com\/en\/#organization"},"potentialAction":[{"@type":"SearchAction","target":{"@type":"EntryPoint","urlTemplate":"https:\/\/librairie7l.com\/en\/?s={search_term_string}"},"query-input":"required name=search_term_string"}],"inLanguage":"en-US"},{"@type":"Organization","@id":"https:\/\/librairie7l.com\/en\/#organization","name":"Librairie 7L","url":"https:\/\/librairie7l.com\/en\/","logo":{"@type":"ImageObject","inLanguage":"en-US","@id":"https:\/\/librairie7l.com\/en\/#\/schema\/logo\/image\/","url":"https:\/\/librairie7l.com\/wp-content\/uploads\/2022\/08\/logo-1.png","contentUrl":"https:\/\/librairie7l.com\/wp-content\/uploads\/2022\/08\/logo-1.png","width":227,"height":301,"caption":"Librairie 7L"},"image":{"@id":"https:\/\/librairie7l.com\/en\/#\/schema\/logo\/image\/"}}]}},"_links":{"self":[{"href":"https:\/\/librairie7l.com\/en\/wp-json\/wp\/v2\/product\/37623"}],"collection":[{"href":"https:\/\/librairie7l.com\/en\/wp-json\/wp\/v2\/product"}],"about":[{"href":"https:\/\/librairie7l.com\/en\/wp-json\/wp\/v2\/types\/product"}],"wp:featuredmedia":[{"embeddable":true,"href":"https:\/\/librairie7l.com\/en\/wp-json\/wp\/v2\/media\/37621"}],"wp:attachment":[{"href":"https:\/\/librairie7l.com\/en\/wp-json\/wp\/v2\/media?parent=37623"}],"wp:term":[{"taxonomy":"product_cat","embeddable":true,"href":"https:\/\/librairie7l.com\/en\/wp-json\/wp\/v2\/product_cat?post=37623"},{"taxonomy":"product_tag","embeddable":true,"href":"https:\/\/librairie7l.com\/en\/wp-json\/wp\/v2\/product_tag?post=37623"}],"curies":[{"name":"wp","href":"https:\/\/api.w.org\/{rel}","templated":true}]}}