{"id":37631,"date":"2024-05-22T10:07:12","date_gmt":"2024-05-22T08:07:12","guid":{"rendered":"https:\/\/librairie7l.com\/?post_type=product&#038;p=37631"},"modified":"2026-04-22T17:05:32","modified_gmt":"2026-04-22T15:05:32","slug":"les-oignons-de-denis-brihat","status":"publish","type":"product","link":"https:\/\/librairie7l.com\/en\/produit\/les-oignons-de-denis-brihat\/","title":{"rendered":"LES OIGNONS DE DENIS BRIHAT"},"content":{"rendered":"<p>Install\u00e9 en Provence depuis 1958, le photographe Denis Brihat y a d\u00e9velopp\u00e9 une oeuvre d&#8217;une force et d&#8217;une coh\u00e9rence rares, reconstituant et magnifiant, par sa ma\u00eetrise de la chimie argentique, les couleurs du monde v\u00e9g\u00e9tal. Ses th\u00e8mes de pr\u00e9dilection sont les fruits, l\u00e9gumes et v\u00e9g\u00e9taux de son potager et de son jardin. Parmi eux, l&#8217;oignon tient une place \u00e0 part, qu&#8217;il a explor\u00e9 de fa\u00e7on obsessionnelle pendant un demi-si\u00e8cle. Ce livre rassemble une centaine de ses images c\u00e9pac\u00e9es, offrant ainsi au public la chance de d\u00e9couvrir l&#8217;une des grandes aventures de l&#8217;histoire de la photographie. Il s&#8217;accompagne de plusieurs textes, dont un de l&#8217;historien d&#8217;art Michel Poivert sur le th\u00e8me de l&#8217;obsession, ainsi que d&#8217;un entretien avec l&#8217;artiste qui \u00e9claire cette passion singuli\u00e8re.<\/p>\n","protected":false},"excerpt":{"rendered":"<p>Install\u00e9 en Provence depuis 1958, le photographe Denis Brihat y a d\u00e9velopp\u00e9 une oeuvre d&#8217;une force et d&#8217;une coh\u00e9rence rares, reconstituant et magnifiant, par sa ma\u00eetrise de la chimie argentique, les couleurs du monde v\u00e9g\u00e9tal. Ses th\u00e8mes de pr\u00e9dilection sont les fruits, l\u00e9gumes et v\u00e9g\u00e9taux de son potager et de son jardin. Parmi eux, l&#8217;oignon [&hellip;]<\/p>\n","protected":false},"featured_media":37629,"template":"","meta":[],"product_cat":[2948,2958],"product_tag":[],"acf":[],"yoast_head":"<!-- This site is optimized with the Yoast SEO plugin v20.11 - https:\/\/yoast.com\/wordpress\/plugins\/seo\/ -->\n<title>Les oignons de Denis Brihat - Librairie 7L<\/title>\n<meta name=\"robots\" content=\"index, follow, max-snippet:-1, max-image-preview:large, max-video-preview:-1\" \/>\n<link rel=\"canonical\" href=\"https:\/\/librairie7l.com\/en\/produit\/les-oignons-de-denis-brihat\/\" \/>\n<meta property=\"og:locale\" content=\"en_US\" \/>\n<meta property=\"og:type\" content=\"article\" \/>\n<meta property=\"og:title\" content=\"Les oignons de Denis Brihat - Librairie 7L\" \/>\n<meta property=\"og:description\" content=\"Install\u00e9 en Provence depuis 1958, le photographe Denis Brihat y a d\u00e9velopp\u00e9 une oeuvre d&#8217;une force et d&#8217;une coh\u00e9rence rares, reconstituant et magnifiant, par sa ma\u00eetrise de la chimie argentique, les couleurs du monde v\u00e9g\u00e9tal. Ses th\u00e8mes de pr\u00e9dilection sont les fruits, l\u00e9gumes et v\u00e9g\u00e9taux de son potager et de son jardin. Parmi eux, l&#8217;oignon [&hellip;]\" \/>\n<meta property=\"og:url\" content=\"https:\/\/librairie7l.com\/en\/produit\/les-oignons-de-denis-brihat\/\" \/>\n<meta property=\"og:site_name\" content=\"Librairie 7L\" \/>\n<meta property=\"article:modified_time\" content=\"2026-04-22T15:05:32+00:00\" \/>\n<meta property=\"og:image\" content=\"https:\/\/librairie7l.com\/wp-content\/uploads\/2023\/04\/9782367441818_1_75.jpg\" \/>\n\t<meta property=\"og:image:width\" content=\"600\" \/>\n\t<meta property=\"og:image:height\" content=\"739\" \/>\n\t<meta property=\"og:image:type\" content=\"image\/jpeg\" \/>\n<meta name=\"twitter:card\" content=\"summary_large_image\" \/>\n<meta name=\"twitter:label1\" content=\"Est. reading time\" \/>\n\t<meta name=\"twitter:data1\" content=\"1 minute\" \/>\n<script type=\"application\/ld+json\" class=\"yoast-schema-graph\">{\"@context\":\"https:\/\/schema.org\",\"@graph\":[{\"@type\":\"WebPage\",\"@id\":\"https:\/\/librairie7l.com\/en\/produit\/les-oignons-de-denis-brihat\/\",\"url\":\"https:\/\/librairie7l.com\/en\/produit\/les-oignons-de-denis-brihat\/\",\"name\":\"Les oignons de Denis Brihat - Librairie 7L\",\"isPartOf\":{\"@id\":\"https:\/\/librairie7l.com\/en\/#website\"},\"datePublished\":\"2024-05-22T08:07:12+00:00\",\"dateModified\":\"2026-04-22T15:05:32+00:00\",\"breadcrumb\":{\"@id\":\"https:\/\/librairie7l.com\/en\/produit\/les-oignons-de-denis-brihat\/#breadcrumb\"},\"inLanguage\":\"en-US\",\"potentialAction\":[{\"@type\":\"ReadAction\",\"target\":[\"https:\/\/librairie7l.com\/en\/produit\/les-oignons-de-denis-brihat\/\"]}]},{\"@type\":\"BreadcrumbList\",\"@id\":\"https:\/\/librairie7l.com\/en\/produit\/les-oignons-de-denis-brihat\/#breadcrumb\",\"itemListElement\":[{\"@type\":\"ListItem\",\"position\":1,\"name\":\"Accueil\",\"item\":\"https:\/\/librairie7l.com\/en\/\"},{\"@type\":\"ListItem\",\"position\":2,\"name\":\"Shop\",\"item\":\"https:\/\/librairie7l.com\/en\/shop\/\"},{\"@type\":\"ListItem\",\"position\":3,\"name\":\"LES OIGNONS DE DENIS BRIHAT\"}]},{\"@type\":\"WebSite\",\"@id\":\"https:\/\/librairie7l.com\/en\/#website\",\"url\":\"https:\/\/librairie7l.com\/en\/\",\"name\":\"Librairie 7L\",\"description\":\"Librairie fond\u00e9e en 1999 par Karl Lagerfeld \u00e0 Paris\",\"publisher\":{\"@id\":\"https:\/\/librairie7l.com\/en\/#organization\"},\"potentialAction\":[{\"@type\":\"SearchAction\",\"target\":{\"@type\":\"EntryPoint\",\"urlTemplate\":\"https:\/\/librairie7l.com\/en\/?s={search_term_string}\"},\"query-input\":\"required name=search_term_string\"}],\"inLanguage\":\"en-US\"},{\"@type\":\"Organization\",\"@id\":\"https:\/\/librairie7l.com\/en\/#organization\",\"name\":\"Librairie 7L\",\"url\":\"https:\/\/librairie7l.com\/en\/\",\"logo\":{\"@type\":\"ImageObject\",\"inLanguage\":\"en-US\",\"@id\":\"https:\/\/librairie7l.com\/en\/#\/schema\/logo\/image\/\",\"url\":\"https:\/\/librairie7l.com\/wp-content\/uploads\/2022\/08\/logo-1.png\",\"contentUrl\":\"https:\/\/librairie7l.com\/wp-content\/uploads\/2022\/08\/logo-1.png\",\"width\":227,\"height\":301,\"caption\":\"Librairie 7L\"},\"image\":{\"@id\":\"https:\/\/librairie7l.com\/en\/#\/schema\/logo\/image\/\"}}]}<\/script>\n<!-- \/ Yoast SEO plugin. -->","yoast_head_json":{"title":"Les oignons de Denis Brihat - Librairie 7L","robots":{"index":"index","follow":"follow","max-snippet":"max-snippet:-1","max-image-preview":"max-image-preview:large","max-video-preview":"max-video-preview:-1"},"canonical":"https:\/\/librairie7l.com\/en\/produit\/les-oignons-de-denis-brihat\/","og_locale":"en_US","og_type":"article","og_title":"Les oignons de Denis Brihat - Librairie 7L","og_description":"Install\u00e9 en Provence depuis 1958, le photographe Denis Brihat y a d\u00e9velopp\u00e9 une oeuvre d&#8217;une force et d&#8217;une coh\u00e9rence rares, reconstituant et magnifiant, par sa ma\u00eetrise de la chimie argentique, les couleurs du monde v\u00e9g\u00e9tal. Ses th\u00e8mes de pr\u00e9dilection sont les fruits, l\u00e9gumes et v\u00e9g\u00e9taux de son potager et de son jardin. Parmi eux, l&#8217;oignon [&hellip;]","og_url":"https:\/\/librairie7l.com\/en\/produit\/les-oignons-de-denis-brihat\/","og_site_name":"Librairie 7L","article_modified_time":"2026-04-22T15:05:32+00:00","og_image":[{"width":600,"height":739,"url":"https:\/\/librairie7l.com\/wp-content\/uploads\/2023\/04\/9782367441818_1_75.jpg","type":"image\/jpeg"}],"twitter_card":"summary_large_image","twitter_misc":{"Est. reading time":"1 minute"},"schema":{"@context":"https:\/\/schema.org","@graph":[{"@type":"WebPage","@id":"https:\/\/librairie7l.com\/en\/produit\/les-oignons-de-denis-brihat\/","url":"https:\/\/librairie7l.com\/en\/produit\/les-oignons-de-denis-brihat\/","name":"Les oignons de Denis Brihat - Librairie 7L","isPartOf":{"@id":"https:\/\/librairie7l.com\/en\/#website"},"datePublished":"2024-05-22T08:07:12+00:00","dateModified":"2026-04-22T15:05:32+00:00","breadcrumb":{"@id":"https:\/\/librairie7l.com\/en\/produit\/les-oignons-de-denis-brihat\/#breadcrumb"},"inLanguage":"en-US","potentialAction":[{"@type":"ReadAction","target":["https:\/\/librairie7l.com\/en\/produit\/les-oignons-de-denis-brihat\/"]}]},{"@type":"BreadcrumbList","@id":"https:\/\/librairie7l.com\/en\/produit\/les-oignons-de-denis-brihat\/#breadcrumb","itemListElement":[{"@type":"ListItem","position":1,"name":"Accueil","item":"https:\/\/librairie7l.com\/en\/"},{"@type":"ListItem","position":2,"name":"Shop","item":"https:\/\/librairie7l.com\/en\/shop\/"},{"@type":"ListItem","position":3,"name":"LES OIGNONS DE DENIS BRIHAT"}]},{"@type":"WebSite","@id":"https:\/\/librairie7l.com\/en\/#website","url":"https:\/\/librairie7l.com\/en\/","name":"Librairie 7L","description":"Librairie fond\u00e9e en 1999 par Karl Lagerfeld \u00e0 Paris","publisher":{"@id":"https:\/\/librairie7l.com\/en\/#organization"},"potentialAction":[{"@type":"SearchAction","target":{"@type":"EntryPoint","urlTemplate":"https:\/\/librairie7l.com\/en\/?s={search_term_string}"},"query-input":"required name=search_term_string"}],"inLanguage":"en-US"},{"@type":"Organization","@id":"https:\/\/librairie7l.com\/en\/#organization","name":"Librairie 7L","url":"https:\/\/librairie7l.com\/en\/","logo":{"@type":"ImageObject","inLanguage":"en-US","@id":"https:\/\/librairie7l.com\/en\/#\/schema\/logo\/image\/","url":"https:\/\/librairie7l.com\/wp-content\/uploads\/2022\/08\/logo-1.png","contentUrl":"https:\/\/librairie7l.com\/wp-content\/uploads\/2022\/08\/logo-1.png","width":227,"height":301,"caption":"Librairie 7L"},"image":{"@id":"https:\/\/librairie7l.com\/en\/#\/schema\/logo\/image\/"}}]}},"_links":{"self":[{"href":"https:\/\/librairie7l.com\/en\/wp-json\/wp\/v2\/product\/37631"}],"collection":[{"href":"https:\/\/librairie7l.com\/en\/wp-json\/wp\/v2\/product"}],"about":[{"href":"https:\/\/librairie7l.com\/en\/wp-json\/wp\/v2\/types\/product"}],"wp:featuredmedia":[{"embeddable":true,"href":"https:\/\/librairie7l.com\/en\/wp-json\/wp\/v2\/media\/37629"}],"wp:attachment":[{"href":"https:\/\/librairie7l.com\/en\/wp-json\/wp\/v2\/media?parent=37631"}],"wp:term":[{"taxonomy":"product_cat","embeddable":true,"href":"https:\/\/librairie7l.com\/en\/wp-json\/wp\/v2\/product_cat?post=37631"},{"taxonomy":"product_tag","embeddable":true,"href":"https:\/\/librairie7l.com\/en\/wp-json\/wp\/v2\/product_tag?post=37631"}],"curies":[{"name":"wp","href":"https:\/\/api.w.org\/{rel}","templated":true}]}}