{"id":37635,"date":"2023-11-21T12:53:10","date_gmt":"2023-11-21T11:53:10","guid":{"rendered":"https:\/\/librairie7l.com\/?post_type=product&#038;p=37635"},"modified":"2026-04-22T08:45:21","modified_gmt":"2026-04-22T06:45:21","slug":"hakanai-sonzai","status":"publish","type":"product","link":"https:\/\/librairie7l.com\/en\/produit\/hakanai-sonzai\/","title":{"rendered":"HAKANAI SONZAI"},"content":{"rendered":"<p>Les images de Pierre-\u00c9lie de Pibrac parlent d&#8217;obsolescence et donnent \u00e0 voir la fragile beaut\u00e9 de notre condition humaine.<\/p>\n<p> Poursuivant son travail photographique sur la r\u00e9silience, Pierre-\u00c9lie de Pibrac se rend au Japon en 2020 ; pays qui a connu le terrible tsunami de Fukushima et o\u00f9 les habitants se livrent peu sur leurs \u00e9motions, leurs inqui\u00e9tudes psychiques et intimes. Poursuivant la d\u00e9marche initi\u00e9e d\u00e8s 2016 lors d&#8217;un voyage d&#8217;un an sur l&#8217;\u00eele de Cuba durant lequel il photographia le quotidien des populations d\u00e9laiss\u00e9es des ouvriers du sucre et la fin de l&#8217;utopie castriste, Pierre-\u00c9lie de Pibrac entreprend de sillonner la r\u00e9gion de Fukushima pour aller \u00e0 la rencontre de personnes dont le destin a \u00e9t\u00e9 boulevers\u00e9 suite au s\u00e9isme. Lors de ce long p\u00e9riple, le photographe saisit des instants de vie : les Japonais sont au coeur des d\u00e9rives de l&#8217;anthropoc\u00e8ne, sujet br\u00fblant de nos soci\u00e9t\u00e9s modernes.<\/p>\n<p>R\u00e9alis\u00e9s \u00e0 la chambre &#8211; mode de prise de vue h\u00e9rit\u00e9 des origines de l&#8217;invention du m\u00e9dium -, ses portraits r\u00e9sultent de rencontres durant lesquelles, \u00e0 rebours du geste furtif du reporter, hommes et femmes, adolescents et adultes se sont livr\u00e9s sur leur histoire personnelle, leur fragilit\u00e9, leurs inqui\u00e9tudes existentielles. Ces visages semblent au premier abord tous emprunts d&#8217;une m\u00eame imp\u00e9n\u00e9trabilit\u00e9. Mais pour qui prend le temps de les scruter, ils apparaissent alors d&#8217;une grande singularit\u00e9 et constituent au final une galerie de portraits universels.<\/p>\n<p>Doucement, on entre dans la vie de chacun d&#8217;eux, chacun est devenu un personnage qui exprime la fuite du temps, la difficult\u00e9 d&#8217;\u00eatre au monde, une certaine m\u00e9lancolie. Pays o\u00f9 la pression sociale et l&#8217;exigence du para\u00eetre influent fortement sur l&#8217;identit\u00e9 de la personne, mais aussi pays o\u00f9 les forces al\u00e9atoires de la nature, avec ses s\u00e9ismes terrestres et marins r\u00e9currents, le Japon a d\u00e9velopp\u00e9 depuis des si\u00e8cles le concept de mono no aware, une sensibilit\u00e9 pour l&#8217;\u00e9ph\u00e9m\u00e8re, une perception aigue de la vanit\u00e9 et de l&#8217;impermanence des choses. Ponctu\u00e9s de portfolios d&#8217;images aux profonds noir et blanc, ces portraits tous pris dans des d\u00e9cors et lumi\u00e8res naturels, nous immergent dans la culture japonaise. Une atmosph\u00e8re myst\u00e9rieuse plane.<\/p>\n","protected":false},"excerpt":{"rendered":"<p>Les images de Pierre-\u00c9lie de Pibrac parlent d&#8217;obsolescence et donnent \u00e0 voir la fragile beaut\u00e9 de notre condition humaine. Poursuivant son travail photographique sur la r\u00e9silience, Pierre-\u00c9lie de Pibrac se rend au Japon en 2020 ; pays qui a connu le terrible tsunami de Fukushima et o\u00f9 les habitants se livrent peu sur leurs \u00e9motions, [&hellip;]<\/p>\n","protected":false},"featured_media":37633,"template":"","meta":[],"product_cat":[2948,2958],"product_tag":[],"acf":[],"yoast_head":"<!-- This site is optimized with the Yoast SEO plugin v20.11 - https:\/\/yoast.com\/wordpress\/plugins\/seo\/ -->\n<title>Hakanai Sonzai - Librairie 7L<\/title>\n<meta name=\"robots\" content=\"index, follow, max-snippet:-1, max-image-preview:large, max-video-preview:-1\" \/>\n<link rel=\"canonical\" href=\"https:\/\/librairie7l.com\/en\/produit\/hakanai-sonzai\/\" \/>\n<meta property=\"og:locale\" content=\"en_US\" \/>\n<meta property=\"og:type\" content=\"article\" \/>\n<meta property=\"og:title\" content=\"Hakanai Sonzai - Librairie 7L\" \/>\n<meta property=\"og:description\" content=\"Les images de Pierre-\u00c9lie de Pibrac parlent d&#8217;obsolescence et donnent \u00e0 voir la fragile beaut\u00e9 de notre condition humaine. Poursuivant son travail photographique sur la r\u00e9silience, Pierre-\u00c9lie de Pibrac se rend au Japon en 2020 ; pays qui a connu le terrible tsunami de Fukushima et o\u00f9 les habitants se livrent peu sur leurs \u00e9motions, [&hellip;]\" \/>\n<meta property=\"og:url\" content=\"https:\/\/librairie7l.com\/en\/produit\/hakanai-sonzai\/\" \/>\n<meta property=\"og:site_name\" content=\"Librairie 7L\" \/>\n<meta property=\"article:modified_time\" content=\"2026-04-22T06:45:21+00:00\" \/>\n<meta property=\"og:image\" content=\"https:\/\/librairie7l.com\/wp-content\/uploads\/2023\/06\/9782365113823_1_75.jpg\" \/>\n\t<meta property=\"og:image:width\" content=\"1274\" \/>\n\t<meta property=\"og:image:height\" content=\"600\" \/>\n\t<meta property=\"og:image:type\" content=\"image\/jpeg\" \/>\n<meta name=\"twitter:card\" content=\"summary_large_image\" \/>\n<meta name=\"twitter:label1\" content=\"Est. reading time\" \/>\n\t<meta name=\"twitter:data1\" content=\"2 minutes\" \/>\n<script type=\"application\/ld+json\" class=\"yoast-schema-graph\">{\"@context\":\"https:\/\/schema.org\",\"@graph\":[{\"@type\":\"WebPage\",\"@id\":\"https:\/\/librairie7l.com\/en\/produit\/hakanai-sonzai\/\",\"url\":\"https:\/\/librairie7l.com\/en\/produit\/hakanai-sonzai\/\",\"name\":\"Hakanai Sonzai - Librairie 7L\",\"isPartOf\":{\"@id\":\"https:\/\/librairie7l.com\/en\/#website\"},\"datePublished\":\"2023-11-21T11:53:10+00:00\",\"dateModified\":\"2026-04-22T06:45:21+00:00\",\"breadcrumb\":{\"@id\":\"https:\/\/librairie7l.com\/en\/produit\/hakanai-sonzai\/#breadcrumb\"},\"inLanguage\":\"en-US\",\"potentialAction\":[{\"@type\":\"ReadAction\",\"target\":[\"https:\/\/librairie7l.com\/en\/produit\/hakanai-sonzai\/\"]}]},{\"@type\":\"BreadcrumbList\",\"@id\":\"https:\/\/librairie7l.com\/en\/produit\/hakanai-sonzai\/#breadcrumb\",\"itemListElement\":[{\"@type\":\"ListItem\",\"position\":1,\"name\":\"Accueil\",\"item\":\"https:\/\/librairie7l.com\/en\/\"},{\"@type\":\"ListItem\",\"position\":2,\"name\":\"Shop\",\"item\":\"https:\/\/librairie7l.com\/en\/shop\/\"},{\"@type\":\"ListItem\",\"position\":3,\"name\":\"HAKANAI SONZAI\"}]},{\"@type\":\"WebSite\",\"@id\":\"https:\/\/librairie7l.com\/en\/#website\",\"url\":\"https:\/\/librairie7l.com\/en\/\",\"name\":\"Librairie 7L\",\"description\":\"Librairie fond\u00e9e en 1999 par Karl Lagerfeld \u00e0 Paris\",\"publisher\":{\"@id\":\"https:\/\/librairie7l.com\/en\/#organization\"},\"potentialAction\":[{\"@type\":\"SearchAction\",\"target\":{\"@type\":\"EntryPoint\",\"urlTemplate\":\"https:\/\/librairie7l.com\/en\/?s={search_term_string}\"},\"query-input\":\"required name=search_term_string\"}],\"inLanguage\":\"en-US\"},{\"@type\":\"Organization\",\"@id\":\"https:\/\/librairie7l.com\/en\/#organization\",\"name\":\"Librairie 7L\",\"url\":\"https:\/\/librairie7l.com\/en\/\",\"logo\":{\"@type\":\"ImageObject\",\"inLanguage\":\"en-US\",\"@id\":\"https:\/\/librairie7l.com\/en\/#\/schema\/logo\/image\/\",\"url\":\"https:\/\/librairie7l.com\/wp-content\/uploads\/2022\/08\/logo-1.png\",\"contentUrl\":\"https:\/\/librairie7l.com\/wp-content\/uploads\/2022\/08\/logo-1.png\",\"width\":227,\"height\":301,\"caption\":\"Librairie 7L\"},\"image\":{\"@id\":\"https:\/\/librairie7l.com\/en\/#\/schema\/logo\/image\/\"}}]}<\/script>\n<!-- \/ Yoast SEO plugin. -->","yoast_head_json":{"title":"Hakanai Sonzai - Librairie 7L","robots":{"index":"index","follow":"follow","max-snippet":"max-snippet:-1","max-image-preview":"max-image-preview:large","max-video-preview":"max-video-preview:-1"},"canonical":"https:\/\/librairie7l.com\/en\/produit\/hakanai-sonzai\/","og_locale":"en_US","og_type":"article","og_title":"Hakanai Sonzai - Librairie 7L","og_description":"Les images de Pierre-\u00c9lie de Pibrac parlent d&#8217;obsolescence et donnent \u00e0 voir la fragile beaut\u00e9 de notre condition humaine. Poursuivant son travail photographique sur la r\u00e9silience, Pierre-\u00c9lie de Pibrac se rend au Japon en 2020 ; pays qui a connu le terrible tsunami de Fukushima et o\u00f9 les habitants se livrent peu sur leurs \u00e9motions, [&hellip;]","og_url":"https:\/\/librairie7l.com\/en\/produit\/hakanai-sonzai\/","og_site_name":"Librairie 7L","article_modified_time":"2026-04-22T06:45:21+00:00","og_image":[{"width":1274,"height":600,"url":"https:\/\/librairie7l.com\/wp-content\/uploads\/2023\/06\/9782365113823_1_75.jpg","type":"image\/jpeg"}],"twitter_card":"summary_large_image","twitter_misc":{"Est. reading time":"2 minutes"},"schema":{"@context":"https:\/\/schema.org","@graph":[{"@type":"WebPage","@id":"https:\/\/librairie7l.com\/en\/produit\/hakanai-sonzai\/","url":"https:\/\/librairie7l.com\/en\/produit\/hakanai-sonzai\/","name":"Hakanai Sonzai - Librairie 7L","isPartOf":{"@id":"https:\/\/librairie7l.com\/en\/#website"},"datePublished":"2023-11-21T11:53:10+00:00","dateModified":"2026-04-22T06:45:21+00:00","breadcrumb":{"@id":"https:\/\/librairie7l.com\/en\/produit\/hakanai-sonzai\/#breadcrumb"},"inLanguage":"en-US","potentialAction":[{"@type":"ReadAction","target":["https:\/\/librairie7l.com\/en\/produit\/hakanai-sonzai\/"]}]},{"@type":"BreadcrumbList","@id":"https:\/\/librairie7l.com\/en\/produit\/hakanai-sonzai\/#breadcrumb","itemListElement":[{"@type":"ListItem","position":1,"name":"Accueil","item":"https:\/\/librairie7l.com\/en\/"},{"@type":"ListItem","position":2,"name":"Shop","item":"https:\/\/librairie7l.com\/en\/shop\/"},{"@type":"ListItem","position":3,"name":"HAKANAI SONZAI"}]},{"@type":"WebSite","@id":"https:\/\/librairie7l.com\/en\/#website","url":"https:\/\/librairie7l.com\/en\/","name":"Librairie 7L","description":"Librairie fond\u00e9e en 1999 par Karl Lagerfeld \u00e0 Paris","publisher":{"@id":"https:\/\/librairie7l.com\/en\/#organization"},"potentialAction":[{"@type":"SearchAction","target":{"@type":"EntryPoint","urlTemplate":"https:\/\/librairie7l.com\/en\/?s={search_term_string}"},"query-input":"required name=search_term_string"}],"inLanguage":"en-US"},{"@type":"Organization","@id":"https:\/\/librairie7l.com\/en\/#organization","name":"Librairie 7L","url":"https:\/\/librairie7l.com\/en\/","logo":{"@type":"ImageObject","inLanguage":"en-US","@id":"https:\/\/librairie7l.com\/en\/#\/schema\/logo\/image\/","url":"https:\/\/librairie7l.com\/wp-content\/uploads\/2022\/08\/logo-1.png","contentUrl":"https:\/\/librairie7l.com\/wp-content\/uploads\/2022\/08\/logo-1.png","width":227,"height":301,"caption":"Librairie 7L"},"image":{"@id":"https:\/\/librairie7l.com\/en\/#\/schema\/logo\/image\/"}}]}},"_links":{"self":[{"href":"https:\/\/librairie7l.com\/en\/wp-json\/wp\/v2\/product\/37635"}],"collection":[{"href":"https:\/\/librairie7l.com\/en\/wp-json\/wp\/v2\/product"}],"about":[{"href":"https:\/\/librairie7l.com\/en\/wp-json\/wp\/v2\/types\/product"}],"wp:featuredmedia":[{"embeddable":true,"href":"https:\/\/librairie7l.com\/en\/wp-json\/wp\/v2\/media\/37633"}],"wp:attachment":[{"href":"https:\/\/librairie7l.com\/en\/wp-json\/wp\/v2\/media?parent=37635"}],"wp:term":[{"taxonomy":"product_cat","embeddable":true,"href":"https:\/\/librairie7l.com\/en\/wp-json\/wp\/v2\/product_cat?post=37635"},{"taxonomy":"product_tag","embeddable":true,"href":"https:\/\/librairie7l.com\/en\/wp-json\/wp\/v2\/product_tag?post=37635"}],"curies":[{"name":"wp","href":"https:\/\/api.w.org\/{rel}","templated":true}]}}