{"id":37643,"date":"2023-11-21T12:53:48","date_gmt":"2023-11-21T11:53:48","guid":{"rendered":"https:\/\/librairie7l.com\/?post_type=product&#038;p=37643"},"modified":"2026-04-22T08:50:10","modified_gmt":"2026-04-22T06:50:10","slug":"man-ray-1890-1976-maitre-des-lumieres","status":"publish","type":"product","link":"https:\/\/librairie7l.com\/en\/produit\/man-ray-1890-1976-maitre-des-lumieres\/","title":{"rendered":"MAN RAY (1890-1976) : MA\u00ceTRE DES LUMI\u00c8RES"},"content":{"rendered":"<p>Artiste polyvalent, Man Ray occupe une place pr\u00e9pond\u00e9rante dans l&#8217;histoire de l&#8217;art du XXe si\u00e8cle. Surtout connu comme photographe, Man Ray a essentiellement v\u00e9cu \u00e0 Paris. Il fut l&#8217;un des premiers \u00e0 utiliser la photographie, non pas comme un simple moyen de reproduction, mais comme un v\u00e9ritable m\u00e9dium de cr\u00e9ation \u00e0 part enti\u00e8re, faisant de cette technique un art. Certaines de ses photographies, comme Le Violon d&#8217;Ingres (1924) ou Noire et blanche (1926), sont devenues des ic\u00f4nes.<br \/>\nN\u00e9 \u00e0 Philadelphie, Pennsylvanie, le 27 ao\u00fbt 1890, Emmanuel Radnitsky, dit Man Ray, l&#8217;Homme Rayon (de lumi\u00e8re), fr\u00e9quente les milieux intellectuels et artistiques de New York. Il d\u00e9couvre les avant-gardes europ\u00e9ennes, se lie d&#8217;amiti\u00e9 avec Marcel Duchamp qui lui ouvre les portes du dada\u00efsme et qui l&#8217;accueille \u00e0 Paris en juillet 1921.<br \/>\nAu centre de la vie artistique parisienne, il participe aux exp\u00e9riences artistiques novatrices des dada\u00efstes et des surr\u00e9alistes, fr\u00e9quente les peintres, les po\u00e8tes, les intellectuels et devient c\u00e9l\u00e8bre pour ses portraits. Il d\u00e9veloppe une carri\u00e8re de photographe de mode, notamment pour les couturiers Paul Poiret et Elsa Schiaparelli. Inlassable exp\u00e9rimentateur, il red\u00e9couvre la technique des \u00ab photogrammes \u00bb (silhouettes abstraites d&#8217;objets) que Tristan Tzara appelle \u00ab rayographies \u00bb et, en 1929, avec sa nouvelle compagne Lee Miller, ils d\u00e9veloppent la technique de la \u00ab solarisation \u00bb. En 1940, apr\u00e8s la d\u00e9faite de la France, Man Ray s&#8217;embarque pour les \u00c9tats-Unis et rencontre Juliet Browner qui devient sa femme et son mod\u00e8le. Il retourne \u00e0 Paris en 1951 o\u00f9 il meurt en 1976.<br \/>\nMan Ray est, certes, un photographe reconnu pour avoir r\u00e9volutionn\u00e9 l&#8217;art de la photographie, mais il est \u00e9galement peintre, dessinateur, assembleur d&#8217;objets, sculpteur, \u00e9crivain, cin\u00e9aste. C&#8217;est cet artiste prot\u00e9iforme que nous proposons de d\u00e9couvrir ou red\u00e9couvrir, \u00e0 travers un v\u00e9ritable panorama de ses oeuvres qui permettra d&#8217;appr\u00e9hender le processus cr\u00e9atif de Man Ray et de comprendre l&#8217;importance de son oeuvre.<\/p>\n","protected":false},"excerpt":{"rendered":"<p>Artiste polyvalent, Man Ray occupe une place pr\u00e9pond\u00e9rante dans l&#8217;histoire de l&#8217;art du XXe si\u00e8cle. Surtout connu comme photographe, Man Ray a essentiellement v\u00e9cu \u00e0 Paris. Il fut l&#8217;un des premiers \u00e0 utiliser la photographie, non pas comme un simple moyen de reproduction, mais comme un v\u00e9ritable m\u00e9dium de cr\u00e9ation \u00e0 part enti\u00e8re, faisant de [&hellip;]<\/p>\n","protected":false},"featured_media":37641,"template":"","meta":[],"product_cat":[2948,2958],"product_tag":[],"acf":[],"yoast_head":"<!-- This site is optimized with the Yoast SEO plugin v20.11 - https:\/\/yoast.com\/wordpress\/plugins\/seo\/ -->\n<title>Man Ray (1890-1976) : ma\u00eetre des lumi\u00e8res - Librairie 7L<\/title>\n<meta name=\"robots\" content=\"index, follow, max-snippet:-1, max-image-preview:large, max-video-preview:-1\" \/>\n<link rel=\"canonical\" href=\"https:\/\/librairie7l.com\/en\/produit\/man-ray-1890-1976-maitre-des-lumieres\/\" \/>\n<meta property=\"og:locale\" content=\"en_US\" \/>\n<meta property=\"og:type\" content=\"article\" \/>\n<meta property=\"og:title\" content=\"Man Ray (1890-1976) : ma\u00eetre des lumi\u00e8res - Librairie 7L\" \/>\n<meta property=\"og:description\" content=\"Artiste polyvalent, Man Ray occupe une place pr\u00e9pond\u00e9rante dans l&#8217;histoire de l&#8217;art du XXe si\u00e8cle. Surtout connu comme photographe, Man Ray a essentiellement v\u00e9cu \u00e0 Paris. Il fut l&#8217;un des premiers \u00e0 utiliser la photographie, non pas comme un simple moyen de reproduction, mais comme un v\u00e9ritable m\u00e9dium de cr\u00e9ation \u00e0 part enti\u00e8re, faisant de [&hellip;]\" \/>\n<meta property=\"og:url\" content=\"https:\/\/librairie7l.com\/en\/produit\/man-ray-1890-1976-maitre-des-lumieres\/\" \/>\n<meta property=\"og:site_name\" content=\"Librairie 7L\" \/>\n<meta property=\"article:modified_time\" content=\"2026-04-22T06:50:10+00:00\" \/>\n<meta property=\"og:image\" content=\"https:\/\/librairie7l.com\/wp-content\/uploads\/2023\/05\/9788836654987_1_75.jpg\" \/>\n\t<meta property=\"og:image:width\" content=\"600\" \/>\n\t<meta property=\"og:image:height\" content=\"710\" \/>\n\t<meta property=\"og:image:type\" content=\"image\/jpeg\" \/>\n<meta name=\"twitter:card\" content=\"summary_large_image\" \/>\n<meta name=\"twitter:label1\" content=\"Est. reading time\" \/>\n\t<meta name=\"twitter:data1\" content=\"2 minutes\" \/>\n<script type=\"application\/ld+json\" class=\"yoast-schema-graph\">{\"@context\":\"https:\/\/schema.org\",\"@graph\":[{\"@type\":\"WebPage\",\"@id\":\"https:\/\/librairie7l.com\/en\/produit\/man-ray-1890-1976-maitre-des-lumieres\/\",\"url\":\"https:\/\/librairie7l.com\/en\/produit\/man-ray-1890-1976-maitre-des-lumieres\/\",\"name\":\"Man Ray (1890-1976) : ma\u00eetre des lumi\u00e8res - Librairie 7L\",\"isPartOf\":{\"@id\":\"https:\/\/librairie7l.com\/en\/#website\"},\"datePublished\":\"2023-11-21T11:53:48+00:00\",\"dateModified\":\"2026-04-22T06:50:10+00:00\",\"breadcrumb\":{\"@id\":\"https:\/\/librairie7l.com\/en\/produit\/man-ray-1890-1976-maitre-des-lumieres\/#breadcrumb\"},\"inLanguage\":\"en-US\",\"potentialAction\":[{\"@type\":\"ReadAction\",\"target\":[\"https:\/\/librairie7l.com\/en\/produit\/man-ray-1890-1976-maitre-des-lumieres\/\"]}]},{\"@type\":\"BreadcrumbList\",\"@id\":\"https:\/\/librairie7l.com\/en\/produit\/man-ray-1890-1976-maitre-des-lumieres\/#breadcrumb\",\"itemListElement\":[{\"@type\":\"ListItem\",\"position\":1,\"name\":\"Accueil\",\"item\":\"https:\/\/librairie7l.com\/en\/\"},{\"@type\":\"ListItem\",\"position\":2,\"name\":\"Shop\",\"item\":\"https:\/\/librairie7l.com\/en\/shop\/\"},{\"@type\":\"ListItem\",\"position\":3,\"name\":\"MAN RAY (1890-1976) : MA\u00ceTRE DES LUMI\u00c8RES\"}]},{\"@type\":\"WebSite\",\"@id\":\"https:\/\/librairie7l.com\/en\/#website\",\"url\":\"https:\/\/librairie7l.com\/en\/\",\"name\":\"Librairie 7L\",\"description\":\"Librairie fond\u00e9e en 1999 par Karl Lagerfeld \u00e0 Paris\",\"publisher\":{\"@id\":\"https:\/\/librairie7l.com\/en\/#organization\"},\"potentialAction\":[{\"@type\":\"SearchAction\",\"target\":{\"@type\":\"EntryPoint\",\"urlTemplate\":\"https:\/\/librairie7l.com\/en\/?s={search_term_string}\"},\"query-input\":\"required name=search_term_string\"}],\"inLanguage\":\"en-US\"},{\"@type\":\"Organization\",\"@id\":\"https:\/\/librairie7l.com\/en\/#organization\",\"name\":\"Librairie 7L\",\"url\":\"https:\/\/librairie7l.com\/en\/\",\"logo\":{\"@type\":\"ImageObject\",\"inLanguage\":\"en-US\",\"@id\":\"https:\/\/librairie7l.com\/en\/#\/schema\/logo\/image\/\",\"url\":\"https:\/\/librairie7l.com\/wp-content\/uploads\/2022\/08\/logo-1.png\",\"contentUrl\":\"https:\/\/librairie7l.com\/wp-content\/uploads\/2022\/08\/logo-1.png\",\"width\":227,\"height\":301,\"caption\":\"Librairie 7L\"},\"image\":{\"@id\":\"https:\/\/librairie7l.com\/en\/#\/schema\/logo\/image\/\"}}]}<\/script>\n<!-- \/ Yoast SEO plugin. -->","yoast_head_json":{"title":"Man Ray (1890-1976) : ma\u00eetre des lumi\u00e8res - Librairie 7L","robots":{"index":"index","follow":"follow","max-snippet":"max-snippet:-1","max-image-preview":"max-image-preview:large","max-video-preview":"max-video-preview:-1"},"canonical":"https:\/\/librairie7l.com\/en\/produit\/man-ray-1890-1976-maitre-des-lumieres\/","og_locale":"en_US","og_type":"article","og_title":"Man Ray (1890-1976) : ma\u00eetre des lumi\u00e8res - Librairie 7L","og_description":"Artiste polyvalent, Man Ray occupe une place pr\u00e9pond\u00e9rante dans l&#8217;histoire de l&#8217;art du XXe si\u00e8cle. Surtout connu comme photographe, Man Ray a essentiellement v\u00e9cu \u00e0 Paris. Il fut l&#8217;un des premiers \u00e0 utiliser la photographie, non pas comme un simple moyen de reproduction, mais comme un v\u00e9ritable m\u00e9dium de cr\u00e9ation \u00e0 part enti\u00e8re, faisant de [&hellip;]","og_url":"https:\/\/librairie7l.com\/en\/produit\/man-ray-1890-1976-maitre-des-lumieres\/","og_site_name":"Librairie 7L","article_modified_time":"2026-04-22T06:50:10+00:00","og_image":[{"width":600,"height":710,"url":"https:\/\/librairie7l.com\/wp-content\/uploads\/2023\/05\/9788836654987_1_75.jpg","type":"image\/jpeg"}],"twitter_card":"summary_large_image","twitter_misc":{"Est. reading time":"2 minutes"},"schema":{"@context":"https:\/\/schema.org","@graph":[{"@type":"WebPage","@id":"https:\/\/librairie7l.com\/en\/produit\/man-ray-1890-1976-maitre-des-lumieres\/","url":"https:\/\/librairie7l.com\/en\/produit\/man-ray-1890-1976-maitre-des-lumieres\/","name":"Man Ray (1890-1976) : ma\u00eetre des lumi\u00e8res - Librairie 7L","isPartOf":{"@id":"https:\/\/librairie7l.com\/en\/#website"},"datePublished":"2023-11-21T11:53:48+00:00","dateModified":"2026-04-22T06:50:10+00:00","breadcrumb":{"@id":"https:\/\/librairie7l.com\/en\/produit\/man-ray-1890-1976-maitre-des-lumieres\/#breadcrumb"},"inLanguage":"en-US","potentialAction":[{"@type":"ReadAction","target":["https:\/\/librairie7l.com\/en\/produit\/man-ray-1890-1976-maitre-des-lumieres\/"]}]},{"@type":"BreadcrumbList","@id":"https:\/\/librairie7l.com\/en\/produit\/man-ray-1890-1976-maitre-des-lumieres\/#breadcrumb","itemListElement":[{"@type":"ListItem","position":1,"name":"Accueil","item":"https:\/\/librairie7l.com\/en\/"},{"@type":"ListItem","position":2,"name":"Shop","item":"https:\/\/librairie7l.com\/en\/shop\/"},{"@type":"ListItem","position":3,"name":"MAN RAY (1890-1976) : MA\u00ceTRE DES LUMI\u00c8RES"}]},{"@type":"WebSite","@id":"https:\/\/librairie7l.com\/en\/#website","url":"https:\/\/librairie7l.com\/en\/","name":"Librairie 7L","description":"Librairie fond\u00e9e en 1999 par Karl Lagerfeld \u00e0 Paris","publisher":{"@id":"https:\/\/librairie7l.com\/en\/#organization"},"potentialAction":[{"@type":"SearchAction","target":{"@type":"EntryPoint","urlTemplate":"https:\/\/librairie7l.com\/en\/?s={search_term_string}"},"query-input":"required name=search_term_string"}],"inLanguage":"en-US"},{"@type":"Organization","@id":"https:\/\/librairie7l.com\/en\/#organization","name":"Librairie 7L","url":"https:\/\/librairie7l.com\/en\/","logo":{"@type":"ImageObject","inLanguage":"en-US","@id":"https:\/\/librairie7l.com\/en\/#\/schema\/logo\/image\/","url":"https:\/\/librairie7l.com\/wp-content\/uploads\/2022\/08\/logo-1.png","contentUrl":"https:\/\/librairie7l.com\/wp-content\/uploads\/2022\/08\/logo-1.png","width":227,"height":301,"caption":"Librairie 7L"},"image":{"@id":"https:\/\/librairie7l.com\/en\/#\/schema\/logo\/image\/"}}]}},"_links":{"self":[{"href":"https:\/\/librairie7l.com\/en\/wp-json\/wp\/v2\/product\/37643"}],"collection":[{"href":"https:\/\/librairie7l.com\/en\/wp-json\/wp\/v2\/product"}],"about":[{"href":"https:\/\/librairie7l.com\/en\/wp-json\/wp\/v2\/types\/product"}],"wp:featuredmedia":[{"embeddable":true,"href":"https:\/\/librairie7l.com\/en\/wp-json\/wp\/v2\/media\/37641"}],"wp:attachment":[{"href":"https:\/\/librairie7l.com\/en\/wp-json\/wp\/v2\/media?parent=37643"}],"wp:term":[{"taxonomy":"product_cat","embeddable":true,"href":"https:\/\/librairie7l.com\/en\/wp-json\/wp\/v2\/product_cat?post=37643"},{"taxonomy":"product_tag","embeddable":true,"href":"https:\/\/librairie7l.com\/en\/wp-json\/wp\/v2\/product_tag?post=37643"}],"curies":[{"name":"wp","href":"https:\/\/api.w.org\/{rel}","templated":true}]}}