{"id":37647,"date":"2023-11-21T12:54:34","date_gmt":"2023-11-21T11:54:34","guid":{"rendered":"https:\/\/librairie7l.com\/?post_type=product&#038;p=37647"},"modified":"2026-04-16T15:44:55","modified_gmt":"2026-04-16T13:44:55","slug":"fleurs-explorer-le-monde-floral","status":"publish","type":"product","link":"https:\/\/librairie7l.com\/en\/produit\/fleurs-explorer-le-monde-floral\/","title":{"rendered":"FLEURS : EXPLORER LE MONDE FLORAL"},"content":{"rendered":"<p>Ce fabuleux ouvrage conduit le lecteur dans un voyage \u00e0 travers les continents et les cultures pour d\u00e9couvrir les innombrables fa\u00e7ons dont les artistes de tous horizons ont interpr\u00e9t\u00e9 les fleurs \u00e0 travers les \u00e9poques. Pr\u00e9sentant la diversit\u00e9 des fleurs du monde entier, Fleurs couvre un large \u00e9ventail de styles et de techniques : de l&#8217;art aux illustrations botaniques, des sculptures aux compositions florales, aux photos de films et aux textiles. Les oeuvres sont judicieusement assembl\u00e9es par paires pour cr\u00e9er des juxtapositions stimulant la curiosit\u00e9.<br \/>\n&#8211; Destin\u00e9 \u00e0 un large public d&#8217;amateurs de fleurs, fleuristes, jardiniers, botanistes mais aussi aux curieux, aux artistes, aux designers et aux historiens de l&#8217;art, Fleurs offre une introduction compl\u00e8te au sujet ainsi que des exemples surprenants et d&#8217;autres moins connus, m\u00eame pour les sp\u00e9cialistes Inclut notamment des oeuvres embl\u00e9matiques r\u00e9alis\u00e9es par des artistes de renomm\u00e9e internationale tels que Cecil Beaton, Rachel Ruysch, Horst P. Horst, Claude Monet, Georg Ehret, Georgia O&#8217;Keeffe, William Morris, Nick Knight, L\u00e9onard de Vinci, Hayao Miyazaki, David Hockney, Araki Nobuyoshi, Pierre-Joseph Redout\u00e9 et Cedric Morris. Les reproductions des oeuvres en grand format sont accompagn\u00e9es de textes document\u00e9s, introduits par un texte d&#8217;Anna Pavord, l&#8217;auteure de La Tulipe et compl\u00e9t\u00e9s en fin d&#8217;ouvrage par un glossaire, une chronologie illustr\u00e9e et des biographies. Les entr\u00e9es ont \u00e9t\u00e9 s\u00e9lectionn\u00e9es par un jury international compos\u00e9 entre autres d&#8217;historiens de l&#8217;art, de conservateurs de mus\u00e9es, de botanistes, de fleuristes et d&#8217;horticulteurs. Un cadeau id\u00e9al dans la lign\u00e9es de l&#8217;ouvrage \u00e0 succ\u00e8s de la m\u00eame collection, V\u00e9g\u00e9tal : Explorer le monde botanique.<\/p>\n","protected":false},"excerpt":{"rendered":"<p>Ce fabuleux ouvrage conduit le lecteur dans un voyage \u00e0 travers les continents et les cultures pour d\u00e9couvrir les innombrables fa\u00e7ons dont les artistes de tous horizons ont interpr\u00e9t\u00e9 les fleurs \u00e0 travers les \u00e9poques. Pr\u00e9sentant la diversit\u00e9 des fleurs du monde entier, Fleurs couvre un large \u00e9ventail de styles et de techniques : de [&hellip;]<\/p>\n","protected":false},"featured_media":37645,"template":"","meta":[],"product_cat":[2948,2956],"product_tag":[],"acf":[],"yoast_head":"<!-- This site is optimized with the Yoast SEO plugin v20.11 - https:\/\/yoast.com\/wordpress\/plugins\/seo\/ -->\n<title>Fleurs : explorer le monde floral - Librairie 7L<\/title>\n<meta name=\"robots\" content=\"index, follow, max-snippet:-1, max-image-preview:large, max-video-preview:-1\" \/>\n<link rel=\"canonical\" href=\"https:\/\/librairie7l.com\/en\/produit\/fleurs-explorer-le-monde-floral\/\" \/>\n<meta property=\"og:locale\" content=\"en_US\" \/>\n<meta property=\"og:type\" content=\"article\" \/>\n<meta property=\"og:title\" content=\"Fleurs : explorer le monde floral - Librairie 7L\" \/>\n<meta property=\"og:description\" content=\"Ce fabuleux ouvrage conduit le lecteur dans un voyage \u00e0 travers les continents et les cultures pour d\u00e9couvrir les innombrables fa\u00e7ons dont les artistes de tous horizons ont interpr\u00e9t\u00e9 les fleurs \u00e0 travers les \u00e9poques. Pr\u00e9sentant la diversit\u00e9 des fleurs du monde entier, Fleurs couvre un large \u00e9ventail de styles et de techniques : de [&hellip;]\" \/>\n<meta property=\"og:url\" content=\"https:\/\/librairie7l.com\/en\/produit\/fleurs-explorer-le-monde-floral\/\" \/>\n<meta property=\"og:site_name\" content=\"Librairie 7L\" \/>\n<meta property=\"article:modified_time\" content=\"2026-04-16T13:44:55+00:00\" \/>\n<meta property=\"og:image\" content=\"https:\/\/librairie7l.com\/wp-content\/uploads\/2020\/07\/9781838661755_1_75.jpg\" \/>\n\t<meta property=\"og:image:width\" content=\"600\" \/>\n\t<meta property=\"og:image:height\" content=\"679\" \/>\n\t<meta property=\"og:image:type\" content=\"image\/jpeg\" \/>\n<meta name=\"twitter:card\" content=\"summary_large_image\" \/>\n<meta name=\"twitter:label1\" content=\"Est. reading time\" \/>\n\t<meta name=\"twitter:data1\" content=\"1 minute\" \/>\n<script type=\"application\/ld+json\" class=\"yoast-schema-graph\">{\"@context\":\"https:\/\/schema.org\",\"@graph\":[{\"@type\":\"WebPage\",\"@id\":\"https:\/\/librairie7l.com\/en\/produit\/fleurs-explorer-le-monde-floral\/\",\"url\":\"https:\/\/librairie7l.com\/en\/produit\/fleurs-explorer-le-monde-floral\/\",\"name\":\"Fleurs : explorer le monde floral - Librairie 7L\",\"isPartOf\":{\"@id\":\"https:\/\/librairie7l.com\/en\/#website\"},\"datePublished\":\"2023-11-21T11:54:34+00:00\",\"dateModified\":\"2026-04-16T13:44:55+00:00\",\"breadcrumb\":{\"@id\":\"https:\/\/librairie7l.com\/en\/produit\/fleurs-explorer-le-monde-floral\/#breadcrumb\"},\"inLanguage\":\"en-US\",\"potentialAction\":[{\"@type\":\"ReadAction\",\"target\":[\"https:\/\/librairie7l.com\/en\/produit\/fleurs-explorer-le-monde-floral\/\"]}]},{\"@type\":\"BreadcrumbList\",\"@id\":\"https:\/\/librairie7l.com\/en\/produit\/fleurs-explorer-le-monde-floral\/#breadcrumb\",\"itemListElement\":[{\"@type\":\"ListItem\",\"position\":1,\"name\":\"Accueil\",\"item\":\"https:\/\/librairie7l.com\/en\/\"},{\"@type\":\"ListItem\",\"position\":2,\"name\":\"Shop\",\"item\":\"https:\/\/librairie7l.com\/en\/shop\/\"},{\"@type\":\"ListItem\",\"position\":3,\"name\":\"FLEURS : EXPLORER LE MONDE FLORAL\"}]},{\"@type\":\"WebSite\",\"@id\":\"https:\/\/librairie7l.com\/en\/#website\",\"url\":\"https:\/\/librairie7l.com\/en\/\",\"name\":\"Librairie 7L\",\"description\":\"Librairie fond\u00e9e en 1999 par Karl Lagerfeld \u00e0 Paris\",\"publisher\":{\"@id\":\"https:\/\/librairie7l.com\/en\/#organization\"},\"potentialAction\":[{\"@type\":\"SearchAction\",\"target\":{\"@type\":\"EntryPoint\",\"urlTemplate\":\"https:\/\/librairie7l.com\/en\/?s={search_term_string}\"},\"query-input\":\"required name=search_term_string\"}],\"inLanguage\":\"en-US\"},{\"@type\":\"Organization\",\"@id\":\"https:\/\/librairie7l.com\/en\/#organization\",\"name\":\"Librairie 7L\",\"url\":\"https:\/\/librairie7l.com\/en\/\",\"logo\":{\"@type\":\"ImageObject\",\"inLanguage\":\"en-US\",\"@id\":\"https:\/\/librairie7l.com\/en\/#\/schema\/logo\/image\/\",\"url\":\"https:\/\/librairie7l.com\/wp-content\/uploads\/2022\/08\/logo-1.png\",\"contentUrl\":\"https:\/\/librairie7l.com\/wp-content\/uploads\/2022\/08\/logo-1.png\",\"width\":227,\"height\":301,\"caption\":\"Librairie 7L\"},\"image\":{\"@id\":\"https:\/\/librairie7l.com\/en\/#\/schema\/logo\/image\/\"}}]}<\/script>\n<!-- \/ Yoast SEO plugin. -->","yoast_head_json":{"title":"Fleurs : explorer le monde floral - Librairie 7L","robots":{"index":"index","follow":"follow","max-snippet":"max-snippet:-1","max-image-preview":"max-image-preview:large","max-video-preview":"max-video-preview:-1"},"canonical":"https:\/\/librairie7l.com\/en\/produit\/fleurs-explorer-le-monde-floral\/","og_locale":"en_US","og_type":"article","og_title":"Fleurs : explorer le monde floral - Librairie 7L","og_description":"Ce fabuleux ouvrage conduit le lecteur dans un voyage \u00e0 travers les continents et les cultures pour d\u00e9couvrir les innombrables fa\u00e7ons dont les artistes de tous horizons ont interpr\u00e9t\u00e9 les fleurs \u00e0 travers les \u00e9poques. Pr\u00e9sentant la diversit\u00e9 des fleurs du monde entier, Fleurs couvre un large \u00e9ventail de styles et de techniques : de [&hellip;]","og_url":"https:\/\/librairie7l.com\/en\/produit\/fleurs-explorer-le-monde-floral\/","og_site_name":"Librairie 7L","article_modified_time":"2026-04-16T13:44:55+00:00","og_image":[{"width":600,"height":679,"url":"https:\/\/librairie7l.com\/wp-content\/uploads\/2020\/07\/9781838661755_1_75.jpg","type":"image\/jpeg"}],"twitter_card":"summary_large_image","twitter_misc":{"Est. reading time":"1 minute"},"schema":{"@context":"https:\/\/schema.org","@graph":[{"@type":"WebPage","@id":"https:\/\/librairie7l.com\/en\/produit\/fleurs-explorer-le-monde-floral\/","url":"https:\/\/librairie7l.com\/en\/produit\/fleurs-explorer-le-monde-floral\/","name":"Fleurs : explorer le monde floral - Librairie 7L","isPartOf":{"@id":"https:\/\/librairie7l.com\/en\/#website"},"datePublished":"2023-11-21T11:54:34+00:00","dateModified":"2026-04-16T13:44:55+00:00","breadcrumb":{"@id":"https:\/\/librairie7l.com\/en\/produit\/fleurs-explorer-le-monde-floral\/#breadcrumb"},"inLanguage":"en-US","potentialAction":[{"@type":"ReadAction","target":["https:\/\/librairie7l.com\/en\/produit\/fleurs-explorer-le-monde-floral\/"]}]},{"@type":"BreadcrumbList","@id":"https:\/\/librairie7l.com\/en\/produit\/fleurs-explorer-le-monde-floral\/#breadcrumb","itemListElement":[{"@type":"ListItem","position":1,"name":"Accueil","item":"https:\/\/librairie7l.com\/en\/"},{"@type":"ListItem","position":2,"name":"Shop","item":"https:\/\/librairie7l.com\/en\/shop\/"},{"@type":"ListItem","position":3,"name":"FLEURS : EXPLORER LE MONDE FLORAL"}]},{"@type":"WebSite","@id":"https:\/\/librairie7l.com\/en\/#website","url":"https:\/\/librairie7l.com\/en\/","name":"Librairie 7L","description":"Librairie fond\u00e9e en 1999 par Karl Lagerfeld \u00e0 Paris","publisher":{"@id":"https:\/\/librairie7l.com\/en\/#organization"},"potentialAction":[{"@type":"SearchAction","target":{"@type":"EntryPoint","urlTemplate":"https:\/\/librairie7l.com\/en\/?s={search_term_string}"},"query-input":"required name=search_term_string"}],"inLanguage":"en-US"},{"@type":"Organization","@id":"https:\/\/librairie7l.com\/en\/#organization","name":"Librairie 7L","url":"https:\/\/librairie7l.com\/en\/","logo":{"@type":"ImageObject","inLanguage":"en-US","@id":"https:\/\/librairie7l.com\/en\/#\/schema\/logo\/image\/","url":"https:\/\/librairie7l.com\/wp-content\/uploads\/2022\/08\/logo-1.png","contentUrl":"https:\/\/librairie7l.com\/wp-content\/uploads\/2022\/08\/logo-1.png","width":227,"height":301,"caption":"Librairie 7L"},"image":{"@id":"https:\/\/librairie7l.com\/en\/#\/schema\/logo\/image\/"}}]}},"_links":{"self":[{"href":"https:\/\/librairie7l.com\/en\/wp-json\/wp\/v2\/product\/37647"}],"collection":[{"href":"https:\/\/librairie7l.com\/en\/wp-json\/wp\/v2\/product"}],"about":[{"href":"https:\/\/librairie7l.com\/en\/wp-json\/wp\/v2\/types\/product"}],"wp:featuredmedia":[{"embeddable":true,"href":"https:\/\/librairie7l.com\/en\/wp-json\/wp\/v2\/media\/37645"}],"wp:attachment":[{"href":"https:\/\/librairie7l.com\/en\/wp-json\/wp\/v2\/media?parent=37647"}],"wp:term":[{"taxonomy":"product_cat","embeddable":true,"href":"https:\/\/librairie7l.com\/en\/wp-json\/wp\/v2\/product_cat?post=37647"},{"taxonomy":"product_tag","embeddable":true,"href":"https:\/\/librairie7l.com\/en\/wp-json\/wp\/v2\/product_tag?post=37647"}],"curies":[{"name":"wp","href":"https:\/\/api.w.org\/{rel}","templated":true}]}}