{"id":37651,"date":"2023-11-21T12:55:41","date_gmt":"2023-11-21T11:55:41","guid":{"rendered":"https:\/\/librairie7l.com\/?post_type=product&#038;p=37651"},"modified":"2026-04-10T09:31:15","modified_gmt":"2026-04-10T07:31:15","slug":"julia-margaret-cameron-capturer-la-beaute","status":"publish","type":"product","link":"https:\/\/librairie7l.com\/en\/produit\/julia-margaret-cameron-capturer-la-beaute\/","title":{"rendered":"JULIA MARGARET CAMERON : CAPTURER LA BEAUT\u00c9"},"content":{"rendered":"<p>Originale et hors du temps, l&#8217;oeuvre de Julia Margaret Cameron, r\u00e9alis\u00e9e en \u00e0 peine une d\u00e9cennie, entre 1864 et 1875, repr\u00e9sente l&#8217;une des plus belles illustrations du souffle \u00e9pique des d\u00e9buts de la photographie. C\u00e9l\u00e9br\u00e9e \u00e0 son \u00e9poque pour ses portraits en gros plan, tout \u00e0 la fois admir\u00e9e et d\u00e9cri\u00e9e pour son gout d&#8217;une mise au point l\u00e9g\u00e8rement floue, Cameron voyait dans chacune de ses images \u00ab l&#8217;incarnation d&#8217;une pri\u00e8re \u00bb.<br \/>\nCet ouvrage pr\u00e9sente plus d&#8217;une centaine de ses photographies, depuis ses premi\u00e8res exp\u00e9rimentations jusqu&#8217;\u00e0 ses compositions all\u00e9goriques, ou d&#8217;inspiration litt\u00e9raire, historique \u00e0 plusieurs personnages, en passant par une impressionnante galerie de portraits de ses contemporains.<\/p>\n<p>Exposition, Paris, Jeu de paume, 10 octobre 2023-28 janvier 2024.<\/p>\n","protected":false},"excerpt":{"rendered":"<p>Originale et hors du temps, l&#8217;oeuvre de Julia Margaret Cameron, r\u00e9alis\u00e9e en \u00e0 peine une d\u00e9cennie, entre 1864 et 1875, repr\u00e9sente l&#8217;une des plus belles illustrations du souffle \u00e9pique des d\u00e9buts de la photographie. C\u00e9l\u00e9br\u00e9e \u00e0 son \u00e9poque pour ses portraits en gros plan, tout \u00e0 la fois admir\u00e9e et d\u00e9cri\u00e9e pour son gout d&#8217;une [&hellip;]<\/p>\n","protected":false},"featured_media":37649,"template":"","meta":[],"product_cat":[2948,2958],"product_tag":[],"acf":[],"yoast_head":"<!-- This site is optimized with the Yoast SEO plugin v20.11 - https:\/\/yoast.com\/wordpress\/plugins\/seo\/ -->\n<title>Julia Margaret Cameron : Capturer la beaut\u00e9 - Librairie 7L<\/title>\n<meta name=\"robots\" content=\"index, follow, max-snippet:-1, max-image-preview:large, max-video-preview:-1\" \/>\n<link rel=\"canonical\" href=\"https:\/\/librairie7l.com\/en\/produit\/julia-margaret-cameron-capturer-la-beaute\/\" \/>\n<meta property=\"og:locale\" content=\"en_US\" \/>\n<meta property=\"og:type\" content=\"article\" \/>\n<meta property=\"og:title\" content=\"Julia Margaret Cameron : Capturer la beaut\u00e9 - Librairie 7L\" \/>\n<meta property=\"og:description\" content=\"Originale et hors du temps, l&#8217;oeuvre de Julia Margaret Cameron, r\u00e9alis\u00e9e en \u00e0 peine une d\u00e9cennie, entre 1864 et 1875, repr\u00e9sente l&#8217;une des plus belles illustrations du souffle \u00e9pique des d\u00e9buts de la photographie. C\u00e9l\u00e9br\u00e9e \u00e0 son \u00e9poque pour ses portraits en gros plan, tout \u00e0 la fois admir\u00e9e et d\u00e9cri\u00e9e pour son gout d&#8217;une [&hellip;]\" \/>\n<meta property=\"og:url\" content=\"https:\/\/librairie7l.com\/en\/produit\/julia-margaret-cameron-capturer-la-beaute\/\" \/>\n<meta property=\"og:site_name\" content=\"Librairie 7L\" \/>\n<meta property=\"article:modified_time\" content=\"2026-04-10T07:31:15+00:00\" \/>\n<meta property=\"og:image\" content=\"https:\/\/librairie7l.com\/wp-content\/uploads\/2023\/06\/9788836654895_1_75.jpg\" \/>\n\t<meta property=\"og:image:width\" content=\"600\" \/>\n\t<meta property=\"og:image:height\" content=\"841\" \/>\n\t<meta property=\"og:image:type\" content=\"image\/jpeg\" \/>\n<meta name=\"twitter:card\" content=\"summary_large_image\" \/>\n<meta name=\"twitter:label1\" content=\"Est. reading time\" \/>\n\t<meta name=\"twitter:data1\" content=\"1 minute\" \/>\n<script type=\"application\/ld+json\" class=\"yoast-schema-graph\">{\"@context\":\"https:\/\/schema.org\",\"@graph\":[{\"@type\":\"WebPage\",\"@id\":\"https:\/\/librairie7l.com\/en\/produit\/julia-margaret-cameron-capturer-la-beaute\/\",\"url\":\"https:\/\/librairie7l.com\/en\/produit\/julia-margaret-cameron-capturer-la-beaute\/\",\"name\":\"Julia Margaret Cameron : Capturer la beaut\u00e9 - Librairie 7L\",\"isPartOf\":{\"@id\":\"https:\/\/librairie7l.com\/en\/#website\"},\"datePublished\":\"2023-11-21T11:55:41+00:00\",\"dateModified\":\"2026-04-10T07:31:15+00:00\",\"breadcrumb\":{\"@id\":\"https:\/\/librairie7l.com\/en\/produit\/julia-margaret-cameron-capturer-la-beaute\/#breadcrumb\"},\"inLanguage\":\"en-US\",\"potentialAction\":[{\"@type\":\"ReadAction\",\"target\":[\"https:\/\/librairie7l.com\/en\/produit\/julia-margaret-cameron-capturer-la-beaute\/\"]}]},{\"@type\":\"BreadcrumbList\",\"@id\":\"https:\/\/librairie7l.com\/en\/produit\/julia-margaret-cameron-capturer-la-beaute\/#breadcrumb\",\"itemListElement\":[{\"@type\":\"ListItem\",\"position\":1,\"name\":\"Accueil\",\"item\":\"https:\/\/librairie7l.com\/en\/\"},{\"@type\":\"ListItem\",\"position\":2,\"name\":\"Shop\",\"item\":\"https:\/\/librairie7l.com\/en\/shop\/\"},{\"@type\":\"ListItem\",\"position\":3,\"name\":\"JULIA MARGARET CAMERON : CAPTURER LA BEAUT\u00c9\"}]},{\"@type\":\"WebSite\",\"@id\":\"https:\/\/librairie7l.com\/en\/#website\",\"url\":\"https:\/\/librairie7l.com\/en\/\",\"name\":\"Librairie 7L\",\"description\":\"Librairie fond\u00e9e en 1999 par Karl Lagerfeld \u00e0 Paris\",\"publisher\":{\"@id\":\"https:\/\/librairie7l.com\/en\/#organization\"},\"potentialAction\":[{\"@type\":\"SearchAction\",\"target\":{\"@type\":\"EntryPoint\",\"urlTemplate\":\"https:\/\/librairie7l.com\/en\/?s={search_term_string}\"},\"query-input\":\"required name=search_term_string\"}],\"inLanguage\":\"en-US\"},{\"@type\":\"Organization\",\"@id\":\"https:\/\/librairie7l.com\/en\/#organization\",\"name\":\"Librairie 7L\",\"url\":\"https:\/\/librairie7l.com\/en\/\",\"logo\":{\"@type\":\"ImageObject\",\"inLanguage\":\"en-US\",\"@id\":\"https:\/\/librairie7l.com\/en\/#\/schema\/logo\/image\/\",\"url\":\"https:\/\/librairie7l.com\/wp-content\/uploads\/2022\/08\/logo-1.png\",\"contentUrl\":\"https:\/\/librairie7l.com\/wp-content\/uploads\/2022\/08\/logo-1.png\",\"width\":227,\"height\":301,\"caption\":\"Librairie 7L\"},\"image\":{\"@id\":\"https:\/\/librairie7l.com\/en\/#\/schema\/logo\/image\/\"}}]}<\/script>\n<!-- \/ Yoast SEO plugin. -->","yoast_head_json":{"title":"Julia Margaret Cameron : Capturer la beaut\u00e9 - Librairie 7L","robots":{"index":"index","follow":"follow","max-snippet":"max-snippet:-1","max-image-preview":"max-image-preview:large","max-video-preview":"max-video-preview:-1"},"canonical":"https:\/\/librairie7l.com\/en\/produit\/julia-margaret-cameron-capturer-la-beaute\/","og_locale":"en_US","og_type":"article","og_title":"Julia Margaret Cameron : Capturer la beaut\u00e9 - Librairie 7L","og_description":"Originale et hors du temps, l&#8217;oeuvre de Julia Margaret Cameron, r\u00e9alis\u00e9e en \u00e0 peine une d\u00e9cennie, entre 1864 et 1875, repr\u00e9sente l&#8217;une des plus belles illustrations du souffle \u00e9pique des d\u00e9buts de la photographie. C\u00e9l\u00e9br\u00e9e \u00e0 son \u00e9poque pour ses portraits en gros plan, tout \u00e0 la fois admir\u00e9e et d\u00e9cri\u00e9e pour son gout d&#8217;une [&hellip;]","og_url":"https:\/\/librairie7l.com\/en\/produit\/julia-margaret-cameron-capturer-la-beaute\/","og_site_name":"Librairie 7L","article_modified_time":"2026-04-10T07:31:15+00:00","og_image":[{"width":600,"height":841,"url":"https:\/\/librairie7l.com\/wp-content\/uploads\/2023\/06\/9788836654895_1_75.jpg","type":"image\/jpeg"}],"twitter_card":"summary_large_image","twitter_misc":{"Est. reading time":"1 minute"},"schema":{"@context":"https:\/\/schema.org","@graph":[{"@type":"WebPage","@id":"https:\/\/librairie7l.com\/en\/produit\/julia-margaret-cameron-capturer-la-beaute\/","url":"https:\/\/librairie7l.com\/en\/produit\/julia-margaret-cameron-capturer-la-beaute\/","name":"Julia Margaret Cameron : Capturer la beaut\u00e9 - Librairie 7L","isPartOf":{"@id":"https:\/\/librairie7l.com\/en\/#website"},"datePublished":"2023-11-21T11:55:41+00:00","dateModified":"2026-04-10T07:31:15+00:00","breadcrumb":{"@id":"https:\/\/librairie7l.com\/en\/produit\/julia-margaret-cameron-capturer-la-beaute\/#breadcrumb"},"inLanguage":"en-US","potentialAction":[{"@type":"ReadAction","target":["https:\/\/librairie7l.com\/en\/produit\/julia-margaret-cameron-capturer-la-beaute\/"]}]},{"@type":"BreadcrumbList","@id":"https:\/\/librairie7l.com\/en\/produit\/julia-margaret-cameron-capturer-la-beaute\/#breadcrumb","itemListElement":[{"@type":"ListItem","position":1,"name":"Accueil","item":"https:\/\/librairie7l.com\/en\/"},{"@type":"ListItem","position":2,"name":"Shop","item":"https:\/\/librairie7l.com\/en\/shop\/"},{"@type":"ListItem","position":3,"name":"JULIA MARGARET CAMERON : CAPTURER LA BEAUT\u00c9"}]},{"@type":"WebSite","@id":"https:\/\/librairie7l.com\/en\/#website","url":"https:\/\/librairie7l.com\/en\/","name":"Librairie 7L","description":"Librairie fond\u00e9e en 1999 par Karl Lagerfeld \u00e0 Paris","publisher":{"@id":"https:\/\/librairie7l.com\/en\/#organization"},"potentialAction":[{"@type":"SearchAction","target":{"@type":"EntryPoint","urlTemplate":"https:\/\/librairie7l.com\/en\/?s={search_term_string}"},"query-input":"required name=search_term_string"}],"inLanguage":"en-US"},{"@type":"Organization","@id":"https:\/\/librairie7l.com\/en\/#organization","name":"Librairie 7L","url":"https:\/\/librairie7l.com\/en\/","logo":{"@type":"ImageObject","inLanguage":"en-US","@id":"https:\/\/librairie7l.com\/en\/#\/schema\/logo\/image\/","url":"https:\/\/librairie7l.com\/wp-content\/uploads\/2022\/08\/logo-1.png","contentUrl":"https:\/\/librairie7l.com\/wp-content\/uploads\/2022\/08\/logo-1.png","width":227,"height":301,"caption":"Librairie 7L"},"image":{"@id":"https:\/\/librairie7l.com\/en\/#\/schema\/logo\/image\/"}}]}},"_links":{"self":[{"href":"https:\/\/librairie7l.com\/en\/wp-json\/wp\/v2\/product\/37651"}],"collection":[{"href":"https:\/\/librairie7l.com\/en\/wp-json\/wp\/v2\/product"}],"about":[{"href":"https:\/\/librairie7l.com\/en\/wp-json\/wp\/v2\/types\/product"}],"wp:featuredmedia":[{"embeddable":true,"href":"https:\/\/librairie7l.com\/en\/wp-json\/wp\/v2\/media\/37649"}],"wp:attachment":[{"href":"https:\/\/librairie7l.com\/en\/wp-json\/wp\/v2\/media?parent=37651"}],"wp:term":[{"taxonomy":"product_cat","embeddable":true,"href":"https:\/\/librairie7l.com\/en\/wp-json\/wp\/v2\/product_cat?post=37651"},{"taxonomy":"product_tag","embeddable":true,"href":"https:\/\/librairie7l.com\/en\/wp-json\/wp\/v2\/product_tag?post=37651"}],"curies":[{"name":"wp","href":"https:\/\/api.w.org\/{rel}","templated":true}]}}