{"id":37657,"date":"2023-11-21T13:04:29","date_gmt":"2023-11-21T12:04:29","guid":{"rendered":"https:\/\/librairie7l.com\/?post_type=product&#038;p=37657"},"modified":"2026-04-30T06:05:55","modified_gmt":"2026-04-30T04:05:55","slug":"ecrits-sur-lart-1934-1969","status":"publish","type":"product","link":"https:\/\/librairie7l.com\/en\/produit\/ecrits-sur-lart-1934-1969\/","title":{"rendered":"\u00c9CRITS SUR L&#8217;ART 1934-1969"},"content":{"rendered":"<p>Lettres \u00e0 ses amis peintres &#8211; Barnett Newman, Robert Motherwell, Adolph Gottlieb-, r\u00e9cits de voyage en Europe, notamment \u00e0 Paestum o\u00f9 Rothko affirme qu&#8217;il a \u00abtoujours peint des temples grecs sans le savoir\u00bb, descriptions d&#8217;\u00e9t\u00e9s en famille dans les campus am\u00e9ricains o\u00f9 il donne cours, cahiers de notes dans lesquels Rothko parle de l&#8217;importance du surr\u00e9alisme, de Picasso ou de Mir\u00f3, confessions am\u00e8res sur le r\u00e8gne des marchands et des critiques d&#8217;art, manifestes et r\u00e9ponses \u00e0 des conservateurs et \u00e0 des critiques, ces \u00c9crits sur l&#8217;art rassemblent les textes de Mark Rothko depuis ses d\u00e9buts, en 1934, jusqu&#8217;en 1969, un an avant son suicide. Confi\u00e9s \u00e0 des mus\u00e9es am\u00e9ricains ou conserv\u00e9s par ses enfants, ces \u00e9crits \u00e9taient jusqu&#8217;alors in\u00e9dits. Ils nous r\u00e9v\u00e8lent l&#8217;ambition de l&#8217;un des plus grands peintres du XXesi\u00e8cle : \u00abLes tableaux doivent \u00eatre miraculeux : \u00e0 l&#8217;instant o\u00f9 l&#8217;un est achev\u00e9, l&#8217;intimit\u00e9 entre la cr\u00e9ation et le cr\u00e9ateur est finie. Ce dernier est un \u00e9tranger. Le tableau doit \u00eatre pour lui, comme pour quiconque en fait l&#8217;exp\u00e9rience plus tard, la r\u00e9solution inattendue et sans pr\u00e9c\u00e9dent d&#8217;un besoin \u00e9ternellement familier.\u00bb<\/p>\n","protected":false},"excerpt":{"rendered":"<p>Lettres \u00e0 ses amis peintres &#8211; Barnett Newman, Robert Motherwell, Adolph Gottlieb-, r\u00e9cits de voyage en Europe, notamment \u00e0 Paestum o\u00f9 Rothko affirme qu&#8217;il a \u00abtoujours peint des temples grecs sans le savoir\u00bb, descriptions d&#8217;\u00e9t\u00e9s en famille dans les campus am\u00e9ricains o\u00f9 il donne cours, cahiers de notes dans lesquels Rothko parle de l&#8217;importance du [&hellip;]<\/p>\n","protected":false},"featured_media":37655,"template":"","meta":[],"product_cat":[2948,2953],"product_tag":[],"acf":[],"yoast_head":"<!-- This site is optimized with the Yoast SEO plugin v20.11 - https:\/\/yoast.com\/wordpress\/plugins\/seo\/ -->\n<title>\u00e9crits sur l&#039;art 1934-1969 - Librairie 7L<\/title>\n<meta name=\"robots\" content=\"index, follow, max-snippet:-1, max-image-preview:large, max-video-preview:-1\" \/>\n<link rel=\"canonical\" href=\"https:\/\/librairie7l.com\/en\/produit\/ecrits-sur-lart-1934-1969\/\" \/>\n<meta property=\"og:locale\" content=\"en_US\" \/>\n<meta property=\"og:type\" content=\"article\" \/>\n<meta property=\"og:title\" content=\"\u00e9crits sur l&#039;art 1934-1969 - Librairie 7L\" \/>\n<meta property=\"og:description\" content=\"Lettres \u00e0 ses amis peintres &#8211; Barnett Newman, Robert Motherwell, Adolph Gottlieb-, r\u00e9cits de voyage en Europe, notamment \u00e0 Paestum o\u00f9 Rothko affirme qu&#8217;il a \u00abtoujours peint des temples grecs sans le savoir\u00bb, descriptions d&#8217;\u00e9t\u00e9s en famille dans les campus am\u00e9ricains o\u00f9 il donne cours, cahiers de notes dans lesquels Rothko parle de l&#8217;importance du [&hellip;]\" \/>\n<meta property=\"og:url\" content=\"https:\/\/librairie7l.com\/en\/produit\/ecrits-sur-lart-1934-1969\/\" \/>\n<meta property=\"og:site_name\" content=\"Librairie 7L\" \/>\n<meta property=\"article:modified_time\" content=\"2026-04-30T04:05:55+00:00\" \/>\n<meta property=\"og:image\" content=\"https:\/\/librairie7l.com\/wp-content\/uploads\/2008\/11\/9782081218970_1_75.jpg\" \/>\n\t<meta property=\"og:image:width\" content=\"500\" \/>\n\t<meta property=\"og:image:height\" content=\"824\" \/>\n\t<meta property=\"og:image:type\" content=\"image\/jpeg\" \/>\n<meta name=\"twitter:card\" content=\"summary_large_image\" \/>\n<meta name=\"twitter:label1\" content=\"Est. reading time\" \/>\n\t<meta name=\"twitter:data1\" content=\"1 minute\" \/>\n<script type=\"application\/ld+json\" class=\"yoast-schema-graph\">{\"@context\":\"https:\/\/schema.org\",\"@graph\":[{\"@type\":\"WebPage\",\"@id\":\"https:\/\/librairie7l.com\/en\/produit\/ecrits-sur-lart-1934-1969\/\",\"url\":\"https:\/\/librairie7l.com\/en\/produit\/ecrits-sur-lart-1934-1969\/\",\"name\":\"\u00e9crits sur l'art 1934-1969 - Librairie 7L\",\"isPartOf\":{\"@id\":\"https:\/\/librairie7l.com\/en\/#website\"},\"datePublished\":\"2023-11-21T12:04:29+00:00\",\"dateModified\":\"2026-04-30T04:05:55+00:00\",\"breadcrumb\":{\"@id\":\"https:\/\/librairie7l.com\/en\/produit\/ecrits-sur-lart-1934-1969\/#breadcrumb\"},\"inLanguage\":\"en-US\",\"potentialAction\":[{\"@type\":\"ReadAction\",\"target\":[\"https:\/\/librairie7l.com\/en\/produit\/ecrits-sur-lart-1934-1969\/\"]}]},{\"@type\":\"BreadcrumbList\",\"@id\":\"https:\/\/librairie7l.com\/en\/produit\/ecrits-sur-lart-1934-1969\/#breadcrumb\",\"itemListElement\":[{\"@type\":\"ListItem\",\"position\":1,\"name\":\"Accueil\",\"item\":\"https:\/\/librairie7l.com\/en\/\"},{\"@type\":\"ListItem\",\"position\":2,\"name\":\"Shop\",\"item\":\"https:\/\/librairie7l.com\/en\/shop\/\"},{\"@type\":\"ListItem\",\"position\":3,\"name\":\"\u00c9CRITS SUR L&#8217;ART 1934-1969\"}]},{\"@type\":\"WebSite\",\"@id\":\"https:\/\/librairie7l.com\/en\/#website\",\"url\":\"https:\/\/librairie7l.com\/en\/\",\"name\":\"Librairie 7L\",\"description\":\"Librairie fond\u00e9e en 1999 par Karl Lagerfeld \u00e0 Paris\",\"publisher\":{\"@id\":\"https:\/\/librairie7l.com\/en\/#organization\"},\"potentialAction\":[{\"@type\":\"SearchAction\",\"target\":{\"@type\":\"EntryPoint\",\"urlTemplate\":\"https:\/\/librairie7l.com\/en\/?s={search_term_string}\"},\"query-input\":\"required name=search_term_string\"}],\"inLanguage\":\"en-US\"},{\"@type\":\"Organization\",\"@id\":\"https:\/\/librairie7l.com\/en\/#organization\",\"name\":\"Librairie 7L\",\"url\":\"https:\/\/librairie7l.com\/en\/\",\"logo\":{\"@type\":\"ImageObject\",\"inLanguage\":\"en-US\",\"@id\":\"https:\/\/librairie7l.com\/en\/#\/schema\/logo\/image\/\",\"url\":\"https:\/\/librairie7l.com\/wp-content\/uploads\/2022\/08\/logo-1.png\",\"contentUrl\":\"https:\/\/librairie7l.com\/wp-content\/uploads\/2022\/08\/logo-1.png\",\"width\":227,\"height\":301,\"caption\":\"Librairie 7L\"},\"image\":{\"@id\":\"https:\/\/librairie7l.com\/en\/#\/schema\/logo\/image\/\"}}]}<\/script>\n<!-- \/ Yoast SEO plugin. -->","yoast_head_json":{"title":"\u00e9crits sur l'art 1934-1969 - Librairie 7L","robots":{"index":"index","follow":"follow","max-snippet":"max-snippet:-1","max-image-preview":"max-image-preview:large","max-video-preview":"max-video-preview:-1"},"canonical":"https:\/\/librairie7l.com\/en\/produit\/ecrits-sur-lart-1934-1969\/","og_locale":"en_US","og_type":"article","og_title":"\u00e9crits sur l'art 1934-1969 - Librairie 7L","og_description":"Lettres \u00e0 ses amis peintres &#8211; Barnett Newman, Robert Motherwell, Adolph Gottlieb-, r\u00e9cits de voyage en Europe, notamment \u00e0 Paestum o\u00f9 Rothko affirme qu&#8217;il a \u00abtoujours peint des temples grecs sans le savoir\u00bb, descriptions d&#8217;\u00e9t\u00e9s en famille dans les campus am\u00e9ricains o\u00f9 il donne cours, cahiers de notes dans lesquels Rothko parle de l&#8217;importance du [&hellip;]","og_url":"https:\/\/librairie7l.com\/en\/produit\/ecrits-sur-lart-1934-1969\/","og_site_name":"Librairie 7L","article_modified_time":"2026-04-30T04:05:55+00:00","og_image":[{"width":500,"height":824,"url":"https:\/\/librairie7l.com\/wp-content\/uploads\/2008\/11\/9782081218970_1_75.jpg","type":"image\/jpeg"}],"twitter_card":"summary_large_image","twitter_misc":{"Est. reading time":"1 minute"},"schema":{"@context":"https:\/\/schema.org","@graph":[{"@type":"WebPage","@id":"https:\/\/librairie7l.com\/en\/produit\/ecrits-sur-lart-1934-1969\/","url":"https:\/\/librairie7l.com\/en\/produit\/ecrits-sur-lart-1934-1969\/","name":"\u00e9crits sur l'art 1934-1969 - Librairie 7L","isPartOf":{"@id":"https:\/\/librairie7l.com\/en\/#website"},"datePublished":"2023-11-21T12:04:29+00:00","dateModified":"2026-04-30T04:05:55+00:00","breadcrumb":{"@id":"https:\/\/librairie7l.com\/en\/produit\/ecrits-sur-lart-1934-1969\/#breadcrumb"},"inLanguage":"en-US","potentialAction":[{"@type":"ReadAction","target":["https:\/\/librairie7l.com\/en\/produit\/ecrits-sur-lart-1934-1969\/"]}]},{"@type":"BreadcrumbList","@id":"https:\/\/librairie7l.com\/en\/produit\/ecrits-sur-lart-1934-1969\/#breadcrumb","itemListElement":[{"@type":"ListItem","position":1,"name":"Accueil","item":"https:\/\/librairie7l.com\/en\/"},{"@type":"ListItem","position":2,"name":"Shop","item":"https:\/\/librairie7l.com\/en\/shop\/"},{"@type":"ListItem","position":3,"name":"\u00c9CRITS SUR L&#8217;ART 1934-1969"}]},{"@type":"WebSite","@id":"https:\/\/librairie7l.com\/en\/#website","url":"https:\/\/librairie7l.com\/en\/","name":"Librairie 7L","description":"Librairie fond\u00e9e en 1999 par Karl Lagerfeld \u00e0 Paris","publisher":{"@id":"https:\/\/librairie7l.com\/en\/#organization"},"potentialAction":[{"@type":"SearchAction","target":{"@type":"EntryPoint","urlTemplate":"https:\/\/librairie7l.com\/en\/?s={search_term_string}"},"query-input":"required name=search_term_string"}],"inLanguage":"en-US"},{"@type":"Organization","@id":"https:\/\/librairie7l.com\/en\/#organization","name":"Librairie 7L","url":"https:\/\/librairie7l.com\/en\/","logo":{"@type":"ImageObject","inLanguage":"en-US","@id":"https:\/\/librairie7l.com\/en\/#\/schema\/logo\/image\/","url":"https:\/\/librairie7l.com\/wp-content\/uploads\/2022\/08\/logo-1.png","contentUrl":"https:\/\/librairie7l.com\/wp-content\/uploads\/2022\/08\/logo-1.png","width":227,"height":301,"caption":"Librairie 7L"},"image":{"@id":"https:\/\/librairie7l.com\/en\/#\/schema\/logo\/image\/"}}]}},"_links":{"self":[{"href":"https:\/\/librairie7l.com\/en\/wp-json\/wp\/v2\/product\/37657"}],"collection":[{"href":"https:\/\/librairie7l.com\/en\/wp-json\/wp\/v2\/product"}],"about":[{"href":"https:\/\/librairie7l.com\/en\/wp-json\/wp\/v2\/types\/product"}],"wp:featuredmedia":[{"embeddable":true,"href":"https:\/\/librairie7l.com\/en\/wp-json\/wp\/v2\/media\/37655"}],"wp:attachment":[{"href":"https:\/\/librairie7l.com\/en\/wp-json\/wp\/v2\/media?parent=37657"}],"wp:term":[{"taxonomy":"product_cat","embeddable":true,"href":"https:\/\/librairie7l.com\/en\/wp-json\/wp\/v2\/product_cat?post=37657"},{"taxonomy":"product_tag","embeddable":true,"href":"https:\/\/librairie7l.com\/en\/wp-json\/wp\/v2\/product_tag?post=37657"}],"curies":[{"name":"wp","href":"https:\/\/api.w.org\/{rel}","templated":true}]}}