{"id":37673,"date":"2023-11-21T13:16:52","date_gmt":"2023-11-21T12:16:52","guid":{"rendered":"https:\/\/librairie7l.com\/?post_type=product&#038;p=37673"},"modified":"2026-04-22T08:51:12","modified_gmt":"2026-04-22T06:51:12","slug":"garry-winogrand-color","status":"publish","type":"product","link":"https:\/\/librairie7l.com\/en\/produit\/garry-winogrand-color\/","title":{"rendered":"GARRY WINOGRAND COLOR"},"content":{"rendered":"<p>Twin Palms publie dans un grand format les photographies en couleur de Gary Winogrand, grand repr\u00e9sentant de la photographie de rue am\u00e9ricaine. Des photos issues de toutes sa carri\u00e8re mais tr\u00e8s peu expos\u00e9es de son vivant sont ici pr\u00e9sent\u00e9es pour la premi\u00e8re fois en livre suite qui fait suite \u00e0 une exposition \u00e9v\u00e8nement au Brooklyn Museum en 2019.<\/p>\n","protected":false},"excerpt":{"rendered":"<p>Twin Palms publie dans un grand format les photographies en couleur de Gary Winogrand, grand repr\u00e9sentant de la photographie de rue am\u00e9ricaine. Des photos issues de toutes sa carri\u00e8re mais tr\u00e8s peu expos\u00e9es de son vivant sont ici pr\u00e9sent\u00e9es pour la premi\u00e8re fois en livre suite qui fait suite \u00e0 une exposition \u00e9v\u00e8nement au Brooklyn [&hellip;]<\/p>\n","protected":false},"featured_media":37671,"template":"","meta":[],"product_cat":[2948,2958],"product_tag":[],"acf":[],"yoast_head":"<!-- This site is optimized with the Yoast SEO plugin v20.11 - https:\/\/yoast.com\/wordpress\/plugins\/seo\/ -->\n<title>Garry winogrand color - Librairie 7L<\/title>\n<meta name=\"robots\" content=\"index, follow, max-snippet:-1, max-image-preview:large, max-video-preview:-1\" \/>\n<link rel=\"canonical\" href=\"https:\/\/librairie7l.com\/en\/produit\/garry-winogrand-color\/\" \/>\n<meta property=\"og:locale\" content=\"en_US\" \/>\n<meta property=\"og:type\" content=\"article\" \/>\n<meta property=\"og:title\" content=\"Garry winogrand color - Librairie 7L\" \/>\n<meta property=\"og:description\" content=\"Twin Palms publie dans un grand format les photographies en couleur de Gary Winogrand, grand repr\u00e9sentant de la photographie de rue am\u00e9ricaine. Des photos issues de toutes sa carri\u00e8re mais tr\u00e8s peu expos\u00e9es de son vivant sont ici pr\u00e9sent\u00e9es pour la premi\u00e8re fois en livre suite qui fait suite \u00e0 une exposition \u00e9v\u00e8nement au Brooklyn [&hellip;]\" \/>\n<meta property=\"og:url\" content=\"https:\/\/librairie7l.com\/en\/produit\/garry-winogrand-color\/\" \/>\n<meta property=\"og:site_name\" content=\"Librairie 7L\" \/>\n<meta property=\"article:modified_time\" content=\"2026-04-22T06:51:12+00:00\" \/>\n<meta property=\"og:image\" content=\"https:\/\/librairie7l.com\/wp-content\/uploads\/2021\/07\/9781936611188_1_75.jpg\" \/>\n\t<meta property=\"og:image:width\" content=\"500\" \/>\n\t<meta property=\"og:image:height\" content=\"500\" \/>\n\t<meta property=\"og:image:type\" content=\"image\/jpeg\" \/>\n<meta name=\"twitter:card\" content=\"summary_large_image\" \/>\n<script type=\"application\/ld+json\" class=\"yoast-schema-graph\">{\"@context\":\"https:\/\/schema.org\",\"@graph\":[{\"@type\":\"WebPage\",\"@id\":\"https:\/\/librairie7l.com\/en\/produit\/garry-winogrand-color\/\",\"url\":\"https:\/\/librairie7l.com\/en\/produit\/garry-winogrand-color\/\",\"name\":\"Garry winogrand color - Librairie 7L\",\"isPartOf\":{\"@id\":\"https:\/\/librairie7l.com\/en\/#website\"},\"datePublished\":\"2023-11-21T12:16:52+00:00\",\"dateModified\":\"2026-04-22T06:51:12+00:00\",\"breadcrumb\":{\"@id\":\"https:\/\/librairie7l.com\/en\/produit\/garry-winogrand-color\/#breadcrumb\"},\"inLanguage\":\"en-US\",\"potentialAction\":[{\"@type\":\"ReadAction\",\"target\":[\"https:\/\/librairie7l.com\/en\/produit\/garry-winogrand-color\/\"]}]},{\"@type\":\"BreadcrumbList\",\"@id\":\"https:\/\/librairie7l.com\/en\/produit\/garry-winogrand-color\/#breadcrumb\",\"itemListElement\":[{\"@type\":\"ListItem\",\"position\":1,\"name\":\"Accueil\",\"item\":\"https:\/\/librairie7l.com\/en\/\"},{\"@type\":\"ListItem\",\"position\":2,\"name\":\"Shop\",\"item\":\"https:\/\/librairie7l.com\/en\/shop\/\"},{\"@type\":\"ListItem\",\"position\":3,\"name\":\"GARRY WINOGRAND COLOR\"}]},{\"@type\":\"WebSite\",\"@id\":\"https:\/\/librairie7l.com\/en\/#website\",\"url\":\"https:\/\/librairie7l.com\/en\/\",\"name\":\"Librairie 7L\",\"description\":\"Librairie fond\u00e9e en 1999 par Karl Lagerfeld \u00e0 Paris\",\"publisher\":{\"@id\":\"https:\/\/librairie7l.com\/en\/#organization\"},\"potentialAction\":[{\"@type\":\"SearchAction\",\"target\":{\"@type\":\"EntryPoint\",\"urlTemplate\":\"https:\/\/librairie7l.com\/en\/?s={search_term_string}\"},\"query-input\":\"required name=search_term_string\"}],\"inLanguage\":\"en-US\"},{\"@type\":\"Organization\",\"@id\":\"https:\/\/librairie7l.com\/en\/#organization\",\"name\":\"Librairie 7L\",\"url\":\"https:\/\/librairie7l.com\/en\/\",\"logo\":{\"@type\":\"ImageObject\",\"inLanguage\":\"en-US\",\"@id\":\"https:\/\/librairie7l.com\/en\/#\/schema\/logo\/image\/\",\"url\":\"https:\/\/librairie7l.com\/wp-content\/uploads\/2022\/08\/logo-1.png\",\"contentUrl\":\"https:\/\/librairie7l.com\/wp-content\/uploads\/2022\/08\/logo-1.png\",\"width\":227,\"height\":301,\"caption\":\"Librairie 7L\"},\"image\":{\"@id\":\"https:\/\/librairie7l.com\/en\/#\/schema\/logo\/image\/\"}}]}<\/script>\n<!-- \/ Yoast SEO plugin. -->","yoast_head_json":{"title":"Garry winogrand color - Librairie 7L","robots":{"index":"index","follow":"follow","max-snippet":"max-snippet:-1","max-image-preview":"max-image-preview:large","max-video-preview":"max-video-preview:-1"},"canonical":"https:\/\/librairie7l.com\/en\/produit\/garry-winogrand-color\/","og_locale":"en_US","og_type":"article","og_title":"Garry winogrand color - Librairie 7L","og_description":"Twin Palms publie dans un grand format les photographies en couleur de Gary Winogrand, grand repr\u00e9sentant de la photographie de rue am\u00e9ricaine. Des photos issues de toutes sa carri\u00e8re mais tr\u00e8s peu expos\u00e9es de son vivant sont ici pr\u00e9sent\u00e9es pour la premi\u00e8re fois en livre suite qui fait suite \u00e0 une exposition \u00e9v\u00e8nement au Brooklyn [&hellip;]","og_url":"https:\/\/librairie7l.com\/en\/produit\/garry-winogrand-color\/","og_site_name":"Librairie 7L","article_modified_time":"2026-04-22T06:51:12+00:00","og_image":[{"width":500,"height":500,"url":"https:\/\/librairie7l.com\/wp-content\/uploads\/2021\/07\/9781936611188_1_75.jpg","type":"image\/jpeg"}],"twitter_card":"summary_large_image","schema":{"@context":"https:\/\/schema.org","@graph":[{"@type":"WebPage","@id":"https:\/\/librairie7l.com\/en\/produit\/garry-winogrand-color\/","url":"https:\/\/librairie7l.com\/en\/produit\/garry-winogrand-color\/","name":"Garry winogrand color - Librairie 7L","isPartOf":{"@id":"https:\/\/librairie7l.com\/en\/#website"},"datePublished":"2023-11-21T12:16:52+00:00","dateModified":"2026-04-22T06:51:12+00:00","breadcrumb":{"@id":"https:\/\/librairie7l.com\/en\/produit\/garry-winogrand-color\/#breadcrumb"},"inLanguage":"en-US","potentialAction":[{"@type":"ReadAction","target":["https:\/\/librairie7l.com\/en\/produit\/garry-winogrand-color\/"]}]},{"@type":"BreadcrumbList","@id":"https:\/\/librairie7l.com\/en\/produit\/garry-winogrand-color\/#breadcrumb","itemListElement":[{"@type":"ListItem","position":1,"name":"Accueil","item":"https:\/\/librairie7l.com\/en\/"},{"@type":"ListItem","position":2,"name":"Shop","item":"https:\/\/librairie7l.com\/en\/shop\/"},{"@type":"ListItem","position":3,"name":"GARRY WINOGRAND COLOR"}]},{"@type":"WebSite","@id":"https:\/\/librairie7l.com\/en\/#website","url":"https:\/\/librairie7l.com\/en\/","name":"Librairie 7L","description":"Librairie fond\u00e9e en 1999 par Karl Lagerfeld \u00e0 Paris","publisher":{"@id":"https:\/\/librairie7l.com\/en\/#organization"},"potentialAction":[{"@type":"SearchAction","target":{"@type":"EntryPoint","urlTemplate":"https:\/\/librairie7l.com\/en\/?s={search_term_string}"},"query-input":"required name=search_term_string"}],"inLanguage":"en-US"},{"@type":"Organization","@id":"https:\/\/librairie7l.com\/en\/#organization","name":"Librairie 7L","url":"https:\/\/librairie7l.com\/en\/","logo":{"@type":"ImageObject","inLanguage":"en-US","@id":"https:\/\/librairie7l.com\/en\/#\/schema\/logo\/image\/","url":"https:\/\/librairie7l.com\/wp-content\/uploads\/2022\/08\/logo-1.png","contentUrl":"https:\/\/librairie7l.com\/wp-content\/uploads\/2022\/08\/logo-1.png","width":227,"height":301,"caption":"Librairie 7L"},"image":{"@id":"https:\/\/librairie7l.com\/en\/#\/schema\/logo\/image\/"}}]}},"_links":{"self":[{"href":"https:\/\/librairie7l.com\/en\/wp-json\/wp\/v2\/product\/37673"}],"collection":[{"href":"https:\/\/librairie7l.com\/en\/wp-json\/wp\/v2\/product"}],"about":[{"href":"https:\/\/librairie7l.com\/en\/wp-json\/wp\/v2\/types\/product"}],"wp:featuredmedia":[{"embeddable":true,"href":"https:\/\/librairie7l.com\/en\/wp-json\/wp\/v2\/media\/37671"}],"wp:attachment":[{"href":"https:\/\/librairie7l.com\/en\/wp-json\/wp\/v2\/media?parent=37673"}],"wp:term":[{"taxonomy":"product_cat","embeddable":true,"href":"https:\/\/librairie7l.com\/en\/wp-json\/wp\/v2\/product_cat?post=37673"},{"taxonomy":"product_tag","embeddable":true,"href":"https:\/\/librairie7l.com\/en\/wp-json\/wp\/v2\/product_tag?post=37673"}],"curies":[{"name":"wp","href":"https:\/\/api.w.org\/{rel}","templated":true}]}}