{"id":37697,"date":"2023-11-21T13:32:38","date_gmt":"2023-11-21T12:32:38","guid":{"rendered":"https:\/\/librairie7l.com\/?post_type=product&#038;p=37697"},"modified":"2026-04-06T07:47:30","modified_gmt":"2026-04-06T05:47:30","slug":"alex-webb-dislocations","status":"publish","type":"product","link":"https:\/\/librairie7l.com\/en\/produit\/alex-webb-dislocations\/","title":{"rendered":"ALEX WEBB : DISLOCATIONS"},"content":{"rendered":"<p>Reconnu comme un pionnier de la photographie couleur, Alex Webb est connu pour sa capacit\u00e9 \u00e0 int\u00e9grer dans son cadrage photo le geste, la couleur et les contrastes culturels pour cr\u00e9er des images \u00e0 la fois belles et fortes, \u00e0 plusieurs niveaux de lecture. Son livre Dislocations, publi\u00e9 pour la premi\u00e8re fois en 1998 sous forme de leporello en \u00e9dition limit\u00e9e avec des tirages laser (alors consid\u00e9r\u00e9s comme les meilleurs), rassemblait des images de diverses p\u00e9riodes de l&#8217;oeuvre d&#8217;Alex Webb. Il consid\u00e9rait cet ensemble comme une r\u00e9flexion sur l&#8217;acte de la photographie comme une forme de dislocation. Pouss\u00e9 par la pand\u00e9mie, le photographe a reconsid\u00e9r\u00e9 ce groupement d&#8217;images : le r\u00e9sultat est cette \u00e9dition r\u00e9invent\u00e9e de Dislocations, qui comprend de nouvelles photographies prises dans les vingt-cinq ann\u00e9es suivant l&#8217;originale. Ce livre apporte une nouvelle perspective sur son travail et parle du sens palpable de la dislocation \u00e0 notre \u00e9poque.<\/p>\n","protected":false},"excerpt":{"rendered":"<p>Reconnu comme un pionnier de la photographie couleur, Alex Webb est connu pour sa capacit\u00e9 \u00e0 int\u00e9grer dans son cadrage photo le geste, la couleur et les contrastes culturels pour cr\u00e9er des images \u00e0 la fois belles et fortes, \u00e0 plusieurs niveaux de lecture. Son livre Dislocations, publi\u00e9 pour la premi\u00e8re fois en 1998 sous [&hellip;]<\/p>\n","protected":false},"featured_media":37695,"template":"","meta":[],"product_cat":[2948,2958],"product_tag":[],"acf":[],"yoast_head":"<!-- This site is optimized with the Yoast SEO plugin v20.11 - https:\/\/yoast.com\/wordpress\/plugins\/seo\/ -->\n<title>Alex Webb : dislocations - Librairie 7L<\/title>\n<meta name=\"robots\" content=\"index, follow, max-snippet:-1, max-image-preview:large, max-video-preview:-1\" \/>\n<link rel=\"canonical\" href=\"https:\/\/librairie7l.com\/en\/produit\/alex-webb-dislocations\/\" \/>\n<meta property=\"og:locale\" content=\"en_US\" \/>\n<meta property=\"og:type\" content=\"article\" \/>\n<meta property=\"og:title\" content=\"Alex Webb : dislocations - Librairie 7L\" \/>\n<meta property=\"og:description\" content=\"Reconnu comme un pionnier de la photographie couleur, Alex Webb est connu pour sa capacit\u00e9 \u00e0 int\u00e9grer dans son cadrage photo le geste, la couleur et les contrastes culturels pour cr\u00e9er des images \u00e0 la fois belles et fortes, \u00e0 plusieurs niveaux de lecture. Son livre Dislocations, publi\u00e9 pour la premi\u00e8re fois en 1998 sous [&hellip;]\" \/>\n<meta property=\"og:url\" content=\"https:\/\/librairie7l.com\/en\/produit\/alex-webb-dislocations\/\" \/>\n<meta property=\"og:site_name\" content=\"Librairie 7L\" \/>\n<meta property=\"article:modified_time\" content=\"2026-04-06T05:47:30+00:00\" \/>\n<meta property=\"og:image\" content=\"https:\/\/librairie7l.com\/wp-content\/uploads\/2023\/06\/9780500027325_1_75.jpg\" \/>\n\t<meta property=\"og:image:width\" content=\"998\" \/>\n\t<meta property=\"og:image:height\" content=\"600\" \/>\n\t<meta property=\"og:image:type\" content=\"image\/jpeg\" \/>\n<meta name=\"twitter:card\" content=\"summary_large_image\" \/>\n<meta name=\"twitter:label1\" content=\"Est. reading time\" \/>\n\t<meta name=\"twitter:data1\" content=\"1 minute\" \/>\n<script type=\"application\/ld+json\" class=\"yoast-schema-graph\">{\"@context\":\"https:\/\/schema.org\",\"@graph\":[{\"@type\":\"WebPage\",\"@id\":\"https:\/\/librairie7l.com\/en\/produit\/alex-webb-dislocations\/\",\"url\":\"https:\/\/librairie7l.com\/en\/produit\/alex-webb-dislocations\/\",\"name\":\"Alex Webb : dislocations - Librairie 7L\",\"isPartOf\":{\"@id\":\"https:\/\/librairie7l.com\/en\/#website\"},\"datePublished\":\"2023-11-21T12:32:38+00:00\",\"dateModified\":\"2026-04-06T05:47:30+00:00\",\"breadcrumb\":{\"@id\":\"https:\/\/librairie7l.com\/en\/produit\/alex-webb-dislocations\/#breadcrumb\"},\"inLanguage\":\"en-US\",\"potentialAction\":[{\"@type\":\"ReadAction\",\"target\":[\"https:\/\/librairie7l.com\/en\/produit\/alex-webb-dislocations\/\"]}]},{\"@type\":\"BreadcrumbList\",\"@id\":\"https:\/\/librairie7l.com\/en\/produit\/alex-webb-dislocations\/#breadcrumb\",\"itemListElement\":[{\"@type\":\"ListItem\",\"position\":1,\"name\":\"Accueil\",\"item\":\"https:\/\/librairie7l.com\/en\/\"},{\"@type\":\"ListItem\",\"position\":2,\"name\":\"Shop\",\"item\":\"https:\/\/librairie7l.com\/en\/shop\/\"},{\"@type\":\"ListItem\",\"position\":3,\"name\":\"ALEX WEBB : DISLOCATIONS\"}]},{\"@type\":\"WebSite\",\"@id\":\"https:\/\/librairie7l.com\/en\/#website\",\"url\":\"https:\/\/librairie7l.com\/en\/\",\"name\":\"Librairie 7L\",\"description\":\"Librairie fond\u00e9e en 1999 par Karl Lagerfeld \u00e0 Paris\",\"publisher\":{\"@id\":\"https:\/\/librairie7l.com\/en\/#organization\"},\"potentialAction\":[{\"@type\":\"SearchAction\",\"target\":{\"@type\":\"EntryPoint\",\"urlTemplate\":\"https:\/\/librairie7l.com\/en\/?s={search_term_string}\"},\"query-input\":\"required name=search_term_string\"}],\"inLanguage\":\"en-US\"},{\"@type\":\"Organization\",\"@id\":\"https:\/\/librairie7l.com\/en\/#organization\",\"name\":\"Librairie 7L\",\"url\":\"https:\/\/librairie7l.com\/en\/\",\"logo\":{\"@type\":\"ImageObject\",\"inLanguage\":\"en-US\",\"@id\":\"https:\/\/librairie7l.com\/en\/#\/schema\/logo\/image\/\",\"url\":\"https:\/\/librairie7l.com\/wp-content\/uploads\/2022\/08\/logo-1.png\",\"contentUrl\":\"https:\/\/librairie7l.com\/wp-content\/uploads\/2022\/08\/logo-1.png\",\"width\":227,\"height\":301,\"caption\":\"Librairie 7L\"},\"image\":{\"@id\":\"https:\/\/librairie7l.com\/en\/#\/schema\/logo\/image\/\"}}]}<\/script>\n<!-- \/ Yoast SEO plugin. -->","yoast_head_json":{"title":"Alex Webb : dislocations - Librairie 7L","robots":{"index":"index","follow":"follow","max-snippet":"max-snippet:-1","max-image-preview":"max-image-preview:large","max-video-preview":"max-video-preview:-1"},"canonical":"https:\/\/librairie7l.com\/en\/produit\/alex-webb-dislocations\/","og_locale":"en_US","og_type":"article","og_title":"Alex Webb : dislocations - Librairie 7L","og_description":"Reconnu comme un pionnier de la photographie couleur, Alex Webb est connu pour sa capacit\u00e9 \u00e0 int\u00e9grer dans son cadrage photo le geste, la couleur et les contrastes culturels pour cr\u00e9er des images \u00e0 la fois belles et fortes, \u00e0 plusieurs niveaux de lecture. Son livre Dislocations, publi\u00e9 pour la premi\u00e8re fois en 1998 sous [&hellip;]","og_url":"https:\/\/librairie7l.com\/en\/produit\/alex-webb-dislocations\/","og_site_name":"Librairie 7L","article_modified_time":"2026-04-06T05:47:30+00:00","og_image":[{"width":998,"height":600,"url":"https:\/\/librairie7l.com\/wp-content\/uploads\/2023\/06\/9780500027325_1_75.jpg","type":"image\/jpeg"}],"twitter_card":"summary_large_image","twitter_misc":{"Est. reading time":"1 minute"},"schema":{"@context":"https:\/\/schema.org","@graph":[{"@type":"WebPage","@id":"https:\/\/librairie7l.com\/en\/produit\/alex-webb-dislocations\/","url":"https:\/\/librairie7l.com\/en\/produit\/alex-webb-dislocations\/","name":"Alex Webb : dislocations - Librairie 7L","isPartOf":{"@id":"https:\/\/librairie7l.com\/en\/#website"},"datePublished":"2023-11-21T12:32:38+00:00","dateModified":"2026-04-06T05:47:30+00:00","breadcrumb":{"@id":"https:\/\/librairie7l.com\/en\/produit\/alex-webb-dislocations\/#breadcrumb"},"inLanguage":"en-US","potentialAction":[{"@type":"ReadAction","target":["https:\/\/librairie7l.com\/en\/produit\/alex-webb-dislocations\/"]}]},{"@type":"BreadcrumbList","@id":"https:\/\/librairie7l.com\/en\/produit\/alex-webb-dislocations\/#breadcrumb","itemListElement":[{"@type":"ListItem","position":1,"name":"Accueil","item":"https:\/\/librairie7l.com\/en\/"},{"@type":"ListItem","position":2,"name":"Shop","item":"https:\/\/librairie7l.com\/en\/shop\/"},{"@type":"ListItem","position":3,"name":"ALEX WEBB : DISLOCATIONS"}]},{"@type":"WebSite","@id":"https:\/\/librairie7l.com\/en\/#website","url":"https:\/\/librairie7l.com\/en\/","name":"Librairie 7L","description":"Librairie fond\u00e9e en 1999 par Karl Lagerfeld \u00e0 Paris","publisher":{"@id":"https:\/\/librairie7l.com\/en\/#organization"},"potentialAction":[{"@type":"SearchAction","target":{"@type":"EntryPoint","urlTemplate":"https:\/\/librairie7l.com\/en\/?s={search_term_string}"},"query-input":"required name=search_term_string"}],"inLanguage":"en-US"},{"@type":"Organization","@id":"https:\/\/librairie7l.com\/en\/#organization","name":"Librairie 7L","url":"https:\/\/librairie7l.com\/en\/","logo":{"@type":"ImageObject","inLanguage":"en-US","@id":"https:\/\/librairie7l.com\/en\/#\/schema\/logo\/image\/","url":"https:\/\/librairie7l.com\/wp-content\/uploads\/2022\/08\/logo-1.png","contentUrl":"https:\/\/librairie7l.com\/wp-content\/uploads\/2022\/08\/logo-1.png","width":227,"height":301,"caption":"Librairie 7L"},"image":{"@id":"https:\/\/librairie7l.com\/en\/#\/schema\/logo\/image\/"}}]}},"_links":{"self":[{"href":"https:\/\/librairie7l.com\/en\/wp-json\/wp\/v2\/product\/37697"}],"collection":[{"href":"https:\/\/librairie7l.com\/en\/wp-json\/wp\/v2\/product"}],"about":[{"href":"https:\/\/librairie7l.com\/en\/wp-json\/wp\/v2\/types\/product"}],"wp:featuredmedia":[{"embeddable":true,"href":"https:\/\/librairie7l.com\/en\/wp-json\/wp\/v2\/media\/37695"}],"wp:attachment":[{"href":"https:\/\/librairie7l.com\/en\/wp-json\/wp\/v2\/media?parent=37697"}],"wp:term":[{"taxonomy":"product_cat","embeddable":true,"href":"https:\/\/librairie7l.com\/en\/wp-json\/wp\/v2\/product_cat?post=37697"},{"taxonomy":"product_tag","embeddable":true,"href":"https:\/\/librairie7l.com\/en\/wp-json\/wp\/v2\/product_tag?post=37697"}],"curies":[{"name":"wp","href":"https:\/\/api.w.org\/{rel}","templated":true}]}}