{"id":37725,"date":"2023-11-21T14:15:40","date_gmt":"2023-11-21T13:15:40","guid":{"rendered":"https:\/\/librairie7l.com\/?post_type=product&#038;p=37725"},"modified":"2026-04-19T07:17:01","modified_gmt":"2026-04-19T05:17:01","slug":"collections-collectionneurs","status":"publish","type":"product","link":"https:\/\/librairie7l.com\/en\/produit\/collections-collectionneurs\/","title":{"rendered":"COLLECTIONS, COLLECTIONNEURS"},"content":{"rendered":"<p>Depuis toujours et sous toutes les latitudes, l&#8217;\u00eatre humain collectionne.<\/p>\n<p>Sont ici r\u00e9v\u00e9l\u00e9es des collections qui ne sont en g\u00e9n\u00e9ral pas ouvertes au public, ou bien sont discr\u00e8tes ou simplement m\u00e9connues. Elles nous conduisent au coeur du monde de l&#8217;art contemporain, des cr\u00e2nes, des pipes \u00e0 opium, des chefs-d&#8217;oeuvre de l&#8217;art tribal ou brut, des animaux empaill\u00e9s, des statues du XVIIIe si\u00e8cle, du pop art, des trente glorieuses ou encore des reliquaires chr\u00e9tiens.<\/p>\n<p>Si les collections y sont d\u00e9crites \u00e0 travers l&#8217;histoire de leur constitution et agr\u00e9ment\u00e9es d&#8217;anecdotes souvent savoureuses, l&#8217;ouvrage aborde aussi quelques th\u00e9matiques incontournables li\u00e9es \u00e0 la \u00ab collectionnite \u00bb : l&#8217;espace n\u00e9cessaire pour collectionner, g\u00e9rer sa vie conjugale envahie par les objets, l&#8217;argent d\u00e9pens\u00e9 ou investi dans la collection, les motivations les plus secr\u00e8tes, par quel achat tout cela a-t-il commenc\u00e9, etc.<\/p>\n<p>Une vingtaine de collectionneurs (Pierre &amp; Gilles, Pierre-Jean Chalen\u00e7on, Daniel Rozensztroch&#8230;) ont accept\u00e9 d&#8217;ouvrir leurs portes \u00e0 Guillaume de Laubier et Emmanuel Pierrat (lui-m\u00eame collectionneur), et de parler de leurs tr\u00e9sors. Une dizaine de professionnels internationalement reconnus (Jean-Claude Binoche, Nathalie Obadia, Olivier Picasso, Daniel Templon&#8230;), du commissaire-priseur \u00e0 l&#8217;expert, du galeriste au psychiatre, permettent aussi de d\u00e9crypter ce que sont ces collectionneurs d&#8217;aujourd&#8217;hui.<\/p>\n","protected":false},"excerpt":{"rendered":"<p>Depuis toujours et sous toutes les latitudes, l&#8217;\u00eatre humain collectionne. Sont ici r\u00e9v\u00e9l\u00e9es des collections qui ne sont en g\u00e9n\u00e9ral pas ouvertes au public, ou bien sont discr\u00e8tes ou simplement m\u00e9connues. Elles nous conduisent au coeur du monde de l&#8217;art contemporain, des cr\u00e2nes, des pipes \u00e0 opium, des chefs-d&#8217;oeuvre de l&#8217;art tribal ou brut, des [&hellip;]<\/p>\n","protected":false},"featured_media":37723,"template":"","meta":[],"product_cat":[2948,2951],"product_tag":[],"acf":[],"yoast_head":"<!-- This site is optimized with the Yoast SEO plugin v20.11 - https:\/\/yoast.com\/wordpress\/plugins\/seo\/ -->\n<title>Collections, collectionneurs - Librairie 7L<\/title>\n<meta name=\"robots\" content=\"index, follow, max-snippet:-1, max-image-preview:large, max-video-preview:-1\" \/>\n<link rel=\"canonical\" href=\"https:\/\/librairie7l.com\/en\/produit\/collections-collectionneurs\/\" \/>\n<meta property=\"og:locale\" content=\"en_US\" \/>\n<meta property=\"og:type\" content=\"article\" \/>\n<meta property=\"og:title\" content=\"Collections, collectionneurs - Librairie 7L\" \/>\n<meta property=\"og:description\" content=\"Depuis toujours et sous toutes les latitudes, l&#8217;\u00eatre humain collectionne. Sont ici r\u00e9v\u00e9l\u00e9es des collections qui ne sont en g\u00e9n\u00e9ral pas ouvertes au public, ou bien sont discr\u00e8tes ou simplement m\u00e9connues. Elles nous conduisent au coeur du monde de l&#8217;art contemporain, des cr\u00e2nes, des pipes \u00e0 opium, des chefs-d&#8217;oeuvre de l&#8217;art tribal ou brut, des [&hellip;]\" \/>\n<meta property=\"og:url\" content=\"https:\/\/librairie7l.com\/en\/produit\/collections-collectionneurs\/\" \/>\n<meta property=\"og:site_name\" content=\"Librairie 7L\" \/>\n<meta property=\"article:modified_time\" content=\"2026-04-19T05:17:01+00:00\" \/>\n<meta property=\"og:image\" content=\"https:\/\/librairie7l.com\/wp-content\/uploads\/2019\/06\/9782732486796_1_75.jpg\" \/>\n\t<meta property=\"og:image:width\" content=\"400\" \/>\n\t<meta property=\"og:image:height\" content=\"515\" \/>\n\t<meta property=\"og:image:type\" content=\"image\/jpeg\" \/>\n<meta name=\"twitter:card\" content=\"summary_large_image\" \/>\n<meta name=\"twitter:label1\" content=\"Est. reading time\" \/>\n\t<meta name=\"twitter:data1\" content=\"1 minute\" \/>\n<script type=\"application\/ld+json\" class=\"yoast-schema-graph\">{\"@context\":\"https:\/\/schema.org\",\"@graph\":[{\"@type\":\"WebPage\",\"@id\":\"https:\/\/librairie7l.com\/en\/produit\/collections-collectionneurs\/\",\"url\":\"https:\/\/librairie7l.com\/en\/produit\/collections-collectionneurs\/\",\"name\":\"Collections, collectionneurs - Librairie 7L\",\"isPartOf\":{\"@id\":\"https:\/\/librairie7l.com\/en\/#website\"},\"datePublished\":\"2023-11-21T13:15:40+00:00\",\"dateModified\":\"2026-04-19T05:17:01+00:00\",\"breadcrumb\":{\"@id\":\"https:\/\/librairie7l.com\/en\/produit\/collections-collectionneurs\/#breadcrumb\"},\"inLanguage\":\"en-US\",\"potentialAction\":[{\"@type\":\"ReadAction\",\"target\":[\"https:\/\/librairie7l.com\/en\/produit\/collections-collectionneurs\/\"]}]},{\"@type\":\"BreadcrumbList\",\"@id\":\"https:\/\/librairie7l.com\/en\/produit\/collections-collectionneurs\/#breadcrumb\",\"itemListElement\":[{\"@type\":\"ListItem\",\"position\":1,\"name\":\"Accueil\",\"item\":\"https:\/\/librairie7l.com\/en\/\"},{\"@type\":\"ListItem\",\"position\":2,\"name\":\"Shop\",\"item\":\"https:\/\/librairie7l.com\/en\/shop\/\"},{\"@type\":\"ListItem\",\"position\":3,\"name\":\"COLLECTIONS, COLLECTIONNEURS\"}]},{\"@type\":\"WebSite\",\"@id\":\"https:\/\/librairie7l.com\/en\/#website\",\"url\":\"https:\/\/librairie7l.com\/en\/\",\"name\":\"Librairie 7L\",\"description\":\"Librairie fond\u00e9e en 1999 par Karl Lagerfeld \u00e0 Paris\",\"publisher\":{\"@id\":\"https:\/\/librairie7l.com\/en\/#organization\"},\"potentialAction\":[{\"@type\":\"SearchAction\",\"target\":{\"@type\":\"EntryPoint\",\"urlTemplate\":\"https:\/\/librairie7l.com\/en\/?s={search_term_string}\"},\"query-input\":\"required name=search_term_string\"}],\"inLanguage\":\"en-US\"},{\"@type\":\"Organization\",\"@id\":\"https:\/\/librairie7l.com\/en\/#organization\",\"name\":\"Librairie 7L\",\"url\":\"https:\/\/librairie7l.com\/en\/\",\"logo\":{\"@type\":\"ImageObject\",\"inLanguage\":\"en-US\",\"@id\":\"https:\/\/librairie7l.com\/en\/#\/schema\/logo\/image\/\",\"url\":\"https:\/\/librairie7l.com\/wp-content\/uploads\/2022\/08\/logo-1.png\",\"contentUrl\":\"https:\/\/librairie7l.com\/wp-content\/uploads\/2022\/08\/logo-1.png\",\"width\":227,\"height\":301,\"caption\":\"Librairie 7L\"},\"image\":{\"@id\":\"https:\/\/librairie7l.com\/en\/#\/schema\/logo\/image\/\"}}]}<\/script>\n<!-- \/ Yoast SEO plugin. -->","yoast_head_json":{"title":"Collections, collectionneurs - Librairie 7L","robots":{"index":"index","follow":"follow","max-snippet":"max-snippet:-1","max-image-preview":"max-image-preview:large","max-video-preview":"max-video-preview:-1"},"canonical":"https:\/\/librairie7l.com\/en\/produit\/collections-collectionneurs\/","og_locale":"en_US","og_type":"article","og_title":"Collections, collectionneurs - Librairie 7L","og_description":"Depuis toujours et sous toutes les latitudes, l&#8217;\u00eatre humain collectionne. Sont ici r\u00e9v\u00e9l\u00e9es des collections qui ne sont en g\u00e9n\u00e9ral pas ouvertes au public, ou bien sont discr\u00e8tes ou simplement m\u00e9connues. Elles nous conduisent au coeur du monde de l&#8217;art contemporain, des cr\u00e2nes, des pipes \u00e0 opium, des chefs-d&#8217;oeuvre de l&#8217;art tribal ou brut, des [&hellip;]","og_url":"https:\/\/librairie7l.com\/en\/produit\/collections-collectionneurs\/","og_site_name":"Librairie 7L","article_modified_time":"2026-04-19T05:17:01+00:00","og_image":[{"width":400,"height":515,"url":"https:\/\/librairie7l.com\/wp-content\/uploads\/2019\/06\/9782732486796_1_75.jpg","type":"image\/jpeg"}],"twitter_card":"summary_large_image","twitter_misc":{"Est. reading time":"1 minute"},"schema":{"@context":"https:\/\/schema.org","@graph":[{"@type":"WebPage","@id":"https:\/\/librairie7l.com\/en\/produit\/collections-collectionneurs\/","url":"https:\/\/librairie7l.com\/en\/produit\/collections-collectionneurs\/","name":"Collections, collectionneurs - Librairie 7L","isPartOf":{"@id":"https:\/\/librairie7l.com\/en\/#website"},"datePublished":"2023-11-21T13:15:40+00:00","dateModified":"2026-04-19T05:17:01+00:00","breadcrumb":{"@id":"https:\/\/librairie7l.com\/en\/produit\/collections-collectionneurs\/#breadcrumb"},"inLanguage":"en-US","potentialAction":[{"@type":"ReadAction","target":["https:\/\/librairie7l.com\/en\/produit\/collections-collectionneurs\/"]}]},{"@type":"BreadcrumbList","@id":"https:\/\/librairie7l.com\/en\/produit\/collections-collectionneurs\/#breadcrumb","itemListElement":[{"@type":"ListItem","position":1,"name":"Accueil","item":"https:\/\/librairie7l.com\/en\/"},{"@type":"ListItem","position":2,"name":"Shop","item":"https:\/\/librairie7l.com\/en\/shop\/"},{"@type":"ListItem","position":3,"name":"COLLECTIONS, COLLECTIONNEURS"}]},{"@type":"WebSite","@id":"https:\/\/librairie7l.com\/en\/#website","url":"https:\/\/librairie7l.com\/en\/","name":"Librairie 7L","description":"Librairie fond\u00e9e en 1999 par Karl Lagerfeld \u00e0 Paris","publisher":{"@id":"https:\/\/librairie7l.com\/en\/#organization"},"potentialAction":[{"@type":"SearchAction","target":{"@type":"EntryPoint","urlTemplate":"https:\/\/librairie7l.com\/en\/?s={search_term_string}"},"query-input":"required name=search_term_string"}],"inLanguage":"en-US"},{"@type":"Organization","@id":"https:\/\/librairie7l.com\/en\/#organization","name":"Librairie 7L","url":"https:\/\/librairie7l.com\/en\/","logo":{"@type":"ImageObject","inLanguage":"en-US","@id":"https:\/\/librairie7l.com\/en\/#\/schema\/logo\/image\/","url":"https:\/\/librairie7l.com\/wp-content\/uploads\/2022\/08\/logo-1.png","contentUrl":"https:\/\/librairie7l.com\/wp-content\/uploads\/2022\/08\/logo-1.png","width":227,"height":301,"caption":"Librairie 7L"},"image":{"@id":"https:\/\/librairie7l.com\/en\/#\/schema\/logo\/image\/"}}]}},"_links":{"self":[{"href":"https:\/\/librairie7l.com\/en\/wp-json\/wp\/v2\/product\/37725"}],"collection":[{"href":"https:\/\/librairie7l.com\/en\/wp-json\/wp\/v2\/product"}],"about":[{"href":"https:\/\/librairie7l.com\/en\/wp-json\/wp\/v2\/types\/product"}],"wp:featuredmedia":[{"embeddable":true,"href":"https:\/\/librairie7l.com\/en\/wp-json\/wp\/v2\/media\/37723"}],"wp:attachment":[{"href":"https:\/\/librairie7l.com\/en\/wp-json\/wp\/v2\/media?parent=37725"}],"wp:term":[{"taxonomy":"product_cat","embeddable":true,"href":"https:\/\/librairie7l.com\/en\/wp-json\/wp\/v2\/product_cat?post=37725"},{"taxonomy":"product_tag","embeddable":true,"href":"https:\/\/librairie7l.com\/en\/wp-json\/wp\/v2\/product_tag?post=37725"}],"curies":[{"name":"wp","href":"https:\/\/api.w.org\/{rel}","templated":true}]}}