{"id":37729,"date":"2023-11-21T14:15:56","date_gmt":"2023-11-21T13:15:56","guid":{"rendered":"https:\/\/librairie7l.com\/?post_type=product&#038;p=37729"},"modified":"2026-04-18T06:54:40","modified_gmt":"2026-04-18T04:54:40","slug":"traces-stuart-franklin","status":"publish","type":"product","link":"https:\/\/librairie7l.com\/en\/produit\/traces-stuart-franklin\/","title":{"rendered":"TRACES : STUART FRANKLIN"},"content":{"rendered":"<p>Traces nous emm\u00e8ne dans les for\u00eats de noyers du Kirghizstan, dans les racines tortueuses d&#8217;Angkor Wat, dans les arbres \u00e0 chewing-gum du Mexique, dans les oliviers anciens du littoral m\u00e9diterran\u00e9en et chez certains des plus vieux arbres d&#8217;Angleterre et du Pays de Galles. Il se termine sur une note positive, la promesse d&#8217;une renaissance de l&#8217;orme en Europe et du fr\u00eane en Grande-Bretagne. Pour Stuart Franklin, le paysage et la m\u00e9moire se combinent comme un moyen de voir et de documenter le monde. Ici, l&#8217;accent est mis sur les arbres. Leur pr\u00e9sence (ou leur absence) peut rarement \u00eatre s\u00e9par\u00e9e de l&#8217;histoire et de l&#8217;intervention de l&#8217;homme. Franklin explore cet espace hybride entre la nature et la soci\u00e9t\u00e9, et entre la nature et la m\u00e9moire. Les photographies contemplent le paysage sublime et parfois obs\u00e9dant, et se tournent vers les souvenirs que les formes \u00e9tranges et tordues \u00e9voquent et rappellent. Franklin pr\u00e9sente l&#8217;oeuvre dans un long essai, accompagn\u00e9 de textes du sculpteur britannique David Nash et de Martin Barnes, conservateur principal de la photographie au V&amp;A. Stuart Franklin, photographe de l&#8217;agence Magnum, a re\u00e7u la bourse Pulitzer. Son travail a \u00e9t\u00e9 expos\u00e9 dans le monde entier et il a \u00e9t\u00e9 publi\u00e9 par de nombreuses publications internationales telles que The Guardian, Sunday Times Magazine, Geo, Art Magazine, Harper&#8217;s Magazine, National Geographic Magazine. Il a publi\u00e9 onze livres \u00e0 ce jour.<\/p>\n","protected":false},"excerpt":{"rendered":"<p>Traces nous emm\u00e8ne dans les for\u00eats de noyers du Kirghizstan, dans les racines tortueuses d&#8217;Angkor Wat, dans les arbres \u00e0 chewing-gum du Mexique, dans les oliviers anciens du littoral m\u00e9diterran\u00e9en et chez certains des plus vieux arbres d&#8217;Angleterre et du Pays de Galles. Il se termine sur une note positive, la promesse d&#8217;une renaissance de [&hellip;]<\/p>\n","protected":false},"featured_media":37727,"template":"","meta":[],"product_cat":[55,2948,2958,17],"product_tag":[],"acf":[],"yoast_head":"<!-- This site is optimized with the Yoast SEO plugin v20.11 - https:\/\/yoast.com\/wordpress\/plugins\/seo\/ -->\n<title>Traces : Stuart Franklin - Librairie 7L<\/title>\n<meta name=\"robots\" content=\"index, follow, max-snippet:-1, max-image-preview:large, max-video-preview:-1\" \/>\n<link rel=\"canonical\" href=\"https:\/\/librairie7l.com\/en\/produit\/traces-stuart-franklin\/\" \/>\n<meta property=\"og:locale\" content=\"en_US\" \/>\n<meta property=\"og:type\" content=\"article\" \/>\n<meta property=\"og:title\" content=\"Traces : Stuart Franklin - Librairie 7L\" \/>\n<meta property=\"og:description\" content=\"Traces nous emm\u00e8ne dans les for\u00eats de noyers du Kirghizstan, dans les racines tortueuses d&#8217;Angkor Wat, dans les arbres \u00e0 chewing-gum du Mexique, dans les oliviers anciens du littoral m\u00e9diterran\u00e9en et chez certains des plus vieux arbres d&#8217;Angleterre et du Pays de Galles. Il se termine sur une note positive, la promesse d&#8217;une renaissance de [&hellip;]\" \/>\n<meta property=\"og:url\" content=\"https:\/\/librairie7l.com\/en\/produit\/traces-stuart-franklin\/\" \/>\n<meta property=\"og:site_name\" content=\"Librairie 7L\" \/>\n<meta property=\"article:modified_time\" content=\"2026-04-18T04:54:40+00:00\" \/>\n<meta property=\"og:image\" content=\"https:\/\/librairie7l.com\/wp-content\/uploads\/2023\/08\/9781911306962_1_75.jpg\" \/>\n\t<meta property=\"og:image:width\" content=\"690\" \/>\n\t<meta property=\"og:image:height\" content=\"600\" \/>\n\t<meta property=\"og:image:type\" content=\"image\/jpeg\" \/>\n<meta name=\"twitter:card\" content=\"summary_large_image\" \/>\n<meta name=\"twitter:label1\" content=\"Est. reading time\" \/>\n\t<meta name=\"twitter:data1\" content=\"1 minute\" \/>\n<script type=\"application\/ld+json\" class=\"yoast-schema-graph\">{\"@context\":\"https:\/\/schema.org\",\"@graph\":[{\"@type\":\"WebPage\",\"@id\":\"https:\/\/librairie7l.com\/en\/produit\/traces-stuart-franklin\/\",\"url\":\"https:\/\/librairie7l.com\/en\/produit\/traces-stuart-franklin\/\",\"name\":\"Traces : Stuart Franklin - Librairie 7L\",\"isPartOf\":{\"@id\":\"https:\/\/librairie7l.com\/en\/#website\"},\"datePublished\":\"2023-11-21T13:15:56+00:00\",\"dateModified\":\"2026-04-18T04:54:40+00:00\",\"breadcrumb\":{\"@id\":\"https:\/\/librairie7l.com\/en\/produit\/traces-stuart-franklin\/#breadcrumb\"},\"inLanguage\":\"en-US\",\"potentialAction\":[{\"@type\":\"ReadAction\",\"target\":[\"https:\/\/librairie7l.com\/en\/produit\/traces-stuart-franklin\/\"]}]},{\"@type\":\"BreadcrumbList\",\"@id\":\"https:\/\/librairie7l.com\/en\/produit\/traces-stuart-franklin\/#breadcrumb\",\"itemListElement\":[{\"@type\":\"ListItem\",\"position\":1,\"name\":\"Accueil\",\"item\":\"https:\/\/librairie7l.com\/en\/\"},{\"@type\":\"ListItem\",\"position\":2,\"name\":\"Shop\",\"item\":\"https:\/\/librairie7l.com\/en\/shop\/\"},{\"@type\":\"ListItem\",\"position\":3,\"name\":\"TRACES : STUART FRANKLIN\"}]},{\"@type\":\"WebSite\",\"@id\":\"https:\/\/librairie7l.com\/en\/#website\",\"url\":\"https:\/\/librairie7l.com\/en\/\",\"name\":\"Librairie 7L\",\"description\":\"Librairie fond\u00e9e en 1999 par Karl Lagerfeld \u00e0 Paris\",\"publisher\":{\"@id\":\"https:\/\/librairie7l.com\/en\/#organization\"},\"potentialAction\":[{\"@type\":\"SearchAction\",\"target\":{\"@type\":\"EntryPoint\",\"urlTemplate\":\"https:\/\/librairie7l.com\/en\/?s={search_term_string}\"},\"query-input\":\"required name=search_term_string\"}],\"inLanguage\":\"en-US\"},{\"@type\":\"Organization\",\"@id\":\"https:\/\/librairie7l.com\/en\/#organization\",\"name\":\"Librairie 7L\",\"url\":\"https:\/\/librairie7l.com\/en\/\",\"logo\":{\"@type\":\"ImageObject\",\"inLanguage\":\"en-US\",\"@id\":\"https:\/\/librairie7l.com\/en\/#\/schema\/logo\/image\/\",\"url\":\"https:\/\/librairie7l.com\/wp-content\/uploads\/2022\/08\/logo-1.png\",\"contentUrl\":\"https:\/\/librairie7l.com\/wp-content\/uploads\/2022\/08\/logo-1.png\",\"width\":227,\"height\":301,\"caption\":\"Librairie 7L\"},\"image\":{\"@id\":\"https:\/\/librairie7l.com\/en\/#\/schema\/logo\/image\/\"}}]}<\/script>\n<!-- \/ Yoast SEO plugin. -->","yoast_head_json":{"title":"Traces : Stuart Franklin - Librairie 7L","robots":{"index":"index","follow":"follow","max-snippet":"max-snippet:-1","max-image-preview":"max-image-preview:large","max-video-preview":"max-video-preview:-1"},"canonical":"https:\/\/librairie7l.com\/en\/produit\/traces-stuart-franklin\/","og_locale":"en_US","og_type":"article","og_title":"Traces : Stuart Franklin - Librairie 7L","og_description":"Traces nous emm\u00e8ne dans les for\u00eats de noyers du Kirghizstan, dans les racines tortueuses d&#8217;Angkor Wat, dans les arbres \u00e0 chewing-gum du Mexique, dans les oliviers anciens du littoral m\u00e9diterran\u00e9en et chez certains des plus vieux arbres d&#8217;Angleterre et du Pays de Galles. Il se termine sur une note positive, la promesse d&#8217;une renaissance de [&hellip;]","og_url":"https:\/\/librairie7l.com\/en\/produit\/traces-stuart-franklin\/","og_site_name":"Librairie 7L","article_modified_time":"2026-04-18T04:54:40+00:00","og_image":[{"width":690,"height":600,"url":"https:\/\/librairie7l.com\/wp-content\/uploads\/2023\/08\/9781911306962_1_75.jpg","type":"image\/jpeg"}],"twitter_card":"summary_large_image","twitter_misc":{"Est. reading time":"1 minute"},"schema":{"@context":"https:\/\/schema.org","@graph":[{"@type":"WebPage","@id":"https:\/\/librairie7l.com\/en\/produit\/traces-stuart-franklin\/","url":"https:\/\/librairie7l.com\/en\/produit\/traces-stuart-franklin\/","name":"Traces : Stuart Franklin - Librairie 7L","isPartOf":{"@id":"https:\/\/librairie7l.com\/en\/#website"},"datePublished":"2023-11-21T13:15:56+00:00","dateModified":"2026-04-18T04:54:40+00:00","breadcrumb":{"@id":"https:\/\/librairie7l.com\/en\/produit\/traces-stuart-franklin\/#breadcrumb"},"inLanguage":"en-US","potentialAction":[{"@type":"ReadAction","target":["https:\/\/librairie7l.com\/en\/produit\/traces-stuart-franklin\/"]}]},{"@type":"BreadcrumbList","@id":"https:\/\/librairie7l.com\/en\/produit\/traces-stuart-franklin\/#breadcrumb","itemListElement":[{"@type":"ListItem","position":1,"name":"Accueil","item":"https:\/\/librairie7l.com\/en\/"},{"@type":"ListItem","position":2,"name":"Shop","item":"https:\/\/librairie7l.com\/en\/shop\/"},{"@type":"ListItem","position":3,"name":"TRACES : STUART FRANKLIN"}]},{"@type":"WebSite","@id":"https:\/\/librairie7l.com\/en\/#website","url":"https:\/\/librairie7l.com\/en\/","name":"Librairie 7L","description":"Librairie fond\u00e9e en 1999 par Karl Lagerfeld \u00e0 Paris","publisher":{"@id":"https:\/\/librairie7l.com\/en\/#organization"},"potentialAction":[{"@type":"SearchAction","target":{"@type":"EntryPoint","urlTemplate":"https:\/\/librairie7l.com\/en\/?s={search_term_string}"},"query-input":"required name=search_term_string"}],"inLanguage":"en-US"},{"@type":"Organization","@id":"https:\/\/librairie7l.com\/en\/#organization","name":"Librairie 7L","url":"https:\/\/librairie7l.com\/en\/","logo":{"@type":"ImageObject","inLanguage":"en-US","@id":"https:\/\/librairie7l.com\/en\/#\/schema\/logo\/image\/","url":"https:\/\/librairie7l.com\/wp-content\/uploads\/2022\/08\/logo-1.png","contentUrl":"https:\/\/librairie7l.com\/wp-content\/uploads\/2022\/08\/logo-1.png","width":227,"height":301,"caption":"Librairie 7L"},"image":{"@id":"https:\/\/librairie7l.com\/en\/#\/schema\/logo\/image\/"}}]}},"_links":{"self":[{"href":"https:\/\/librairie7l.com\/en\/wp-json\/wp\/v2\/product\/37729"}],"collection":[{"href":"https:\/\/librairie7l.com\/en\/wp-json\/wp\/v2\/product"}],"about":[{"href":"https:\/\/librairie7l.com\/en\/wp-json\/wp\/v2\/types\/product"}],"wp:featuredmedia":[{"embeddable":true,"href":"https:\/\/librairie7l.com\/en\/wp-json\/wp\/v2\/media\/37727"}],"wp:attachment":[{"href":"https:\/\/librairie7l.com\/en\/wp-json\/wp\/v2\/media?parent=37729"}],"wp:term":[{"taxonomy":"product_cat","embeddable":true,"href":"https:\/\/librairie7l.com\/en\/wp-json\/wp\/v2\/product_cat?post=37729"},{"taxonomy":"product_tag","embeddable":true,"href":"https:\/\/librairie7l.com\/en\/wp-json\/wp\/v2\/product_tag?post=37729"}],"curies":[{"name":"wp","href":"https:\/\/api.w.org\/{rel}","templated":true}]}}