{"id":37741,"date":"2023-11-21T14:22:03","date_gmt":"2023-11-21T13:22:03","guid":{"rendered":"https:\/\/librairie7l.com\/?post_type=product&#038;p=37741"},"modified":"2026-04-27T21:44:38","modified_gmt":"2026-04-27T19:44:38","slug":"havana-modern-critical-readings-in-cuban-architecture","status":"publish","type":"product","link":"https:\/\/librairie7l.com\/en\/produit\/havana-modern-critical-readings-in-cuban-architecture\/","title":{"rendered":"HAVANA MODERN : CRITICAL READINGS IN CUBAN ARCHITECTURE"},"content":{"rendered":"<p>A visual and scholarly deep dive into Cuba&#8217;s modernist gems of the postwar era.<\/p>\n<p>In the decades after World War II, from just prior to the revolution and into the mid-1980s, modernist architecture blossomed in Cuba, attracting both native talent and leading international architects from Europe. Havana Modern examines Cuban modernism&#8217;s highlights with a wealth of archival materials, photos and new scholarship. Edited by Rub\u00e9n Gallo?author of Mexican Modernity (2005), Freud&#8217;s Mexico (2010) and Proust&#8217;s Latin Americans (2014)?the volume is arranged in 10 chapters authored by current and former Princeton faculty members and graduate students. These essays, which arose from seminars organized by Gallo and historian Beatriz Colomina, examine Max Abramovitz&#8217;s American Embassy; Richard Neutra&#8217;s De Schultess House; Mart\u00edn Dom\u00ednguez Esteban, Miguel Gast\u00f3n and Emilio del Junco&#8217;s Radiocentro; Mies van Der Rohe&#8217;s office building for Ron Barcard\u00ed S.A.; Vittorio Garatti, Roberto Gottardi and Ricardo Porro&#8217;s National Art Schools for Havana; Mario Girona&#8217;s Coppelia Ice-cream parlor and park; Vittorio Garatti, Hugo D&#8217;Acosta and Sergio Baroni&#8217;s Cuban Pavilion at Expo 67; Antonio Quintana and Alberto Rodriguez&#8217;s &#8220;Edificio Experimental&#8221;; and Aleksandr Grigorievich Rochegov&#8217;s USRR Embassy. Havana Modern draws on history, politics, culture, literature and film to elucidate this outstandingly rich era in architectural history.<\/p>\n","protected":false},"excerpt":{"rendered":"<p>A visual and scholarly deep dive into Cuba&#8217;s modernist gems of the postwar era. In the decades after World War II, from just prior to the revolution and into the mid-1980s, modernist architecture blossomed in Cuba, attracting both native talent and leading international architects from Europe. Havana Modern examines Cuban modernism&#8217;s highlights with a wealth [&hellip;]<\/p>\n","protected":false},"featured_media":37739,"template":"","meta":[],"product_cat":[2948,2950],"product_tag":[],"acf":[],"yoast_head":"<!-- This site is optimized with the Yoast SEO plugin v20.11 - https:\/\/yoast.com\/wordpress\/plugins\/seo\/ -->\n<title>Havana modern : critical readings in cuban architecture - Librairie 7L<\/title>\n<meta name=\"robots\" content=\"index, follow, max-snippet:-1, max-image-preview:large, max-video-preview:-1\" \/>\n<link rel=\"canonical\" href=\"https:\/\/librairie7l.com\/en\/produit\/havana-modern-critical-readings-in-cuban-architecture\/\" \/>\n<meta property=\"og:locale\" content=\"en_US\" \/>\n<meta property=\"og:type\" content=\"article\" \/>\n<meta property=\"og:title\" content=\"Havana modern : critical readings in cuban architecture - Librairie 7L\" \/>\n<meta property=\"og:description\" content=\"A visual and scholarly deep dive into Cuba&#8217;s modernist gems of the postwar era. In the decades after World War II, from just prior to the revolution and into the mid-1980s, modernist architecture blossomed in Cuba, attracting both native talent and leading international architects from Europe. Havana Modern examines Cuban modernism&#8217;s highlights with a wealth [&hellip;]\" \/>\n<meta property=\"og:url\" content=\"https:\/\/librairie7l.com\/en\/produit\/havana-modern-critical-readings-in-cuban-architecture\/\" \/>\n<meta property=\"og:site_name\" content=\"Librairie 7L\" \/>\n<meta property=\"article:modified_time\" content=\"2026-04-27T19:44:38+00:00\" \/>\n<meta property=\"og:image\" content=\"https:\/\/librairie7l.com\/wp-content\/uploads\/2023\/06\/9786078880119_1_75.jpg\" \/>\n\t<meta property=\"og:image:width\" content=\"403\" \/>\n\t<meta property=\"og:image:height\" content=\"500\" \/>\n\t<meta property=\"og:image:type\" content=\"image\/jpeg\" \/>\n<meta name=\"twitter:card\" content=\"summary_large_image\" \/>\n<meta name=\"twitter:label1\" content=\"Est. reading time\" \/>\n\t<meta name=\"twitter:data1\" content=\"1 minute\" \/>\n<script type=\"application\/ld+json\" class=\"yoast-schema-graph\">{\"@context\":\"https:\/\/schema.org\",\"@graph\":[{\"@type\":\"WebPage\",\"@id\":\"https:\/\/librairie7l.com\/en\/produit\/havana-modern-critical-readings-in-cuban-architecture\/\",\"url\":\"https:\/\/librairie7l.com\/en\/produit\/havana-modern-critical-readings-in-cuban-architecture\/\",\"name\":\"Havana modern : critical readings in cuban architecture - Librairie 7L\",\"isPartOf\":{\"@id\":\"https:\/\/librairie7l.com\/en\/#website\"},\"datePublished\":\"2023-11-21T13:22:03+00:00\",\"dateModified\":\"2026-04-27T19:44:38+00:00\",\"breadcrumb\":{\"@id\":\"https:\/\/librairie7l.com\/en\/produit\/havana-modern-critical-readings-in-cuban-architecture\/#breadcrumb\"},\"inLanguage\":\"en-US\",\"potentialAction\":[{\"@type\":\"ReadAction\",\"target\":[\"https:\/\/librairie7l.com\/en\/produit\/havana-modern-critical-readings-in-cuban-architecture\/\"]}]},{\"@type\":\"BreadcrumbList\",\"@id\":\"https:\/\/librairie7l.com\/en\/produit\/havana-modern-critical-readings-in-cuban-architecture\/#breadcrumb\",\"itemListElement\":[{\"@type\":\"ListItem\",\"position\":1,\"name\":\"Accueil\",\"item\":\"https:\/\/librairie7l.com\/en\/\"},{\"@type\":\"ListItem\",\"position\":2,\"name\":\"Shop\",\"item\":\"https:\/\/librairie7l.com\/en\/shop\/\"},{\"@type\":\"ListItem\",\"position\":3,\"name\":\"HAVANA MODERN : CRITICAL READINGS IN CUBAN ARCHITECTURE\"}]},{\"@type\":\"WebSite\",\"@id\":\"https:\/\/librairie7l.com\/en\/#website\",\"url\":\"https:\/\/librairie7l.com\/en\/\",\"name\":\"Librairie 7L\",\"description\":\"Librairie fond\u00e9e en 1999 par Karl Lagerfeld \u00e0 Paris\",\"publisher\":{\"@id\":\"https:\/\/librairie7l.com\/en\/#organization\"},\"potentialAction\":[{\"@type\":\"SearchAction\",\"target\":{\"@type\":\"EntryPoint\",\"urlTemplate\":\"https:\/\/librairie7l.com\/en\/?s={search_term_string}\"},\"query-input\":\"required name=search_term_string\"}],\"inLanguage\":\"en-US\"},{\"@type\":\"Organization\",\"@id\":\"https:\/\/librairie7l.com\/en\/#organization\",\"name\":\"Librairie 7L\",\"url\":\"https:\/\/librairie7l.com\/en\/\",\"logo\":{\"@type\":\"ImageObject\",\"inLanguage\":\"en-US\",\"@id\":\"https:\/\/librairie7l.com\/en\/#\/schema\/logo\/image\/\",\"url\":\"https:\/\/librairie7l.com\/wp-content\/uploads\/2022\/08\/logo-1.png\",\"contentUrl\":\"https:\/\/librairie7l.com\/wp-content\/uploads\/2022\/08\/logo-1.png\",\"width\":227,\"height\":301,\"caption\":\"Librairie 7L\"},\"image\":{\"@id\":\"https:\/\/librairie7l.com\/en\/#\/schema\/logo\/image\/\"}}]}<\/script>\n<!-- \/ Yoast SEO plugin. -->","yoast_head_json":{"title":"Havana modern : critical readings in cuban architecture - Librairie 7L","robots":{"index":"index","follow":"follow","max-snippet":"max-snippet:-1","max-image-preview":"max-image-preview:large","max-video-preview":"max-video-preview:-1"},"canonical":"https:\/\/librairie7l.com\/en\/produit\/havana-modern-critical-readings-in-cuban-architecture\/","og_locale":"en_US","og_type":"article","og_title":"Havana modern : critical readings in cuban architecture - Librairie 7L","og_description":"A visual and scholarly deep dive into Cuba&#8217;s modernist gems of the postwar era. In the decades after World War II, from just prior to the revolution and into the mid-1980s, modernist architecture blossomed in Cuba, attracting both native talent and leading international architects from Europe. Havana Modern examines Cuban modernism&#8217;s highlights with a wealth [&hellip;]","og_url":"https:\/\/librairie7l.com\/en\/produit\/havana-modern-critical-readings-in-cuban-architecture\/","og_site_name":"Librairie 7L","article_modified_time":"2026-04-27T19:44:38+00:00","og_image":[{"width":403,"height":500,"url":"https:\/\/librairie7l.com\/wp-content\/uploads\/2023\/06\/9786078880119_1_75.jpg","type":"image\/jpeg"}],"twitter_card":"summary_large_image","twitter_misc":{"Est. reading time":"1 minute"},"schema":{"@context":"https:\/\/schema.org","@graph":[{"@type":"WebPage","@id":"https:\/\/librairie7l.com\/en\/produit\/havana-modern-critical-readings-in-cuban-architecture\/","url":"https:\/\/librairie7l.com\/en\/produit\/havana-modern-critical-readings-in-cuban-architecture\/","name":"Havana modern : critical readings in cuban architecture - Librairie 7L","isPartOf":{"@id":"https:\/\/librairie7l.com\/en\/#website"},"datePublished":"2023-11-21T13:22:03+00:00","dateModified":"2026-04-27T19:44:38+00:00","breadcrumb":{"@id":"https:\/\/librairie7l.com\/en\/produit\/havana-modern-critical-readings-in-cuban-architecture\/#breadcrumb"},"inLanguage":"en-US","potentialAction":[{"@type":"ReadAction","target":["https:\/\/librairie7l.com\/en\/produit\/havana-modern-critical-readings-in-cuban-architecture\/"]}]},{"@type":"BreadcrumbList","@id":"https:\/\/librairie7l.com\/en\/produit\/havana-modern-critical-readings-in-cuban-architecture\/#breadcrumb","itemListElement":[{"@type":"ListItem","position":1,"name":"Accueil","item":"https:\/\/librairie7l.com\/en\/"},{"@type":"ListItem","position":2,"name":"Shop","item":"https:\/\/librairie7l.com\/en\/shop\/"},{"@type":"ListItem","position":3,"name":"HAVANA MODERN : CRITICAL READINGS IN CUBAN ARCHITECTURE"}]},{"@type":"WebSite","@id":"https:\/\/librairie7l.com\/en\/#website","url":"https:\/\/librairie7l.com\/en\/","name":"Librairie 7L","description":"Librairie fond\u00e9e en 1999 par Karl Lagerfeld \u00e0 Paris","publisher":{"@id":"https:\/\/librairie7l.com\/en\/#organization"},"potentialAction":[{"@type":"SearchAction","target":{"@type":"EntryPoint","urlTemplate":"https:\/\/librairie7l.com\/en\/?s={search_term_string}"},"query-input":"required name=search_term_string"}],"inLanguage":"en-US"},{"@type":"Organization","@id":"https:\/\/librairie7l.com\/en\/#organization","name":"Librairie 7L","url":"https:\/\/librairie7l.com\/en\/","logo":{"@type":"ImageObject","inLanguage":"en-US","@id":"https:\/\/librairie7l.com\/en\/#\/schema\/logo\/image\/","url":"https:\/\/librairie7l.com\/wp-content\/uploads\/2022\/08\/logo-1.png","contentUrl":"https:\/\/librairie7l.com\/wp-content\/uploads\/2022\/08\/logo-1.png","width":227,"height":301,"caption":"Librairie 7L"},"image":{"@id":"https:\/\/librairie7l.com\/en\/#\/schema\/logo\/image\/"}}]}},"_links":{"self":[{"href":"https:\/\/librairie7l.com\/en\/wp-json\/wp\/v2\/product\/37741"}],"collection":[{"href":"https:\/\/librairie7l.com\/en\/wp-json\/wp\/v2\/product"}],"about":[{"href":"https:\/\/librairie7l.com\/en\/wp-json\/wp\/v2\/types\/product"}],"wp:featuredmedia":[{"embeddable":true,"href":"https:\/\/librairie7l.com\/en\/wp-json\/wp\/v2\/media\/37739"}],"wp:attachment":[{"href":"https:\/\/librairie7l.com\/en\/wp-json\/wp\/v2\/media?parent=37741"}],"wp:term":[{"taxonomy":"product_cat","embeddable":true,"href":"https:\/\/librairie7l.com\/en\/wp-json\/wp\/v2\/product_cat?post=37741"},{"taxonomy":"product_tag","embeddable":true,"href":"https:\/\/librairie7l.com\/en\/wp-json\/wp\/v2\/product_tag?post=37741"}],"curies":[{"name":"wp","href":"https:\/\/api.w.org\/{rel}","templated":true}]}}