{"id":37759,"date":"2023-11-21T14:32:18","date_gmt":"2023-11-21T13:32:18","guid":{"rendered":"https:\/\/librairie7l.com\/?post_type=product&#038;p=37759"},"modified":"2026-04-04T17:55:38","modified_gmt":"2026-04-04T15:55:38","slug":"jenny-saville-2","status":"publish","type":"product","link":"https:\/\/librairie7l.com\/en\/produit\/jenny-saville-2\/","title":{"rendered":"JENNY SAVILLE"},"content":{"rendered":"<p>Ce volume est consacr\u00e9 \u00e0 l&#8217;oeuvre de Jenny Saville (Cambridge, 1970), l&#8217;un des plus grands peintres contemporains et l&#8217;une des principales voix de la sc\u00e8ne artistique internationale. Saville transcende les fronti\u00e8res entre figuratif et abstrait, entre informel et gestuel, parvenant \u00e0 transfigurer la chronique en une image universelle, qui place la figure humaine au centre de l&#8217;histoire de l&#8217;art &#8211; des corps immenses, nus, \u00e0 la consistance physique charnelle et oppress\u00e9s par un poids plus existentiel que mat\u00e9riel. Saville renvoie \u00e0 la grande tradition picturale europ\u00e9enne, en confrontation constante avec le modernisme de Willem de Kooning et Cy Twombly et le portrait de Pablo Picasso et Francis Bacon. Son oeuvre est \u00e9galement fortement li\u00e9e aux ma\u00eetres de la Renaissance italienne, en particulier \u00e0 certains des grands chefs-d&#8217;oeuvre de Michel-Ange. Le volume comprend un riche catalogue de peintures et de dessins cr\u00e9\u00e9s par l&#8217;artiste depuis les ann\u00e9es 1990 jusqu&#8217;\u00e0 aujourd&#8217;hui.<\/p>\n","protected":false},"excerpt":{"rendered":"<p>Ce volume est consacr\u00e9 \u00e0 l&#8217;oeuvre de Jenny Saville (Cambridge, 1970), l&#8217;un des plus grands peintres contemporains et l&#8217;une des principales voix de la sc\u00e8ne artistique internationale. Saville transcende les fronti\u00e8res entre figuratif et abstrait, entre informel et gestuel, parvenant \u00e0 transfigurer la chronique en une image universelle, qui place la figure humaine au centre [&hellip;]<\/p>\n","protected":false},"featured_media":38134,"template":"","meta":[],"product_cat":[2948,2953],"product_tag":[],"acf":[],"yoast_head":"<!-- This site is optimized with the Yoast SEO plugin v20.11 - https:\/\/yoast.com\/wordpress\/plugins\/seo\/ -->\n<title>Jenny Saville - Librairie 7L<\/title>\n<meta name=\"robots\" content=\"index, follow, max-snippet:-1, max-image-preview:large, max-video-preview:-1\" \/>\n<link rel=\"canonical\" href=\"https:\/\/librairie7l.com\/en\/produit\/jenny-saville-2\/\" \/>\n<meta property=\"og:locale\" content=\"en_US\" \/>\n<meta property=\"og:type\" content=\"article\" \/>\n<meta property=\"og:title\" content=\"Jenny Saville - Librairie 7L\" \/>\n<meta property=\"og:description\" content=\"Ce volume est consacr\u00e9 \u00e0 l&#8217;oeuvre de Jenny Saville (Cambridge, 1970), l&#8217;un des plus grands peintres contemporains et l&#8217;une des principales voix de la sc\u00e8ne artistique internationale. Saville transcende les fronti\u00e8res entre figuratif et abstrait, entre informel et gestuel, parvenant \u00e0 transfigurer la chronique en une image universelle, qui place la figure humaine au centre [&hellip;]\" \/>\n<meta property=\"og:url\" content=\"https:\/\/librairie7l.com\/en\/produit\/jenny-saville-2\/\" \/>\n<meta property=\"og:site_name\" content=\"Librairie 7L\" \/>\n<meta property=\"article:modified_time\" content=\"2026-04-04T15:55:38+00:00\" \/>\n<meta property=\"og:image\" content=\"https:\/\/librairie7l.com\/wp-content\/uploads\/2023\/12\/9788836650835_1_75.jpg\" \/>\n\t<meta property=\"og:image:width\" content=\"388\" \/>\n\t<meta property=\"og:image:height\" content=\"500\" \/>\n\t<meta property=\"og:image:type\" content=\"image\/jpeg\" \/>\n<meta name=\"twitter:card\" content=\"summary_large_image\" \/>\n<meta name=\"twitter:label1\" content=\"Est. reading time\" \/>\n\t<meta name=\"twitter:data1\" content=\"1 minute\" \/>\n<script type=\"application\/ld+json\" class=\"yoast-schema-graph\">{\"@context\":\"https:\/\/schema.org\",\"@graph\":[{\"@type\":\"WebPage\",\"@id\":\"https:\/\/librairie7l.com\/en\/produit\/jenny-saville-2\/\",\"url\":\"https:\/\/librairie7l.com\/en\/produit\/jenny-saville-2\/\",\"name\":\"Jenny Saville - Librairie 7L\",\"isPartOf\":{\"@id\":\"https:\/\/librairie7l.com\/en\/#website\"},\"datePublished\":\"2023-11-21T13:32:18+00:00\",\"dateModified\":\"2026-04-04T15:55:38+00:00\",\"breadcrumb\":{\"@id\":\"https:\/\/librairie7l.com\/en\/produit\/jenny-saville-2\/#breadcrumb\"},\"inLanguage\":\"en-US\",\"potentialAction\":[{\"@type\":\"ReadAction\",\"target\":[\"https:\/\/librairie7l.com\/en\/produit\/jenny-saville-2\/\"]}]},{\"@type\":\"BreadcrumbList\",\"@id\":\"https:\/\/librairie7l.com\/en\/produit\/jenny-saville-2\/#breadcrumb\",\"itemListElement\":[{\"@type\":\"ListItem\",\"position\":1,\"name\":\"Accueil\",\"item\":\"https:\/\/librairie7l.com\/en\/\"},{\"@type\":\"ListItem\",\"position\":2,\"name\":\"Shop\",\"item\":\"https:\/\/librairie7l.com\/en\/shop\/\"},{\"@type\":\"ListItem\",\"position\":3,\"name\":\"JENNY SAVILLE\"}]},{\"@type\":\"WebSite\",\"@id\":\"https:\/\/librairie7l.com\/en\/#website\",\"url\":\"https:\/\/librairie7l.com\/en\/\",\"name\":\"Librairie 7L\",\"description\":\"Librairie fond\u00e9e en 1999 par Karl Lagerfeld \u00e0 Paris\",\"publisher\":{\"@id\":\"https:\/\/librairie7l.com\/en\/#organization\"},\"potentialAction\":[{\"@type\":\"SearchAction\",\"target\":{\"@type\":\"EntryPoint\",\"urlTemplate\":\"https:\/\/librairie7l.com\/en\/?s={search_term_string}\"},\"query-input\":\"required name=search_term_string\"}],\"inLanguage\":\"en-US\"},{\"@type\":\"Organization\",\"@id\":\"https:\/\/librairie7l.com\/en\/#organization\",\"name\":\"Librairie 7L\",\"url\":\"https:\/\/librairie7l.com\/en\/\",\"logo\":{\"@type\":\"ImageObject\",\"inLanguage\":\"en-US\",\"@id\":\"https:\/\/librairie7l.com\/en\/#\/schema\/logo\/image\/\",\"url\":\"https:\/\/librairie7l.com\/wp-content\/uploads\/2022\/08\/logo-1.png\",\"contentUrl\":\"https:\/\/librairie7l.com\/wp-content\/uploads\/2022\/08\/logo-1.png\",\"width\":227,\"height\":301,\"caption\":\"Librairie 7L\"},\"image\":{\"@id\":\"https:\/\/librairie7l.com\/en\/#\/schema\/logo\/image\/\"}}]}<\/script>\n<!-- \/ Yoast SEO plugin. -->","yoast_head_json":{"title":"Jenny Saville - Librairie 7L","robots":{"index":"index","follow":"follow","max-snippet":"max-snippet:-1","max-image-preview":"max-image-preview:large","max-video-preview":"max-video-preview:-1"},"canonical":"https:\/\/librairie7l.com\/en\/produit\/jenny-saville-2\/","og_locale":"en_US","og_type":"article","og_title":"Jenny Saville - Librairie 7L","og_description":"Ce volume est consacr\u00e9 \u00e0 l&#8217;oeuvre de Jenny Saville (Cambridge, 1970), l&#8217;un des plus grands peintres contemporains et l&#8217;une des principales voix de la sc\u00e8ne artistique internationale. Saville transcende les fronti\u00e8res entre figuratif et abstrait, entre informel et gestuel, parvenant \u00e0 transfigurer la chronique en une image universelle, qui place la figure humaine au centre [&hellip;]","og_url":"https:\/\/librairie7l.com\/en\/produit\/jenny-saville-2\/","og_site_name":"Librairie 7L","article_modified_time":"2026-04-04T15:55:38+00:00","og_image":[{"width":388,"height":500,"url":"https:\/\/librairie7l.com\/wp-content\/uploads\/2023\/12\/9788836650835_1_75.jpg","type":"image\/jpeg"}],"twitter_card":"summary_large_image","twitter_misc":{"Est. reading time":"1 minute"},"schema":{"@context":"https:\/\/schema.org","@graph":[{"@type":"WebPage","@id":"https:\/\/librairie7l.com\/en\/produit\/jenny-saville-2\/","url":"https:\/\/librairie7l.com\/en\/produit\/jenny-saville-2\/","name":"Jenny Saville - Librairie 7L","isPartOf":{"@id":"https:\/\/librairie7l.com\/en\/#website"},"datePublished":"2023-11-21T13:32:18+00:00","dateModified":"2026-04-04T15:55:38+00:00","breadcrumb":{"@id":"https:\/\/librairie7l.com\/en\/produit\/jenny-saville-2\/#breadcrumb"},"inLanguage":"en-US","potentialAction":[{"@type":"ReadAction","target":["https:\/\/librairie7l.com\/en\/produit\/jenny-saville-2\/"]}]},{"@type":"BreadcrumbList","@id":"https:\/\/librairie7l.com\/en\/produit\/jenny-saville-2\/#breadcrumb","itemListElement":[{"@type":"ListItem","position":1,"name":"Accueil","item":"https:\/\/librairie7l.com\/en\/"},{"@type":"ListItem","position":2,"name":"Shop","item":"https:\/\/librairie7l.com\/en\/shop\/"},{"@type":"ListItem","position":3,"name":"JENNY SAVILLE"}]},{"@type":"WebSite","@id":"https:\/\/librairie7l.com\/en\/#website","url":"https:\/\/librairie7l.com\/en\/","name":"Librairie 7L","description":"Librairie fond\u00e9e en 1999 par Karl Lagerfeld \u00e0 Paris","publisher":{"@id":"https:\/\/librairie7l.com\/en\/#organization"},"potentialAction":[{"@type":"SearchAction","target":{"@type":"EntryPoint","urlTemplate":"https:\/\/librairie7l.com\/en\/?s={search_term_string}"},"query-input":"required name=search_term_string"}],"inLanguage":"en-US"},{"@type":"Organization","@id":"https:\/\/librairie7l.com\/en\/#organization","name":"Librairie 7L","url":"https:\/\/librairie7l.com\/en\/","logo":{"@type":"ImageObject","inLanguage":"en-US","@id":"https:\/\/librairie7l.com\/en\/#\/schema\/logo\/image\/","url":"https:\/\/librairie7l.com\/wp-content\/uploads\/2022\/08\/logo-1.png","contentUrl":"https:\/\/librairie7l.com\/wp-content\/uploads\/2022\/08\/logo-1.png","width":227,"height":301,"caption":"Librairie 7L"},"image":{"@id":"https:\/\/librairie7l.com\/en\/#\/schema\/logo\/image\/"}}]}},"_links":{"self":[{"href":"https:\/\/librairie7l.com\/en\/wp-json\/wp\/v2\/product\/37759"}],"collection":[{"href":"https:\/\/librairie7l.com\/en\/wp-json\/wp\/v2\/product"}],"about":[{"href":"https:\/\/librairie7l.com\/en\/wp-json\/wp\/v2\/types\/product"}],"wp:featuredmedia":[{"embeddable":true,"href":"https:\/\/librairie7l.com\/en\/wp-json\/wp\/v2\/media\/38134"}],"wp:attachment":[{"href":"https:\/\/librairie7l.com\/en\/wp-json\/wp\/v2\/media?parent=37759"}],"wp:term":[{"taxonomy":"product_cat","embeddable":true,"href":"https:\/\/librairie7l.com\/en\/wp-json\/wp\/v2\/product_cat?post=37759"},{"taxonomy":"product_tag","embeddable":true,"href":"https:\/\/librairie7l.com\/en\/wp-json\/wp\/v2\/product_tag?post=37759"}],"curies":[{"name":"wp","href":"https:\/\/api.w.org\/{rel}","templated":true}]}}