{"id":37763,"date":"2023-11-21T14:42:08","date_gmt":"2023-11-21T13:42:08","guid":{"rendered":"https:\/\/librairie7l.com\/?post_type=product&#038;p=37763"},"modified":"2026-04-06T07:50:10","modified_gmt":"2026-04-06T05:50:10","slug":"jean-philippe-delhomme-artists-instagrams-the-never-seen-instagrams-of-the-gre","status":"publish","type":"product","link":"https:\/\/librairie7l.com\/en\/produit\/jean-philippe-delhomme-artists-instagrams-the-never-seen-instagrams-of-the-gre\/","title":{"rendered":"JEAN-PHILIPPE DELHOMME: ARTISTS&#8217; INSTAGRAMS THE NEVER SEEN INSTAGRAMS OF THE GREATEST ARTISTS \/ANGLA"},"content":{"rendered":"<p>Avec 85 illustrations en noir et blanc, le c\u00e9l\u00e8bre dessinateur parisien Jean-Philippe Delhomme s?amuse \u00e0 imaginer les comptes Instagram d?artistes que nous ne verrons jamais. Le r\u00e9sultat est fid\u00e8le \u00e0 l?humour du dessinateur : Picasso fait une collaboration avec une marque de voitures et compare son nombre de followers avec Braque, Mondrian repeint sa cuisine Ikea, Gauguin d\u00e9prime tout le monde avec des photos des \u00eeles en plein hiver et se fait censurer pour ses images de nus lascifs.<\/p>\n","protected":false},"excerpt":{"rendered":"<p>Avec 85 illustrations en noir et blanc, le c\u00e9l\u00e8bre dessinateur parisien Jean-Philippe Delhomme s?amuse \u00e0 imaginer les comptes Instagram d?artistes que nous ne verrons jamais. Le r\u00e9sultat est fid\u00e8le \u00e0 l?humour du dessinateur : Picasso fait une collaboration avec une marque de voitures et compare son nombre de followers avec Braque, Mondrian repeint sa cuisine [&hellip;]<\/p>\n","protected":false},"featured_media":37761,"template":"","meta":[],"product_cat":[55,2948,47,2953],"product_tag":[],"acf":[],"yoast_head":"<!-- This site is optimized with the Yoast SEO plugin v20.11 - https:\/\/yoast.com\/wordpress\/plugins\/seo\/ -->\n<title>Jean-philippe delhomme: artists&#039; instagrams the never seen instagrams of the greatest artists \/angla - Librairie 7L<\/title>\n<meta name=\"robots\" content=\"index, follow, max-snippet:-1, max-image-preview:large, max-video-preview:-1\" \/>\n<link rel=\"canonical\" href=\"https:\/\/librairie7l.com\/en\/produit\/jean-philippe-delhomme-artists-instagrams-the-never-seen-instagrams-of-the-gre\/\" \/>\n<meta property=\"og:locale\" content=\"en_US\" \/>\n<meta property=\"og:type\" content=\"article\" \/>\n<meta property=\"og:title\" content=\"Jean-philippe delhomme: artists&#039; instagrams the never seen instagrams of the greatest artists \/angla - Librairie 7L\" \/>\n<meta property=\"og:description\" content=\"Avec 85 illustrations en noir et blanc, le c\u00e9l\u00e8bre dessinateur parisien Jean-Philippe Delhomme s?amuse \u00e0 imaginer les comptes Instagram d?artistes que nous ne verrons jamais. Le r\u00e9sultat est fid\u00e8le \u00e0 l?humour du dessinateur : Picasso fait une collaboration avec une marque de voitures et compare son nombre de followers avec Braque, Mondrian repeint sa cuisine [&hellip;]\" \/>\n<meta property=\"og:url\" content=\"https:\/\/librairie7l.com\/en\/produit\/jean-philippe-delhomme-artists-instagrams-the-never-seen-instagrams-of-the-gre\/\" \/>\n<meta property=\"og:site_name\" content=\"Librairie 7L\" \/>\n<meta property=\"article:modified_time\" content=\"2026-04-06T05:50:10+00:00\" \/>\n<meta property=\"og:image\" content=\"https:\/\/librairie7l.com\/wp-content\/uploads\/2019\/01\/9781947359048_1_75.jpg\" \/>\n\t<meta property=\"og:image:width\" content=\"240\" \/>\n\t<meta property=\"og:image:height\" content=\"351\" \/>\n\t<meta property=\"og:image:type\" content=\"image\/jpeg\" \/>\n<meta name=\"twitter:card\" content=\"summary_large_image\" \/>\n<script type=\"application\/ld+json\" class=\"yoast-schema-graph\">{\"@context\":\"https:\/\/schema.org\",\"@graph\":[{\"@type\":\"WebPage\",\"@id\":\"https:\/\/librairie7l.com\/en\/produit\/jean-philippe-delhomme-artists-instagrams-the-never-seen-instagrams-of-the-gre\/\",\"url\":\"https:\/\/librairie7l.com\/en\/produit\/jean-philippe-delhomme-artists-instagrams-the-never-seen-instagrams-of-the-gre\/\",\"name\":\"Jean-philippe delhomme: artists' instagrams the never seen instagrams of the greatest artists \/angla - Librairie 7L\",\"isPartOf\":{\"@id\":\"https:\/\/librairie7l.com\/en\/#website\"},\"datePublished\":\"2023-11-21T13:42:08+00:00\",\"dateModified\":\"2026-04-06T05:50:10+00:00\",\"breadcrumb\":{\"@id\":\"https:\/\/librairie7l.com\/en\/produit\/jean-philippe-delhomme-artists-instagrams-the-never-seen-instagrams-of-the-gre\/#breadcrumb\"},\"inLanguage\":\"en-US\",\"potentialAction\":[{\"@type\":\"ReadAction\",\"target\":[\"https:\/\/librairie7l.com\/en\/produit\/jean-philippe-delhomme-artists-instagrams-the-never-seen-instagrams-of-the-gre\/\"]}]},{\"@type\":\"BreadcrumbList\",\"@id\":\"https:\/\/librairie7l.com\/en\/produit\/jean-philippe-delhomme-artists-instagrams-the-never-seen-instagrams-of-the-gre\/#breadcrumb\",\"itemListElement\":[{\"@type\":\"ListItem\",\"position\":1,\"name\":\"Accueil\",\"item\":\"https:\/\/librairie7l.com\/en\/\"},{\"@type\":\"ListItem\",\"position\":2,\"name\":\"Shop\",\"item\":\"https:\/\/librairie7l.com\/en\/shop\/\"},{\"@type\":\"ListItem\",\"position\":3,\"name\":\"JEAN-PHILIPPE DELHOMME: ARTISTS&#8217; INSTAGRAMS THE NEVER SEEN INSTAGRAMS OF THE GREATEST ARTISTS \/ANGLA\"}]},{\"@type\":\"WebSite\",\"@id\":\"https:\/\/librairie7l.com\/en\/#website\",\"url\":\"https:\/\/librairie7l.com\/en\/\",\"name\":\"Librairie 7L\",\"description\":\"Librairie fond\u00e9e en 1999 par Karl Lagerfeld \u00e0 Paris\",\"publisher\":{\"@id\":\"https:\/\/librairie7l.com\/en\/#organization\"},\"potentialAction\":[{\"@type\":\"SearchAction\",\"target\":{\"@type\":\"EntryPoint\",\"urlTemplate\":\"https:\/\/librairie7l.com\/en\/?s={search_term_string}\"},\"query-input\":\"required name=search_term_string\"}],\"inLanguage\":\"en-US\"},{\"@type\":\"Organization\",\"@id\":\"https:\/\/librairie7l.com\/en\/#organization\",\"name\":\"Librairie 7L\",\"url\":\"https:\/\/librairie7l.com\/en\/\",\"logo\":{\"@type\":\"ImageObject\",\"inLanguage\":\"en-US\",\"@id\":\"https:\/\/librairie7l.com\/en\/#\/schema\/logo\/image\/\",\"url\":\"https:\/\/librairie7l.com\/wp-content\/uploads\/2022\/08\/logo-1.png\",\"contentUrl\":\"https:\/\/librairie7l.com\/wp-content\/uploads\/2022\/08\/logo-1.png\",\"width\":227,\"height\":301,\"caption\":\"Librairie 7L\"},\"image\":{\"@id\":\"https:\/\/librairie7l.com\/en\/#\/schema\/logo\/image\/\"}}]}<\/script>\n<!-- \/ Yoast SEO plugin. -->","yoast_head_json":{"title":"Jean-philippe delhomme: artists' instagrams the never seen instagrams of the greatest artists \/angla - Librairie 7L","robots":{"index":"index","follow":"follow","max-snippet":"max-snippet:-1","max-image-preview":"max-image-preview:large","max-video-preview":"max-video-preview:-1"},"canonical":"https:\/\/librairie7l.com\/en\/produit\/jean-philippe-delhomme-artists-instagrams-the-never-seen-instagrams-of-the-gre\/","og_locale":"en_US","og_type":"article","og_title":"Jean-philippe delhomme: artists' instagrams the never seen instagrams of the greatest artists \/angla - Librairie 7L","og_description":"Avec 85 illustrations en noir et blanc, le c\u00e9l\u00e8bre dessinateur parisien Jean-Philippe Delhomme s?amuse \u00e0 imaginer les comptes Instagram d?artistes que nous ne verrons jamais. Le r\u00e9sultat est fid\u00e8le \u00e0 l?humour du dessinateur : Picasso fait une collaboration avec une marque de voitures et compare son nombre de followers avec Braque, Mondrian repeint sa cuisine [&hellip;]","og_url":"https:\/\/librairie7l.com\/en\/produit\/jean-philippe-delhomme-artists-instagrams-the-never-seen-instagrams-of-the-gre\/","og_site_name":"Librairie 7L","article_modified_time":"2026-04-06T05:50:10+00:00","og_image":[{"width":240,"height":351,"url":"https:\/\/librairie7l.com\/wp-content\/uploads\/2019\/01\/9781947359048_1_75.jpg","type":"image\/jpeg"}],"twitter_card":"summary_large_image","schema":{"@context":"https:\/\/schema.org","@graph":[{"@type":"WebPage","@id":"https:\/\/librairie7l.com\/en\/produit\/jean-philippe-delhomme-artists-instagrams-the-never-seen-instagrams-of-the-gre\/","url":"https:\/\/librairie7l.com\/en\/produit\/jean-philippe-delhomme-artists-instagrams-the-never-seen-instagrams-of-the-gre\/","name":"Jean-philippe delhomme: artists' instagrams the never seen instagrams of the greatest artists \/angla - Librairie 7L","isPartOf":{"@id":"https:\/\/librairie7l.com\/en\/#website"},"datePublished":"2023-11-21T13:42:08+00:00","dateModified":"2026-04-06T05:50:10+00:00","breadcrumb":{"@id":"https:\/\/librairie7l.com\/en\/produit\/jean-philippe-delhomme-artists-instagrams-the-never-seen-instagrams-of-the-gre\/#breadcrumb"},"inLanguage":"en-US","potentialAction":[{"@type":"ReadAction","target":["https:\/\/librairie7l.com\/en\/produit\/jean-philippe-delhomme-artists-instagrams-the-never-seen-instagrams-of-the-gre\/"]}]},{"@type":"BreadcrumbList","@id":"https:\/\/librairie7l.com\/en\/produit\/jean-philippe-delhomme-artists-instagrams-the-never-seen-instagrams-of-the-gre\/#breadcrumb","itemListElement":[{"@type":"ListItem","position":1,"name":"Accueil","item":"https:\/\/librairie7l.com\/en\/"},{"@type":"ListItem","position":2,"name":"Shop","item":"https:\/\/librairie7l.com\/en\/shop\/"},{"@type":"ListItem","position":3,"name":"JEAN-PHILIPPE DELHOMME: ARTISTS&#8217; INSTAGRAMS THE NEVER SEEN INSTAGRAMS OF THE GREATEST ARTISTS \/ANGLA"}]},{"@type":"WebSite","@id":"https:\/\/librairie7l.com\/en\/#website","url":"https:\/\/librairie7l.com\/en\/","name":"Librairie 7L","description":"Librairie fond\u00e9e en 1999 par Karl Lagerfeld \u00e0 Paris","publisher":{"@id":"https:\/\/librairie7l.com\/en\/#organization"},"potentialAction":[{"@type":"SearchAction","target":{"@type":"EntryPoint","urlTemplate":"https:\/\/librairie7l.com\/en\/?s={search_term_string}"},"query-input":"required name=search_term_string"}],"inLanguage":"en-US"},{"@type":"Organization","@id":"https:\/\/librairie7l.com\/en\/#organization","name":"Librairie 7L","url":"https:\/\/librairie7l.com\/en\/","logo":{"@type":"ImageObject","inLanguage":"en-US","@id":"https:\/\/librairie7l.com\/en\/#\/schema\/logo\/image\/","url":"https:\/\/librairie7l.com\/wp-content\/uploads\/2022\/08\/logo-1.png","contentUrl":"https:\/\/librairie7l.com\/wp-content\/uploads\/2022\/08\/logo-1.png","width":227,"height":301,"caption":"Librairie 7L"},"image":{"@id":"https:\/\/librairie7l.com\/en\/#\/schema\/logo\/image\/"}}]}},"_links":{"self":[{"href":"https:\/\/librairie7l.com\/en\/wp-json\/wp\/v2\/product\/37763"}],"collection":[{"href":"https:\/\/librairie7l.com\/en\/wp-json\/wp\/v2\/product"}],"about":[{"href":"https:\/\/librairie7l.com\/en\/wp-json\/wp\/v2\/types\/product"}],"wp:featuredmedia":[{"embeddable":true,"href":"https:\/\/librairie7l.com\/en\/wp-json\/wp\/v2\/media\/37761"}],"wp:attachment":[{"href":"https:\/\/librairie7l.com\/en\/wp-json\/wp\/v2\/media?parent=37763"}],"wp:term":[{"taxonomy":"product_cat","embeddable":true,"href":"https:\/\/librairie7l.com\/en\/wp-json\/wp\/v2\/product_cat?post=37763"},{"taxonomy":"product_tag","embeddable":true,"href":"https:\/\/librairie7l.com\/en\/wp-json\/wp\/v2\/product_tag?post=37763"}],"curies":[{"name":"wp","href":"https:\/\/api.w.org\/{rel}","templated":true}]}}