{"id":37783,"date":"2024-06-26T06:05:41","date_gmt":"2024-06-26T04:05:41","guid":{"rendered":"https:\/\/librairie7l.com\/?post_type=product&#038;p=37783"},"modified":"2026-05-04T16:25:16","modified_gmt":"2026-05-04T14:25:16","slug":"anni-and-josef-albers-by-lake-verea","status":"publish","type":"product","link":"https:\/\/librairie7l.com\/en\/produit\/anni-and-josef-albers-by-lake-verea\/","title":{"rendered":"ANNI AND JOSEF ALBERS BY LAKE VEREA"},"content":{"rendered":"<p>Le duo de photographes Lake Verea s&#8217;est associ\u00e9 \u00e0 la Fondation Josef et Anni Albers pour regrouper des traces mat\u00e9rielles et intellectuelles de la cr\u00e9ativit\u00e9 hors norme du c\u00e9l\u00e8bre couple d&#8217;artistes. Des correspondance avec des coll\u00e8gues du Bauhaus, mais aussi des tubes de peinture et des fibres de tissu sont captur\u00e9s avec une sensation et une vivacit\u00e9 extraordinaires.<\/p>\n","protected":false},"excerpt":{"rendered":"<p>Le duo de photographes Lake Verea s&#8217;est associ\u00e9 \u00e0 la Fondation Josef et Anni Albers pour regrouper des traces mat\u00e9rielles et intellectuelles de la cr\u00e9ativit\u00e9 hors norme du c\u00e9l\u00e8bre couple d&#8217;artistes. Des correspondance avec des coll\u00e8gues du Bauhaus, mais aussi des tubes de peinture et des fibres de tissu sont captur\u00e9s avec une sensation et [&hellip;]<\/p>\n","protected":false},"featured_media":37781,"template":"","meta":[],"product_cat":[2948,2953],"product_tag":[],"acf":[],"yoast_head":"<!-- This site is optimized with the Yoast SEO plugin v20.11 - https:\/\/yoast.com\/wordpress\/plugins\/seo\/ -->\n<title>Anni and Josef Albers by Lake Verea - Librairie 7L<\/title>\n<meta name=\"robots\" content=\"index, follow, max-snippet:-1, max-image-preview:large, max-video-preview:-1\" \/>\n<link rel=\"canonical\" href=\"https:\/\/librairie7l.com\/en\/produit\/anni-and-josef-albers-by-lake-verea\/\" \/>\n<meta property=\"og:locale\" content=\"en_US\" \/>\n<meta property=\"og:type\" content=\"article\" \/>\n<meta property=\"og:title\" content=\"Anni and Josef Albers by Lake Verea - Librairie 7L\" \/>\n<meta property=\"og:description\" content=\"Le duo de photographes Lake Verea s&#8217;est associ\u00e9 \u00e0 la Fondation Josef et Anni Albers pour regrouper des traces mat\u00e9rielles et intellectuelles de la cr\u00e9ativit\u00e9 hors norme du c\u00e9l\u00e8bre couple d&#8217;artistes. Des correspondance avec des coll\u00e8gues du Bauhaus, mais aussi des tubes de peinture et des fibres de tissu sont captur\u00e9s avec une sensation et [&hellip;]\" \/>\n<meta property=\"og:url\" content=\"https:\/\/librairie7l.com\/en\/produit\/anni-and-josef-albers-by-lake-verea\/\" \/>\n<meta property=\"og:site_name\" content=\"Librairie 7L\" \/>\n<meta property=\"article:modified_time\" content=\"2026-05-04T14:25:16+00:00\" \/>\n<meta property=\"og:image\" content=\"https:\/\/librairie7l.com\/wp-content\/uploads\/2020\/12\/9783775748889_1_75.jpg\" \/>\n\t<meta property=\"og:image:width\" content=\"212\" \/>\n\t<meta property=\"og:image:height\" content=\"220\" \/>\n\t<meta property=\"og:image:type\" content=\"image\/jpeg\" \/>\n<meta name=\"twitter:card\" content=\"summary_large_image\" \/>\n<script type=\"application\/ld+json\" class=\"yoast-schema-graph\">{\"@context\":\"https:\/\/schema.org\",\"@graph\":[{\"@type\":\"WebPage\",\"@id\":\"https:\/\/librairie7l.com\/en\/produit\/anni-and-josef-albers-by-lake-verea\/\",\"url\":\"https:\/\/librairie7l.com\/en\/produit\/anni-and-josef-albers-by-lake-verea\/\",\"name\":\"Anni and Josef Albers by Lake Verea - Librairie 7L\",\"isPartOf\":{\"@id\":\"https:\/\/librairie7l.com\/en\/#website\"},\"datePublished\":\"2024-06-26T04:05:41+00:00\",\"dateModified\":\"2026-05-04T14:25:16+00:00\",\"breadcrumb\":{\"@id\":\"https:\/\/librairie7l.com\/en\/produit\/anni-and-josef-albers-by-lake-verea\/#breadcrumb\"},\"inLanguage\":\"en-US\",\"potentialAction\":[{\"@type\":\"ReadAction\",\"target\":[\"https:\/\/librairie7l.com\/en\/produit\/anni-and-josef-albers-by-lake-verea\/\"]}]},{\"@type\":\"BreadcrumbList\",\"@id\":\"https:\/\/librairie7l.com\/en\/produit\/anni-and-josef-albers-by-lake-verea\/#breadcrumb\",\"itemListElement\":[{\"@type\":\"ListItem\",\"position\":1,\"name\":\"Accueil\",\"item\":\"https:\/\/librairie7l.com\/en\/\"},{\"@type\":\"ListItem\",\"position\":2,\"name\":\"Shop\",\"item\":\"https:\/\/librairie7l.com\/en\/shop\/\"},{\"@type\":\"ListItem\",\"position\":3,\"name\":\"ANNI AND JOSEF ALBERS BY LAKE VEREA\"}]},{\"@type\":\"WebSite\",\"@id\":\"https:\/\/librairie7l.com\/en\/#website\",\"url\":\"https:\/\/librairie7l.com\/en\/\",\"name\":\"Librairie 7L\",\"description\":\"Librairie fond\u00e9e en 1999 par Karl Lagerfeld \u00e0 Paris\",\"publisher\":{\"@id\":\"https:\/\/librairie7l.com\/en\/#organization\"},\"potentialAction\":[{\"@type\":\"SearchAction\",\"target\":{\"@type\":\"EntryPoint\",\"urlTemplate\":\"https:\/\/librairie7l.com\/en\/?s={search_term_string}\"},\"query-input\":\"required name=search_term_string\"}],\"inLanguage\":\"en-US\"},{\"@type\":\"Organization\",\"@id\":\"https:\/\/librairie7l.com\/en\/#organization\",\"name\":\"Librairie 7L\",\"url\":\"https:\/\/librairie7l.com\/en\/\",\"logo\":{\"@type\":\"ImageObject\",\"inLanguage\":\"en-US\",\"@id\":\"https:\/\/librairie7l.com\/en\/#\/schema\/logo\/image\/\",\"url\":\"https:\/\/librairie7l.com\/wp-content\/uploads\/2022\/08\/logo-1.png\",\"contentUrl\":\"https:\/\/librairie7l.com\/wp-content\/uploads\/2022\/08\/logo-1.png\",\"width\":227,\"height\":301,\"caption\":\"Librairie 7L\"},\"image\":{\"@id\":\"https:\/\/librairie7l.com\/en\/#\/schema\/logo\/image\/\"}}]}<\/script>\n<!-- \/ Yoast SEO plugin. -->","yoast_head_json":{"title":"Anni and Josef Albers by Lake Verea - Librairie 7L","robots":{"index":"index","follow":"follow","max-snippet":"max-snippet:-1","max-image-preview":"max-image-preview:large","max-video-preview":"max-video-preview:-1"},"canonical":"https:\/\/librairie7l.com\/en\/produit\/anni-and-josef-albers-by-lake-verea\/","og_locale":"en_US","og_type":"article","og_title":"Anni and Josef Albers by Lake Verea - Librairie 7L","og_description":"Le duo de photographes Lake Verea s&#8217;est associ\u00e9 \u00e0 la Fondation Josef et Anni Albers pour regrouper des traces mat\u00e9rielles et intellectuelles de la cr\u00e9ativit\u00e9 hors norme du c\u00e9l\u00e8bre couple d&#8217;artistes. Des correspondance avec des coll\u00e8gues du Bauhaus, mais aussi des tubes de peinture et des fibres de tissu sont captur\u00e9s avec une sensation et [&hellip;]","og_url":"https:\/\/librairie7l.com\/en\/produit\/anni-and-josef-albers-by-lake-verea\/","og_site_name":"Librairie 7L","article_modified_time":"2026-05-04T14:25:16+00:00","og_image":[{"width":212,"height":220,"url":"https:\/\/librairie7l.com\/wp-content\/uploads\/2020\/12\/9783775748889_1_75.jpg","type":"image\/jpeg"}],"twitter_card":"summary_large_image","schema":{"@context":"https:\/\/schema.org","@graph":[{"@type":"WebPage","@id":"https:\/\/librairie7l.com\/en\/produit\/anni-and-josef-albers-by-lake-verea\/","url":"https:\/\/librairie7l.com\/en\/produit\/anni-and-josef-albers-by-lake-verea\/","name":"Anni and Josef Albers by Lake Verea - Librairie 7L","isPartOf":{"@id":"https:\/\/librairie7l.com\/en\/#website"},"datePublished":"2024-06-26T04:05:41+00:00","dateModified":"2026-05-04T14:25:16+00:00","breadcrumb":{"@id":"https:\/\/librairie7l.com\/en\/produit\/anni-and-josef-albers-by-lake-verea\/#breadcrumb"},"inLanguage":"en-US","potentialAction":[{"@type":"ReadAction","target":["https:\/\/librairie7l.com\/en\/produit\/anni-and-josef-albers-by-lake-verea\/"]}]},{"@type":"BreadcrumbList","@id":"https:\/\/librairie7l.com\/en\/produit\/anni-and-josef-albers-by-lake-verea\/#breadcrumb","itemListElement":[{"@type":"ListItem","position":1,"name":"Accueil","item":"https:\/\/librairie7l.com\/en\/"},{"@type":"ListItem","position":2,"name":"Shop","item":"https:\/\/librairie7l.com\/en\/shop\/"},{"@type":"ListItem","position":3,"name":"ANNI AND JOSEF ALBERS BY LAKE VEREA"}]},{"@type":"WebSite","@id":"https:\/\/librairie7l.com\/en\/#website","url":"https:\/\/librairie7l.com\/en\/","name":"Librairie 7L","description":"Librairie fond\u00e9e en 1999 par Karl Lagerfeld \u00e0 Paris","publisher":{"@id":"https:\/\/librairie7l.com\/en\/#organization"},"potentialAction":[{"@type":"SearchAction","target":{"@type":"EntryPoint","urlTemplate":"https:\/\/librairie7l.com\/en\/?s={search_term_string}"},"query-input":"required name=search_term_string"}],"inLanguage":"en-US"},{"@type":"Organization","@id":"https:\/\/librairie7l.com\/en\/#organization","name":"Librairie 7L","url":"https:\/\/librairie7l.com\/en\/","logo":{"@type":"ImageObject","inLanguage":"en-US","@id":"https:\/\/librairie7l.com\/en\/#\/schema\/logo\/image\/","url":"https:\/\/librairie7l.com\/wp-content\/uploads\/2022\/08\/logo-1.png","contentUrl":"https:\/\/librairie7l.com\/wp-content\/uploads\/2022\/08\/logo-1.png","width":227,"height":301,"caption":"Librairie 7L"},"image":{"@id":"https:\/\/librairie7l.com\/en\/#\/schema\/logo\/image\/"}}]}},"_links":{"self":[{"href":"https:\/\/librairie7l.com\/en\/wp-json\/wp\/v2\/product\/37783"}],"collection":[{"href":"https:\/\/librairie7l.com\/en\/wp-json\/wp\/v2\/product"}],"about":[{"href":"https:\/\/librairie7l.com\/en\/wp-json\/wp\/v2\/types\/product"}],"wp:featuredmedia":[{"embeddable":true,"href":"https:\/\/librairie7l.com\/en\/wp-json\/wp\/v2\/media\/37781"}],"wp:attachment":[{"href":"https:\/\/librairie7l.com\/en\/wp-json\/wp\/v2\/media?parent=37783"}],"wp:term":[{"taxonomy":"product_cat","embeddable":true,"href":"https:\/\/librairie7l.com\/en\/wp-json\/wp\/v2\/product_cat?post=37783"},{"taxonomy":"product_tag","embeddable":true,"href":"https:\/\/librairie7l.com\/en\/wp-json\/wp\/v2\/product_tag?post=37783"}],"curies":[{"name":"wp","href":"https:\/\/api.w.org\/{rel}","templated":true}]}}