{"id":37840,"date":"2023-11-22T09:16:11","date_gmt":"2023-11-22T08:16:11","guid":{"rendered":"https:\/\/librairie7l.com\/?post_type=product&#038;p=37840"},"modified":"2026-04-13T08:50:34","modified_gmt":"2026-04-13T06:50:34","slug":"snjor","status":"publish","type":"product","link":"https:\/\/librairie7l.com\/en\/produit\/snjor\/","title":{"rendered":"SNJ\u00d3R"},"content":{"rendered":"<p>Une plong\u00e9e po\u00e9tique au coeur du froid, une ode \u00e0 la neige en grand format (40x32cm) Depuis pr\u00e8s de dix ans, le photographe Christophe Jacrot arpente le monde. Connu pour avoir immortalis\u00e9 les principales m\u00e9tro-poles sous les intemp\u00e9ries, sa qu\u00eate d&#8217;hiver l&#8217;a naturellement conduit en Islande. C&#8217;est dans cette \u00eele qu&#8217;il a pris l&#8217;ensemble des clich\u00e9s de ce livre.<\/p>\n","protected":false},"excerpt":{"rendered":"<p>Une plong\u00e9e po\u00e9tique au coeur du froid, une ode \u00e0 la neige en grand format (40x32cm) Depuis pr\u00e8s de dix ans, le photographe Christophe Jacrot arpente le monde. Connu pour avoir immortalis\u00e9 les principales m\u00e9tro-poles sous les intemp\u00e9ries, sa qu\u00eate d&#8217;hiver l&#8217;a naturellement conduit en Islande. C&#8217;est dans cette \u00eele qu&#8217;il a pris l&#8217;ensemble des [&hellip;]<\/p>\n","protected":false},"featured_media":37838,"template":"","meta":[],"product_cat":[55,2948,2958,17],"product_tag":[],"acf":[],"yoast_head":"<!-- This site is optimized with the Yoast SEO plugin v20.11 - https:\/\/yoast.com\/wordpress\/plugins\/seo\/ -->\n<title>Snj\u00f3r - Librairie 7L<\/title>\n<meta name=\"robots\" content=\"index, follow, max-snippet:-1, max-image-preview:large, max-video-preview:-1\" \/>\n<link rel=\"canonical\" href=\"https:\/\/librairie7l.com\/en\/produit\/snjor\/\" \/>\n<meta property=\"og:locale\" content=\"en_US\" \/>\n<meta property=\"og:type\" content=\"article\" \/>\n<meta property=\"og:title\" content=\"Snj\u00f3r - Librairie 7L\" \/>\n<meta property=\"og:description\" content=\"Une plong\u00e9e po\u00e9tique au coeur du froid, une ode \u00e0 la neige en grand format (40x32cm) Depuis pr\u00e8s de dix ans, le photographe Christophe Jacrot arpente le monde. Connu pour avoir immortalis\u00e9 les principales m\u00e9tro-poles sous les intemp\u00e9ries, sa qu\u00eate d&#8217;hiver l&#8217;a naturellement conduit en Islande. C&#8217;est dans cette \u00eele qu&#8217;il a pris l&#8217;ensemble des [&hellip;]\" \/>\n<meta property=\"og:url\" content=\"https:\/\/librairie7l.com\/en\/produit\/snjor\/\" \/>\n<meta property=\"og:site_name\" content=\"Librairie 7L\" \/>\n<meta property=\"article:modified_time\" content=\"2026-04-13T06:50:34+00:00\" \/>\n<meta property=\"og:image\" content=\"https:\/\/librairie7l.com\/wp-content\/uploads\/2023\/06\/9782812321597_1_75.jpg\" \/>\n\t<meta property=\"og:image:width\" content=\"732\" \/>\n\t<meta property=\"og:image:height\" content=\"600\" \/>\n\t<meta property=\"og:image:type\" content=\"image\/jpeg\" \/>\n<meta name=\"twitter:card\" content=\"summary_large_image\" \/>\n<script type=\"application\/ld+json\" class=\"yoast-schema-graph\">{\"@context\":\"https:\/\/schema.org\",\"@graph\":[{\"@type\":\"WebPage\",\"@id\":\"https:\/\/librairie7l.com\/en\/produit\/snjor\/\",\"url\":\"https:\/\/librairie7l.com\/en\/produit\/snjor\/\",\"name\":\"Snj\u00f3r - Librairie 7L\",\"isPartOf\":{\"@id\":\"https:\/\/librairie7l.com\/en\/#website\"},\"datePublished\":\"2023-11-22T08:16:11+00:00\",\"dateModified\":\"2026-04-13T06:50:34+00:00\",\"breadcrumb\":{\"@id\":\"https:\/\/librairie7l.com\/en\/produit\/snjor\/#breadcrumb\"},\"inLanguage\":\"en-US\",\"potentialAction\":[{\"@type\":\"ReadAction\",\"target\":[\"https:\/\/librairie7l.com\/en\/produit\/snjor\/\"]}]},{\"@type\":\"BreadcrumbList\",\"@id\":\"https:\/\/librairie7l.com\/en\/produit\/snjor\/#breadcrumb\",\"itemListElement\":[{\"@type\":\"ListItem\",\"position\":1,\"name\":\"Accueil\",\"item\":\"https:\/\/librairie7l.com\/en\/\"},{\"@type\":\"ListItem\",\"position\":2,\"name\":\"Shop\",\"item\":\"https:\/\/librairie7l.com\/en\/shop\/\"},{\"@type\":\"ListItem\",\"position\":3,\"name\":\"SNJ\u00d3R\"}]},{\"@type\":\"WebSite\",\"@id\":\"https:\/\/librairie7l.com\/en\/#website\",\"url\":\"https:\/\/librairie7l.com\/en\/\",\"name\":\"Librairie 7L\",\"description\":\"Librairie fond\u00e9e en 1999 par Karl Lagerfeld \u00e0 Paris\",\"publisher\":{\"@id\":\"https:\/\/librairie7l.com\/en\/#organization\"},\"potentialAction\":[{\"@type\":\"SearchAction\",\"target\":{\"@type\":\"EntryPoint\",\"urlTemplate\":\"https:\/\/librairie7l.com\/en\/?s={search_term_string}\"},\"query-input\":\"required name=search_term_string\"}],\"inLanguage\":\"en-US\"},{\"@type\":\"Organization\",\"@id\":\"https:\/\/librairie7l.com\/en\/#organization\",\"name\":\"Librairie 7L\",\"url\":\"https:\/\/librairie7l.com\/en\/\",\"logo\":{\"@type\":\"ImageObject\",\"inLanguage\":\"en-US\",\"@id\":\"https:\/\/librairie7l.com\/en\/#\/schema\/logo\/image\/\",\"url\":\"https:\/\/librairie7l.com\/wp-content\/uploads\/2022\/08\/logo-1.png\",\"contentUrl\":\"https:\/\/librairie7l.com\/wp-content\/uploads\/2022\/08\/logo-1.png\",\"width\":227,\"height\":301,\"caption\":\"Librairie 7L\"},\"image\":{\"@id\":\"https:\/\/librairie7l.com\/en\/#\/schema\/logo\/image\/\"}}]}<\/script>\n<!-- \/ Yoast SEO plugin. -->","yoast_head_json":{"title":"Snj\u00f3r - Librairie 7L","robots":{"index":"index","follow":"follow","max-snippet":"max-snippet:-1","max-image-preview":"max-image-preview:large","max-video-preview":"max-video-preview:-1"},"canonical":"https:\/\/librairie7l.com\/en\/produit\/snjor\/","og_locale":"en_US","og_type":"article","og_title":"Snj\u00f3r - Librairie 7L","og_description":"Une plong\u00e9e po\u00e9tique au coeur du froid, une ode \u00e0 la neige en grand format (40x32cm) Depuis pr\u00e8s de dix ans, le photographe Christophe Jacrot arpente le monde. Connu pour avoir immortalis\u00e9 les principales m\u00e9tro-poles sous les intemp\u00e9ries, sa qu\u00eate d&#8217;hiver l&#8217;a naturellement conduit en Islande. C&#8217;est dans cette \u00eele qu&#8217;il a pris l&#8217;ensemble des [&hellip;]","og_url":"https:\/\/librairie7l.com\/en\/produit\/snjor\/","og_site_name":"Librairie 7L","article_modified_time":"2026-04-13T06:50:34+00:00","og_image":[{"width":732,"height":600,"url":"https:\/\/librairie7l.com\/wp-content\/uploads\/2023\/06\/9782812321597_1_75.jpg","type":"image\/jpeg"}],"twitter_card":"summary_large_image","schema":{"@context":"https:\/\/schema.org","@graph":[{"@type":"WebPage","@id":"https:\/\/librairie7l.com\/en\/produit\/snjor\/","url":"https:\/\/librairie7l.com\/en\/produit\/snjor\/","name":"Snj\u00f3r - Librairie 7L","isPartOf":{"@id":"https:\/\/librairie7l.com\/en\/#website"},"datePublished":"2023-11-22T08:16:11+00:00","dateModified":"2026-04-13T06:50:34+00:00","breadcrumb":{"@id":"https:\/\/librairie7l.com\/en\/produit\/snjor\/#breadcrumb"},"inLanguage":"en-US","potentialAction":[{"@type":"ReadAction","target":["https:\/\/librairie7l.com\/en\/produit\/snjor\/"]}]},{"@type":"BreadcrumbList","@id":"https:\/\/librairie7l.com\/en\/produit\/snjor\/#breadcrumb","itemListElement":[{"@type":"ListItem","position":1,"name":"Accueil","item":"https:\/\/librairie7l.com\/en\/"},{"@type":"ListItem","position":2,"name":"Shop","item":"https:\/\/librairie7l.com\/en\/shop\/"},{"@type":"ListItem","position":3,"name":"SNJ\u00d3R"}]},{"@type":"WebSite","@id":"https:\/\/librairie7l.com\/en\/#website","url":"https:\/\/librairie7l.com\/en\/","name":"Librairie 7L","description":"Librairie fond\u00e9e en 1999 par Karl Lagerfeld \u00e0 Paris","publisher":{"@id":"https:\/\/librairie7l.com\/en\/#organization"},"potentialAction":[{"@type":"SearchAction","target":{"@type":"EntryPoint","urlTemplate":"https:\/\/librairie7l.com\/en\/?s={search_term_string}"},"query-input":"required name=search_term_string"}],"inLanguage":"en-US"},{"@type":"Organization","@id":"https:\/\/librairie7l.com\/en\/#organization","name":"Librairie 7L","url":"https:\/\/librairie7l.com\/en\/","logo":{"@type":"ImageObject","inLanguage":"en-US","@id":"https:\/\/librairie7l.com\/en\/#\/schema\/logo\/image\/","url":"https:\/\/librairie7l.com\/wp-content\/uploads\/2022\/08\/logo-1.png","contentUrl":"https:\/\/librairie7l.com\/wp-content\/uploads\/2022\/08\/logo-1.png","width":227,"height":301,"caption":"Librairie 7L"},"image":{"@id":"https:\/\/librairie7l.com\/en\/#\/schema\/logo\/image\/"}}]}},"_links":{"self":[{"href":"https:\/\/librairie7l.com\/en\/wp-json\/wp\/v2\/product\/37840"}],"collection":[{"href":"https:\/\/librairie7l.com\/en\/wp-json\/wp\/v2\/product"}],"about":[{"href":"https:\/\/librairie7l.com\/en\/wp-json\/wp\/v2\/types\/product"}],"wp:featuredmedia":[{"embeddable":true,"href":"https:\/\/librairie7l.com\/en\/wp-json\/wp\/v2\/media\/37838"}],"wp:attachment":[{"href":"https:\/\/librairie7l.com\/en\/wp-json\/wp\/v2\/media?parent=37840"}],"wp:term":[{"taxonomy":"product_cat","embeddable":true,"href":"https:\/\/librairie7l.com\/en\/wp-json\/wp\/v2\/product_cat?post=37840"},{"taxonomy":"product_tag","embeddable":true,"href":"https:\/\/librairie7l.com\/en\/wp-json\/wp\/v2\/product_tag?post=37840"}],"curies":[{"name":"wp","href":"https:\/\/api.w.org\/{rel}","templated":true}]}}