{"id":37857,"date":"2023-11-23T09:16:34","date_gmt":"2023-11-23T08:16:34","guid":{"rendered":"https:\/\/librairie7l.com\/?post_type=product&#038;p=37857"},"modified":"2026-04-18T03:05:39","modified_gmt":"2026-04-18T01:05:39","slug":"atlas-archeologique-de-la-france","status":"publish","type":"product","link":"https:\/\/librairie7l.com\/en\/produit\/atlas-archeologique-de-la-france\/","title":{"rendered":"ATLAS ARCH\u00c9OLOGIQUE DE LA FRANCE"},"content":{"rendered":"<p>Des milliers de d\u00e9couvertes surgissent sans cesse sous la truelle des arch\u00e9ologues. Les vestiges d&#8217;habitats, de tombes, de sanctuaires ou d&#8217;ateliers enrichissent notre patrimoine comme notre compr\u00e9hension des soci\u00e9t\u00e9s pass\u00e9es. Jamais encore ces archives du sol, du Rhin au Finist\u00e8re, de la baie de Somme \u00e0 la Corse et dans les terres d&#8217;outremer, n&#8217;avaient \u00e9t\u00e9 cartographi\u00e9es et illustr\u00e9es avec une telle ampleur. Page \u00e0 page, nous explorons les strates arch\u00e9ologiques telles que chaque \u00e9poque nous les a l\u00e9gu\u00e9es.<\/p>\n<p>Cartes en mains, cet ouvrage nous emm\u00e8ne sur les sentiers de la pr\u00e9histoire, nous montre les usages des femmes et des hommes du N\u00e9olithique, l&#8217;empreinte des Gaulois et de Rome, le Moyen \u00c2ge des fermes et des cath\u00e9drales, les traces de l&#8217;esclavage, les vestiges de notre activit\u00e9 industrielle et les marques laiss\u00e9es par la violence des guerres. Chaque objet, chaque pan de mur, chaque s\u00e9pulture, chaque reste de repas mis au jour vient documenter le r\u00e9cit d&#8217;un million d&#8217;ann\u00e9es et permet d&#8217;\u00e9crire une nouvelle histoire de la France.<\/p>\n","protected":false},"excerpt":{"rendered":"<p>Des milliers de d\u00e9couvertes surgissent sans cesse sous la truelle des arch\u00e9ologues. Les vestiges d&#8217;habitats, de tombes, de sanctuaires ou d&#8217;ateliers enrichissent notre patrimoine comme notre compr\u00e9hension des soci\u00e9t\u00e9s pass\u00e9es. Jamais encore ces archives du sol, du Rhin au Finist\u00e8re, de la baie de Somme \u00e0 la Corse et dans les terres d&#8217;outremer, n&#8217;avaient \u00e9t\u00e9 [&hellip;]<\/p>\n","protected":false},"featured_media":37855,"template":"","meta":[],"product_cat":[2948,2950],"product_tag":[],"acf":[],"yoast_head":"<!-- This site is optimized with the Yoast SEO plugin v20.11 - https:\/\/yoast.com\/wordpress\/plugins\/seo\/ -->\n<title>Atlas arch\u00e9ologique de la France - Librairie 7L<\/title>\n<meta name=\"robots\" content=\"index, follow, max-snippet:-1, max-image-preview:large, max-video-preview:-1\" \/>\n<link rel=\"canonical\" href=\"https:\/\/librairie7l.com\/en\/produit\/atlas-archeologique-de-la-france\/\" \/>\n<meta property=\"og:locale\" content=\"en_US\" \/>\n<meta property=\"og:type\" content=\"article\" \/>\n<meta property=\"og:title\" content=\"Atlas arch\u00e9ologique de la France - Librairie 7L\" \/>\n<meta property=\"og:description\" content=\"Des milliers de d\u00e9couvertes surgissent sans cesse sous la truelle des arch\u00e9ologues. Les vestiges d&#8217;habitats, de tombes, de sanctuaires ou d&#8217;ateliers enrichissent notre patrimoine comme notre compr\u00e9hension des soci\u00e9t\u00e9s pass\u00e9es. Jamais encore ces archives du sol, du Rhin au Finist\u00e8re, de la baie de Somme \u00e0 la Corse et dans les terres d&#8217;outremer, n&#8217;avaient \u00e9t\u00e9 [&hellip;]\" \/>\n<meta property=\"og:url\" content=\"https:\/\/librairie7l.com\/en\/produit\/atlas-archeologique-de-la-france\/\" \/>\n<meta property=\"og:site_name\" content=\"Librairie 7L\" \/>\n<meta property=\"article:modified_time\" content=\"2026-04-18T01:05:39+00:00\" \/>\n<meta property=\"og:image\" content=\"https:\/\/librairie7l.com\/wp-content\/uploads\/2023\/06\/9791021059382_1_75.jpg\" \/>\n\t<meta property=\"og:image:width\" content=\"600\" \/>\n\t<meta property=\"og:image:height\" content=\"800\" \/>\n\t<meta property=\"og:image:type\" content=\"image\/jpeg\" \/>\n<meta name=\"twitter:card\" content=\"summary_large_image\" \/>\n<meta name=\"twitter:label1\" content=\"Est. reading time\" \/>\n\t<meta name=\"twitter:data1\" content=\"1 minute\" \/>\n<script type=\"application\/ld+json\" class=\"yoast-schema-graph\">{\"@context\":\"https:\/\/schema.org\",\"@graph\":[{\"@type\":\"WebPage\",\"@id\":\"https:\/\/librairie7l.com\/en\/produit\/atlas-archeologique-de-la-france\/\",\"url\":\"https:\/\/librairie7l.com\/en\/produit\/atlas-archeologique-de-la-france\/\",\"name\":\"Atlas arch\u00e9ologique de la France - Librairie 7L\",\"isPartOf\":{\"@id\":\"https:\/\/librairie7l.com\/en\/#website\"},\"datePublished\":\"2023-11-23T08:16:34+00:00\",\"dateModified\":\"2026-04-18T01:05:39+00:00\",\"breadcrumb\":{\"@id\":\"https:\/\/librairie7l.com\/en\/produit\/atlas-archeologique-de-la-france\/#breadcrumb\"},\"inLanguage\":\"en-US\",\"potentialAction\":[{\"@type\":\"ReadAction\",\"target\":[\"https:\/\/librairie7l.com\/en\/produit\/atlas-archeologique-de-la-france\/\"]}]},{\"@type\":\"BreadcrumbList\",\"@id\":\"https:\/\/librairie7l.com\/en\/produit\/atlas-archeologique-de-la-france\/#breadcrumb\",\"itemListElement\":[{\"@type\":\"ListItem\",\"position\":1,\"name\":\"Accueil\",\"item\":\"https:\/\/librairie7l.com\/en\/\"},{\"@type\":\"ListItem\",\"position\":2,\"name\":\"Shop\",\"item\":\"https:\/\/librairie7l.com\/en\/shop\/\"},{\"@type\":\"ListItem\",\"position\":3,\"name\":\"ATLAS ARCH\u00c9OLOGIQUE DE LA FRANCE\"}]},{\"@type\":\"WebSite\",\"@id\":\"https:\/\/librairie7l.com\/en\/#website\",\"url\":\"https:\/\/librairie7l.com\/en\/\",\"name\":\"Librairie 7L\",\"description\":\"Librairie fond\u00e9e en 1999 par Karl Lagerfeld \u00e0 Paris\",\"publisher\":{\"@id\":\"https:\/\/librairie7l.com\/en\/#organization\"},\"potentialAction\":[{\"@type\":\"SearchAction\",\"target\":{\"@type\":\"EntryPoint\",\"urlTemplate\":\"https:\/\/librairie7l.com\/en\/?s={search_term_string}\"},\"query-input\":\"required name=search_term_string\"}],\"inLanguage\":\"en-US\"},{\"@type\":\"Organization\",\"@id\":\"https:\/\/librairie7l.com\/en\/#organization\",\"name\":\"Librairie 7L\",\"url\":\"https:\/\/librairie7l.com\/en\/\",\"logo\":{\"@type\":\"ImageObject\",\"inLanguage\":\"en-US\",\"@id\":\"https:\/\/librairie7l.com\/en\/#\/schema\/logo\/image\/\",\"url\":\"https:\/\/librairie7l.com\/wp-content\/uploads\/2022\/08\/logo-1.png\",\"contentUrl\":\"https:\/\/librairie7l.com\/wp-content\/uploads\/2022\/08\/logo-1.png\",\"width\":227,\"height\":301,\"caption\":\"Librairie 7L\"},\"image\":{\"@id\":\"https:\/\/librairie7l.com\/en\/#\/schema\/logo\/image\/\"}}]}<\/script>\n<!-- \/ Yoast SEO plugin. -->","yoast_head_json":{"title":"Atlas arch\u00e9ologique de la France - Librairie 7L","robots":{"index":"index","follow":"follow","max-snippet":"max-snippet:-1","max-image-preview":"max-image-preview:large","max-video-preview":"max-video-preview:-1"},"canonical":"https:\/\/librairie7l.com\/en\/produit\/atlas-archeologique-de-la-france\/","og_locale":"en_US","og_type":"article","og_title":"Atlas arch\u00e9ologique de la France - Librairie 7L","og_description":"Des milliers de d\u00e9couvertes surgissent sans cesse sous la truelle des arch\u00e9ologues. Les vestiges d&#8217;habitats, de tombes, de sanctuaires ou d&#8217;ateliers enrichissent notre patrimoine comme notre compr\u00e9hension des soci\u00e9t\u00e9s pass\u00e9es. Jamais encore ces archives du sol, du Rhin au Finist\u00e8re, de la baie de Somme \u00e0 la Corse et dans les terres d&#8217;outremer, n&#8217;avaient \u00e9t\u00e9 [&hellip;]","og_url":"https:\/\/librairie7l.com\/en\/produit\/atlas-archeologique-de-la-france\/","og_site_name":"Librairie 7L","article_modified_time":"2026-04-18T01:05:39+00:00","og_image":[{"width":600,"height":800,"url":"https:\/\/librairie7l.com\/wp-content\/uploads\/2023\/06\/9791021059382_1_75.jpg","type":"image\/jpeg"}],"twitter_card":"summary_large_image","twitter_misc":{"Est. reading time":"1 minute"},"schema":{"@context":"https:\/\/schema.org","@graph":[{"@type":"WebPage","@id":"https:\/\/librairie7l.com\/en\/produit\/atlas-archeologique-de-la-france\/","url":"https:\/\/librairie7l.com\/en\/produit\/atlas-archeologique-de-la-france\/","name":"Atlas arch\u00e9ologique de la France - Librairie 7L","isPartOf":{"@id":"https:\/\/librairie7l.com\/en\/#website"},"datePublished":"2023-11-23T08:16:34+00:00","dateModified":"2026-04-18T01:05:39+00:00","breadcrumb":{"@id":"https:\/\/librairie7l.com\/en\/produit\/atlas-archeologique-de-la-france\/#breadcrumb"},"inLanguage":"en-US","potentialAction":[{"@type":"ReadAction","target":["https:\/\/librairie7l.com\/en\/produit\/atlas-archeologique-de-la-france\/"]}]},{"@type":"BreadcrumbList","@id":"https:\/\/librairie7l.com\/en\/produit\/atlas-archeologique-de-la-france\/#breadcrumb","itemListElement":[{"@type":"ListItem","position":1,"name":"Accueil","item":"https:\/\/librairie7l.com\/en\/"},{"@type":"ListItem","position":2,"name":"Shop","item":"https:\/\/librairie7l.com\/en\/shop\/"},{"@type":"ListItem","position":3,"name":"ATLAS ARCH\u00c9OLOGIQUE DE LA FRANCE"}]},{"@type":"WebSite","@id":"https:\/\/librairie7l.com\/en\/#website","url":"https:\/\/librairie7l.com\/en\/","name":"Librairie 7L","description":"Librairie fond\u00e9e en 1999 par Karl Lagerfeld \u00e0 Paris","publisher":{"@id":"https:\/\/librairie7l.com\/en\/#organization"},"potentialAction":[{"@type":"SearchAction","target":{"@type":"EntryPoint","urlTemplate":"https:\/\/librairie7l.com\/en\/?s={search_term_string}"},"query-input":"required name=search_term_string"}],"inLanguage":"en-US"},{"@type":"Organization","@id":"https:\/\/librairie7l.com\/en\/#organization","name":"Librairie 7L","url":"https:\/\/librairie7l.com\/en\/","logo":{"@type":"ImageObject","inLanguage":"en-US","@id":"https:\/\/librairie7l.com\/en\/#\/schema\/logo\/image\/","url":"https:\/\/librairie7l.com\/wp-content\/uploads\/2022\/08\/logo-1.png","contentUrl":"https:\/\/librairie7l.com\/wp-content\/uploads\/2022\/08\/logo-1.png","width":227,"height":301,"caption":"Librairie 7L"},"image":{"@id":"https:\/\/librairie7l.com\/en\/#\/schema\/logo\/image\/"}}]}},"_links":{"self":[{"href":"https:\/\/librairie7l.com\/en\/wp-json\/wp\/v2\/product\/37857"}],"collection":[{"href":"https:\/\/librairie7l.com\/en\/wp-json\/wp\/v2\/product"}],"about":[{"href":"https:\/\/librairie7l.com\/en\/wp-json\/wp\/v2\/types\/product"}],"wp:featuredmedia":[{"embeddable":true,"href":"https:\/\/librairie7l.com\/en\/wp-json\/wp\/v2\/media\/37855"}],"wp:attachment":[{"href":"https:\/\/librairie7l.com\/en\/wp-json\/wp\/v2\/media?parent=37857"}],"wp:term":[{"taxonomy":"product_cat","embeddable":true,"href":"https:\/\/librairie7l.com\/en\/wp-json\/wp\/v2\/product_cat?post=37857"},{"taxonomy":"product_tag","embeddable":true,"href":"https:\/\/librairie7l.com\/en\/wp-json\/wp\/v2\/product_tag?post=37857"}],"curies":[{"name":"wp","href":"https:\/\/api.w.org\/{rel}","templated":true}]}}