{"id":37859,"date":"2023-11-23T09:16:37","date_gmt":"2023-11-23T08:16:37","guid":{"rendered":"https:\/\/librairie7l.com\/?post_type=product&#038;p=37859"},"modified":"2026-04-27T23:16:09","modified_gmt":"2026-04-27T21:16:09","slug":"container-architecture-modular-construction-marvels","status":"publish","type":"product","link":"https:\/\/librairie7l.com\/en\/produit\/container-architecture-modular-construction-marvels\/","title":{"rendered":"CONTAINER ARCHITECTURE: MODULAR CONSTRUCTION MARVELS"},"content":{"rendered":"<p>La r\u00e9duction \u00e0 l&#8217;essentiel absolu &#8211; le conteneur. Invent\u00e9es dans les ann\u00e9es 1950 par Malcom McLean, ces bo\u00eetes en acier au profil ondul\u00e9 ont r\u00e9volutionn\u00e9 le commerce mondial. Depuis longtemps, les conteneurs g\u00e9ants destin\u00e9s au stockage et au transport de marchandises sont entr\u00e9s dans l&#8217;architecture et sont devenus un \u00e9l\u00e9ment essentiel de la culture architecturale mondiale.<br \/>\nDes utilisations architecturales et des exp\u00e9riences de conception de plus en plus \u00e9tonnantes reposent sur ces unit\u00e9s normalis\u00e9es, con\u00e7ues selon une g\u00e9om\u00e9trie stricte. Leur enveloppe, con\u00e7ue avec imagination, se r\u00e9v\u00e8le tout aussi vari\u00e9e que leur utilisation : tant\u00f4t avec une surface originale et rugueuse pr\u00e9sentant des traces d&#8217;utilisation qui racontent une histoire, tant\u00f4t avec une fa\u00e7ade suspendue en bois et de grands vitrages, ou encore comme composition \u00e9pur\u00e9e avec une installation lumineuse raffin\u00e9e. Dans un monde en constante \u00e9volution, avec ses formes hybrides d&#8217;habitat et de travail, ce livre pr\u00e9sente une collection de constructions de conteneurs remarquables.<\/p>\n","protected":false},"excerpt":{"rendered":"<p>La r\u00e9duction \u00e0 l&#8217;essentiel absolu &#8211; le conteneur. Invent\u00e9es dans les ann\u00e9es 1950 par Malcom McLean, ces bo\u00eetes en acier au profil ondul\u00e9 ont r\u00e9volutionn\u00e9 le commerce mondial. Depuis longtemps, les conteneurs g\u00e9ants destin\u00e9s au stockage et au transport de marchandises sont entr\u00e9s dans l&#8217;architecture et sont devenus un \u00e9l\u00e9ment essentiel de la culture architecturale [&hellip;]<\/p>\n","protected":false},"featured_media":37900,"template":"","meta":[],"product_cat":[2948,2950],"product_tag":[],"acf":[],"yoast_head":"<!-- This site is optimized with the Yoast SEO plugin v20.11 - https:\/\/yoast.com\/wordpress\/plugins\/seo\/ -->\n<title>Container architecture: modular construction Marvels - Librairie 7L<\/title>\n<meta name=\"robots\" content=\"index, follow, max-snippet:-1, max-image-preview:large, max-video-preview:-1\" \/>\n<link rel=\"canonical\" href=\"https:\/\/librairie7l.com\/en\/produit\/container-architecture-modular-construction-marvels\/\" \/>\n<meta property=\"og:locale\" content=\"en_US\" \/>\n<meta property=\"og:type\" content=\"article\" \/>\n<meta property=\"og:title\" content=\"Container architecture: modular construction Marvels - Librairie 7L\" \/>\n<meta property=\"og:description\" content=\"La r\u00e9duction \u00e0 l&#8217;essentiel absolu &#8211; le conteneur. Invent\u00e9es dans les ann\u00e9es 1950 par Malcom McLean, ces bo\u00eetes en acier au profil ondul\u00e9 ont r\u00e9volutionn\u00e9 le commerce mondial. Depuis longtemps, les conteneurs g\u00e9ants destin\u00e9s au stockage et au transport de marchandises sont entr\u00e9s dans l&#8217;architecture et sont devenus un \u00e9l\u00e9ment essentiel de la culture architecturale [&hellip;]\" \/>\n<meta property=\"og:url\" content=\"https:\/\/librairie7l.com\/en\/produit\/container-architecture-modular-construction-marvels\/\" \/>\n<meta property=\"og:site_name\" content=\"Librairie 7L\" \/>\n<meta property=\"article:modified_time\" content=\"2026-04-27T21:16:09+00:00\" \/>\n<meta property=\"og:image\" content=\"https:\/\/librairie7l.com\/wp-content\/uploads\/2023\/11\/9783037682876_1_75.jpg\" \/>\n\t<meta property=\"og:image:width\" content=\"885\" \/>\n\t<meta property=\"og:image:height\" content=\"600\" \/>\n\t<meta property=\"og:image:type\" content=\"image\/jpeg\" \/>\n<meta name=\"twitter:card\" content=\"summary_large_image\" \/>\n<meta name=\"twitter:label1\" content=\"Est. reading time\" \/>\n\t<meta name=\"twitter:data1\" content=\"1 minute\" \/>\n<script type=\"application\/ld+json\" class=\"yoast-schema-graph\">{\"@context\":\"https:\/\/schema.org\",\"@graph\":[{\"@type\":\"WebPage\",\"@id\":\"https:\/\/librairie7l.com\/en\/produit\/container-architecture-modular-construction-marvels\/\",\"url\":\"https:\/\/librairie7l.com\/en\/produit\/container-architecture-modular-construction-marvels\/\",\"name\":\"Container architecture: modular construction Marvels - Librairie 7L\",\"isPartOf\":{\"@id\":\"https:\/\/librairie7l.com\/en\/#website\"},\"datePublished\":\"2023-11-23T08:16:37+00:00\",\"dateModified\":\"2026-04-27T21:16:09+00:00\",\"breadcrumb\":{\"@id\":\"https:\/\/librairie7l.com\/en\/produit\/container-architecture-modular-construction-marvels\/#breadcrumb\"},\"inLanguage\":\"en-US\",\"potentialAction\":[{\"@type\":\"ReadAction\",\"target\":[\"https:\/\/librairie7l.com\/en\/produit\/container-architecture-modular-construction-marvels\/\"]}]},{\"@type\":\"BreadcrumbList\",\"@id\":\"https:\/\/librairie7l.com\/en\/produit\/container-architecture-modular-construction-marvels\/#breadcrumb\",\"itemListElement\":[{\"@type\":\"ListItem\",\"position\":1,\"name\":\"Accueil\",\"item\":\"https:\/\/librairie7l.com\/en\/\"},{\"@type\":\"ListItem\",\"position\":2,\"name\":\"Shop\",\"item\":\"https:\/\/librairie7l.com\/en\/shop\/\"},{\"@type\":\"ListItem\",\"position\":3,\"name\":\"CONTAINER ARCHITECTURE: MODULAR CONSTRUCTION MARVELS\"}]},{\"@type\":\"WebSite\",\"@id\":\"https:\/\/librairie7l.com\/en\/#website\",\"url\":\"https:\/\/librairie7l.com\/en\/\",\"name\":\"Librairie 7L\",\"description\":\"Librairie fond\u00e9e en 1999 par Karl Lagerfeld \u00e0 Paris\",\"publisher\":{\"@id\":\"https:\/\/librairie7l.com\/en\/#organization\"},\"potentialAction\":[{\"@type\":\"SearchAction\",\"target\":{\"@type\":\"EntryPoint\",\"urlTemplate\":\"https:\/\/librairie7l.com\/en\/?s={search_term_string}\"},\"query-input\":\"required name=search_term_string\"}],\"inLanguage\":\"en-US\"},{\"@type\":\"Organization\",\"@id\":\"https:\/\/librairie7l.com\/en\/#organization\",\"name\":\"Librairie 7L\",\"url\":\"https:\/\/librairie7l.com\/en\/\",\"logo\":{\"@type\":\"ImageObject\",\"inLanguage\":\"en-US\",\"@id\":\"https:\/\/librairie7l.com\/en\/#\/schema\/logo\/image\/\",\"url\":\"https:\/\/librairie7l.com\/wp-content\/uploads\/2022\/08\/logo-1.png\",\"contentUrl\":\"https:\/\/librairie7l.com\/wp-content\/uploads\/2022\/08\/logo-1.png\",\"width\":227,\"height\":301,\"caption\":\"Librairie 7L\"},\"image\":{\"@id\":\"https:\/\/librairie7l.com\/en\/#\/schema\/logo\/image\/\"}}]}<\/script>\n<!-- \/ Yoast SEO plugin. -->","yoast_head_json":{"title":"Container architecture: modular construction Marvels - Librairie 7L","robots":{"index":"index","follow":"follow","max-snippet":"max-snippet:-1","max-image-preview":"max-image-preview:large","max-video-preview":"max-video-preview:-1"},"canonical":"https:\/\/librairie7l.com\/en\/produit\/container-architecture-modular-construction-marvels\/","og_locale":"en_US","og_type":"article","og_title":"Container architecture: modular construction Marvels - Librairie 7L","og_description":"La r\u00e9duction \u00e0 l&#8217;essentiel absolu &#8211; le conteneur. Invent\u00e9es dans les ann\u00e9es 1950 par Malcom McLean, ces bo\u00eetes en acier au profil ondul\u00e9 ont r\u00e9volutionn\u00e9 le commerce mondial. Depuis longtemps, les conteneurs g\u00e9ants destin\u00e9s au stockage et au transport de marchandises sont entr\u00e9s dans l&#8217;architecture et sont devenus un \u00e9l\u00e9ment essentiel de la culture architecturale [&hellip;]","og_url":"https:\/\/librairie7l.com\/en\/produit\/container-architecture-modular-construction-marvels\/","og_site_name":"Librairie 7L","article_modified_time":"2026-04-27T21:16:09+00:00","og_image":[{"width":885,"height":600,"url":"https:\/\/librairie7l.com\/wp-content\/uploads\/2023\/11\/9783037682876_1_75.jpg","type":"image\/jpeg"}],"twitter_card":"summary_large_image","twitter_misc":{"Est. reading time":"1 minute"},"schema":{"@context":"https:\/\/schema.org","@graph":[{"@type":"WebPage","@id":"https:\/\/librairie7l.com\/en\/produit\/container-architecture-modular-construction-marvels\/","url":"https:\/\/librairie7l.com\/en\/produit\/container-architecture-modular-construction-marvels\/","name":"Container architecture: modular construction Marvels - Librairie 7L","isPartOf":{"@id":"https:\/\/librairie7l.com\/en\/#website"},"datePublished":"2023-11-23T08:16:37+00:00","dateModified":"2026-04-27T21:16:09+00:00","breadcrumb":{"@id":"https:\/\/librairie7l.com\/en\/produit\/container-architecture-modular-construction-marvels\/#breadcrumb"},"inLanguage":"en-US","potentialAction":[{"@type":"ReadAction","target":["https:\/\/librairie7l.com\/en\/produit\/container-architecture-modular-construction-marvels\/"]}]},{"@type":"BreadcrumbList","@id":"https:\/\/librairie7l.com\/en\/produit\/container-architecture-modular-construction-marvels\/#breadcrumb","itemListElement":[{"@type":"ListItem","position":1,"name":"Accueil","item":"https:\/\/librairie7l.com\/en\/"},{"@type":"ListItem","position":2,"name":"Shop","item":"https:\/\/librairie7l.com\/en\/shop\/"},{"@type":"ListItem","position":3,"name":"CONTAINER ARCHITECTURE: MODULAR CONSTRUCTION MARVELS"}]},{"@type":"WebSite","@id":"https:\/\/librairie7l.com\/en\/#website","url":"https:\/\/librairie7l.com\/en\/","name":"Librairie 7L","description":"Librairie fond\u00e9e en 1999 par Karl Lagerfeld \u00e0 Paris","publisher":{"@id":"https:\/\/librairie7l.com\/en\/#organization"},"potentialAction":[{"@type":"SearchAction","target":{"@type":"EntryPoint","urlTemplate":"https:\/\/librairie7l.com\/en\/?s={search_term_string}"},"query-input":"required name=search_term_string"}],"inLanguage":"en-US"},{"@type":"Organization","@id":"https:\/\/librairie7l.com\/en\/#organization","name":"Librairie 7L","url":"https:\/\/librairie7l.com\/en\/","logo":{"@type":"ImageObject","inLanguage":"en-US","@id":"https:\/\/librairie7l.com\/en\/#\/schema\/logo\/image\/","url":"https:\/\/librairie7l.com\/wp-content\/uploads\/2022\/08\/logo-1.png","contentUrl":"https:\/\/librairie7l.com\/wp-content\/uploads\/2022\/08\/logo-1.png","width":227,"height":301,"caption":"Librairie 7L"},"image":{"@id":"https:\/\/librairie7l.com\/en\/#\/schema\/logo\/image\/"}}]}},"_links":{"self":[{"href":"https:\/\/librairie7l.com\/en\/wp-json\/wp\/v2\/product\/37859"}],"collection":[{"href":"https:\/\/librairie7l.com\/en\/wp-json\/wp\/v2\/product"}],"about":[{"href":"https:\/\/librairie7l.com\/en\/wp-json\/wp\/v2\/types\/product"}],"wp:featuredmedia":[{"embeddable":true,"href":"https:\/\/librairie7l.com\/en\/wp-json\/wp\/v2\/media\/37900"}],"wp:attachment":[{"href":"https:\/\/librairie7l.com\/en\/wp-json\/wp\/v2\/media?parent=37859"}],"wp:term":[{"taxonomy":"product_cat","embeddable":true,"href":"https:\/\/librairie7l.com\/en\/wp-json\/wp\/v2\/product_cat?post=37859"},{"taxonomy":"product_tag","embeddable":true,"href":"https:\/\/librairie7l.com\/en\/wp-json\/wp\/v2\/product_tag?post=37859"}],"curies":[{"name":"wp","href":"https:\/\/api.w.org\/{rel}","templated":true}]}}