{"id":37876,"date":"2023-11-24T09:16:24","date_gmt":"2023-11-24T08:16:24","guid":{"rendered":"https:\/\/librairie7l.com\/?post_type=product&#038;p=37876"},"modified":"2026-04-15T18:10:06","modified_gmt":"2026-04-15T16:10:06","slug":"little-book-of-yves-saint-laurent-lhistoire-dun-couturier-de-legende","status":"publish","type":"product","link":"https:\/\/librairie7l.com\/en\/produit\/little-book-of-yves-saint-laurent-lhistoire-dun-couturier-de-legende\/","title":{"rendered":"LITTLE BOOK OF YVES SAINT-LAURENT : L&#8217;HISTOIRE D&#8217;UN COUTURIER DE L\u00c9GENDE"},"content":{"rendered":"<p>Little Book of Yves Saint Laurent retrace la vie et l&#8217;oeuvre de ce cr\u00e9ateur \u00e9nigmatique et audacieux qui a marqu\u00e9 l&#8217;\u00e9poque de son empreinte. Au fil des pages, retrouvez ce qui fait l&#8217;essence d&#8217;une certaine \u00e9l\u00e9gance \u00e0 la fran\u00e7aise.<br \/>\nC&#8217;est \u00e0 Yves Saint Laurent que l&#8217;on doit l&#8217;\u00e9l\u00e9vation de la haute couture au rang d&#8217;art, la transformation du d\u00e9fil\u00e9 de mode en un spectacle \u00e9poustouflant et le renouvellement de la mode f\u00e9minine vers une silhouette plus androgyne.<\/p>\n<p>N\u00e9 \u00e0 Alger, venu \u00e9tudier la mode \u00e0 Paris, \u00e0 l&#8217;\u00e2ge de 18 ans, Saint Laurent est vite devenu le bras droit de Christian Dior, avant de prendre la t\u00eate de la marque Dior \u00e0 la mort de son fondateur. En 1961, il fonde sa propre maison de couture. Tr\u00e8s vite, il r\u00e9volutionne la mode, avec son c\u00e9l\u00e8bre tailleur-pantalon, le smoking, et sa robe Mondrian. Il popularise la veste en cuir et la saharienne, s&#8217;inspire de la rue et de la jeunesse, et stup\u00e9fie le monde par ses cr\u00e9ations entre luxe et po\u00e9sie, rigueur et sensualit\u00e9. <\/p>\n<p>Little Book of Yves Saint Laurent retrace la vie et l&#8217;oeuvre de ce cr\u00e9ateur \u00e9nigmatique et audacieux qui a marqu\u00e9 l&#8217;\u00e9poque de son empreinte. Au fil des pages, retrouvez ce qui fait l&#8217;essence d&#8217;une certaine \u00e9l\u00e9gance \u00e0 la fran\u00e7aise.<\/p>\n","protected":false},"excerpt":{"rendered":"<p>Little Book of Yves Saint Laurent retrace la vie et l&#8217;oeuvre de ce cr\u00e9ateur \u00e9nigmatique et audacieux qui a marqu\u00e9 l&#8217;\u00e9poque de son empreinte. Au fil des pages, retrouvez ce qui fait l&#8217;essence d&#8217;une certaine \u00e9l\u00e9gance \u00e0 la fran\u00e7aise. C&#8217;est \u00e0 Yves Saint Laurent que l&#8217;on doit l&#8217;\u00e9l\u00e9vation de la haute couture au rang d&#8217;art, [&hellip;]<\/p>\n","protected":false},"featured_media":37874,"template":"","meta":[],"product_cat":[55,2948,2957,19],"product_tag":[],"acf":[],"yoast_head":"<!-- This site is optimized with the Yoast SEO plugin v20.11 - https:\/\/yoast.com\/wordpress\/plugins\/seo\/ -->\n<title>Little book of Yves Saint-Laurent : L&#039;histoire d&#039;un couturier de l\u00e9gende - Librairie 7L<\/title>\n<meta name=\"robots\" content=\"index, follow, max-snippet:-1, max-image-preview:large, max-video-preview:-1\" \/>\n<link rel=\"canonical\" href=\"https:\/\/librairie7l.com\/en\/produit\/little-book-of-yves-saint-laurent-lhistoire-dun-couturier-de-legende\/\" \/>\n<meta property=\"og:locale\" content=\"en_US\" \/>\n<meta property=\"og:type\" content=\"article\" \/>\n<meta property=\"og:title\" content=\"Little book of Yves Saint-Laurent : L&#039;histoire d&#039;un couturier de l\u00e9gende - Librairie 7L\" \/>\n<meta property=\"og:description\" content=\"Little Book of Yves Saint Laurent retrace la vie et l&#8217;oeuvre de ce cr\u00e9ateur \u00e9nigmatique et audacieux qui a marqu\u00e9 l&#8217;\u00e9poque de son empreinte. Au fil des pages, retrouvez ce qui fait l&#8217;essence d&#8217;une certaine \u00e9l\u00e9gance \u00e0 la fran\u00e7aise. C&#8217;est \u00e0 Yves Saint Laurent que l&#8217;on doit l&#8217;\u00e9l\u00e9vation de la haute couture au rang d&#8217;art, [&hellip;]\" \/>\n<meta property=\"og:url\" content=\"https:\/\/librairie7l.com\/en\/produit\/little-book-of-yves-saint-laurent-lhistoire-dun-couturier-de-legende\/\" \/>\n<meta property=\"og:site_name\" content=\"Librairie 7L\" \/>\n<meta property=\"article:modified_time\" content=\"2026-04-15T16:10:06+00:00\" \/>\n<meta property=\"og:image\" content=\"https:\/\/librairie7l.com\/wp-content\/uploads\/2023\/04\/9782809919899_1_75.jpg\" \/>\n\t<meta property=\"og:image:width\" content=\"329\" \/>\n\t<meta property=\"og:image:height\" content=\"458\" \/>\n\t<meta property=\"og:image:type\" content=\"image\/jpeg\" \/>\n<meta name=\"twitter:card\" content=\"summary_large_image\" \/>\n<meta name=\"twitter:label1\" content=\"Est. reading time\" \/>\n\t<meta name=\"twitter:data1\" content=\"1 minute\" \/>\n<script type=\"application\/ld+json\" class=\"yoast-schema-graph\">{\"@context\":\"https:\/\/schema.org\",\"@graph\":[{\"@type\":\"WebPage\",\"@id\":\"https:\/\/librairie7l.com\/en\/produit\/little-book-of-yves-saint-laurent-lhistoire-dun-couturier-de-legende\/\",\"url\":\"https:\/\/librairie7l.com\/en\/produit\/little-book-of-yves-saint-laurent-lhistoire-dun-couturier-de-legende\/\",\"name\":\"Little book of Yves Saint-Laurent : L'histoire d'un couturier de l\u00e9gende - Librairie 7L\",\"isPartOf\":{\"@id\":\"https:\/\/librairie7l.com\/en\/#website\"},\"datePublished\":\"2023-11-24T08:16:24+00:00\",\"dateModified\":\"2026-04-15T16:10:06+00:00\",\"breadcrumb\":{\"@id\":\"https:\/\/librairie7l.com\/en\/produit\/little-book-of-yves-saint-laurent-lhistoire-dun-couturier-de-legende\/#breadcrumb\"},\"inLanguage\":\"en-US\",\"potentialAction\":[{\"@type\":\"ReadAction\",\"target\":[\"https:\/\/librairie7l.com\/en\/produit\/little-book-of-yves-saint-laurent-lhistoire-dun-couturier-de-legende\/\"]}]},{\"@type\":\"BreadcrumbList\",\"@id\":\"https:\/\/librairie7l.com\/en\/produit\/little-book-of-yves-saint-laurent-lhistoire-dun-couturier-de-legende\/#breadcrumb\",\"itemListElement\":[{\"@type\":\"ListItem\",\"position\":1,\"name\":\"Accueil\",\"item\":\"https:\/\/librairie7l.com\/en\/\"},{\"@type\":\"ListItem\",\"position\":2,\"name\":\"Shop\",\"item\":\"https:\/\/librairie7l.com\/en\/shop\/\"},{\"@type\":\"ListItem\",\"position\":3,\"name\":\"LITTLE BOOK OF YVES SAINT-LAURENT : L&#8217;HISTOIRE D&#8217;UN COUTURIER DE L\u00c9GENDE\"}]},{\"@type\":\"WebSite\",\"@id\":\"https:\/\/librairie7l.com\/en\/#website\",\"url\":\"https:\/\/librairie7l.com\/en\/\",\"name\":\"Librairie 7L\",\"description\":\"Librairie fond\u00e9e en 1999 par Karl Lagerfeld \u00e0 Paris\",\"publisher\":{\"@id\":\"https:\/\/librairie7l.com\/en\/#organization\"},\"potentialAction\":[{\"@type\":\"SearchAction\",\"target\":{\"@type\":\"EntryPoint\",\"urlTemplate\":\"https:\/\/librairie7l.com\/en\/?s={search_term_string}\"},\"query-input\":\"required name=search_term_string\"}],\"inLanguage\":\"en-US\"},{\"@type\":\"Organization\",\"@id\":\"https:\/\/librairie7l.com\/en\/#organization\",\"name\":\"Librairie 7L\",\"url\":\"https:\/\/librairie7l.com\/en\/\",\"logo\":{\"@type\":\"ImageObject\",\"inLanguage\":\"en-US\",\"@id\":\"https:\/\/librairie7l.com\/en\/#\/schema\/logo\/image\/\",\"url\":\"https:\/\/librairie7l.com\/wp-content\/uploads\/2022\/08\/logo-1.png\",\"contentUrl\":\"https:\/\/librairie7l.com\/wp-content\/uploads\/2022\/08\/logo-1.png\",\"width\":227,\"height\":301,\"caption\":\"Librairie 7L\"},\"image\":{\"@id\":\"https:\/\/librairie7l.com\/en\/#\/schema\/logo\/image\/\"}}]}<\/script>\n<!-- \/ Yoast SEO plugin. -->","yoast_head_json":{"title":"Little book of Yves Saint-Laurent : L'histoire d'un couturier de l\u00e9gende - Librairie 7L","robots":{"index":"index","follow":"follow","max-snippet":"max-snippet:-1","max-image-preview":"max-image-preview:large","max-video-preview":"max-video-preview:-1"},"canonical":"https:\/\/librairie7l.com\/en\/produit\/little-book-of-yves-saint-laurent-lhistoire-dun-couturier-de-legende\/","og_locale":"en_US","og_type":"article","og_title":"Little book of Yves Saint-Laurent : L'histoire d'un couturier de l\u00e9gende - Librairie 7L","og_description":"Little Book of Yves Saint Laurent retrace la vie et l&#8217;oeuvre de ce cr\u00e9ateur \u00e9nigmatique et audacieux qui a marqu\u00e9 l&#8217;\u00e9poque de son empreinte. Au fil des pages, retrouvez ce qui fait l&#8217;essence d&#8217;une certaine \u00e9l\u00e9gance \u00e0 la fran\u00e7aise. C&#8217;est \u00e0 Yves Saint Laurent que l&#8217;on doit l&#8217;\u00e9l\u00e9vation de la haute couture au rang d&#8217;art, [&hellip;]","og_url":"https:\/\/librairie7l.com\/en\/produit\/little-book-of-yves-saint-laurent-lhistoire-dun-couturier-de-legende\/","og_site_name":"Librairie 7L","article_modified_time":"2026-04-15T16:10:06+00:00","og_image":[{"width":329,"height":458,"url":"https:\/\/librairie7l.com\/wp-content\/uploads\/2023\/04\/9782809919899_1_75.jpg","type":"image\/jpeg"}],"twitter_card":"summary_large_image","twitter_misc":{"Est. reading time":"1 minute"},"schema":{"@context":"https:\/\/schema.org","@graph":[{"@type":"WebPage","@id":"https:\/\/librairie7l.com\/en\/produit\/little-book-of-yves-saint-laurent-lhistoire-dun-couturier-de-legende\/","url":"https:\/\/librairie7l.com\/en\/produit\/little-book-of-yves-saint-laurent-lhistoire-dun-couturier-de-legende\/","name":"Little book of Yves Saint-Laurent : L'histoire d'un couturier de l\u00e9gende - Librairie 7L","isPartOf":{"@id":"https:\/\/librairie7l.com\/en\/#website"},"datePublished":"2023-11-24T08:16:24+00:00","dateModified":"2026-04-15T16:10:06+00:00","breadcrumb":{"@id":"https:\/\/librairie7l.com\/en\/produit\/little-book-of-yves-saint-laurent-lhistoire-dun-couturier-de-legende\/#breadcrumb"},"inLanguage":"en-US","potentialAction":[{"@type":"ReadAction","target":["https:\/\/librairie7l.com\/en\/produit\/little-book-of-yves-saint-laurent-lhistoire-dun-couturier-de-legende\/"]}]},{"@type":"BreadcrumbList","@id":"https:\/\/librairie7l.com\/en\/produit\/little-book-of-yves-saint-laurent-lhistoire-dun-couturier-de-legende\/#breadcrumb","itemListElement":[{"@type":"ListItem","position":1,"name":"Accueil","item":"https:\/\/librairie7l.com\/en\/"},{"@type":"ListItem","position":2,"name":"Shop","item":"https:\/\/librairie7l.com\/en\/shop\/"},{"@type":"ListItem","position":3,"name":"LITTLE BOOK OF YVES SAINT-LAURENT : L&#8217;HISTOIRE D&#8217;UN COUTURIER DE L\u00c9GENDE"}]},{"@type":"WebSite","@id":"https:\/\/librairie7l.com\/en\/#website","url":"https:\/\/librairie7l.com\/en\/","name":"Librairie 7L","description":"Librairie fond\u00e9e en 1999 par Karl Lagerfeld \u00e0 Paris","publisher":{"@id":"https:\/\/librairie7l.com\/en\/#organization"},"potentialAction":[{"@type":"SearchAction","target":{"@type":"EntryPoint","urlTemplate":"https:\/\/librairie7l.com\/en\/?s={search_term_string}"},"query-input":"required name=search_term_string"}],"inLanguage":"en-US"},{"@type":"Organization","@id":"https:\/\/librairie7l.com\/en\/#organization","name":"Librairie 7L","url":"https:\/\/librairie7l.com\/en\/","logo":{"@type":"ImageObject","inLanguage":"en-US","@id":"https:\/\/librairie7l.com\/en\/#\/schema\/logo\/image\/","url":"https:\/\/librairie7l.com\/wp-content\/uploads\/2022\/08\/logo-1.png","contentUrl":"https:\/\/librairie7l.com\/wp-content\/uploads\/2022\/08\/logo-1.png","width":227,"height":301,"caption":"Librairie 7L"},"image":{"@id":"https:\/\/librairie7l.com\/en\/#\/schema\/logo\/image\/"}}]}},"_links":{"self":[{"href":"https:\/\/librairie7l.com\/en\/wp-json\/wp\/v2\/product\/37876"}],"collection":[{"href":"https:\/\/librairie7l.com\/en\/wp-json\/wp\/v2\/product"}],"about":[{"href":"https:\/\/librairie7l.com\/en\/wp-json\/wp\/v2\/types\/product"}],"wp:featuredmedia":[{"embeddable":true,"href":"https:\/\/librairie7l.com\/en\/wp-json\/wp\/v2\/media\/37874"}],"wp:attachment":[{"href":"https:\/\/librairie7l.com\/en\/wp-json\/wp\/v2\/media?parent=37876"}],"wp:term":[{"taxonomy":"product_cat","embeddable":true,"href":"https:\/\/librairie7l.com\/en\/wp-json\/wp\/v2\/product_cat?post=37876"},{"taxonomy":"product_tag","embeddable":true,"href":"https:\/\/librairie7l.com\/en\/wp-json\/wp\/v2\/product_tag?post=37876"}],"curies":[{"name":"wp","href":"https:\/\/api.w.org\/{rel}","templated":true}]}}