{"id":37880,"date":"2023-11-24T09:16:28","date_gmt":"2023-11-24T08:16:28","guid":{"rendered":"https:\/\/librairie7l.com\/?post_type=product&#038;p=37880"},"modified":"2026-04-08T00:46:06","modified_gmt":"2026-04-07T22:46:06","slug":"little-book-of-hermes-lhistoire-dune-maison-de-mode-mythique","status":"publish","type":"product","link":"https:\/\/librairie7l.com\/en\/produit\/little-book-of-hermes-lhistoire-dune-maison-de-mode-mythique\/","title":{"rendered":"LITTLE BOOK OF HERM\u00c8S : L&#8217;HISTOIRE D&#8217;UNE MAISON DE MODE MYTHIQUE"},"content":{"rendered":"<p>Vous connaissez les incontournables sacs Birkin et Kelly que toutes les c\u00e9l\u00e9brit\u00e9s s&#8217;arrachent. Mais connaissez vous vraiment l&#8217;histoire d&#8217;Herm\u00e8s ? Ce Little Book vous raconte le succ\u00e8s de la maison au savoir-faire incomparable, qui a d\u00e9velopp\u00e9 sa renomm\u00e9e par une ma\u00eetrise artisanale du cuir et de la sellerie jusqu&#8217;\u00e0 devenir une r\u00e9f\u00e9rence in\u00e9gal\u00e9e du luxe. <\/p>\n<p>Du petit atelier de Thierry Herm\u00e8s, au ph\u00e9nom\u00e8ne mondial actuel, Herm\u00e8s a habill\u00e9 les plus grandes stars, de Grace Kelly \u00e0 Cardi B, en passant par Victoria Beckham et Lady Gaga.<\/p>\n<p>D\u00e9couvrez au fil des pages les secrets des mythiques carr\u00e9s de soie, sacs et autres accessoires qui ont fait le prestige de la marque, et revivez les collections de Jean Paul Gaultier, Martin Margiela ou encore V\u00e9ronique Nichanian, qui, tous \u00e0 leur mani\u00e8re, ont donn\u00e9 leur interpr\u00e9tation de l&#8217;\u00e9l\u00e9gance selon Herm\u00e8s.<\/p>\n","protected":false},"excerpt":{"rendered":"<p>Vous connaissez les incontournables sacs Birkin et Kelly que toutes les c\u00e9l\u00e9brit\u00e9s s&#8217;arrachent. Mais connaissez vous vraiment l&#8217;histoire d&#8217;Herm\u00e8s ? Ce Little Book vous raconte le succ\u00e8s de la maison au savoir-faire incomparable, qui a d\u00e9velopp\u00e9 sa renomm\u00e9e par une ma\u00eetrise artisanale du cuir et de la sellerie jusqu&#8217;\u00e0 devenir une r\u00e9f\u00e9rence in\u00e9gal\u00e9e du luxe. [&hellip;]<\/p>\n","protected":false},"featured_media":37878,"template":"","meta":[],"product_cat":[55,2948,2957,19],"product_tag":[],"acf":[],"yoast_head":"<!-- This site is optimized with the Yoast SEO plugin v20.11 - https:\/\/yoast.com\/wordpress\/plugins\/seo\/ -->\n<title>Little book of Herm\u00e8s : L&#039;histoire d&#039;une maison de mode mythique - Librairie 7L<\/title>\n<meta name=\"robots\" content=\"index, follow, max-snippet:-1, max-image-preview:large, max-video-preview:-1\" \/>\n<link rel=\"canonical\" href=\"https:\/\/librairie7l.com\/en\/produit\/little-book-of-hermes-lhistoire-dune-maison-de-mode-mythique\/\" \/>\n<meta property=\"og:locale\" content=\"en_US\" \/>\n<meta property=\"og:type\" content=\"article\" \/>\n<meta property=\"og:title\" content=\"Little book of Herm\u00e8s : L&#039;histoire d&#039;une maison de mode mythique - Librairie 7L\" \/>\n<meta property=\"og:description\" content=\"Vous connaissez les incontournables sacs Birkin et Kelly que toutes les c\u00e9l\u00e9brit\u00e9s s&#8217;arrachent. Mais connaissez vous vraiment l&#8217;histoire d&#8217;Herm\u00e8s ? Ce Little Book vous raconte le succ\u00e8s de la maison au savoir-faire incomparable, qui a d\u00e9velopp\u00e9 sa renomm\u00e9e par une ma\u00eetrise artisanale du cuir et de la sellerie jusqu&#8217;\u00e0 devenir une r\u00e9f\u00e9rence in\u00e9gal\u00e9e du luxe. [&hellip;]\" \/>\n<meta property=\"og:url\" content=\"https:\/\/librairie7l.com\/en\/produit\/little-book-of-hermes-lhistoire-dune-maison-de-mode-mythique\/\" \/>\n<meta property=\"og:site_name\" content=\"Librairie 7L\" \/>\n<meta property=\"article:modified_time\" content=\"2026-04-07T22:46:06+00:00\" \/>\n<meta property=\"og:image\" content=\"https:\/\/librairie7l.com\/wp-content\/uploads\/2023\/06\/9782809920178_1_75.jpg\" \/>\n\t<meta property=\"og:image:width\" content=\"600\" \/>\n\t<meta property=\"og:image:height\" content=\"871\" \/>\n\t<meta property=\"og:image:type\" content=\"image\/jpeg\" \/>\n<meta name=\"twitter:card\" content=\"summary_large_image\" \/>\n<meta name=\"twitter:label1\" content=\"Est. reading time\" \/>\n\t<meta name=\"twitter:data1\" content=\"1 minute\" \/>\n<script type=\"application\/ld+json\" class=\"yoast-schema-graph\">{\"@context\":\"https:\/\/schema.org\",\"@graph\":[{\"@type\":\"WebPage\",\"@id\":\"https:\/\/librairie7l.com\/en\/produit\/little-book-of-hermes-lhistoire-dune-maison-de-mode-mythique\/\",\"url\":\"https:\/\/librairie7l.com\/en\/produit\/little-book-of-hermes-lhistoire-dune-maison-de-mode-mythique\/\",\"name\":\"Little book of Herm\u00e8s : L'histoire d'une maison de mode mythique - Librairie 7L\",\"isPartOf\":{\"@id\":\"https:\/\/librairie7l.com\/en\/#website\"},\"datePublished\":\"2023-11-24T08:16:28+00:00\",\"dateModified\":\"2026-04-07T22:46:06+00:00\",\"breadcrumb\":{\"@id\":\"https:\/\/librairie7l.com\/en\/produit\/little-book-of-hermes-lhistoire-dune-maison-de-mode-mythique\/#breadcrumb\"},\"inLanguage\":\"en-US\",\"potentialAction\":[{\"@type\":\"ReadAction\",\"target\":[\"https:\/\/librairie7l.com\/en\/produit\/little-book-of-hermes-lhistoire-dune-maison-de-mode-mythique\/\"]}]},{\"@type\":\"BreadcrumbList\",\"@id\":\"https:\/\/librairie7l.com\/en\/produit\/little-book-of-hermes-lhistoire-dune-maison-de-mode-mythique\/#breadcrumb\",\"itemListElement\":[{\"@type\":\"ListItem\",\"position\":1,\"name\":\"Accueil\",\"item\":\"https:\/\/librairie7l.com\/en\/\"},{\"@type\":\"ListItem\",\"position\":2,\"name\":\"Shop\",\"item\":\"https:\/\/librairie7l.com\/en\/shop\/\"},{\"@type\":\"ListItem\",\"position\":3,\"name\":\"LITTLE BOOK OF HERM\u00c8S : L&#8217;HISTOIRE D&#8217;UNE MAISON DE MODE MYTHIQUE\"}]},{\"@type\":\"WebSite\",\"@id\":\"https:\/\/librairie7l.com\/en\/#website\",\"url\":\"https:\/\/librairie7l.com\/en\/\",\"name\":\"Librairie 7L\",\"description\":\"Librairie fond\u00e9e en 1999 par Karl Lagerfeld \u00e0 Paris\",\"publisher\":{\"@id\":\"https:\/\/librairie7l.com\/en\/#organization\"},\"potentialAction\":[{\"@type\":\"SearchAction\",\"target\":{\"@type\":\"EntryPoint\",\"urlTemplate\":\"https:\/\/librairie7l.com\/en\/?s={search_term_string}\"},\"query-input\":\"required name=search_term_string\"}],\"inLanguage\":\"en-US\"},{\"@type\":\"Organization\",\"@id\":\"https:\/\/librairie7l.com\/en\/#organization\",\"name\":\"Librairie 7L\",\"url\":\"https:\/\/librairie7l.com\/en\/\",\"logo\":{\"@type\":\"ImageObject\",\"inLanguage\":\"en-US\",\"@id\":\"https:\/\/librairie7l.com\/en\/#\/schema\/logo\/image\/\",\"url\":\"https:\/\/librairie7l.com\/wp-content\/uploads\/2022\/08\/logo-1.png\",\"contentUrl\":\"https:\/\/librairie7l.com\/wp-content\/uploads\/2022\/08\/logo-1.png\",\"width\":227,\"height\":301,\"caption\":\"Librairie 7L\"},\"image\":{\"@id\":\"https:\/\/librairie7l.com\/en\/#\/schema\/logo\/image\/\"}}]}<\/script>\n<!-- \/ Yoast SEO plugin. -->","yoast_head_json":{"title":"Little book of Herm\u00e8s : L'histoire d'une maison de mode mythique - Librairie 7L","robots":{"index":"index","follow":"follow","max-snippet":"max-snippet:-1","max-image-preview":"max-image-preview:large","max-video-preview":"max-video-preview:-1"},"canonical":"https:\/\/librairie7l.com\/en\/produit\/little-book-of-hermes-lhistoire-dune-maison-de-mode-mythique\/","og_locale":"en_US","og_type":"article","og_title":"Little book of Herm\u00e8s : L'histoire d'une maison de mode mythique - Librairie 7L","og_description":"Vous connaissez les incontournables sacs Birkin et Kelly que toutes les c\u00e9l\u00e9brit\u00e9s s&#8217;arrachent. Mais connaissez vous vraiment l&#8217;histoire d&#8217;Herm\u00e8s ? Ce Little Book vous raconte le succ\u00e8s de la maison au savoir-faire incomparable, qui a d\u00e9velopp\u00e9 sa renomm\u00e9e par une ma\u00eetrise artisanale du cuir et de la sellerie jusqu&#8217;\u00e0 devenir une r\u00e9f\u00e9rence in\u00e9gal\u00e9e du luxe. [&hellip;]","og_url":"https:\/\/librairie7l.com\/en\/produit\/little-book-of-hermes-lhistoire-dune-maison-de-mode-mythique\/","og_site_name":"Librairie 7L","article_modified_time":"2026-04-07T22:46:06+00:00","og_image":[{"width":600,"height":871,"url":"https:\/\/librairie7l.com\/wp-content\/uploads\/2023\/06\/9782809920178_1_75.jpg","type":"image\/jpeg"}],"twitter_card":"summary_large_image","twitter_misc":{"Est. reading time":"1 minute"},"schema":{"@context":"https:\/\/schema.org","@graph":[{"@type":"WebPage","@id":"https:\/\/librairie7l.com\/en\/produit\/little-book-of-hermes-lhistoire-dune-maison-de-mode-mythique\/","url":"https:\/\/librairie7l.com\/en\/produit\/little-book-of-hermes-lhistoire-dune-maison-de-mode-mythique\/","name":"Little book of Herm\u00e8s : L'histoire d'une maison de mode mythique - Librairie 7L","isPartOf":{"@id":"https:\/\/librairie7l.com\/en\/#website"},"datePublished":"2023-11-24T08:16:28+00:00","dateModified":"2026-04-07T22:46:06+00:00","breadcrumb":{"@id":"https:\/\/librairie7l.com\/en\/produit\/little-book-of-hermes-lhistoire-dune-maison-de-mode-mythique\/#breadcrumb"},"inLanguage":"en-US","potentialAction":[{"@type":"ReadAction","target":["https:\/\/librairie7l.com\/en\/produit\/little-book-of-hermes-lhistoire-dune-maison-de-mode-mythique\/"]}]},{"@type":"BreadcrumbList","@id":"https:\/\/librairie7l.com\/en\/produit\/little-book-of-hermes-lhistoire-dune-maison-de-mode-mythique\/#breadcrumb","itemListElement":[{"@type":"ListItem","position":1,"name":"Accueil","item":"https:\/\/librairie7l.com\/en\/"},{"@type":"ListItem","position":2,"name":"Shop","item":"https:\/\/librairie7l.com\/en\/shop\/"},{"@type":"ListItem","position":3,"name":"LITTLE BOOK OF HERM\u00c8S : L&#8217;HISTOIRE D&#8217;UNE MAISON DE MODE MYTHIQUE"}]},{"@type":"WebSite","@id":"https:\/\/librairie7l.com\/en\/#website","url":"https:\/\/librairie7l.com\/en\/","name":"Librairie 7L","description":"Librairie fond\u00e9e en 1999 par Karl Lagerfeld \u00e0 Paris","publisher":{"@id":"https:\/\/librairie7l.com\/en\/#organization"},"potentialAction":[{"@type":"SearchAction","target":{"@type":"EntryPoint","urlTemplate":"https:\/\/librairie7l.com\/en\/?s={search_term_string}"},"query-input":"required name=search_term_string"}],"inLanguage":"en-US"},{"@type":"Organization","@id":"https:\/\/librairie7l.com\/en\/#organization","name":"Librairie 7L","url":"https:\/\/librairie7l.com\/en\/","logo":{"@type":"ImageObject","inLanguage":"en-US","@id":"https:\/\/librairie7l.com\/en\/#\/schema\/logo\/image\/","url":"https:\/\/librairie7l.com\/wp-content\/uploads\/2022\/08\/logo-1.png","contentUrl":"https:\/\/librairie7l.com\/wp-content\/uploads\/2022\/08\/logo-1.png","width":227,"height":301,"caption":"Librairie 7L"},"image":{"@id":"https:\/\/librairie7l.com\/en\/#\/schema\/logo\/image\/"}}]}},"_links":{"self":[{"href":"https:\/\/librairie7l.com\/en\/wp-json\/wp\/v2\/product\/37880"}],"collection":[{"href":"https:\/\/librairie7l.com\/en\/wp-json\/wp\/v2\/product"}],"about":[{"href":"https:\/\/librairie7l.com\/en\/wp-json\/wp\/v2\/types\/product"}],"wp:featuredmedia":[{"embeddable":true,"href":"https:\/\/librairie7l.com\/en\/wp-json\/wp\/v2\/media\/37878"}],"wp:attachment":[{"href":"https:\/\/librairie7l.com\/en\/wp-json\/wp\/v2\/media?parent=37880"}],"wp:term":[{"taxonomy":"product_cat","embeddable":true,"href":"https:\/\/librairie7l.com\/en\/wp-json\/wp\/v2\/product_cat?post=37880"},{"taxonomy":"product_tag","embeddable":true,"href":"https:\/\/librairie7l.com\/en\/wp-json\/wp\/v2\/product_tag?post=37880"}],"curies":[{"name":"wp","href":"https:\/\/api.w.org\/{rel}","templated":true}]}}