{"id":37884,"date":"2023-11-24T09:16:33","date_gmt":"2023-11-24T08:16:33","guid":{"rendered":"https:\/\/librairie7l.com\/?post_type=product&#038;p=37884"},"modified":"2026-04-08T20:39:42","modified_gmt":"2026-04-08T18:39:42","slug":"little-book-of-prada-lhistoire-dune-maison-de-mode-mythique","status":"publish","type":"product","link":"https:\/\/librairie7l.com\/en\/produit\/little-book-of-prada-lhistoire-dune-maison-de-mode-mythique\/","title":{"rendered":"LITTLE BOOK OF PRADA : L&#8217;HISTOIRE D&#8217;UNE MAISON DE MODE MYTHIQUE"},"content":{"rendered":"<p>, L&#8217;\u00e9l\u00e9gance et le luxe discrets, les tissus innovants et l&#8217;originalit\u00e9 sublime du design sont autant de caract\u00e9ristiques de la maison Prada. Dans cette monographie magnifiquement illustr\u00e9e, Laia Farran Graves retrace l&#8217;histoire et l&#8217;h\u00e9ritage de la marque, depuis ses origines en tant que fabricant de maroquinerie jusqu&#8217;\u00e0 l&#8217;empire mondial de la mode cr\u00e9\u00e9 et dirig\u00e9 par Miuccia Prada.<\/p>\n<p>Le petit livre de Prada explore les \u00e9volutions et les innovations de la marque, ainsi que l&#8217;\u00e9thique du design qui s&#8217;inspire d&#8217;un int\u00e9r\u00eat pour le minimalisme et l&#8217;art contemporain. Des images de v\u00eatements individuels, des photos de d\u00e9fil\u00e9s et des photographies de mode rendent hommage \u00e0 l&#8217;une des maisons de mode les plus influentes au monde et \u00e0 la femme qui en est \u00e0 l&#8217;origine.<\/p>\n<p>Understated elegance and luxury, innovative fabrics and sublime originality of design are all hallmarks of the house of Prada. In this beautifully illustrated monograph, Laia Farran Graves documents the history and heritage of the brand, from the company&#8217;s origins as a leather goods manufacturer to the global fashion empire created and helmed by Miuccia Prada.<\/p>\n<p>Little Book of Prada explores the evolutions and innovations of the brand, as well as a design ethos informed by an interest in minimalism and contemporary art. Images of individual garments, catwalk shots and fashion photography pay tribute to one of the world&#8217;s most influential fashion houses and the woman behind it.<\/p>\n","protected":false},"excerpt":{"rendered":"<p>, L&#8217;\u00e9l\u00e9gance et le luxe discrets, les tissus innovants et l&#8217;originalit\u00e9 sublime du design sont autant de caract\u00e9ristiques de la maison Prada. Dans cette monographie magnifiquement illustr\u00e9e, Laia Farran Graves retrace l&#8217;histoire et l&#8217;h\u00e9ritage de la marque, depuis ses origines en tant que fabricant de maroquinerie jusqu&#8217;\u00e0 l&#8217;empire mondial de la mode cr\u00e9\u00e9 et dirig\u00e9 [&hellip;]<\/p>\n","protected":false},"featured_media":37882,"template":"","meta":[],"product_cat":[2948,2957],"product_tag":[],"acf":[],"yoast_head":"<!-- This site is optimized with the Yoast SEO plugin v20.11 - https:\/\/yoast.com\/wordpress\/plugins\/seo\/ -->\n<title>Little book of Prada : l&#039;histoire d&#039;une maison de mode mythique - Librairie 7L<\/title>\n<meta name=\"robots\" content=\"index, follow, max-snippet:-1, max-image-preview:large, max-video-preview:-1\" \/>\n<link rel=\"canonical\" href=\"https:\/\/librairie7l.com\/en\/produit\/little-book-of-prada-lhistoire-dune-maison-de-mode-mythique\/\" \/>\n<meta property=\"og:locale\" content=\"en_US\" \/>\n<meta property=\"og:type\" content=\"article\" \/>\n<meta property=\"og:title\" content=\"Little book of Prada : l&#039;histoire d&#039;une maison de mode mythique - Librairie 7L\" \/>\n<meta property=\"og:description\" content=\", L&#8217;\u00e9l\u00e9gance et le luxe discrets, les tissus innovants et l&#8217;originalit\u00e9 sublime du design sont autant de caract\u00e9ristiques de la maison Prada. Dans cette monographie magnifiquement illustr\u00e9e, Laia Farran Graves retrace l&#8217;histoire et l&#8217;h\u00e9ritage de la marque, depuis ses origines en tant que fabricant de maroquinerie jusqu&#8217;\u00e0 l&#8217;empire mondial de la mode cr\u00e9\u00e9 et dirig\u00e9 [&hellip;]\" \/>\n<meta property=\"og:url\" content=\"https:\/\/librairie7l.com\/en\/produit\/little-book-of-prada-lhistoire-dune-maison-de-mode-mythique\/\" \/>\n<meta property=\"og:site_name\" content=\"Librairie 7L\" \/>\n<meta property=\"article:modified_time\" content=\"2026-04-08T18:39:42+00:00\" \/>\n<meta property=\"og:image\" content=\"https:\/\/librairie7l.com\/wp-content\/uploads\/2023\/06\/9782809920185_1_75.jpg\" \/>\n\t<meta property=\"og:image:width\" content=\"600\" \/>\n\t<meta property=\"og:image:height\" content=\"830\" \/>\n\t<meta property=\"og:image:type\" content=\"image\/jpeg\" \/>\n<meta name=\"twitter:card\" content=\"summary_large_image\" \/>\n<meta name=\"twitter:label1\" content=\"Est. reading time\" \/>\n\t<meta name=\"twitter:data1\" content=\"1 minute\" \/>\n<script type=\"application\/ld+json\" class=\"yoast-schema-graph\">{\"@context\":\"https:\/\/schema.org\",\"@graph\":[{\"@type\":\"WebPage\",\"@id\":\"https:\/\/librairie7l.com\/en\/produit\/little-book-of-prada-lhistoire-dune-maison-de-mode-mythique\/\",\"url\":\"https:\/\/librairie7l.com\/en\/produit\/little-book-of-prada-lhistoire-dune-maison-de-mode-mythique\/\",\"name\":\"Little book of Prada : l'histoire d'une maison de mode mythique - Librairie 7L\",\"isPartOf\":{\"@id\":\"https:\/\/librairie7l.com\/en\/#website\"},\"datePublished\":\"2023-11-24T08:16:33+00:00\",\"dateModified\":\"2026-04-08T18:39:42+00:00\",\"breadcrumb\":{\"@id\":\"https:\/\/librairie7l.com\/en\/produit\/little-book-of-prada-lhistoire-dune-maison-de-mode-mythique\/#breadcrumb\"},\"inLanguage\":\"en-US\",\"potentialAction\":[{\"@type\":\"ReadAction\",\"target\":[\"https:\/\/librairie7l.com\/en\/produit\/little-book-of-prada-lhistoire-dune-maison-de-mode-mythique\/\"]}]},{\"@type\":\"BreadcrumbList\",\"@id\":\"https:\/\/librairie7l.com\/en\/produit\/little-book-of-prada-lhistoire-dune-maison-de-mode-mythique\/#breadcrumb\",\"itemListElement\":[{\"@type\":\"ListItem\",\"position\":1,\"name\":\"Accueil\",\"item\":\"https:\/\/librairie7l.com\/en\/\"},{\"@type\":\"ListItem\",\"position\":2,\"name\":\"Shop\",\"item\":\"https:\/\/librairie7l.com\/en\/shop\/\"},{\"@type\":\"ListItem\",\"position\":3,\"name\":\"LITTLE BOOK OF PRADA : L&#8217;HISTOIRE D&#8217;UNE MAISON DE MODE MYTHIQUE\"}]},{\"@type\":\"WebSite\",\"@id\":\"https:\/\/librairie7l.com\/en\/#website\",\"url\":\"https:\/\/librairie7l.com\/en\/\",\"name\":\"Librairie 7L\",\"description\":\"Librairie fond\u00e9e en 1999 par Karl Lagerfeld \u00e0 Paris\",\"publisher\":{\"@id\":\"https:\/\/librairie7l.com\/en\/#organization\"},\"potentialAction\":[{\"@type\":\"SearchAction\",\"target\":{\"@type\":\"EntryPoint\",\"urlTemplate\":\"https:\/\/librairie7l.com\/en\/?s={search_term_string}\"},\"query-input\":\"required name=search_term_string\"}],\"inLanguage\":\"en-US\"},{\"@type\":\"Organization\",\"@id\":\"https:\/\/librairie7l.com\/en\/#organization\",\"name\":\"Librairie 7L\",\"url\":\"https:\/\/librairie7l.com\/en\/\",\"logo\":{\"@type\":\"ImageObject\",\"inLanguage\":\"en-US\",\"@id\":\"https:\/\/librairie7l.com\/en\/#\/schema\/logo\/image\/\",\"url\":\"https:\/\/librairie7l.com\/wp-content\/uploads\/2022\/08\/logo-1.png\",\"contentUrl\":\"https:\/\/librairie7l.com\/wp-content\/uploads\/2022\/08\/logo-1.png\",\"width\":227,\"height\":301,\"caption\":\"Librairie 7L\"},\"image\":{\"@id\":\"https:\/\/librairie7l.com\/en\/#\/schema\/logo\/image\/\"}}]}<\/script>\n<!-- \/ Yoast SEO plugin. -->","yoast_head_json":{"title":"Little book of Prada : l'histoire d'une maison de mode mythique - Librairie 7L","robots":{"index":"index","follow":"follow","max-snippet":"max-snippet:-1","max-image-preview":"max-image-preview:large","max-video-preview":"max-video-preview:-1"},"canonical":"https:\/\/librairie7l.com\/en\/produit\/little-book-of-prada-lhistoire-dune-maison-de-mode-mythique\/","og_locale":"en_US","og_type":"article","og_title":"Little book of Prada : l'histoire d'une maison de mode mythique - Librairie 7L","og_description":", L&#8217;\u00e9l\u00e9gance et le luxe discrets, les tissus innovants et l&#8217;originalit\u00e9 sublime du design sont autant de caract\u00e9ristiques de la maison Prada. Dans cette monographie magnifiquement illustr\u00e9e, Laia Farran Graves retrace l&#8217;histoire et l&#8217;h\u00e9ritage de la marque, depuis ses origines en tant que fabricant de maroquinerie jusqu&#8217;\u00e0 l&#8217;empire mondial de la mode cr\u00e9\u00e9 et dirig\u00e9 [&hellip;]","og_url":"https:\/\/librairie7l.com\/en\/produit\/little-book-of-prada-lhistoire-dune-maison-de-mode-mythique\/","og_site_name":"Librairie 7L","article_modified_time":"2026-04-08T18:39:42+00:00","og_image":[{"width":600,"height":830,"url":"https:\/\/librairie7l.com\/wp-content\/uploads\/2023\/06\/9782809920185_1_75.jpg","type":"image\/jpeg"}],"twitter_card":"summary_large_image","twitter_misc":{"Est. reading time":"1 minute"},"schema":{"@context":"https:\/\/schema.org","@graph":[{"@type":"WebPage","@id":"https:\/\/librairie7l.com\/en\/produit\/little-book-of-prada-lhistoire-dune-maison-de-mode-mythique\/","url":"https:\/\/librairie7l.com\/en\/produit\/little-book-of-prada-lhistoire-dune-maison-de-mode-mythique\/","name":"Little book of Prada : l'histoire d'une maison de mode mythique - Librairie 7L","isPartOf":{"@id":"https:\/\/librairie7l.com\/en\/#website"},"datePublished":"2023-11-24T08:16:33+00:00","dateModified":"2026-04-08T18:39:42+00:00","breadcrumb":{"@id":"https:\/\/librairie7l.com\/en\/produit\/little-book-of-prada-lhistoire-dune-maison-de-mode-mythique\/#breadcrumb"},"inLanguage":"en-US","potentialAction":[{"@type":"ReadAction","target":["https:\/\/librairie7l.com\/en\/produit\/little-book-of-prada-lhistoire-dune-maison-de-mode-mythique\/"]}]},{"@type":"BreadcrumbList","@id":"https:\/\/librairie7l.com\/en\/produit\/little-book-of-prada-lhistoire-dune-maison-de-mode-mythique\/#breadcrumb","itemListElement":[{"@type":"ListItem","position":1,"name":"Accueil","item":"https:\/\/librairie7l.com\/en\/"},{"@type":"ListItem","position":2,"name":"Shop","item":"https:\/\/librairie7l.com\/en\/shop\/"},{"@type":"ListItem","position":3,"name":"LITTLE BOOK OF PRADA : L&#8217;HISTOIRE D&#8217;UNE MAISON DE MODE MYTHIQUE"}]},{"@type":"WebSite","@id":"https:\/\/librairie7l.com\/en\/#website","url":"https:\/\/librairie7l.com\/en\/","name":"Librairie 7L","description":"Librairie fond\u00e9e en 1999 par Karl Lagerfeld \u00e0 Paris","publisher":{"@id":"https:\/\/librairie7l.com\/en\/#organization"},"potentialAction":[{"@type":"SearchAction","target":{"@type":"EntryPoint","urlTemplate":"https:\/\/librairie7l.com\/en\/?s={search_term_string}"},"query-input":"required name=search_term_string"}],"inLanguage":"en-US"},{"@type":"Organization","@id":"https:\/\/librairie7l.com\/en\/#organization","name":"Librairie 7L","url":"https:\/\/librairie7l.com\/en\/","logo":{"@type":"ImageObject","inLanguage":"en-US","@id":"https:\/\/librairie7l.com\/en\/#\/schema\/logo\/image\/","url":"https:\/\/librairie7l.com\/wp-content\/uploads\/2022\/08\/logo-1.png","contentUrl":"https:\/\/librairie7l.com\/wp-content\/uploads\/2022\/08\/logo-1.png","width":227,"height":301,"caption":"Librairie 7L"},"image":{"@id":"https:\/\/librairie7l.com\/en\/#\/schema\/logo\/image\/"}}]}},"_links":{"self":[{"href":"https:\/\/librairie7l.com\/en\/wp-json\/wp\/v2\/product\/37884"}],"collection":[{"href":"https:\/\/librairie7l.com\/en\/wp-json\/wp\/v2\/product"}],"about":[{"href":"https:\/\/librairie7l.com\/en\/wp-json\/wp\/v2\/types\/product"}],"wp:featuredmedia":[{"embeddable":true,"href":"https:\/\/librairie7l.com\/en\/wp-json\/wp\/v2\/media\/37882"}],"wp:attachment":[{"href":"https:\/\/librairie7l.com\/en\/wp-json\/wp\/v2\/media?parent=37884"}],"wp:term":[{"taxonomy":"product_cat","embeddable":true,"href":"https:\/\/librairie7l.com\/en\/wp-json\/wp\/v2\/product_cat?post=37884"},{"taxonomy":"product_tag","embeddable":true,"href":"https:\/\/librairie7l.com\/en\/wp-json\/wp\/v2\/product_tag?post=37884"}],"curies":[{"name":"wp","href":"https:\/\/api.w.org\/{rel}","templated":true}]}}