{"id":37888,"date":"2023-11-24T09:16:37","date_gmt":"2023-11-24T08:16:37","guid":{"rendered":"https:\/\/librairie7l.com\/?post_type=product&#038;p=37888"},"modified":"2026-04-05T19:33:05","modified_gmt":"2026-04-05T17:33:05","slug":"little-book-of-louis-vuitton-lhistoire-dune-maison-de-mode-mythique","status":"publish","type":"product","link":"https:\/\/librairie7l.com\/en\/produit\/little-book-of-louis-vuitton-lhistoire-dune-maison-de-mode-mythique\/","title":{"rendered":"LITTLE BOOK OF LOUIS VUITTON : L&#8217;HISTOIRE D&#8217;UNE MAISON DE MODE MYTHIQUE"},"content":{"rendered":"<p>Little Book of Louis Vuitton est l&#8217;histoire illustr\u00e9e de l&#8217;une des maisons de mode incarnant le luxe \u00e0 la fran\u00e7aise. Les sacs monogramm\u00e9s de Louis Vuitton ont \u00e9t\u00e9 vus sur les bras de c\u00e9l\u00e9brit\u00e9s et de membres des familles royales depuis plus de 150 ans.<br \/>\nDu jeune Louis cherchant fortune \u00e0 Paris, aux deux guerres mondiales, \u00e0 la Grande D\u00e9pression, au Jazz Age et aux Swinging Sixties, cette marque opulente a prosp\u00e9r\u00e9 \u00e0 toutes les \u00e8res.<\/p>\n<p>D\u00e9couvrez l&#8217;expansion mondiale de Louis Vuitton dans les ann\u00e9es 1980, la cr\u00e9ation du puissant conglom\u00e9rat de mode LVMH et la nomination en 1997 de Marc Jacobs ; ce livre relate l&#8217;histoire d&#8217;une transformation, celle de la bagagerie de oluxe en marque de la haute couture. L&#8217;\u00e9volution r\u00e9cente de Louis Vuitton, sous la direction cr\u00e9ative de Nicolas Ghesqui\u00e8re et Virgil Abloh, est \u00e9galement repr\u00e9sent\u00e9e \u00e0 travers des images fabuleuses et des textes passionnants.<\/p>\n<p>Karen Homer, journaliste de mode \u00e9tablie, a travaill\u00e9 comme chroniqueuse de mode pour The Times et a contribu\u00e9 au Telegraph, Harpers &amp; Queen, Elle, World of Interiors et Vogue. Elle est l&#8217;auteur du Petit livre de Dior ainsi que d&#8217;autres ouvrages de la collection &#8220;Little Book of Style&#8221;. Elle vit \u00e0 Londres.<\/p>\n","protected":false},"excerpt":{"rendered":"<p>Little Book of Louis Vuitton est l&#8217;histoire illustr\u00e9e de l&#8217;une des maisons de mode incarnant le luxe \u00e0 la fran\u00e7aise. Les sacs monogramm\u00e9s de Louis Vuitton ont \u00e9t\u00e9 vus sur les bras de c\u00e9l\u00e9brit\u00e9s et de membres des familles royales depuis plus de 150 ans. Du jeune Louis cherchant fortune \u00e0 Paris, aux deux guerres [&hellip;]<\/p>\n","protected":false},"featured_media":37886,"template":"","meta":[],"product_cat":[2948,2957],"product_tag":[],"acf":[],"yoast_head":"<!-- This site is optimized with the Yoast SEO plugin v20.11 - https:\/\/yoast.com\/wordpress\/plugins\/seo\/ -->\n<title>Little book of Louis Vuitton : L&#039;histoire d&#039;une maison de mode mythique - Librairie 7L<\/title>\n<meta name=\"robots\" content=\"index, follow, max-snippet:-1, max-image-preview:large, max-video-preview:-1\" \/>\n<link rel=\"canonical\" href=\"https:\/\/librairie7l.com\/en\/produit\/little-book-of-louis-vuitton-lhistoire-dune-maison-de-mode-mythique\/\" \/>\n<meta property=\"og:locale\" content=\"en_US\" \/>\n<meta property=\"og:type\" content=\"article\" \/>\n<meta property=\"og:title\" content=\"Little book of Louis Vuitton : L&#039;histoire d&#039;une maison de mode mythique - Librairie 7L\" \/>\n<meta property=\"og:description\" content=\"Little Book of Louis Vuitton est l&#8217;histoire illustr\u00e9e de l&#8217;une des maisons de mode incarnant le luxe \u00e0 la fran\u00e7aise. Les sacs monogramm\u00e9s de Louis Vuitton ont \u00e9t\u00e9 vus sur les bras de c\u00e9l\u00e9brit\u00e9s et de membres des familles royales depuis plus de 150 ans. Du jeune Louis cherchant fortune \u00e0 Paris, aux deux guerres [&hellip;]\" \/>\n<meta property=\"og:url\" content=\"https:\/\/librairie7l.com\/en\/produit\/little-book-of-louis-vuitton-lhistoire-dune-maison-de-mode-mythique\/\" \/>\n<meta property=\"og:site_name\" content=\"Librairie 7L\" \/>\n<meta property=\"article:modified_time\" content=\"2026-04-05T17:33:05+00:00\" \/>\n<meta property=\"og:image\" content=\"https:\/\/librairie7l.com\/wp-content\/uploads\/2023\/06\/9782809920161_1_75.jpg\" \/>\n\t<meta property=\"og:image:width\" content=\"600\" \/>\n\t<meta property=\"og:image:height\" content=\"845\" \/>\n\t<meta property=\"og:image:type\" content=\"image\/jpeg\" \/>\n<meta name=\"twitter:card\" content=\"summary_large_image\" \/>\n<meta name=\"twitter:label1\" content=\"Est. reading time\" \/>\n\t<meta name=\"twitter:data1\" content=\"1 minute\" \/>\n<script type=\"application\/ld+json\" class=\"yoast-schema-graph\">{\"@context\":\"https:\/\/schema.org\",\"@graph\":[{\"@type\":\"WebPage\",\"@id\":\"https:\/\/librairie7l.com\/en\/produit\/little-book-of-louis-vuitton-lhistoire-dune-maison-de-mode-mythique\/\",\"url\":\"https:\/\/librairie7l.com\/en\/produit\/little-book-of-louis-vuitton-lhistoire-dune-maison-de-mode-mythique\/\",\"name\":\"Little book of Louis Vuitton : L'histoire d'une maison de mode mythique - Librairie 7L\",\"isPartOf\":{\"@id\":\"https:\/\/librairie7l.com\/en\/#website\"},\"datePublished\":\"2023-11-24T08:16:37+00:00\",\"dateModified\":\"2026-04-05T17:33:05+00:00\",\"breadcrumb\":{\"@id\":\"https:\/\/librairie7l.com\/en\/produit\/little-book-of-louis-vuitton-lhistoire-dune-maison-de-mode-mythique\/#breadcrumb\"},\"inLanguage\":\"en-US\",\"potentialAction\":[{\"@type\":\"ReadAction\",\"target\":[\"https:\/\/librairie7l.com\/en\/produit\/little-book-of-louis-vuitton-lhistoire-dune-maison-de-mode-mythique\/\"]}]},{\"@type\":\"BreadcrumbList\",\"@id\":\"https:\/\/librairie7l.com\/en\/produit\/little-book-of-louis-vuitton-lhistoire-dune-maison-de-mode-mythique\/#breadcrumb\",\"itemListElement\":[{\"@type\":\"ListItem\",\"position\":1,\"name\":\"Accueil\",\"item\":\"https:\/\/librairie7l.com\/en\/\"},{\"@type\":\"ListItem\",\"position\":2,\"name\":\"Shop\",\"item\":\"https:\/\/librairie7l.com\/en\/shop\/\"},{\"@type\":\"ListItem\",\"position\":3,\"name\":\"LITTLE BOOK OF LOUIS VUITTON : L&#8217;HISTOIRE D&#8217;UNE MAISON DE MODE MYTHIQUE\"}]},{\"@type\":\"WebSite\",\"@id\":\"https:\/\/librairie7l.com\/en\/#website\",\"url\":\"https:\/\/librairie7l.com\/en\/\",\"name\":\"Librairie 7L\",\"description\":\"Librairie fond\u00e9e en 1999 par Karl Lagerfeld \u00e0 Paris\",\"publisher\":{\"@id\":\"https:\/\/librairie7l.com\/en\/#organization\"},\"potentialAction\":[{\"@type\":\"SearchAction\",\"target\":{\"@type\":\"EntryPoint\",\"urlTemplate\":\"https:\/\/librairie7l.com\/en\/?s={search_term_string}\"},\"query-input\":\"required name=search_term_string\"}],\"inLanguage\":\"en-US\"},{\"@type\":\"Organization\",\"@id\":\"https:\/\/librairie7l.com\/en\/#organization\",\"name\":\"Librairie 7L\",\"url\":\"https:\/\/librairie7l.com\/en\/\",\"logo\":{\"@type\":\"ImageObject\",\"inLanguage\":\"en-US\",\"@id\":\"https:\/\/librairie7l.com\/en\/#\/schema\/logo\/image\/\",\"url\":\"https:\/\/librairie7l.com\/wp-content\/uploads\/2022\/08\/logo-1.png\",\"contentUrl\":\"https:\/\/librairie7l.com\/wp-content\/uploads\/2022\/08\/logo-1.png\",\"width\":227,\"height\":301,\"caption\":\"Librairie 7L\"},\"image\":{\"@id\":\"https:\/\/librairie7l.com\/en\/#\/schema\/logo\/image\/\"}}]}<\/script>\n<!-- \/ Yoast SEO plugin. -->","yoast_head_json":{"title":"Little book of Louis Vuitton : L'histoire d'une maison de mode mythique - Librairie 7L","robots":{"index":"index","follow":"follow","max-snippet":"max-snippet:-1","max-image-preview":"max-image-preview:large","max-video-preview":"max-video-preview:-1"},"canonical":"https:\/\/librairie7l.com\/en\/produit\/little-book-of-louis-vuitton-lhistoire-dune-maison-de-mode-mythique\/","og_locale":"en_US","og_type":"article","og_title":"Little book of Louis Vuitton : L'histoire d'une maison de mode mythique - Librairie 7L","og_description":"Little Book of Louis Vuitton est l&#8217;histoire illustr\u00e9e de l&#8217;une des maisons de mode incarnant le luxe \u00e0 la fran\u00e7aise. Les sacs monogramm\u00e9s de Louis Vuitton ont \u00e9t\u00e9 vus sur les bras de c\u00e9l\u00e9brit\u00e9s et de membres des familles royales depuis plus de 150 ans. Du jeune Louis cherchant fortune \u00e0 Paris, aux deux guerres [&hellip;]","og_url":"https:\/\/librairie7l.com\/en\/produit\/little-book-of-louis-vuitton-lhistoire-dune-maison-de-mode-mythique\/","og_site_name":"Librairie 7L","article_modified_time":"2026-04-05T17:33:05+00:00","og_image":[{"width":600,"height":845,"url":"https:\/\/librairie7l.com\/wp-content\/uploads\/2023\/06\/9782809920161_1_75.jpg","type":"image\/jpeg"}],"twitter_card":"summary_large_image","twitter_misc":{"Est. reading time":"1 minute"},"schema":{"@context":"https:\/\/schema.org","@graph":[{"@type":"WebPage","@id":"https:\/\/librairie7l.com\/en\/produit\/little-book-of-louis-vuitton-lhistoire-dune-maison-de-mode-mythique\/","url":"https:\/\/librairie7l.com\/en\/produit\/little-book-of-louis-vuitton-lhistoire-dune-maison-de-mode-mythique\/","name":"Little book of Louis Vuitton : L'histoire d'une maison de mode mythique - Librairie 7L","isPartOf":{"@id":"https:\/\/librairie7l.com\/en\/#website"},"datePublished":"2023-11-24T08:16:37+00:00","dateModified":"2026-04-05T17:33:05+00:00","breadcrumb":{"@id":"https:\/\/librairie7l.com\/en\/produit\/little-book-of-louis-vuitton-lhistoire-dune-maison-de-mode-mythique\/#breadcrumb"},"inLanguage":"en-US","potentialAction":[{"@type":"ReadAction","target":["https:\/\/librairie7l.com\/en\/produit\/little-book-of-louis-vuitton-lhistoire-dune-maison-de-mode-mythique\/"]}]},{"@type":"BreadcrumbList","@id":"https:\/\/librairie7l.com\/en\/produit\/little-book-of-louis-vuitton-lhistoire-dune-maison-de-mode-mythique\/#breadcrumb","itemListElement":[{"@type":"ListItem","position":1,"name":"Accueil","item":"https:\/\/librairie7l.com\/en\/"},{"@type":"ListItem","position":2,"name":"Shop","item":"https:\/\/librairie7l.com\/en\/shop\/"},{"@type":"ListItem","position":3,"name":"LITTLE BOOK OF LOUIS VUITTON : L&#8217;HISTOIRE D&#8217;UNE MAISON DE MODE MYTHIQUE"}]},{"@type":"WebSite","@id":"https:\/\/librairie7l.com\/en\/#website","url":"https:\/\/librairie7l.com\/en\/","name":"Librairie 7L","description":"Librairie fond\u00e9e en 1999 par Karl Lagerfeld \u00e0 Paris","publisher":{"@id":"https:\/\/librairie7l.com\/en\/#organization"},"potentialAction":[{"@type":"SearchAction","target":{"@type":"EntryPoint","urlTemplate":"https:\/\/librairie7l.com\/en\/?s={search_term_string}"},"query-input":"required name=search_term_string"}],"inLanguage":"en-US"},{"@type":"Organization","@id":"https:\/\/librairie7l.com\/en\/#organization","name":"Librairie 7L","url":"https:\/\/librairie7l.com\/en\/","logo":{"@type":"ImageObject","inLanguage":"en-US","@id":"https:\/\/librairie7l.com\/en\/#\/schema\/logo\/image\/","url":"https:\/\/librairie7l.com\/wp-content\/uploads\/2022\/08\/logo-1.png","contentUrl":"https:\/\/librairie7l.com\/wp-content\/uploads\/2022\/08\/logo-1.png","width":227,"height":301,"caption":"Librairie 7L"},"image":{"@id":"https:\/\/librairie7l.com\/en\/#\/schema\/logo\/image\/"}}]}},"_links":{"self":[{"href":"https:\/\/librairie7l.com\/en\/wp-json\/wp\/v2\/product\/37888"}],"collection":[{"href":"https:\/\/librairie7l.com\/en\/wp-json\/wp\/v2\/product"}],"about":[{"href":"https:\/\/librairie7l.com\/en\/wp-json\/wp\/v2\/types\/product"}],"wp:featuredmedia":[{"embeddable":true,"href":"https:\/\/librairie7l.com\/en\/wp-json\/wp\/v2\/media\/37886"}],"wp:attachment":[{"href":"https:\/\/librairie7l.com\/en\/wp-json\/wp\/v2\/media?parent=37888"}],"wp:term":[{"taxonomy":"product_cat","embeddable":true,"href":"https:\/\/librairie7l.com\/en\/wp-json\/wp\/v2\/product_cat?post=37888"},{"taxonomy":"product_tag","embeddable":true,"href":"https:\/\/librairie7l.com\/en\/wp-json\/wp\/v2\/product_tag?post=37888"}],"curies":[{"name":"wp","href":"https:\/\/api.w.org\/{rel}","templated":true}]}}