{"id":37892,"date":"2023-11-24T09:16:45","date_gmt":"2023-11-24T08:16:45","guid":{"rendered":"https:\/\/librairie7l.com\/?post_type=product&#038;p=37892"},"modified":"2026-04-08T11:09:56","modified_gmt":"2026-04-08T09:09:56","slug":"givenchy-defiles","status":"publish","type":"product","link":"https:\/\/librairie7l.com\/en\/produit\/givenchy-defiles\/","title":{"rendered":"GIVENCHY D\u00c9FIL\u00c9S"},"content":{"rendered":"<p>Le 9e volume de la collection \u00ab D\u00e9fil\u00e9s \u00bb : toutes les collections haute-couture et pr\u00eat-\u00e0-porter de Givenchy de 1952 \u00e0 2023.<\/p>\n<p>Hubert de Givenchy fonde en 7952 la maison de haute couture qui porte son nom et s&#8217;impose rapidement comme le couturier de l&#8217;\u00e9l\u00e9gance naturelle, incarn\u00e9e notamment par sa muse et amie proche, Audrey Hepburn. Apr\u00e8s son retrait en 1995, certains des plus grands noms de la mode prennent le relais \u00e0 la t\u00eate de la direction artistique: aux visionnaires John Galliano et Alexander McQueen succ\u00e8dent Julien Macdonald, Riccardo Tisci et Clare Waight Keller. Nomm\u00e9 en 2020, Matthew M. Williams fait entrer Givenchy dans une nouvelle d\u00e9cennie r\u00e9solument contemporaine, tout en c\u00e9l\u00e9brant plus de 70 ans d&#8217;h\u00e9ritage. Les auteurs analysent 179 collections de haute couture et de pr\u00eat-\u00e0-porter en plus de 1 200 photographies et retracent de mani\u00e8re in\u00e9dite l&#8217;\u00e9volution d&#8217;une maison de luxe sophistiqu\u00e9e, audacieusement cr\u00e9ative.<\/p>\n","protected":false},"excerpt":{"rendered":"<p>Le 9e volume de la collection \u00ab D\u00e9fil\u00e9s \u00bb : toutes les collections haute-couture et pr\u00eat-\u00e0-porter de Givenchy de 1952 \u00e0 2023. Hubert de Givenchy fonde en 7952 la maison de haute couture qui porte son nom et s&#8217;impose rapidement comme le couturier de l&#8217;\u00e9l\u00e9gance naturelle, incarn\u00e9e notamment par sa muse et amie proche, Audrey [&hellip;]<\/p>\n","protected":false},"featured_media":37890,"template":"","meta":[],"product_cat":[2948,2957],"product_tag":[],"acf":[],"yoast_head":"<!-- This site is optimized with the Yoast SEO plugin v20.11 - https:\/\/yoast.com\/wordpress\/plugins\/seo\/ -->\n<title>Givenchy d\u00e9fil\u00e9s - Librairie 7L<\/title>\n<meta name=\"robots\" content=\"index, follow, max-snippet:-1, max-image-preview:large, max-video-preview:-1\" \/>\n<link rel=\"canonical\" href=\"https:\/\/librairie7l.com\/en\/produit\/givenchy-defiles\/\" \/>\n<meta property=\"og:locale\" content=\"en_US\" \/>\n<meta property=\"og:type\" content=\"article\" \/>\n<meta property=\"og:title\" content=\"Givenchy d\u00e9fil\u00e9s - Librairie 7L\" \/>\n<meta property=\"og:description\" content=\"Le 9e volume de la collection \u00ab D\u00e9fil\u00e9s \u00bb : toutes les collections haute-couture et pr\u00eat-\u00e0-porter de Givenchy de 1952 \u00e0 2023. Hubert de Givenchy fonde en 7952 la maison de haute couture qui porte son nom et s&#8217;impose rapidement comme le couturier de l&#8217;\u00e9l\u00e9gance naturelle, incarn\u00e9e notamment par sa muse et amie proche, Audrey [&hellip;]\" \/>\n<meta property=\"og:url\" content=\"https:\/\/librairie7l.com\/en\/produit\/givenchy-defiles\/\" \/>\n<meta property=\"og:site_name\" content=\"Librairie 7L\" \/>\n<meta property=\"article:modified_time\" content=\"2026-04-08T09:09:56+00:00\" \/>\n<meta property=\"og:image\" content=\"https:\/\/librairie7l.com\/wp-content\/uploads\/2023\/06\/9791040111122_1_75.jpg\" \/>\n\t<meta property=\"og:image:width\" content=\"600\" \/>\n\t<meta property=\"og:image:height\" content=\"875\" \/>\n\t<meta property=\"og:image:type\" content=\"image\/jpeg\" \/>\n<meta name=\"twitter:card\" content=\"summary_large_image\" \/>\n<meta name=\"twitter:label1\" content=\"Est. reading time\" \/>\n\t<meta name=\"twitter:data1\" content=\"1 minute\" \/>\n<script type=\"application\/ld+json\" class=\"yoast-schema-graph\">{\"@context\":\"https:\/\/schema.org\",\"@graph\":[{\"@type\":\"WebPage\",\"@id\":\"https:\/\/librairie7l.com\/en\/produit\/givenchy-defiles\/\",\"url\":\"https:\/\/librairie7l.com\/en\/produit\/givenchy-defiles\/\",\"name\":\"Givenchy d\u00e9fil\u00e9s - Librairie 7L\",\"isPartOf\":{\"@id\":\"https:\/\/librairie7l.com\/en\/#website\"},\"datePublished\":\"2023-11-24T08:16:45+00:00\",\"dateModified\":\"2026-04-08T09:09:56+00:00\",\"breadcrumb\":{\"@id\":\"https:\/\/librairie7l.com\/en\/produit\/givenchy-defiles\/#breadcrumb\"},\"inLanguage\":\"en-US\",\"potentialAction\":[{\"@type\":\"ReadAction\",\"target\":[\"https:\/\/librairie7l.com\/en\/produit\/givenchy-defiles\/\"]}]},{\"@type\":\"BreadcrumbList\",\"@id\":\"https:\/\/librairie7l.com\/en\/produit\/givenchy-defiles\/#breadcrumb\",\"itemListElement\":[{\"@type\":\"ListItem\",\"position\":1,\"name\":\"Accueil\",\"item\":\"https:\/\/librairie7l.com\/en\/\"},{\"@type\":\"ListItem\",\"position\":2,\"name\":\"Shop\",\"item\":\"https:\/\/librairie7l.com\/en\/shop\/\"},{\"@type\":\"ListItem\",\"position\":3,\"name\":\"GIVENCHY D\u00c9FIL\u00c9S\"}]},{\"@type\":\"WebSite\",\"@id\":\"https:\/\/librairie7l.com\/en\/#website\",\"url\":\"https:\/\/librairie7l.com\/en\/\",\"name\":\"Librairie 7L\",\"description\":\"Librairie fond\u00e9e en 1999 par Karl Lagerfeld \u00e0 Paris\",\"publisher\":{\"@id\":\"https:\/\/librairie7l.com\/en\/#organization\"},\"potentialAction\":[{\"@type\":\"SearchAction\",\"target\":{\"@type\":\"EntryPoint\",\"urlTemplate\":\"https:\/\/librairie7l.com\/en\/?s={search_term_string}\"},\"query-input\":\"required name=search_term_string\"}],\"inLanguage\":\"en-US\"},{\"@type\":\"Organization\",\"@id\":\"https:\/\/librairie7l.com\/en\/#organization\",\"name\":\"Librairie 7L\",\"url\":\"https:\/\/librairie7l.com\/en\/\",\"logo\":{\"@type\":\"ImageObject\",\"inLanguage\":\"en-US\",\"@id\":\"https:\/\/librairie7l.com\/en\/#\/schema\/logo\/image\/\",\"url\":\"https:\/\/librairie7l.com\/wp-content\/uploads\/2022\/08\/logo-1.png\",\"contentUrl\":\"https:\/\/librairie7l.com\/wp-content\/uploads\/2022\/08\/logo-1.png\",\"width\":227,\"height\":301,\"caption\":\"Librairie 7L\"},\"image\":{\"@id\":\"https:\/\/librairie7l.com\/en\/#\/schema\/logo\/image\/\"}}]}<\/script>\n<!-- \/ Yoast SEO plugin. -->","yoast_head_json":{"title":"Givenchy d\u00e9fil\u00e9s - Librairie 7L","robots":{"index":"index","follow":"follow","max-snippet":"max-snippet:-1","max-image-preview":"max-image-preview:large","max-video-preview":"max-video-preview:-1"},"canonical":"https:\/\/librairie7l.com\/en\/produit\/givenchy-defiles\/","og_locale":"en_US","og_type":"article","og_title":"Givenchy d\u00e9fil\u00e9s - Librairie 7L","og_description":"Le 9e volume de la collection \u00ab D\u00e9fil\u00e9s \u00bb : toutes les collections haute-couture et pr\u00eat-\u00e0-porter de Givenchy de 1952 \u00e0 2023. Hubert de Givenchy fonde en 7952 la maison de haute couture qui porte son nom et s&#8217;impose rapidement comme le couturier de l&#8217;\u00e9l\u00e9gance naturelle, incarn\u00e9e notamment par sa muse et amie proche, Audrey [&hellip;]","og_url":"https:\/\/librairie7l.com\/en\/produit\/givenchy-defiles\/","og_site_name":"Librairie 7L","article_modified_time":"2026-04-08T09:09:56+00:00","og_image":[{"width":600,"height":875,"url":"https:\/\/librairie7l.com\/wp-content\/uploads\/2023\/06\/9791040111122_1_75.jpg","type":"image\/jpeg"}],"twitter_card":"summary_large_image","twitter_misc":{"Est. reading time":"1 minute"},"schema":{"@context":"https:\/\/schema.org","@graph":[{"@type":"WebPage","@id":"https:\/\/librairie7l.com\/en\/produit\/givenchy-defiles\/","url":"https:\/\/librairie7l.com\/en\/produit\/givenchy-defiles\/","name":"Givenchy d\u00e9fil\u00e9s - Librairie 7L","isPartOf":{"@id":"https:\/\/librairie7l.com\/en\/#website"},"datePublished":"2023-11-24T08:16:45+00:00","dateModified":"2026-04-08T09:09:56+00:00","breadcrumb":{"@id":"https:\/\/librairie7l.com\/en\/produit\/givenchy-defiles\/#breadcrumb"},"inLanguage":"en-US","potentialAction":[{"@type":"ReadAction","target":["https:\/\/librairie7l.com\/en\/produit\/givenchy-defiles\/"]}]},{"@type":"BreadcrumbList","@id":"https:\/\/librairie7l.com\/en\/produit\/givenchy-defiles\/#breadcrumb","itemListElement":[{"@type":"ListItem","position":1,"name":"Accueil","item":"https:\/\/librairie7l.com\/en\/"},{"@type":"ListItem","position":2,"name":"Shop","item":"https:\/\/librairie7l.com\/en\/shop\/"},{"@type":"ListItem","position":3,"name":"GIVENCHY D\u00c9FIL\u00c9S"}]},{"@type":"WebSite","@id":"https:\/\/librairie7l.com\/en\/#website","url":"https:\/\/librairie7l.com\/en\/","name":"Librairie 7L","description":"Librairie fond\u00e9e en 1999 par Karl Lagerfeld \u00e0 Paris","publisher":{"@id":"https:\/\/librairie7l.com\/en\/#organization"},"potentialAction":[{"@type":"SearchAction","target":{"@type":"EntryPoint","urlTemplate":"https:\/\/librairie7l.com\/en\/?s={search_term_string}"},"query-input":"required name=search_term_string"}],"inLanguage":"en-US"},{"@type":"Organization","@id":"https:\/\/librairie7l.com\/en\/#organization","name":"Librairie 7L","url":"https:\/\/librairie7l.com\/en\/","logo":{"@type":"ImageObject","inLanguage":"en-US","@id":"https:\/\/librairie7l.com\/en\/#\/schema\/logo\/image\/","url":"https:\/\/librairie7l.com\/wp-content\/uploads\/2022\/08\/logo-1.png","contentUrl":"https:\/\/librairie7l.com\/wp-content\/uploads\/2022\/08\/logo-1.png","width":227,"height":301,"caption":"Librairie 7L"},"image":{"@id":"https:\/\/librairie7l.com\/en\/#\/schema\/logo\/image\/"}}]}},"_links":{"self":[{"href":"https:\/\/librairie7l.com\/en\/wp-json\/wp\/v2\/product\/37892"}],"collection":[{"href":"https:\/\/librairie7l.com\/en\/wp-json\/wp\/v2\/product"}],"about":[{"href":"https:\/\/librairie7l.com\/en\/wp-json\/wp\/v2\/types\/product"}],"wp:featuredmedia":[{"embeddable":true,"href":"https:\/\/librairie7l.com\/en\/wp-json\/wp\/v2\/media\/37890"}],"wp:attachment":[{"href":"https:\/\/librairie7l.com\/en\/wp-json\/wp\/v2\/media?parent=37892"}],"wp:term":[{"taxonomy":"product_cat","embeddable":true,"href":"https:\/\/librairie7l.com\/en\/wp-json\/wp\/v2\/product_cat?post=37892"},{"taxonomy":"product_tag","embeddable":true,"href":"https:\/\/librairie7l.com\/en\/wp-json\/wp\/v2\/product_tag?post=37892"}],"curies":[{"name":"wp","href":"https:\/\/api.w.org\/{rel}","templated":true}]}}