{"id":37994,"date":"2023-12-06T09:16:19","date_gmt":"2023-12-06T08:16:19","guid":{"rendered":"https:\/\/librairie7l.com\/?post_type=product&#038;p=37994"},"modified":"2026-04-08T11:34:49","modified_gmt":"2026-04-08T09:34:49","slug":"sarkis-a-cluny-la-pluie-avec-les-couleurs-de-larc-en-ciel-resonne-dans-la-chapelle","status":"publish","type":"product","link":"https:\/\/librairie7l.com\/en\/produit\/sarkis-a-cluny-la-pluie-avec-les-couleurs-de-larc-en-ciel-resonne-dans-la-chapelle\/","title":{"rendered":"SARKIS \u00c0 CLUNY : LA PLUIE, AVEC LES COULEURS DE L&#8217;ARC-EN-CIEL, R\u00c9SONNE DANS LA CHAPELLE"},"content":{"rendered":"<p>\u00c0 l&#8217;occasion de la restauration en 2023 de la chapelle Jean de Bourbon de l&#8217;abbaye de Cluny, le Centre des monuments nationaux a invit\u00e9 l&#8217;artiste contemporain Sarkis \u00e0 r\u00e9aliser les nouveaux vitraux de la chapelle ainsi que deux autels, install\u00e9s \u00e0 l&#8217;emplacement des anciens autels aujourd&#8217;hui disparus.<br \/>\nLa chapelle Jean de Bourbon de l&#8217;abbaye de Cluny, construite au XVe si\u00e8cle, est un joyau de l&#8217;architecture gothique. \u00c0 l&#8217;occasion de sa restauration en 2023, le Centre des monuments nationaux a invit\u00e9 l&#8217;artiste contemporain Sarkis \u00e0 r\u00e9aliser les nouveaux vitraux de la chapelle ainsi que deux autels, install\u00e9s \u00e0 l&#8217;emplacement des anciens autels aujourd&#8217;hui disparus.<\/p>\n<p>Dans un dialogue empreint de po\u00e9sie, l&#8217;oeuvre de Sarkis s&#8217;ins\u00e8re avec douceur dans la chapelle, jouant avec la lumi\u00e8re et en y faisant p\u00e9n\u00e9trer une pluie d&#8217;empreintes aux couleurs de l&#8217;arc-en-ciel.<br \/>\nLe texte d&#8217;Anne Marquez, compl\u00e9t\u00e9 par un entretien avec l&#8217;artiste, pose un regard r\u00e9trospectif sur l&#8217;oeuvre de Sarkis \u00e9clairant sa cr\u00e9ation pour l&#8217;abbaye de Cluny. <\/p>\n<p>&#8221; Pour moi, les vitraux devaient apporter de la fra\u00eecheur \u00e0 ce lieu qui est un peu ruin\u00e9, \u00e0 ce lieu qui a besoin d&#8217;\u00eatre caress\u00e9. La m\u00e9moire de la pluie, comme la fra\u00eecheur de l&#8217;enfant qui na\u00eet. &#8221; Sarkis &#8221; Je voulais signifier une pluie qui aurait eu lieu il y a une heure ou cinq si\u00e8cles. Je voulais que ce soit frais. &#8221; Sarkis<\/p>\n","protected":false},"excerpt":{"rendered":"<p>\u00c0 l&#8217;occasion de la restauration en 2023 de la chapelle Jean de Bourbon de l&#8217;abbaye de Cluny, le Centre des monuments nationaux a invit\u00e9 l&#8217;artiste contemporain Sarkis \u00e0 r\u00e9aliser les nouveaux vitraux de la chapelle ainsi que deux autels, install\u00e9s \u00e0 l&#8217;emplacement des anciens autels aujourd&#8217;hui disparus. La chapelle Jean de Bourbon de l&#8217;abbaye de [&hellip;]<\/p>\n","protected":false},"featured_media":37992,"template":"","meta":[],"product_cat":[55,2948,47,2953],"product_tag":[],"acf":[],"yoast_head":"<!-- This site is optimized with the Yoast SEO plugin v20.11 - https:\/\/yoast.com\/wordpress\/plugins\/seo\/ -->\n<title>Sarkis \u00e0 Cluny : la pluie, avec les couleurs de l&#039;arc-en-ciel, r\u00e9sonne dans la chapelle - Librairie 7L<\/title>\n<meta name=\"robots\" content=\"index, follow, max-snippet:-1, max-image-preview:large, max-video-preview:-1\" \/>\n<link rel=\"canonical\" href=\"https:\/\/librairie7l.com\/en\/produit\/sarkis-a-cluny-la-pluie-avec-les-couleurs-de-larc-en-ciel-resonne-dans-la-chapelle\/\" \/>\n<meta property=\"og:locale\" content=\"en_US\" \/>\n<meta property=\"og:type\" content=\"article\" \/>\n<meta property=\"og:title\" content=\"Sarkis \u00e0 Cluny : la pluie, avec les couleurs de l&#039;arc-en-ciel, r\u00e9sonne dans la chapelle - Librairie 7L\" \/>\n<meta property=\"og:description\" content=\"\u00c0 l&#8217;occasion de la restauration en 2023 de la chapelle Jean de Bourbon de l&#8217;abbaye de Cluny, le Centre des monuments nationaux a invit\u00e9 l&#8217;artiste contemporain Sarkis \u00e0 r\u00e9aliser les nouveaux vitraux de la chapelle ainsi que deux autels, install\u00e9s \u00e0 l&#8217;emplacement des anciens autels aujourd&#8217;hui disparus. La chapelle Jean de Bourbon de l&#8217;abbaye de [&hellip;]\" \/>\n<meta property=\"og:url\" content=\"https:\/\/librairie7l.com\/en\/produit\/sarkis-a-cluny-la-pluie-avec-les-couleurs-de-larc-en-ciel-resonne-dans-la-chapelle\/\" \/>\n<meta property=\"og:site_name\" content=\"Librairie 7L\" \/>\n<meta property=\"article:modified_time\" content=\"2026-04-08T09:34:49+00:00\" \/>\n<meta property=\"og:image\" content=\"https:\/\/librairie7l.com\/wp-content\/uploads\/2023\/04\/9782757708989_1_75.jpg\" \/>\n\t<meta property=\"og:image:width\" content=\"600\" \/>\n\t<meta property=\"og:image:height\" content=\"1080\" \/>\n\t<meta property=\"og:image:type\" content=\"image\/jpeg\" \/>\n<meta name=\"twitter:card\" content=\"summary_large_image\" \/>\n<meta name=\"twitter:label1\" content=\"Est. reading time\" \/>\n\t<meta name=\"twitter:data1\" content=\"1 minute\" \/>\n<script type=\"application\/ld+json\" class=\"yoast-schema-graph\">{\"@context\":\"https:\/\/schema.org\",\"@graph\":[{\"@type\":\"WebPage\",\"@id\":\"https:\/\/librairie7l.com\/en\/produit\/sarkis-a-cluny-la-pluie-avec-les-couleurs-de-larc-en-ciel-resonne-dans-la-chapelle\/\",\"url\":\"https:\/\/librairie7l.com\/en\/produit\/sarkis-a-cluny-la-pluie-avec-les-couleurs-de-larc-en-ciel-resonne-dans-la-chapelle\/\",\"name\":\"Sarkis \u00e0 Cluny : la pluie, avec les couleurs de l'arc-en-ciel, r\u00e9sonne dans la chapelle - Librairie 7L\",\"isPartOf\":{\"@id\":\"https:\/\/librairie7l.com\/en\/#website\"},\"datePublished\":\"2023-12-06T08:16:19+00:00\",\"dateModified\":\"2026-04-08T09:34:49+00:00\",\"breadcrumb\":{\"@id\":\"https:\/\/librairie7l.com\/en\/produit\/sarkis-a-cluny-la-pluie-avec-les-couleurs-de-larc-en-ciel-resonne-dans-la-chapelle\/#breadcrumb\"},\"inLanguage\":\"en-US\",\"potentialAction\":[{\"@type\":\"ReadAction\",\"target\":[\"https:\/\/librairie7l.com\/en\/produit\/sarkis-a-cluny-la-pluie-avec-les-couleurs-de-larc-en-ciel-resonne-dans-la-chapelle\/\"]}]},{\"@type\":\"BreadcrumbList\",\"@id\":\"https:\/\/librairie7l.com\/en\/produit\/sarkis-a-cluny-la-pluie-avec-les-couleurs-de-larc-en-ciel-resonne-dans-la-chapelle\/#breadcrumb\",\"itemListElement\":[{\"@type\":\"ListItem\",\"position\":1,\"name\":\"Accueil\",\"item\":\"https:\/\/librairie7l.com\/en\/\"},{\"@type\":\"ListItem\",\"position\":2,\"name\":\"Shop\",\"item\":\"https:\/\/librairie7l.com\/en\/shop\/\"},{\"@type\":\"ListItem\",\"position\":3,\"name\":\"SARKIS \u00c0 CLUNY : LA PLUIE, AVEC LES COULEURS DE L&#8217;ARC-EN-CIEL, R\u00c9SONNE DANS LA CHAPELLE\"}]},{\"@type\":\"WebSite\",\"@id\":\"https:\/\/librairie7l.com\/en\/#website\",\"url\":\"https:\/\/librairie7l.com\/en\/\",\"name\":\"Librairie 7L\",\"description\":\"Librairie fond\u00e9e en 1999 par Karl Lagerfeld \u00e0 Paris\",\"publisher\":{\"@id\":\"https:\/\/librairie7l.com\/en\/#organization\"},\"potentialAction\":[{\"@type\":\"SearchAction\",\"target\":{\"@type\":\"EntryPoint\",\"urlTemplate\":\"https:\/\/librairie7l.com\/en\/?s={search_term_string}\"},\"query-input\":\"required name=search_term_string\"}],\"inLanguage\":\"en-US\"},{\"@type\":\"Organization\",\"@id\":\"https:\/\/librairie7l.com\/en\/#organization\",\"name\":\"Librairie 7L\",\"url\":\"https:\/\/librairie7l.com\/en\/\",\"logo\":{\"@type\":\"ImageObject\",\"inLanguage\":\"en-US\",\"@id\":\"https:\/\/librairie7l.com\/en\/#\/schema\/logo\/image\/\",\"url\":\"https:\/\/librairie7l.com\/wp-content\/uploads\/2022\/08\/logo-1.png\",\"contentUrl\":\"https:\/\/librairie7l.com\/wp-content\/uploads\/2022\/08\/logo-1.png\",\"width\":227,\"height\":301,\"caption\":\"Librairie 7L\"},\"image\":{\"@id\":\"https:\/\/librairie7l.com\/en\/#\/schema\/logo\/image\/\"}}]}<\/script>\n<!-- \/ Yoast SEO plugin. -->","yoast_head_json":{"title":"Sarkis \u00e0 Cluny : la pluie, avec les couleurs de l'arc-en-ciel, r\u00e9sonne dans la chapelle - Librairie 7L","robots":{"index":"index","follow":"follow","max-snippet":"max-snippet:-1","max-image-preview":"max-image-preview:large","max-video-preview":"max-video-preview:-1"},"canonical":"https:\/\/librairie7l.com\/en\/produit\/sarkis-a-cluny-la-pluie-avec-les-couleurs-de-larc-en-ciel-resonne-dans-la-chapelle\/","og_locale":"en_US","og_type":"article","og_title":"Sarkis \u00e0 Cluny : la pluie, avec les couleurs de l'arc-en-ciel, r\u00e9sonne dans la chapelle - Librairie 7L","og_description":"\u00c0 l&#8217;occasion de la restauration en 2023 de la chapelle Jean de Bourbon de l&#8217;abbaye de Cluny, le Centre des monuments nationaux a invit\u00e9 l&#8217;artiste contemporain Sarkis \u00e0 r\u00e9aliser les nouveaux vitraux de la chapelle ainsi que deux autels, install\u00e9s \u00e0 l&#8217;emplacement des anciens autels aujourd&#8217;hui disparus. La chapelle Jean de Bourbon de l&#8217;abbaye de [&hellip;]","og_url":"https:\/\/librairie7l.com\/en\/produit\/sarkis-a-cluny-la-pluie-avec-les-couleurs-de-larc-en-ciel-resonne-dans-la-chapelle\/","og_site_name":"Librairie 7L","article_modified_time":"2026-04-08T09:34:49+00:00","og_image":[{"width":600,"height":1080,"url":"https:\/\/librairie7l.com\/wp-content\/uploads\/2023\/04\/9782757708989_1_75.jpg","type":"image\/jpeg"}],"twitter_card":"summary_large_image","twitter_misc":{"Est. reading time":"1 minute"},"schema":{"@context":"https:\/\/schema.org","@graph":[{"@type":"WebPage","@id":"https:\/\/librairie7l.com\/en\/produit\/sarkis-a-cluny-la-pluie-avec-les-couleurs-de-larc-en-ciel-resonne-dans-la-chapelle\/","url":"https:\/\/librairie7l.com\/en\/produit\/sarkis-a-cluny-la-pluie-avec-les-couleurs-de-larc-en-ciel-resonne-dans-la-chapelle\/","name":"Sarkis \u00e0 Cluny : la pluie, avec les couleurs de l'arc-en-ciel, r\u00e9sonne dans la chapelle - Librairie 7L","isPartOf":{"@id":"https:\/\/librairie7l.com\/en\/#website"},"datePublished":"2023-12-06T08:16:19+00:00","dateModified":"2026-04-08T09:34:49+00:00","breadcrumb":{"@id":"https:\/\/librairie7l.com\/en\/produit\/sarkis-a-cluny-la-pluie-avec-les-couleurs-de-larc-en-ciel-resonne-dans-la-chapelle\/#breadcrumb"},"inLanguage":"en-US","potentialAction":[{"@type":"ReadAction","target":["https:\/\/librairie7l.com\/en\/produit\/sarkis-a-cluny-la-pluie-avec-les-couleurs-de-larc-en-ciel-resonne-dans-la-chapelle\/"]}]},{"@type":"BreadcrumbList","@id":"https:\/\/librairie7l.com\/en\/produit\/sarkis-a-cluny-la-pluie-avec-les-couleurs-de-larc-en-ciel-resonne-dans-la-chapelle\/#breadcrumb","itemListElement":[{"@type":"ListItem","position":1,"name":"Accueil","item":"https:\/\/librairie7l.com\/en\/"},{"@type":"ListItem","position":2,"name":"Shop","item":"https:\/\/librairie7l.com\/en\/shop\/"},{"@type":"ListItem","position":3,"name":"SARKIS \u00c0 CLUNY : LA PLUIE, AVEC LES COULEURS DE L&#8217;ARC-EN-CIEL, R\u00c9SONNE DANS LA CHAPELLE"}]},{"@type":"WebSite","@id":"https:\/\/librairie7l.com\/en\/#website","url":"https:\/\/librairie7l.com\/en\/","name":"Librairie 7L","description":"Librairie fond\u00e9e en 1999 par Karl Lagerfeld \u00e0 Paris","publisher":{"@id":"https:\/\/librairie7l.com\/en\/#organization"},"potentialAction":[{"@type":"SearchAction","target":{"@type":"EntryPoint","urlTemplate":"https:\/\/librairie7l.com\/en\/?s={search_term_string}"},"query-input":"required name=search_term_string"}],"inLanguage":"en-US"},{"@type":"Organization","@id":"https:\/\/librairie7l.com\/en\/#organization","name":"Librairie 7L","url":"https:\/\/librairie7l.com\/en\/","logo":{"@type":"ImageObject","inLanguage":"en-US","@id":"https:\/\/librairie7l.com\/en\/#\/schema\/logo\/image\/","url":"https:\/\/librairie7l.com\/wp-content\/uploads\/2022\/08\/logo-1.png","contentUrl":"https:\/\/librairie7l.com\/wp-content\/uploads\/2022\/08\/logo-1.png","width":227,"height":301,"caption":"Librairie 7L"},"image":{"@id":"https:\/\/librairie7l.com\/en\/#\/schema\/logo\/image\/"}}]}},"_links":{"self":[{"href":"https:\/\/librairie7l.com\/en\/wp-json\/wp\/v2\/product\/37994"}],"collection":[{"href":"https:\/\/librairie7l.com\/en\/wp-json\/wp\/v2\/product"}],"about":[{"href":"https:\/\/librairie7l.com\/en\/wp-json\/wp\/v2\/types\/product"}],"wp:featuredmedia":[{"embeddable":true,"href":"https:\/\/librairie7l.com\/en\/wp-json\/wp\/v2\/media\/37992"}],"wp:attachment":[{"href":"https:\/\/librairie7l.com\/en\/wp-json\/wp\/v2\/media?parent=37994"}],"wp:term":[{"taxonomy":"product_cat","embeddable":true,"href":"https:\/\/librairie7l.com\/en\/wp-json\/wp\/v2\/product_cat?post=37994"},{"taxonomy":"product_tag","embeddable":true,"href":"https:\/\/librairie7l.com\/en\/wp-json\/wp\/v2\/product_tag?post=37994"}],"curies":[{"name":"wp","href":"https:\/\/api.w.org\/{rel}","templated":true}]}}