{"id":38033,"date":"2023-12-08T10:58:58","date_gmt":"2023-12-08T09:58:58","guid":{"rendered":"https:\/\/librairie7l.com\/?post_type=product&#038;p=38033"},"modified":"2026-04-18T06:51:45","modified_gmt":"2026-04-18T04:51:45","slug":"es-devlin","status":"publish","type":"product","link":"https:\/\/librairie7l.com\/en\/produit\/es-devlin\/","title":{"rendered":"ES DEVLIN"},"content":{"rendered":"<p>Le travail prot\u00e9iforme d&#8217;Es Devlin est enracin\u00e9 dans une pratique permanente de lecture et de dessin. Il est \u00e0 la fois profond\u00e9ment personnel et intrins\u00e8quement collectif. Au cours de la derni\u00e8re d\u00e9cennie, sa pratique artistique s&#8217;est engag\u00e9e dans la biodiversit\u00e9, la diversit\u00e9 linguistique et la po\u00e9sie collective g\u00e9n\u00e9r\u00e9e par intelligence artificielle. Elle consid\u00e8re le public comme une soci\u00e9t\u00e9 temporaire et encourage de profonds changements cognitifs en l&#8217;invitant \u00e0 participer \u00e0 des oeuvres chorales collectives. Publi\u00e9 en association avec une exposition r\u00e9trospective inaugur\u00e9e au Cooper Hewitt, Smithsonian Design Museum de New York en novembre 2023, An Atlas of Es Devlin est un volume unique de plus de 900 pages, comprenant des d\u00e9pliants, des d\u00e9coupages et des oeuvres sur papier s&#8217;\u00e9talant sur plus de 30 ans, avec des commentaires personnels de l&#8217;artiste sur chaque oeuvre ainsi que des entretiens avec certain de ses collaborateurs dont Hans Ulrich Obrist, Bono, Benedict Cumberbatch , Pharrell Williams, Carlo Rovelli, Brian Eno, Sam Mendes, Alice Rawsthorn et Abel &#8220;The Weeknd&#8221; Tesfaye.<\/p>\n","protected":false},"excerpt":{"rendered":"<p>Le travail prot\u00e9iforme d&#8217;Es Devlin est enracin\u00e9 dans une pratique permanente de lecture et de dessin. Il est \u00e0 la fois profond\u00e9ment personnel et intrins\u00e8quement collectif. Au cours de la derni\u00e8re d\u00e9cennie, sa pratique artistique s&#8217;est engag\u00e9e dans la biodiversit\u00e9, la diversit\u00e9 linguistique et la po\u00e9sie collective g\u00e9n\u00e9r\u00e9e par intelligence artificielle. Elle consid\u00e8re le public [&hellip;]<\/p>\n","protected":false},"featured_media":38031,"template":"","meta":[],"product_cat":[2948,2958],"product_tag":[],"acf":[],"yoast_head":"<!-- This site is optimized with the Yoast SEO plugin v20.11 - https:\/\/yoast.com\/wordpress\/plugins\/seo\/ -->\n<title>Es Devlin - Librairie 7L<\/title>\n<meta name=\"robots\" content=\"index, follow, max-snippet:-1, max-image-preview:large, max-video-preview:-1\" \/>\n<link rel=\"canonical\" href=\"https:\/\/librairie7l.com\/en\/produit\/es-devlin\/\" \/>\n<meta property=\"og:locale\" content=\"en_US\" \/>\n<meta property=\"og:type\" content=\"article\" \/>\n<meta property=\"og:title\" content=\"Es Devlin - Librairie 7L\" \/>\n<meta property=\"og:description\" content=\"Le travail prot\u00e9iforme d&#8217;Es Devlin est enracin\u00e9 dans une pratique permanente de lecture et de dessin. Il est \u00e0 la fois profond\u00e9ment personnel et intrins\u00e8quement collectif. Au cours de la derni\u00e8re d\u00e9cennie, sa pratique artistique s&#8217;est engag\u00e9e dans la biodiversit\u00e9, la diversit\u00e9 linguistique et la po\u00e9sie collective g\u00e9n\u00e9r\u00e9e par intelligence artificielle. Elle consid\u00e8re le public [&hellip;]\" \/>\n<meta property=\"og:url\" content=\"https:\/\/librairie7l.com\/en\/produit\/es-devlin\/\" \/>\n<meta property=\"og:site_name\" content=\"Librairie 7L\" \/>\n<meta property=\"article:modified_time\" content=\"2026-04-18T04:51:45+00:00\" \/>\n<meta property=\"og:image\" content=\"https:\/\/librairie7l.com\/wp-content\/uploads\/2023\/06\/9780500023181_1_75.jpg\" \/>\n\t<meta property=\"og:image:width\" content=\"500\" \/>\n\t<meta property=\"og:image:height\" content=\"480\" \/>\n\t<meta property=\"og:image:type\" content=\"image\/jpeg\" \/>\n<meta name=\"twitter:card\" content=\"summary_large_image\" \/>\n<meta name=\"twitter:label1\" content=\"Est. reading time\" \/>\n\t<meta name=\"twitter:data1\" content=\"1 minute\" \/>\n<script type=\"application\/ld+json\" class=\"yoast-schema-graph\">{\"@context\":\"https:\/\/schema.org\",\"@graph\":[{\"@type\":\"WebPage\",\"@id\":\"https:\/\/librairie7l.com\/en\/produit\/es-devlin\/\",\"url\":\"https:\/\/librairie7l.com\/en\/produit\/es-devlin\/\",\"name\":\"Es Devlin - Librairie 7L\",\"isPartOf\":{\"@id\":\"https:\/\/librairie7l.com\/en\/#website\"},\"datePublished\":\"2023-12-08T09:58:58+00:00\",\"dateModified\":\"2026-04-18T04:51:45+00:00\",\"breadcrumb\":{\"@id\":\"https:\/\/librairie7l.com\/en\/produit\/es-devlin\/#breadcrumb\"},\"inLanguage\":\"en-US\",\"potentialAction\":[{\"@type\":\"ReadAction\",\"target\":[\"https:\/\/librairie7l.com\/en\/produit\/es-devlin\/\"]}]},{\"@type\":\"BreadcrumbList\",\"@id\":\"https:\/\/librairie7l.com\/en\/produit\/es-devlin\/#breadcrumb\",\"itemListElement\":[{\"@type\":\"ListItem\",\"position\":1,\"name\":\"Accueil\",\"item\":\"https:\/\/librairie7l.com\/en\/\"},{\"@type\":\"ListItem\",\"position\":2,\"name\":\"Shop\",\"item\":\"https:\/\/librairie7l.com\/en\/shop\/\"},{\"@type\":\"ListItem\",\"position\":3,\"name\":\"ES DEVLIN\"}]},{\"@type\":\"WebSite\",\"@id\":\"https:\/\/librairie7l.com\/en\/#website\",\"url\":\"https:\/\/librairie7l.com\/en\/\",\"name\":\"Librairie 7L\",\"description\":\"Librairie fond\u00e9e en 1999 par Karl Lagerfeld \u00e0 Paris\",\"publisher\":{\"@id\":\"https:\/\/librairie7l.com\/en\/#organization\"},\"potentialAction\":[{\"@type\":\"SearchAction\",\"target\":{\"@type\":\"EntryPoint\",\"urlTemplate\":\"https:\/\/librairie7l.com\/en\/?s={search_term_string}\"},\"query-input\":\"required name=search_term_string\"}],\"inLanguage\":\"en-US\"},{\"@type\":\"Organization\",\"@id\":\"https:\/\/librairie7l.com\/en\/#organization\",\"name\":\"Librairie 7L\",\"url\":\"https:\/\/librairie7l.com\/en\/\",\"logo\":{\"@type\":\"ImageObject\",\"inLanguage\":\"en-US\",\"@id\":\"https:\/\/librairie7l.com\/en\/#\/schema\/logo\/image\/\",\"url\":\"https:\/\/librairie7l.com\/wp-content\/uploads\/2022\/08\/logo-1.png\",\"contentUrl\":\"https:\/\/librairie7l.com\/wp-content\/uploads\/2022\/08\/logo-1.png\",\"width\":227,\"height\":301,\"caption\":\"Librairie 7L\"},\"image\":{\"@id\":\"https:\/\/librairie7l.com\/en\/#\/schema\/logo\/image\/\"}}]}<\/script>\n<!-- \/ Yoast SEO plugin. -->","yoast_head_json":{"title":"Es Devlin - Librairie 7L","robots":{"index":"index","follow":"follow","max-snippet":"max-snippet:-1","max-image-preview":"max-image-preview:large","max-video-preview":"max-video-preview:-1"},"canonical":"https:\/\/librairie7l.com\/en\/produit\/es-devlin\/","og_locale":"en_US","og_type":"article","og_title":"Es Devlin - Librairie 7L","og_description":"Le travail prot\u00e9iforme d&#8217;Es Devlin est enracin\u00e9 dans une pratique permanente de lecture et de dessin. Il est \u00e0 la fois profond\u00e9ment personnel et intrins\u00e8quement collectif. Au cours de la derni\u00e8re d\u00e9cennie, sa pratique artistique s&#8217;est engag\u00e9e dans la biodiversit\u00e9, la diversit\u00e9 linguistique et la po\u00e9sie collective g\u00e9n\u00e9r\u00e9e par intelligence artificielle. Elle consid\u00e8re le public [&hellip;]","og_url":"https:\/\/librairie7l.com\/en\/produit\/es-devlin\/","og_site_name":"Librairie 7L","article_modified_time":"2026-04-18T04:51:45+00:00","og_image":[{"width":500,"height":480,"url":"https:\/\/librairie7l.com\/wp-content\/uploads\/2023\/06\/9780500023181_1_75.jpg","type":"image\/jpeg"}],"twitter_card":"summary_large_image","twitter_misc":{"Est. reading time":"1 minute"},"schema":{"@context":"https:\/\/schema.org","@graph":[{"@type":"WebPage","@id":"https:\/\/librairie7l.com\/en\/produit\/es-devlin\/","url":"https:\/\/librairie7l.com\/en\/produit\/es-devlin\/","name":"Es Devlin - Librairie 7L","isPartOf":{"@id":"https:\/\/librairie7l.com\/en\/#website"},"datePublished":"2023-12-08T09:58:58+00:00","dateModified":"2026-04-18T04:51:45+00:00","breadcrumb":{"@id":"https:\/\/librairie7l.com\/en\/produit\/es-devlin\/#breadcrumb"},"inLanguage":"en-US","potentialAction":[{"@type":"ReadAction","target":["https:\/\/librairie7l.com\/en\/produit\/es-devlin\/"]}]},{"@type":"BreadcrumbList","@id":"https:\/\/librairie7l.com\/en\/produit\/es-devlin\/#breadcrumb","itemListElement":[{"@type":"ListItem","position":1,"name":"Accueil","item":"https:\/\/librairie7l.com\/en\/"},{"@type":"ListItem","position":2,"name":"Shop","item":"https:\/\/librairie7l.com\/en\/shop\/"},{"@type":"ListItem","position":3,"name":"ES DEVLIN"}]},{"@type":"WebSite","@id":"https:\/\/librairie7l.com\/en\/#website","url":"https:\/\/librairie7l.com\/en\/","name":"Librairie 7L","description":"Librairie fond\u00e9e en 1999 par Karl Lagerfeld \u00e0 Paris","publisher":{"@id":"https:\/\/librairie7l.com\/en\/#organization"},"potentialAction":[{"@type":"SearchAction","target":{"@type":"EntryPoint","urlTemplate":"https:\/\/librairie7l.com\/en\/?s={search_term_string}"},"query-input":"required name=search_term_string"}],"inLanguage":"en-US"},{"@type":"Organization","@id":"https:\/\/librairie7l.com\/en\/#organization","name":"Librairie 7L","url":"https:\/\/librairie7l.com\/en\/","logo":{"@type":"ImageObject","inLanguage":"en-US","@id":"https:\/\/librairie7l.com\/en\/#\/schema\/logo\/image\/","url":"https:\/\/librairie7l.com\/wp-content\/uploads\/2022\/08\/logo-1.png","contentUrl":"https:\/\/librairie7l.com\/wp-content\/uploads\/2022\/08\/logo-1.png","width":227,"height":301,"caption":"Librairie 7L"},"image":{"@id":"https:\/\/librairie7l.com\/en\/#\/schema\/logo\/image\/"}}]}},"_links":{"self":[{"href":"https:\/\/librairie7l.com\/en\/wp-json\/wp\/v2\/product\/38033"}],"collection":[{"href":"https:\/\/librairie7l.com\/en\/wp-json\/wp\/v2\/product"}],"about":[{"href":"https:\/\/librairie7l.com\/en\/wp-json\/wp\/v2\/types\/product"}],"wp:featuredmedia":[{"embeddable":true,"href":"https:\/\/librairie7l.com\/en\/wp-json\/wp\/v2\/media\/38031"}],"wp:attachment":[{"href":"https:\/\/librairie7l.com\/en\/wp-json\/wp\/v2\/media?parent=38033"}],"wp:term":[{"taxonomy":"product_cat","embeddable":true,"href":"https:\/\/librairie7l.com\/en\/wp-json\/wp\/v2\/product_cat?post=38033"},{"taxonomy":"product_tag","embeddable":true,"href":"https:\/\/librairie7l.com\/en\/wp-json\/wp\/v2\/product_tag?post=38033"}],"curies":[{"name":"wp","href":"https:\/\/api.w.org\/{rel}","templated":true}]}}