{"id":38118,"date":"2024-02-08T09:16:13","date_gmt":"2024-02-08T08:16:13","guid":{"rendered":"https:\/\/librairie7l.com\/?post_type=product&#038;p=38118"},"modified":"2026-04-07T14:28:55","modified_gmt":"2026-04-07T12:28:55","slug":"little-book-of-gucci-lhistoire-dune-maison-de-mode-mythique","status":"publish","type":"product","link":"https:\/\/librairie7l.com\/en\/produit\/little-book-of-gucci-lhistoire-dune-maison-de-mode-mythique\/","title":{"rendered":"LITTLE BOOK OF GUCCI : L&#8217;HISTOIRE D&#8217;UNE MAISON DE MODE MYTHIQUE"},"content":{"rendered":"<p>Cr\u00e9\u00e9e \u00e0 Florence en 1921 pour fournir bagages et articles de sellerie \u00e0 la haute soci\u00e9t\u00e9, la maison Gucci est aujourd&#8217;hui un titan du monde de la mode, pourvoyeur d&#8217;accessoires cultes. En plus d&#8217;un si\u00e8cle, les articles de maroquinerie et les v\u00eatements luxueux qui ont fait sa r\u00e9putation ont su allier avec \u00e9l\u00e9gance la sobri\u00e9t\u00e9 et l&#8217;opulence, r\u00e9unis sous double G si convoit\u00e9.<\/p>\n<p>Little Book of Gucci raconte les d\u00e9buts de l&#8217;entreprise familiale ainsi que la fa\u00e7on dont le clan Gucci a surmont\u00e9 les dissensions et les \u00e9preuves de la guerre pour cr\u00e9er le groupe omnipr\u00e9sent aujourd&#8217;hui. Il met \u00e9galement en avant les collections \u00e0 la fois audacieuses et sensuelles des g\u00e9nies cr\u00e9atifs qui se sont succ\u00e9d\u00e9 \u00e0 sa t\u00eate, depuis Tom Ford et sa r\u00e9volution sexy-chic dans les ann\u00e9es 1990, jusqu&#8217;\u00e0 Alessandro Michele, qui a su marquer de son empreinte le streetwear et s\u00e9duire une nouvelle g\u00e9n\u00e9ration de fans.<br \/>\nD\u00e9fil\u00e9s audacieux, accessoires mythiques et luxe presque insolent&#8230; Retrouvez l&#8217;essentiel de l&#8217;esprit Gucci, l&#8217;une des marques les plus influentes de notre \u00e9poque !<\/p>\n","protected":false},"excerpt":{"rendered":"<p>Cr\u00e9\u00e9e \u00e0 Florence en 1921 pour fournir bagages et articles de sellerie \u00e0 la haute soci\u00e9t\u00e9, la maison Gucci est aujourd&#8217;hui un titan du monde de la mode, pourvoyeur d&#8217;accessoires cultes. En plus d&#8217;un si\u00e8cle, les articles de maroquinerie et les v\u00eatements luxueux qui ont fait sa r\u00e9putation ont su allier avec \u00e9l\u00e9gance la sobri\u00e9t\u00e9 [&hellip;]<\/p>\n","protected":false},"featured_media":38116,"template":"","meta":[],"product_cat":[55,2948,2957,19],"product_tag":[],"acf":[],"yoast_head":"<!-- This site is optimized with the Yoast SEO plugin v20.11 - https:\/\/yoast.com\/wordpress\/plugins\/seo\/ -->\n<title>Little book of Gucci : L&#039;histoire d&#039;une maison de mode mythique - Librairie 7L<\/title>\n<meta name=\"robots\" content=\"index, follow, max-snippet:-1, max-image-preview:large, max-video-preview:-1\" \/>\n<link rel=\"canonical\" href=\"https:\/\/librairie7l.com\/en\/produit\/little-book-of-gucci-lhistoire-dune-maison-de-mode-mythique\/\" \/>\n<meta property=\"og:locale\" content=\"en_US\" \/>\n<meta property=\"og:type\" content=\"article\" \/>\n<meta property=\"og:title\" content=\"Little book of Gucci : L&#039;histoire d&#039;une maison de mode mythique - Librairie 7L\" \/>\n<meta property=\"og:description\" content=\"Cr\u00e9\u00e9e \u00e0 Florence en 1921 pour fournir bagages et articles de sellerie \u00e0 la haute soci\u00e9t\u00e9, la maison Gucci est aujourd&#8217;hui un titan du monde de la mode, pourvoyeur d&#8217;accessoires cultes. En plus d&#8217;un si\u00e8cle, les articles de maroquinerie et les v\u00eatements luxueux qui ont fait sa r\u00e9putation ont su allier avec \u00e9l\u00e9gance la sobri\u00e9t\u00e9 [&hellip;]\" \/>\n<meta property=\"og:url\" content=\"https:\/\/librairie7l.com\/en\/produit\/little-book-of-gucci-lhistoire-dune-maison-de-mode-mythique\/\" \/>\n<meta property=\"og:site_name\" content=\"Librairie 7L\" \/>\n<meta property=\"article:modified_time\" content=\"2026-04-07T12:28:55+00:00\" \/>\n<meta property=\"og:image\" content=\"https:\/\/librairie7l.com\/wp-content\/uploads\/2023\/10\/9782809920291_1_75.jpg\" \/>\n\t<meta property=\"og:image:width\" content=\"600\" \/>\n\t<meta property=\"og:image:height\" content=\"832\" \/>\n\t<meta property=\"og:image:type\" content=\"image\/jpeg\" \/>\n<meta name=\"twitter:card\" content=\"summary_large_image\" \/>\n<meta name=\"twitter:label1\" content=\"Est. reading time\" \/>\n\t<meta name=\"twitter:data1\" content=\"1 minute\" \/>\n<script type=\"application\/ld+json\" class=\"yoast-schema-graph\">{\"@context\":\"https:\/\/schema.org\",\"@graph\":[{\"@type\":\"WebPage\",\"@id\":\"https:\/\/librairie7l.com\/en\/produit\/little-book-of-gucci-lhistoire-dune-maison-de-mode-mythique\/\",\"url\":\"https:\/\/librairie7l.com\/en\/produit\/little-book-of-gucci-lhistoire-dune-maison-de-mode-mythique\/\",\"name\":\"Little book of Gucci : L'histoire d'une maison de mode mythique - Librairie 7L\",\"isPartOf\":{\"@id\":\"https:\/\/librairie7l.com\/en\/#website\"},\"datePublished\":\"2024-02-08T08:16:13+00:00\",\"dateModified\":\"2026-04-07T12:28:55+00:00\",\"breadcrumb\":{\"@id\":\"https:\/\/librairie7l.com\/en\/produit\/little-book-of-gucci-lhistoire-dune-maison-de-mode-mythique\/#breadcrumb\"},\"inLanguage\":\"en-US\",\"potentialAction\":[{\"@type\":\"ReadAction\",\"target\":[\"https:\/\/librairie7l.com\/en\/produit\/little-book-of-gucci-lhistoire-dune-maison-de-mode-mythique\/\"]}]},{\"@type\":\"BreadcrumbList\",\"@id\":\"https:\/\/librairie7l.com\/en\/produit\/little-book-of-gucci-lhistoire-dune-maison-de-mode-mythique\/#breadcrumb\",\"itemListElement\":[{\"@type\":\"ListItem\",\"position\":1,\"name\":\"Accueil\",\"item\":\"https:\/\/librairie7l.com\/en\/\"},{\"@type\":\"ListItem\",\"position\":2,\"name\":\"Shop\",\"item\":\"https:\/\/librairie7l.com\/en\/shop\/\"},{\"@type\":\"ListItem\",\"position\":3,\"name\":\"LITTLE BOOK OF GUCCI : L&#8217;HISTOIRE D&#8217;UNE MAISON DE MODE MYTHIQUE\"}]},{\"@type\":\"WebSite\",\"@id\":\"https:\/\/librairie7l.com\/en\/#website\",\"url\":\"https:\/\/librairie7l.com\/en\/\",\"name\":\"Librairie 7L\",\"description\":\"Librairie fond\u00e9e en 1999 par Karl Lagerfeld \u00e0 Paris\",\"publisher\":{\"@id\":\"https:\/\/librairie7l.com\/en\/#organization\"},\"potentialAction\":[{\"@type\":\"SearchAction\",\"target\":{\"@type\":\"EntryPoint\",\"urlTemplate\":\"https:\/\/librairie7l.com\/en\/?s={search_term_string}\"},\"query-input\":\"required name=search_term_string\"}],\"inLanguage\":\"en-US\"},{\"@type\":\"Organization\",\"@id\":\"https:\/\/librairie7l.com\/en\/#organization\",\"name\":\"Librairie 7L\",\"url\":\"https:\/\/librairie7l.com\/en\/\",\"logo\":{\"@type\":\"ImageObject\",\"inLanguage\":\"en-US\",\"@id\":\"https:\/\/librairie7l.com\/en\/#\/schema\/logo\/image\/\",\"url\":\"https:\/\/librairie7l.com\/wp-content\/uploads\/2022\/08\/logo-1.png\",\"contentUrl\":\"https:\/\/librairie7l.com\/wp-content\/uploads\/2022\/08\/logo-1.png\",\"width\":227,\"height\":301,\"caption\":\"Librairie 7L\"},\"image\":{\"@id\":\"https:\/\/librairie7l.com\/en\/#\/schema\/logo\/image\/\"}}]}<\/script>\n<!-- \/ Yoast SEO plugin. -->","yoast_head_json":{"title":"Little book of Gucci : L'histoire d'une maison de mode mythique - Librairie 7L","robots":{"index":"index","follow":"follow","max-snippet":"max-snippet:-1","max-image-preview":"max-image-preview:large","max-video-preview":"max-video-preview:-1"},"canonical":"https:\/\/librairie7l.com\/en\/produit\/little-book-of-gucci-lhistoire-dune-maison-de-mode-mythique\/","og_locale":"en_US","og_type":"article","og_title":"Little book of Gucci : L'histoire d'une maison de mode mythique - Librairie 7L","og_description":"Cr\u00e9\u00e9e \u00e0 Florence en 1921 pour fournir bagages et articles de sellerie \u00e0 la haute soci\u00e9t\u00e9, la maison Gucci est aujourd&#8217;hui un titan du monde de la mode, pourvoyeur d&#8217;accessoires cultes. En plus d&#8217;un si\u00e8cle, les articles de maroquinerie et les v\u00eatements luxueux qui ont fait sa r\u00e9putation ont su allier avec \u00e9l\u00e9gance la sobri\u00e9t\u00e9 [&hellip;]","og_url":"https:\/\/librairie7l.com\/en\/produit\/little-book-of-gucci-lhistoire-dune-maison-de-mode-mythique\/","og_site_name":"Librairie 7L","article_modified_time":"2026-04-07T12:28:55+00:00","og_image":[{"width":600,"height":832,"url":"https:\/\/librairie7l.com\/wp-content\/uploads\/2023\/10\/9782809920291_1_75.jpg","type":"image\/jpeg"}],"twitter_card":"summary_large_image","twitter_misc":{"Est. reading time":"1 minute"},"schema":{"@context":"https:\/\/schema.org","@graph":[{"@type":"WebPage","@id":"https:\/\/librairie7l.com\/en\/produit\/little-book-of-gucci-lhistoire-dune-maison-de-mode-mythique\/","url":"https:\/\/librairie7l.com\/en\/produit\/little-book-of-gucci-lhistoire-dune-maison-de-mode-mythique\/","name":"Little book of Gucci : L'histoire d'une maison de mode mythique - Librairie 7L","isPartOf":{"@id":"https:\/\/librairie7l.com\/en\/#website"},"datePublished":"2024-02-08T08:16:13+00:00","dateModified":"2026-04-07T12:28:55+00:00","breadcrumb":{"@id":"https:\/\/librairie7l.com\/en\/produit\/little-book-of-gucci-lhistoire-dune-maison-de-mode-mythique\/#breadcrumb"},"inLanguage":"en-US","potentialAction":[{"@type":"ReadAction","target":["https:\/\/librairie7l.com\/en\/produit\/little-book-of-gucci-lhistoire-dune-maison-de-mode-mythique\/"]}]},{"@type":"BreadcrumbList","@id":"https:\/\/librairie7l.com\/en\/produit\/little-book-of-gucci-lhistoire-dune-maison-de-mode-mythique\/#breadcrumb","itemListElement":[{"@type":"ListItem","position":1,"name":"Accueil","item":"https:\/\/librairie7l.com\/en\/"},{"@type":"ListItem","position":2,"name":"Shop","item":"https:\/\/librairie7l.com\/en\/shop\/"},{"@type":"ListItem","position":3,"name":"LITTLE BOOK OF GUCCI : L&#8217;HISTOIRE D&#8217;UNE MAISON DE MODE MYTHIQUE"}]},{"@type":"WebSite","@id":"https:\/\/librairie7l.com\/en\/#website","url":"https:\/\/librairie7l.com\/en\/","name":"Librairie 7L","description":"Librairie fond\u00e9e en 1999 par Karl Lagerfeld \u00e0 Paris","publisher":{"@id":"https:\/\/librairie7l.com\/en\/#organization"},"potentialAction":[{"@type":"SearchAction","target":{"@type":"EntryPoint","urlTemplate":"https:\/\/librairie7l.com\/en\/?s={search_term_string}"},"query-input":"required name=search_term_string"}],"inLanguage":"en-US"},{"@type":"Organization","@id":"https:\/\/librairie7l.com\/en\/#organization","name":"Librairie 7L","url":"https:\/\/librairie7l.com\/en\/","logo":{"@type":"ImageObject","inLanguage":"en-US","@id":"https:\/\/librairie7l.com\/en\/#\/schema\/logo\/image\/","url":"https:\/\/librairie7l.com\/wp-content\/uploads\/2022\/08\/logo-1.png","contentUrl":"https:\/\/librairie7l.com\/wp-content\/uploads\/2022\/08\/logo-1.png","width":227,"height":301,"caption":"Librairie 7L"},"image":{"@id":"https:\/\/librairie7l.com\/en\/#\/schema\/logo\/image\/"}}]}},"_links":{"self":[{"href":"https:\/\/librairie7l.com\/en\/wp-json\/wp\/v2\/product\/38118"}],"collection":[{"href":"https:\/\/librairie7l.com\/en\/wp-json\/wp\/v2\/product"}],"about":[{"href":"https:\/\/librairie7l.com\/en\/wp-json\/wp\/v2\/types\/product"}],"wp:featuredmedia":[{"embeddable":true,"href":"https:\/\/librairie7l.com\/en\/wp-json\/wp\/v2\/media\/38116"}],"wp:attachment":[{"href":"https:\/\/librairie7l.com\/en\/wp-json\/wp\/v2\/media?parent=38118"}],"wp:term":[{"taxonomy":"product_cat","embeddable":true,"href":"https:\/\/librairie7l.com\/en\/wp-json\/wp\/v2\/product_cat?post=38118"},{"taxonomy":"product_tag","embeddable":true,"href":"https:\/\/librairie7l.com\/en\/wp-json\/wp\/v2\/product_tag?post=38118"}],"curies":[{"name":"wp","href":"https:\/\/api.w.org\/{rel}","templated":true}]}}