{"id":38122,"date":"2024-01-24T09:16:10","date_gmt":"2024-01-24T08:16:10","guid":{"rendered":"https:\/\/librairie7l.com\/?post_type=product&#038;p=38122"},"modified":"2026-04-07T02:47:10","modified_gmt":"2026-04-07T00:47:10","slug":"little-book-of-chanel-by-lagerfeld","status":"publish","type":"product","link":"https:\/\/librairie7l.com\/en\/produit\/little-book-of-chanel-by-lagerfeld\/","title":{"rendered":"LITTLE BOOK OF CHANEL BY LAGERFELD"},"content":{"rendered":"<p>Le nom Chanel est \u00e9ternellement associ\u00e9 \u00e0 deux cr\u00e9ateurs mythiques : Gabrielle d&#8217;abord, puis Karl. Car Chanel rime aussi avec Lagerfeld !<\/p>\n<p>Mais le g\u00e9nial couturier ne s&#8217;est pas content\u00e9 de perp\u00e9tuer l&#8217;h\u00e9ritage de Coco, il l&#8217;a r\u00e9invent\u00e9. Les signatures de la Maison &#8211; la petite robe noire, le tailleur en tweed, les bijoux fantaisie, le parfum &#8211; ont \u00e9t\u00e9 ing\u00e9nieusement r\u00e9actualis\u00e9es pour la femme moderne, tandis que les tr\u00e8s convoit\u00e9s accessoires estampill\u00e9s du logo double C, imm\u00e9diatement reconnaissable, sont devenus les symboles universels d&#8217;une \u00e9l\u00e9gance chic et pleine de fantaisie.<\/p>\n<p>Little Book of Chanel by Lagerfeld est le guide magnifiquement illustr\u00e9 des trente-cinq ann\u00e9es qu&#8217;a pass\u00e9 le styliste allemand \u00e0 la t\u00eate de la marque fran\u00e7aise, de sa haute couture, \u00e0 la fois somptueuse et raffin\u00e9e, aux d\u00e9fil\u00e9s \u00e9poustouflants et irr\u00e9v\u00e9rencieux qui ont fait de Chanel la marque la plus illustre au monde.<\/p>\n","protected":false},"excerpt":{"rendered":"<p>Le nom Chanel est \u00e9ternellement associ\u00e9 \u00e0 deux cr\u00e9ateurs mythiques : Gabrielle d&#8217;abord, puis Karl. Car Chanel rime aussi avec Lagerfeld ! Mais le g\u00e9nial couturier ne s&#8217;est pas content\u00e9 de perp\u00e9tuer l&#8217;h\u00e9ritage de Coco, il l&#8217;a r\u00e9invent\u00e9. Les signatures de la Maison &#8211; la petite robe noire, le tailleur en tweed, les bijoux fantaisie, [&hellip;]<\/p>\n","protected":false},"featured_media":38273,"template":"","meta":[],"product_cat":[2948,2957],"product_tag":[],"acf":[],"yoast_head":"<!-- This site is optimized with the Yoast SEO plugin v20.11 - https:\/\/yoast.com\/wordpress\/plugins\/seo\/ -->\n<title>Little book of Chanel by Lagerfeld - Librairie 7L<\/title>\n<meta name=\"robots\" content=\"index, follow, max-snippet:-1, max-image-preview:large, max-video-preview:-1\" \/>\n<link rel=\"canonical\" href=\"https:\/\/librairie7l.com\/en\/produit\/little-book-of-chanel-by-lagerfeld\/\" \/>\n<meta property=\"og:locale\" content=\"en_US\" \/>\n<meta property=\"og:type\" content=\"article\" \/>\n<meta property=\"og:title\" content=\"Little book of Chanel by Lagerfeld - Librairie 7L\" \/>\n<meta property=\"og:description\" content=\"Le nom Chanel est \u00e9ternellement associ\u00e9 \u00e0 deux cr\u00e9ateurs mythiques : Gabrielle d&#8217;abord, puis Karl. Car Chanel rime aussi avec Lagerfeld ! Mais le g\u00e9nial couturier ne s&#8217;est pas content\u00e9 de perp\u00e9tuer l&#8217;h\u00e9ritage de Coco, il l&#8217;a r\u00e9invent\u00e9. Les signatures de la Maison &#8211; la petite robe noire, le tailleur en tweed, les bijoux fantaisie, [&hellip;]\" \/>\n<meta property=\"og:url\" content=\"https:\/\/librairie7l.com\/en\/produit\/little-book-of-chanel-by-lagerfeld\/\" \/>\n<meta property=\"og:site_name\" content=\"Librairie 7L\" \/>\n<meta property=\"article:modified_time\" content=\"2026-04-07T00:47:10+00:00\" \/>\n<meta property=\"og:image\" content=\"https:\/\/librairie7l.com\/wp-content\/uploads\/2023\/10\/9782809920307_1_75.jpg\" \/>\n\t<meta property=\"og:image:width\" content=\"400\" \/>\n\t<meta property=\"og:image:height\" content=\"578\" \/>\n\t<meta property=\"og:image:type\" content=\"image\/jpeg\" \/>\n<meta name=\"twitter:card\" content=\"summary_large_image\" \/>\n<meta name=\"twitter:label1\" content=\"Est. reading time\" \/>\n\t<meta name=\"twitter:data1\" content=\"1 minute\" \/>\n<script type=\"application\/ld+json\" class=\"yoast-schema-graph\">{\"@context\":\"https:\/\/schema.org\",\"@graph\":[{\"@type\":\"WebPage\",\"@id\":\"https:\/\/librairie7l.com\/en\/produit\/little-book-of-chanel-by-lagerfeld\/\",\"url\":\"https:\/\/librairie7l.com\/en\/produit\/little-book-of-chanel-by-lagerfeld\/\",\"name\":\"Little book of Chanel by Lagerfeld - Librairie 7L\",\"isPartOf\":{\"@id\":\"https:\/\/librairie7l.com\/en\/#website\"},\"datePublished\":\"2024-01-24T08:16:10+00:00\",\"dateModified\":\"2026-04-07T00:47:10+00:00\",\"breadcrumb\":{\"@id\":\"https:\/\/librairie7l.com\/en\/produit\/little-book-of-chanel-by-lagerfeld\/#breadcrumb\"},\"inLanguage\":\"en-US\",\"potentialAction\":[{\"@type\":\"ReadAction\",\"target\":[\"https:\/\/librairie7l.com\/en\/produit\/little-book-of-chanel-by-lagerfeld\/\"]}]},{\"@type\":\"BreadcrumbList\",\"@id\":\"https:\/\/librairie7l.com\/en\/produit\/little-book-of-chanel-by-lagerfeld\/#breadcrumb\",\"itemListElement\":[{\"@type\":\"ListItem\",\"position\":1,\"name\":\"Accueil\",\"item\":\"https:\/\/librairie7l.com\/en\/\"},{\"@type\":\"ListItem\",\"position\":2,\"name\":\"Shop\",\"item\":\"https:\/\/librairie7l.com\/en\/shop\/\"},{\"@type\":\"ListItem\",\"position\":3,\"name\":\"LITTLE BOOK OF CHANEL BY LAGERFELD\"}]},{\"@type\":\"WebSite\",\"@id\":\"https:\/\/librairie7l.com\/en\/#website\",\"url\":\"https:\/\/librairie7l.com\/en\/\",\"name\":\"Librairie 7L\",\"description\":\"Librairie fond\u00e9e en 1999 par Karl Lagerfeld \u00e0 Paris\",\"publisher\":{\"@id\":\"https:\/\/librairie7l.com\/en\/#organization\"},\"potentialAction\":[{\"@type\":\"SearchAction\",\"target\":{\"@type\":\"EntryPoint\",\"urlTemplate\":\"https:\/\/librairie7l.com\/en\/?s={search_term_string}\"},\"query-input\":\"required name=search_term_string\"}],\"inLanguage\":\"en-US\"},{\"@type\":\"Organization\",\"@id\":\"https:\/\/librairie7l.com\/en\/#organization\",\"name\":\"Librairie 7L\",\"url\":\"https:\/\/librairie7l.com\/en\/\",\"logo\":{\"@type\":\"ImageObject\",\"inLanguage\":\"en-US\",\"@id\":\"https:\/\/librairie7l.com\/en\/#\/schema\/logo\/image\/\",\"url\":\"https:\/\/librairie7l.com\/wp-content\/uploads\/2022\/08\/logo-1.png\",\"contentUrl\":\"https:\/\/librairie7l.com\/wp-content\/uploads\/2022\/08\/logo-1.png\",\"width\":227,\"height\":301,\"caption\":\"Librairie 7L\"},\"image\":{\"@id\":\"https:\/\/librairie7l.com\/en\/#\/schema\/logo\/image\/\"}}]}<\/script>\n<!-- \/ Yoast SEO plugin. -->","yoast_head_json":{"title":"Little book of Chanel by Lagerfeld - Librairie 7L","robots":{"index":"index","follow":"follow","max-snippet":"max-snippet:-1","max-image-preview":"max-image-preview:large","max-video-preview":"max-video-preview:-1"},"canonical":"https:\/\/librairie7l.com\/en\/produit\/little-book-of-chanel-by-lagerfeld\/","og_locale":"en_US","og_type":"article","og_title":"Little book of Chanel by Lagerfeld - Librairie 7L","og_description":"Le nom Chanel est \u00e9ternellement associ\u00e9 \u00e0 deux cr\u00e9ateurs mythiques : Gabrielle d&#8217;abord, puis Karl. Car Chanel rime aussi avec Lagerfeld ! Mais le g\u00e9nial couturier ne s&#8217;est pas content\u00e9 de perp\u00e9tuer l&#8217;h\u00e9ritage de Coco, il l&#8217;a r\u00e9invent\u00e9. Les signatures de la Maison &#8211; la petite robe noire, le tailleur en tweed, les bijoux fantaisie, [&hellip;]","og_url":"https:\/\/librairie7l.com\/en\/produit\/little-book-of-chanel-by-lagerfeld\/","og_site_name":"Librairie 7L","article_modified_time":"2026-04-07T00:47:10+00:00","og_image":[{"width":400,"height":578,"url":"https:\/\/librairie7l.com\/wp-content\/uploads\/2023\/10\/9782809920307_1_75.jpg","type":"image\/jpeg"}],"twitter_card":"summary_large_image","twitter_misc":{"Est. reading time":"1 minute"},"schema":{"@context":"https:\/\/schema.org","@graph":[{"@type":"WebPage","@id":"https:\/\/librairie7l.com\/en\/produit\/little-book-of-chanel-by-lagerfeld\/","url":"https:\/\/librairie7l.com\/en\/produit\/little-book-of-chanel-by-lagerfeld\/","name":"Little book of Chanel by Lagerfeld - Librairie 7L","isPartOf":{"@id":"https:\/\/librairie7l.com\/en\/#website"},"datePublished":"2024-01-24T08:16:10+00:00","dateModified":"2026-04-07T00:47:10+00:00","breadcrumb":{"@id":"https:\/\/librairie7l.com\/en\/produit\/little-book-of-chanel-by-lagerfeld\/#breadcrumb"},"inLanguage":"en-US","potentialAction":[{"@type":"ReadAction","target":["https:\/\/librairie7l.com\/en\/produit\/little-book-of-chanel-by-lagerfeld\/"]}]},{"@type":"BreadcrumbList","@id":"https:\/\/librairie7l.com\/en\/produit\/little-book-of-chanel-by-lagerfeld\/#breadcrumb","itemListElement":[{"@type":"ListItem","position":1,"name":"Accueil","item":"https:\/\/librairie7l.com\/en\/"},{"@type":"ListItem","position":2,"name":"Shop","item":"https:\/\/librairie7l.com\/en\/shop\/"},{"@type":"ListItem","position":3,"name":"LITTLE BOOK OF CHANEL BY LAGERFELD"}]},{"@type":"WebSite","@id":"https:\/\/librairie7l.com\/en\/#website","url":"https:\/\/librairie7l.com\/en\/","name":"Librairie 7L","description":"Librairie fond\u00e9e en 1999 par Karl Lagerfeld \u00e0 Paris","publisher":{"@id":"https:\/\/librairie7l.com\/en\/#organization"},"potentialAction":[{"@type":"SearchAction","target":{"@type":"EntryPoint","urlTemplate":"https:\/\/librairie7l.com\/en\/?s={search_term_string}"},"query-input":"required name=search_term_string"}],"inLanguage":"en-US"},{"@type":"Organization","@id":"https:\/\/librairie7l.com\/en\/#organization","name":"Librairie 7L","url":"https:\/\/librairie7l.com\/en\/","logo":{"@type":"ImageObject","inLanguage":"en-US","@id":"https:\/\/librairie7l.com\/en\/#\/schema\/logo\/image\/","url":"https:\/\/librairie7l.com\/wp-content\/uploads\/2022\/08\/logo-1.png","contentUrl":"https:\/\/librairie7l.com\/wp-content\/uploads\/2022\/08\/logo-1.png","width":227,"height":301,"caption":"Librairie 7L"},"image":{"@id":"https:\/\/librairie7l.com\/en\/#\/schema\/logo\/image\/"}}]}},"_links":{"self":[{"href":"https:\/\/librairie7l.com\/en\/wp-json\/wp\/v2\/product\/38122"}],"collection":[{"href":"https:\/\/librairie7l.com\/en\/wp-json\/wp\/v2\/product"}],"about":[{"href":"https:\/\/librairie7l.com\/en\/wp-json\/wp\/v2\/types\/product"}],"wp:featuredmedia":[{"embeddable":true,"href":"https:\/\/librairie7l.com\/en\/wp-json\/wp\/v2\/media\/38273"}],"wp:attachment":[{"href":"https:\/\/librairie7l.com\/en\/wp-json\/wp\/v2\/media?parent=38122"}],"wp:term":[{"taxonomy":"product_cat","embeddable":true,"href":"https:\/\/librairie7l.com\/en\/wp-json\/wp\/v2\/product_cat?post=38122"},{"taxonomy":"product_tag","embeddable":true,"href":"https:\/\/librairie7l.com\/en\/wp-json\/wp\/v2\/product_tag?post=38122"}],"curies":[{"name":"wp","href":"https:\/\/api.w.org\/{rel}","templated":true}]}}